{"id":13561,"date":"2023-03-12T15:34:16","date_gmt":"2023-03-12T07:34:16","guid":{"rendered":"https:\/\/www.bioleaderpack.com\/ja\/%e8%a3%bd%e5%93%81-2\/%e8%93%8b%e4%bb%98%e3%81%8d%e7%94%9f%e5%88%86%e8%a7%a3%e6%80%a7%e3%82%b5%e3%83%a9%e3%83%80%e3%83%9c%e3%82%a6%e3%83%ab\/"},"modified":"2026-04-10T15:07:26","modified_gmt":"2026-04-10T07:07:26","slug":"ensaladeras-biodegradables-con-tapa","status":"publish","type":"product","link":"https:\/\/www.bioleaderpack.com\/es\/producto\/ensaladeras-biodegradables-con-tapa\/","title":{"rendered":"Ensaladeras biodegradables con tapa"},"content":{"rendered":"<table style=\"border-collapse: collapse; width: 100%;\">\n<tbody>\n<tr>\n<td style=\"width: 50%;\"><img fetchpriority=\"high\" decoding=\"async\" class=\"\" src=\"https:\/\/www.bioleaderpack.com\/wp-content\/uploads\/2023\/03\/L085001kaobei_1678634693901.jpg\" alt=\"bol compostable con tapa\" width=\"734\" height=\"734\" \/><\/td>\n<td style=\"width: 50%;\"><img decoding=\"async\" class=\"\" src=\"https:\/\/www.bioleaderpack.com\/wp-content\/uploads\/2023\/03\/L085Size_1678634715933-2.jpg\" alt=\"bol biodegradable 1200ml\" width=\"840\" height=\"840\" \/><\/td>\n<\/tr>\n<tr>\n<td style=\"width: 50%;\"><img decoding=\"async\" class=\"\" src=\"https:\/\/www.bioleaderpack.com\/wp-content\/uploads\/2023\/03\/L084part_1678632257959.jpg\" alt=\"taz\u00f3n de pulpa de fibra de ca\u00f1a de az\u00facar\" width=\"870\" height=\"870\" \/><\/td>\n<td style=\"width: 50%;\"><img loading=\"lazy\" decoding=\"async\" class=\"\" src=\"https:\/\/www.bioleaderpack.com\/wp-content\/uploads\/2023\/03\/L0838485_1678632315452-2.jpg\" alt=\"cuencos para moldear pulpa\" width=\"711\" height=\"711\" \/><\/td>\n<\/tr>\n<\/tbody>\n<\/table>\n<h2>Ensaladeras biodegradables con tapa - Compostables y a prueba de fugas<\/h2>\n<p><!-- Micro Summary Card for AI\/SGE --><\/p>\n<div class=\"micro-summary-card\" style=\"background: #f6f6f9; border-left: 4px solid #4caf50; padding: 12px; margin-bottom: 16px;\"><strong>Resumen r\u00e1pido:<\/strong> Las ensaladeras biodegradables con tapa de Bioleader est\u00e1n fabricadas con bagazo de ca\u00f1a de az\u00facar, son compostables 100%, no contienen PFAS y est\u00e1n certificadas para la seguridad alimentaria mundial. Resistentes a las fugas y aptos para microondas, estos cuencos -con tapas transparentes- son perfectos para ensaladas frescas, frutas y kits de comida, apoyando el envasado sostenible de alimentos en la comida para llevar y el catering.<\/div>\n<p style=\"text-align: left;\">A medida que la gente aprende la importancia de cuidar el medio ambiente, no es de extra\u00f1ar que\u00a0<strong>ensaladeras biodegradables<\/strong> salen baratas de la estanter\u00eda. Nuestro\u00a0<strong>ensaladeras biodegradables con tapa<\/strong>\u00a0son una soluci\u00f3n de envasado ecol\u00f3gica que resulta funcional y rentable al mismo tiempo. Estos\u00a0<strong>cuencos biodegradables con tapa<\/strong>\u00a0est\u00e1n dise\u00f1ados para productos respetuosos con el medio ambiente, teniendo en cuenta las necesidades de los consumidores, y son adecuados para restaurantes, catering y establecimientos de comida para llevar.<\/p>\n<h2 style=\"text-align: left;\">Material: <a href=\"https:\/\/www.bioleaderpack.com\/es\/vajilla-de-bagazo-de-cana-de-azucar-ecologica-y-practica\/\" target=\"_blank\">Bagazo de ca\u00f1a de az\u00facar: un recurso natural renovable.<\/a><\/h2>\n<p style=\"text-align: left;\">En\u00a0<strong>ensaladeras biodegradables con tapa<\/strong> que creamos se producen a partir del bagazo de ca\u00f1a de az\u00facar, que es un residuo creado al procesar la ca\u00f1a de az\u00facar. Si se gestiona bien, el bagazo de ca\u00f1a de az\u00facar es reciclable y sostenible, por lo que minimizar\u00e1 el desperdicio de materias primas al utilizar los restos de los cultivos. Asegura que cualquier <strong>bol biodegradable<\/strong>producido a partir de este material natural, es respetuoso con el medio ambiente y totalmente compostable, sin residuos t\u00f3xicos. Adem\u00e1s, el bagazo de ca\u00f1a de az\u00facar tambi\u00e9n es importante en el envasado, por lo que hace que los envases sean ligeros pero resistentes, lo que es muy exportable en envases de comida r\u00e1pida.<\/p>\n<table style=\"border-collapse: collapse; width: 100%;\">\n<tbody>\n<tr>\n<td style=\"width: 50%;\"><img loading=\"lazy\" decoding=\"async\" class=\"\" src=\"https:\/\/www.bioleaderpack.com\/wp-content\/uploads\/2023\/03\/L085Lids_1678632379385-1.jpg\" alt=\"cuencos de pulpa de fibra con tapa\" width=\"819\" height=\"819\" \/><\/p>\n<p><strong>\u00a0Cuenco con tapas de pulpa\u00a0<\/strong><\/td>\n<td style=\"width: 50%;\"><img loading=\"lazy\" decoding=\"async\" class=\"\" src=\"https:\/\/www.bioleaderpack.com\/wp-content\/uploads\/2023\/03\/L085Lid_fuben_1678632408961-1.jpg\" alt=\"cuencos para pulpa con tapas de pl\u00e1stico\" width=\"902\" height=\"902\" \/><\/p>\n<p><strong>\u00a0Cuenco con tapas de pl\u00e1stico PET<\/strong><\/td>\n<\/tr>\n<tr>\n<td style=\"width: 50%;\"><img loading=\"lazy\" decoding=\"async\" class=\"\" src=\"https:\/\/www.bioleaderpack.com\/wp-content\/uploads\/2023\/03\/L083084085Size_1678632011650-2.jpg\" alt=\"taz\u00f3n de ca\u00f1a de az\u00facar con tapas\" width=\"793\" height=\"793\" \/><\/td>\n<td style=\"width: 50%;\"><img loading=\"lazy\" decoding=\"async\" class=\"\" src=\"https:\/\/www.bioleaderpack.com\/wp-content\/uploads\/2023\/03\/L0838485withLid_1678632041679-2.jpg\" alt=\"cuenco de ca\u00f1a con tapas para mascotas\" width=\"720\" height=\"720\" \/><\/td>\n<\/tr>\n<\/tbody>\n<\/table>\n<h2><a href=\"https:\/\/www.bioleaderpack.com\/es\/proceso-de-produccion-de-vajilla-de-moldeo-de-pulpa-de-bagazo-de-cana-de-azucar\/\" target=\"_blank\">Proceso de producci\u00f3n: Moldeo de pasta de papel<\/a><\/h2>\n<p>Nuestras ensaladeras reutilizables con tapa se fabrican utilizando la tecnolog\u00eda de moldeado de pulpa de papel, que explica c\u00f3mo se fabrican las exclusivas ensaladeras biodegradables con tapa. En este procedimiento, el bagazo de ca\u00f1a de az\u00facar se moldea para formar bolos ligeros y resistentes. El uso del moldeo de pulpa de papel en la producci\u00f3n de materiales manufacturados reduce los residuos de producci\u00f3n, pero tambi\u00e9n el producto final es un material que puede moldearse en tantas formas y tama\u00f1os. Es una t\u00e9cnica que puede favorecer las econom\u00edas de escala en lo que respecta a la producci\u00f3n y garantizar que la calidad no se vea comprometida. Por eso nuestro cuenco de ca\u00f1a es tan sorprendente para las empresas que desean adoptar un enfoque ecol\u00f3gico en sus actividades comerciales.<\/p>\n<table style=\"border-collapse: collapse; width: 100%;\">\n<tbody>\n<tr>\n<td style=\"width: 50%;\"><img loading=\"lazy\" decoding=\"async\" class=\"\" style=\"border-style: none; max-width: 100%; border-radius: 0px; box-shadow: none;\" src=\"https:\/\/www.bioleaderpack.com\/wp-content\/uploads\/2023\/03\/L057white_1678632152724-3.png\" alt=\"azucarero blanco\" width=\"680\" height=\"680\" \/><\/p>\n<p style=\"text-align: center;\"><strong>Color: <span style=\"font-weight: bolder;\">Blanco<\/span><\/strong><\/p>\n<\/td>\n<td style=\"width: 50%;\"><img loading=\"lazy\" decoding=\"async\" class=\"\" style=\"border-style: none; max-width: 100%; border-radius: 0px; box-shadow: none;\" src=\"https:\/\/www.bioleaderpack.com\/wp-content\/uploads\/2023\/03\/L057nature_1678632172529-2.jpg\" alt=\"ca\u00f1a de az\u00facar naturaleza\" width=\"907\" height=\"907\" \/><\/p>\n<p style=\"text-align: center;\"><strong>Color: <span style=\"font-weight: bolder;\">Naturaleza Marr\u00f3n<\/span><\/strong><\/p>\n<\/td>\n<\/tr>\n<\/tbody>\n<\/table>\n<h2>Caracter\u00edsticas principales<\/h2>\n<h4>a. Ecol\u00f3gico y compostable<\/h4>\n<p>Una de las caracter\u00edsticas m\u00e1s importantes de nuestros cuencos biodegradables es su car\u00e1cter ecol\u00f3gico. A veces se hace referencia a estos cuencos como los cuencos compostables Youben, porque se pueden compostar de forma que no se estropean, ni siquiera con el m\u00e9todo de eliminaci\u00f3n previsto. Esto reduce el impacto medioambiental causado por los pl\u00e1sticos desechables y otros envases no biodegradables.<\/p>\n<h4>b. Seguro para los alimentos y sin sustancias qu\u00edmicas nocivas<\/h4>\n<p>Es sorprendente observar que nuestro\u00a0<strong>ensaladeras biodegradables<\/strong>\u00a0no contengan <a href=\"https:\/\/www.bioleaderpack.com\/es\/pfas-free-vs-pfoa-free-vs-bpa-free-como-elegir-una-vajilla-sana-y-no-toxica\/\" target=\"_blank\" rel=\"noopener\" data-wpil-monitor-id=\"474\">PFA y tampoco hay BPA<\/a> por lo que son aptos para todo tipo de alimentos. Estos recipientes refrigerantes son pr\u00e1cticos para la conservaci\u00f3n a largo plazo de alimentos, ya sean ensaladas de mano, sopas, fideos o comidas para llevar. El uso de tarrinas para queso no conlleva complicaciones para la salud, ya que su composici\u00f3n admite alimentos fr\u00edos o calientes.<\/p>\n<h4>c. A prueba de fugas, impermeable y resistente al aceite<\/h4>\n<p>No hay lugar en el que la durabilidad sea m\u00e1s primordial cuando se habla de envasado de alimentos que en nuestro\u00a0<strong>ensaladeras biodegradables con tapa,<\/strong> porque aqu\u00ed se producen fugas con muchos tipos de alimentos. La mayor\u00eda de los cuencos son a prueba de fugas de aceite, y cuencos impermeables que pueden soportar el peso del plato m\u00e1s pesado lleno de aceite o l\u00edquido sin derramarse o desintegrarse.<\/p>\n<h4>d. Apto para microondas y congelador<\/h4>\n<p>En particular, nuestro\u00a0<strong>cuencos biodegradables<\/strong> tambi\u00e9n despiertan en los consumidores el deseo de utilizarlos, teniendo en cuenta su exposici\u00f3n a temperaturas y fr\u00edos extremos. Estos cuencos son resistentes al microondas y al congelador, lo que evita el vapor interno y la condensaci\u00f3n durante el recalentamiento o el almacenamiento prolongado de los alimentos. Esta flexibilidad tambi\u00e9n resulta muy prometedora en el sector de los servicios de comida para llevar o en los hogares que buscan opciones pr\u00e1cticas y ecol\u00f3gicas.<\/p>\n<table style=\"border-collapse: collapse; width: 100%;\">\n<tbody>\n<tr>\n<td style=\"width: 50%;\"><img loading=\"lazy\" decoding=\"async\" class=\"\" src=\"https:\/\/www.bioleaderpack.com\/wp-content\/uploads\/2023\/03\/0853_1678635057971-1.jpg\" alt=\"ensaladera de ca\u00f1a de az\u00facar\" width=\"738\" height=\"738\" \/><\/td>\n<td style=\"width: 50%;\"><img loading=\"lazy\" decoding=\"async\" class=\"\" src=\"https:\/\/www.bioleaderpack.com\/wp-content\/uploads\/2023\/03\/087_1678635090381-2.jpg\" alt=\"cuenco biodegradable de ca\u00f1a de az\u00facar con tapas de PET\" width=\"884\" height=\"884\" \/><\/td>\n<\/tr>\n<tr>\n<td style=\"width: 50%;\"><img loading=\"lazy\" decoding=\"async\" class=\"\" src=\"https:\/\/www.bioleaderpack.com\/wp-content\/uploads\/2023\/03\/0855_1678635129914-3.jpg\" alt=\"cuencos para moldear pulpa\" width=\"717\" height=\"717\" \/><\/td>\n<td style=\"width: 50%;\"><img loading=\"lazy\" decoding=\"async\" class=\"\" src=\"https:\/\/www.bioleaderpack.com\/wp-content\/uploads\/2023\/03\/0854_1678635174118-3.jpg\" alt=\"recipiente para pulpa con tapas\" width=\"864\" height=\"864\" \/><\/td>\n<\/tr>\n<\/tbody>\n<\/table>\n<h2>Escenarios de uso: Usos convenientes<\/h2>\n<p>Nuestra\u00a0<strong>ensaladeras biodegradables con tapa<\/strong>\u00a0pueden utilizarse en casi todas las situaciones imaginables del servicio de comidas y catering. A continuaci\u00f3n se indican algunas situaciones en las que se hace un buen uso de estos cuencos:<\/p>\n<h4>a. Uso de restaurante y comida para llevar<\/h4>\n<p>Estos\u00a0<strong>cuencos biodegradables<\/strong> son ideales para que los restaurantes y los cupones de comida para llevar utilicen y lleven comidas de encargo, ensaladas, fideos, sopas, etc. Por sus atributos sostenibles y resistentes, es probable que ganen aceptaci\u00f3n en lugar de los envases normales de pl\u00e1stico o espuma de poliestireno. En el caso de los pedidos para llevar, asegura a los clientes servir la comida en buen estado al disponer de envases a prueba de fugas.<\/p>\n<h4>b. Catering y eventos<\/h4>\n<p>Para grandes eventos, como funciones de empresa o actos sociales, nuestros\u00a0<strong>ensaladeras biodegradables con tapa<\/strong>\u00a0pueden utilizarse para envasar alimentos de forma elegante y respetuosa con el medio ambiente. Las tapas evitan que se estropeen y son \u00fatiles para el servicio de alimentos, y como los cuencos son biodegradables, no hay que preocuparse por la eliminaci\u00f3n de la basura despu\u00e9s del evento.<\/p>\n<h4>c. Uso dom\u00e9stico y preparaci\u00f3n de comidas<\/h4>\n<p>Estos\u00a0<strong>cuencos biodegradables con tapa<\/strong>\u00a0tambi\u00e9n ser\u00e1 importante para los cocineros caseros y los preparadores de comidas. Sus propiedades para el microondas le permitir\u00e1n recalentar, y sus caracter\u00edsticas de resistencia al aceite y a las fugas ayudar\u00e1n a mantener frescos y ordenados los alimentos almacenados.<\/p>\n<h2>Tendencias en envases biodegradables para alimentos<\/h2>\n<p>Teniendo en cuenta la creciente inclinaci\u00f3n hacia la sostenibilidad, la demanda del mercado de\u00a0<strong>cuencos biodegradables<\/strong> se espera que aumente. Esto se debe a que cada vez son m\u00e1s los consumidores que adoptan productos ecol\u00f3gicos, as\u00ed como a que los gobiernos de distintos pa\u00edses aplican medidas m\u00e1s estrictas contra el uso de materiales pl\u00e1sticos. En consecuencia, el <strong>ensaladera biodegradable<\/strong> est\u00e1 experimentando un fuerte crecimiento gracias a la aparici\u00f3n de nuevos materiales que hacen que los productos sean m\u00e1s duraderos, rentables y funcionales.<\/p>\n<p>En concreto, el bagazo de ca\u00f1a de az\u00facar se utiliza cada vez m\u00e1s para fabricar envases alimentarios desechables porque es renovable y se puede compostar. A medida que m\u00e1s empresas y sus clientes fomentan alternativas m\u00e1s ecol\u00f3gicas,\u00a0<strong>cuencos biodegradables con tapa<\/strong> son probablemente la norma para la din\u00e1mica de los servicios alimentarios que buscan ser respetuosos con el medio ambiente.<\/p>\n<figure style=\"width: 1053px\" class=\"wp-caption alignnone\"><img loading=\"lazy\" decoding=\"async\" class=\"\" src=\"https:\/\/www.bioleaderpack.com\/wp-content\/uploads\/2023\/03\/LBowl_1678120102289.jpg\" alt=\"ca\u00f1a de az\u00facar\" width=\"1053\" height=\"573\" \/><figcaption class=\"wp-caption-text\">ensaladeras biodegradables con tapa<\/figcaption><\/figure>\n<figure style=\"width: 1080px\" class=\"wp-caption alignnone\"><img loading=\"lazy\" decoding=\"async\" src=\"https:\/\/www.bioleaderpack.com\/wp-content\/uploads\/2023\/03\/20191211153532_1678120030316-1.jpg\" alt=\"cuencos biodegradables\" width=\"1080\" height=\"1080\" \/><figcaption class=\"wp-caption-text\">ensaladeras biodegradables<\/figcaption><\/figure>\n<h2>Preguntas m\u00e1s frecuentes (FAQ)<\/h2>\n<p data-start=\"116\" data-end=\"404\"><strong data-start=\"116\" data-end=\"192\">P1: \u00bfSe pueden compostar las ensaladeras biodegradables con tapa en mi jard\u00edn?<\/strong><br data-start=\"192\" data-end=\"195\" \/>Nuestros cuencos pueden satisfacer esta condici\u00f3n. Est\u00e1n fabricados con bagazo de ca\u00f1a de az\u00facar, que puede compostarse tanto en instalaciones industriales como dom\u00e9sticas, aunque el tiempo de descomposici\u00f3n puede ser diferente.<\/p>\n<p data-start=\"406\" data-end=\"636\"><strong data-start=\"406\" data-end=\"468\">P2: \u00bfSon adecuados los cuencos para sopas y guisos l\u00edquidos calientes?<\/strong><br data-start=\"468\" data-end=\"471\" \/>Por supuesto que s\u00ed. Nuestros cuencos biodegradables est\u00e1n adecuadamente fabricados para soportar todo tipo de alimentos, incluidas sopas y guisos calientes, gracias a la naturaleza a prueba de fugas de nuestro producto.<\/p>\n<p data-start=\"638\" data-end=\"856\"><strong data-start=\"638\" data-end=\"689\">P3: \u00bfSe descomponen las tapas de estas ensaladeras?<\/strong><br data-start=\"689\" data-end=\"692\" \/>S\u00ed, las ensaladeras que proporcionamos vienen con tapas que tambi\u00e9n est\u00e1n hechas de materiales compostables, por lo que el envase en su conjunto es respetuoso con el medio ambiente.<\/p>\n<p data-start=\"858\" data-end=\"1184\"><strong data-start=\"858\" data-end=\"944\">P4: \u00bfExistir\u00e1 la opci\u00f3n de marcar estos cuencos con nuestro logotipo o ilustraci\u00f3n?<\/strong><br data-start=\"944\" data-end=\"947\" \/>Estamos ubicados en China y somos fabricantes, por lo que estos servicios est\u00e1n disponibles para pedidos al por mayor. Compre nuestras ensaladeras biodegradables con tapa y solicite la personalizaci\u00f3n de la marca o el dise\u00f1o para que su negocio gane en identidad.<\/p>\n<h2>Bloque de informaci\u00f3n sem\u00e1ntica: La ventaja competitiva de las ensaladeras compostables con tapa<\/h2>\n<div class=\"semantic-insight-block\" style=\"background: #e8f5e9; border-left: 4px solid #2196f3; padding: 14px; margin-bottom: 16px;\">\n<ul>\n<li><strong>El bagazo transforma el envasado de alimentos:<\/strong> Fabricados con fibra de ca\u00f1a de az\u00facar r\u00e1pidamente renovable, estos cuencos y tapas son totalmente biodegradables y compostables en el hogar y la industria, lo que elimina los residuos pl\u00e1sticos y se ajusta a los principios de la econom\u00eda circular.<\/li>\n<li><strong>Qu\u00e9 caracter\u00edsticas de rendimiento destacan:<\/strong> A prueba de fugas, resistentes y aptos para microondas y congelador, estos cuencos conservan la frescura y la integridad de los alimentos, por lo que son adecuados para ensaladas, frutas, comidas fr\u00edas y preparaci\u00f3n de comidas saludables.<\/li>\n<li><strong>Por qu\u00e9 las certificaciones globales generan confianza en el mercado:<\/strong> Certificadas conforme a las normas EN13432, ASTM D6400, FDA y UE, estas cubetas est\u00e1n homologadas para la exportaci\u00f3n, lo que garantiza la seguridad y el cumplimiento de la normativa en los mercados internacionales.<\/li>\n<li><strong>Suministro y aplicaci\u00f3n flexibles:<\/strong> Disponible en varios tama\u00f1os y envases a granel, con opciones de marca blanca para restaurantes, supermercados y marcas de kits de comida dirigidos a consumidores ecol\u00f3gicos.<\/li>\n<li><strong>Oportunidad de marca y mercado:<\/strong> El cambio a ensaladeras compostables certificadas posiciona a las marcas como l\u00edderes en sostenibilidad, apoya los mandatos de EPR y atrae a clientes preocupados por la salud y el medio ambiente.<\/li>\n<\/ul>\n<div style=\"margin-top: 8px;\"><strong>Perspectiva de las tendencias del mercado:<\/strong> A medida que aumenta la demanda mundial de envases sostenibles y saludables, las ensaladeras compostables con tapa de Bioleader permiten a las empresas alimentarias liderar el cumplimiento de la normativa, la funcionalidad y el valor ecol\u00f3gico de la marca.<\/div>\n<\/div>\n<p><script type=\"application\/ld+json\">{\n    \"@context\": \"https:\\\/\\\/schema.org\",\n    \"@type\": \"FAQPage\",\n    \"mainEntity\": [\n        {\n            \"@type\": \"Question\",\n            \"name\": \"Can biodegradable salad bowls with lids be composted in my backyard?\",\n            \"acceptedAnswer\": {\n                \"@type\": \"Answer\",\n                \"text\": \"Our bowls can satisfy this condition. They are made of sugarcane bagasse which can be comprised in both industrial and home kerbside composting facilities, although the time for breaking down may be different.\"\n            }\n        },\n        {\n            \"@type\": \"Question\",\n            \"name\": \"Are the bowls suitable for hot liquid soups and stews?\",\n            \"acceptedAnswer\": {\n                \"@type\": \"Answer\",\n                \"text\": \"Absolutely yes! Our biodegradable bowls are properly made to withstand all kinds of food including hot soups and stews thanks to the leakproof nature of our product.\"\n            }\n        },\n        {\n            \"@type\": \"Question\",\n            \"name\": \"Do the lids of these salad bowls decompose?\",\n            \"acceptedAnswer\": {\n                \"@type\": \"Answer\",\n                \"text\": \"Yes, the salad bowls we provide come with lids that are also made from compostable materials, and therefore the packaging as a whole is friendly to the environment.\"\n            }\n        },\n        {\n            \"@type\": \"Question\",\n            \"name\": \"Will there be an option of branding these bowls with our logo or illustration?\",\n            \"acceptedAnswer\": {\n                \"@type\": \"Answer\",\n                \"text\": \"We are located in China and are a manufacturer, therefore such services are available for wholesale orders. Buy our biodegradable salad bowls with lids and ask for branding or design customization to help your business gain its identity.\"\n            }\n        }\n    ]\n}<\/script><\/p>","protected":false},"excerpt":{"rendered":"<p><a href=\"https:\/\/www.bioleaderpack.com\/es\/producto\/recipientes-biodegradables-para-ensaladas-cuencos\/\" target=\"_blank\" rel=\"noopener\" data-wpil-monitor-id=\"2234\">Ensaladeras biodegradables de Bioleader<\/a><strong> con tapas<\/strong> se fabrican a partir de bagazo de ca\u00f1a de az\u00facar renovable, ofreciendo una soluci\u00f3n totalmente compostable y libre de PFAS para la restauraci\u00f3n. Estas ensaladeras con tapa transparente combinan la resistencia a las fugas, la seguridad en el microondas\/congelador y un rendimiento robusto, lo que las hace ideales para ensaladas frescas, frutas, preparaci\u00f3n de comidas, comida para llevar y catering. Certificadas conforme a las normas mundiales de contacto con alimentos y compostabilidad, representan una alternativa rentable y ecol\u00f3gica a los envases de pl\u00e1stico, ayudando a las marcas a cumplir sus objetivos de sostenibilidad y a adaptarse a las nuevas normativas de prohibici\u00f3n del pl\u00e1stico.<\/p>","protected":false},"featured_media":17693,"comment_status":"open","ping_status":"closed","template":"","meta":{"_acf_changed":false},"product_brand":[8971],"product_cat":[7150,7146],"product_tag":[6785,6661,6786,6787,6788,6790,6792,6793,6794,6795],"class_list":{"0":"post-13561","1":"product","2":"type-product","3":"status-publish","4":"has-post-thumbnail","6":"product_brand-bioleader","7":"product_cat-bagasse-bowl","8":"product_cat-bagasse-food-container","9":"product_tag-1200ml-bowl-and-lid","10":"product_tag-biodegradable-bowl","11":"product_tag-biodegradable-bowl-with-lid","12":"product_tag-biodegradable-bowls-with-lids","13":"product_tag-biodegradable-salad-bowls","14":"product_tag-biodegradable-salad-bowls-with-lids","15":"product_tag-compostable-bowl-for-salad","16":"product_tag-compostable-bowl-with-lid","17":"product_tag-sugarcane-bowl-with-pet-lid","18":"product_tag-sugarcane-salad-bowl-1200ml","20":"first","21":"instock","22":"purchasable","23":"product-type-simple"},"acf":[],"_links":{"self":[{"href":"https:\/\/www.bioleaderpack.com\/es\/wp-json\/wp\/v2\/product\/13561","targetHints":{"allow":["GET"]}}],"collection":[{"href":"https:\/\/www.bioleaderpack.com\/es\/wp-json\/wp\/v2\/product"}],"about":[{"href":"https:\/\/www.bioleaderpack.com\/es\/wp-json\/wp\/v2\/types\/product"}],"replies":[{"embeddable":true,"href":"https:\/\/www.bioleaderpack.com\/es\/wp-json\/wp\/v2\/comments?post=13561"}],"wp:featuredmedia":[{"embeddable":true,"href":"https:\/\/www.bioleaderpack.com\/es\/wp-json\/wp\/v2\/media\/17693"}],"wp:attachment":[{"href":"https:\/\/www.bioleaderpack.com\/es\/wp-json\/wp\/v2\/media?parent=13561"}],"wp:term":[{"taxonomy":"product_brand","embeddable":true,"href":"https:\/\/www.bioleaderpack.com\/es\/wp-json\/wp\/v2\/product_brand?post=13561"},{"taxonomy":"product_cat","embeddable":true,"href":"https:\/\/www.bioleaderpack.com\/es\/wp-json\/wp\/v2\/product_cat?post=13561"},{"taxonomy":"product_tag","embeddable":true,"href":"https:\/\/www.bioleaderpack.com\/es\/wp-json\/wp\/v2\/product_tag?post=13561"}],"curies":[{"name":"wp","href":"https:\/\/api.w.org\/{rel}","templated":true}]}}