{"id":13559,"date":"2023-03-12T14:54:58","date_gmt":"2023-03-12T06:54:58","guid":{"rendered":"https:\/\/www.bioleaderpack.com\/it\/prodotto\/eco-friendly-disposable-salad-bowls-with-lids-24oz\/"},"modified":"2026-01-26T17:05:36","modified_gmt":"2026-01-26T09:05:36","slug":"ensaladeras-desechables-ecologicas-con-tapa","status":"publish","type":"product","link":"https:\/\/www.bioleaderpack.com\/es\/producto\/ensaladeras-desechables-ecologicas-con-tapa\/","title":{"rendered":"Ensaladeras desechables ecol\u00f3gicas con tapa 24oz"},"content":{"rendered":"<div class=\"adweb-template\">\n<div class=\"adweb-template-43\">\n<div class=\"adweb-flex-jc-sb adweb-text-align-c\">\n<div class=\"adweb-flex-item2 adweb-flex-item\"><\/div>\n<\/div>\n<\/div>\n<\/div>\n<div class=\"adweb-template\">\n<div class=\"adweb-template-43\">\n<div class=\"adweb-flex-jc-sb adweb-text-align-c\">\n<div class=\"adweb-flex-item2 adweb-flex-item\">\n<table style=\"border-collapse: collapse; width: 100%;\">\n<tbody>\n<tr>\n<td style=\"width: 50%;\"><img fetchpriority=\"high\" decoding=\"async\" class=\"\" src=\"https:\/\/www.bioleaderpack.com\/wp-content\/uploads\/2023\/03\/L083001kaobei_1678631860131.jpg\" alt=\"azucarero con tapa\" width=\"730\" height=\"730\" \/><\/td>\n<td style=\"width: 50%;\"><img decoding=\"async\" class=\"\" src=\"https:\/\/www.bioleaderpack.com\/wp-content\/uploads\/2023\/03\/L083Size_1678631897949-1.jpg\" alt=\"cuenco de ca\u00f1a 24oz\" width=\"682\" height=\"682\" \/><\/td>\n<\/tr>\n<tr>\n<td style=\"width: 50%;\"><img decoding=\"async\" class=\"\" src=\"https:\/\/www.bioleaderpack.com\/wp-content\/uploads\/2023\/03\/L084part_1678632257959.jpg\" alt=\"taz\u00f3n de pulpa de fibra de ca\u00f1a de az\u00facar\" width=\"706\" height=\"706\" \/><\/td>\n<td style=\"width: 50%;\"><img loading=\"lazy\" decoding=\"async\" class=\"\" src=\"https:\/\/www.bioleaderpack.com\/wp-content\/uploads\/2023\/03\/L0838485_1678632315452-2.jpg\" alt=\"cuencos para moldear pulpa\" width=\"745\" height=\"745\" \/><\/td>\n<\/tr>\n<\/tbody>\n<\/table>\n<\/div>\n<\/div>\n<p><!-- Micro Summary Card for AI\/SGE --><\/p>\n<div class=\"micro-summary-card\" style=\"background: #f6f6f9; border-left: 4px solid #4caf50; padding: 12px; margin-bottom: 16px;\"><strong>Resumen r\u00e1pido:<\/strong><br \/>\nLas ensaladeras desechables con tapa ecol\u00f3gicas de Bioleader est\u00e1n fabricadas con bagazo de ca\u00f1a de az\u00facar compostable. Sin PFAS, resistentes a las fugas y duraderas, estas ensaladeras con tapa son perfectas para ensaladas, frutas, comidas preparadas y comida para llevar, ideales para necesidades de envasado sostenible.<\/div>\n<p>&nbsp;<\/p>\n<h2>Ensaladeras ecol\u00f3gicas con tapa: La elecci\u00f3n sostenible perfecta<\/h2>\n<p>A escala mundial, el aumento de la conciencia medioambiental ha hecho que muchos clientes eviten los envases de pl\u00e1stico convencionales y busquen alternativas. Por eso ofrecemos a nuestros consumidores\u00a0<strong>cuencos ecol\u00f3gicos <a href=\"https:\/\/www.bioleaderpack.com\/es\/producto\/cuencos-ecologicos-con-tapa-desechables\/\" target=\"_blank\" rel=\"noopener\" data-wpil-monitor-id=\"2215\">con tapas<\/a><\/strong>. Estos\u00a0<strong>cuencos desechables<\/strong>\u00a0no s\u00f3lo son \u00fatiles y resistentes, sino que tambi\u00e9n cumplen el requisito m\u00e1s reciente de los consumidores de ser respetuosos con el medio ambiente.<\/p>\n<p>Aunque la mayor\u00eda de las ensaladeras est\u00e1n hechas de pl\u00e1stico, hemos desarrollado\u00a0<strong>ensaladeras ecol\u00f3gicas<\/strong> de bagazo de ca\u00f1a de az\u00facar que pueden utilizarse en restaurantes, comida para llevar o incluso en casa, y son completamente biodegradables.<\/p>\n<h2>Bagazo de ca\u00f1a de az\u00facar: El material m\u00e1s duradero y suave<\/h2>\n<p>El bagazo de ca\u00f1a de az\u00facar es el principal ingrediente de nuestro\u00a0<strong>cuencos ecol\u00f3gicos,<\/strong>\u00a0seg\u00fan se informa. El bagazo de ca\u00f1a de az\u00facar es un subproducto residual tras la extracci\u00f3n del jugo en el procesamiento de la ca\u00f1a de az\u00facar. Esta materia natural biodegradable se utiliza, en lugar de tirarse como basura, para fabricar\u00a0<strong><a href=\"https:\/\/www.bioleaderpack.com\/es\/producto\/fabricante-chino-de-cuencos-desechables-con-tapa-ecologicos\/\" target=\"_blank\" rel=\"noopener\" data-wpil-monitor-id=\"2155\">cuencos desechables ecol\u00f3gicos con tapa<\/a><\/strong>. Es altamente biodegradable y tambi\u00e9n compostable, lo que significa que puede desintegrarse completamente de forma segura, a su debido tiempo, por lo que no supone ninguna amenaza para el medio ambiente. Es un sustituto ideal de los envases desechables de pl\u00e1stico o espuma de poliestireno, que se conservan como basura durante mucho tiempo y no se degradan.<\/p>\n<h2>Proceso de producci\u00f3n avanzado: Papel <a href=\"https:\/\/www.bioleaderpack.com\/es\/sobre-el-moldeo-de-pasta\/\" target=\"_blank\">Moldeo de pasta<\/a><\/h2>\n<p>C\u00f3mo se emplea la \u00faltima tecnolog\u00eda -el moldeado de pasta de papel- en la fabricaci\u00f3n de las ensaladeras para servir. No s\u00f3lo es ideal para conservar la resistencia de los cuencos, sino que tambi\u00e9n contribuye a reducir el impacto negativo sobre el medio ambiente. Los cuencos de pulpa moldeada se construyen y comprimen con fibras naturales, de modo que cada uno mantiene su forma y resistencia incluso cuando se le a\u00f1aden sustancias alimenticias frescas o aceitosas. Este m\u00e9todo crea cuencos desechables resistentes a las fugas y a la grasa que son seguros para muchos usos alimentarios.<\/p>\n<table style=\"border-collapse: collapse; width: 100%;\">\n<tbody>\n<tr>\n<td style=\"width: 50%;\"><img loading=\"lazy\" decoding=\"async\" class=\"\" src=\"https:\/\/www.bioleaderpack.com\/wp-content\/uploads\/2023\/03\/L085Lids_1678632379385-1.jpg\" alt=\"cuencos de pulpa de fibra con tapa\" width=\"738\" height=\"738\" \/><\/p>\n<p style=\"text-align: center;\"><strong>Cuenco con tapas de pulpa\u00a0<\/strong><\/p>\n<\/td>\n<td style=\"width: 50%;\"><img loading=\"lazy\" decoding=\"async\" class=\"\" src=\"https:\/\/www.bioleaderpack.com\/wp-content\/uploads\/2023\/03\/L085Lid_fuben_1678632408961-1.jpg\" alt=\"cuencos para pulpa con tapas de pl\u00e1stico\" width=\"795\" height=\"795\" \/><\/p>\n<p style=\"text-align: center;\"><strong>Cuenco con tapas de pl\u00e1stico PET<\/strong><\/p>\n<\/td>\n<\/tr>\n<tr>\n<td style=\"width: 50%;\"><img loading=\"lazy\" decoding=\"async\" class=\"\" src=\"https:\/\/www.bioleaderpack.com\/wp-content\/uploads\/2023\/03\/L083084085Size_1678632011650-2.jpg\" alt=\"taz\u00f3n de ca\u00f1a de az\u00facar con tapas\" width=\"847\" height=\"847\" \/><\/p>\n<p style=\"text-align: center;\"><strong>cuencos ecol\u00f3gicos con tapa<\/strong><\/p>\n<\/td>\n<td style=\"width: 50%;\"><img loading=\"lazy\" decoding=\"async\" class=\"\" src=\"https:\/\/www.bioleaderpack.com\/wp-content\/uploads\/2023\/03\/L0838485withLid_1678632041679-2.jpg\" alt=\"cuenco de ca\u00f1a con tapas para mascotas\" width=\"793\" height=\"793\" \/><\/p>\n<p style=\"text-align: center;\"><strong><a href=\"https:\/\/www.bioleaderpack.com\/es\/boles-desechables-con-tapa-carton-kraft-blanco-fabricante-bioleader\/\" target=\"_blank\" rel=\"noopener\" data-wpil-monitor-id=\"2813\">cuencos desechables ecol\u00f3gicos con tapa<\/a><\/strong><\/p>\n<\/td>\n<\/tr>\n<tr>\n<td style=\"width: 50%;\"><img loading=\"lazy\" decoding=\"async\" class=\"\" style=\"border-style: none; max-width: 100%; border-radius: 0px; box-shadow: none;\" src=\"https:\/\/www.bioleaderpack.com\/wp-content\/uploads\/2023\/03\/L057white_1678632152724-3.png\" alt=\"azucarero blanco\" width=\"768\" height=\"768\" \/><\/p>\n<p style=\"text-align: center;\"><strong>Color: <span style=\"font-weight: bolder;\">Blanco\u00a0<\/span><\/strong><\/p>\n<\/td>\n<td style=\"width: 50%;\"><img loading=\"lazy\" decoding=\"async\" class=\"\" style=\"border-style: none; max-width: 100%; border-radius: 0px; box-shadow: none;\" src=\"https:\/\/www.bioleaderpack.com\/wp-content\/uploads\/2023\/03\/L057nature_1678632172529-2.jpg\" alt=\"ca\u00f1a de az\u00facar naturaleza\" width=\"758\" height=\"758\" \/><\/p>\n<p style=\"text-align: center;\"><strong>Color: <span style=\"font-weight: bolder;\">Naturaleza Marr\u00f3n<\/span><\/strong><\/p>\n<\/td>\n<\/tr>\n<\/tbody>\n<\/table>\n<\/div>\n<\/div>\n<h2>\u00bfCu\u00e1les son las propuestas de venta \u00fanicas de las ensaladeras ecol\u00f3gicas?<\/h2>\n<p>La destrucci\u00f3n de nuestros cuencos desechables ecol\u00f3gicos con tapa se ve reforzada por la singularidad de las caracter\u00edsticas de estos productos, ya que superan a la competencia en el mercado. Estos cuencos son: -<\/p>\n<ul>\n<li><a href=\"https:\/\/www.bioleaderpack.com\/es\/son-biodegradables-y-compostables-los-mismos\/\" target=\"_blank\"><strong>Compostable y biodegradable<\/strong><\/a>: Una vez que estos cuencos llegan al final de su vida \u00fatil, se degradan r\u00e1pidamente y no dejan ning\u00fan impacto en el entorno.<\/li>\n<li><strong>S<a href=\"https:\/\/www.bioleaderpack.com\/es\/la-vajilla-de-bagazo-de-cana-de-azucar-contiene-pfas-sin-bpa\/\" target=\"_blank\">a seguridad frente a los PFAS y el BPA<\/a><\/strong>: este tipo de cuencos se utilizan para alimentos que no contienen toxinas peligrosas relacionadas con el pl\u00e1stico.<\/li>\n<li><a href=\"https:\/\/www.bioleaderpack.com\/es\/como-pueden-las-cajas-de-harina-de-bagazo-de-cana-de-azucar-conseguir-resistencia-al-agua-y-al-aceite\/\" target=\"_blank\"><strong>Sin fugas ni penetraci\u00f3n de aceite<\/strong><\/a>: Sin preocupaciones para sopas y platos aceitosos, estos cuencos no se rompen ni se derraman con el uso.<\/li>\n<li><strong>Microondas<\/strong>: Lo recomendamos encarecidamente a nuestros clientes que quieren calentar los restos de comida.<\/li>\n<li><strong>Duradero y funcional<\/strong>: Estos cuencos tambi\u00e9n son muy duraderos y pueden mantener su estructura f\u00edsica incluso cuando se utilizan para diversos tipos de alimentos como ensalada, sopa, fideos o arroz.<\/li>\n<\/ul>\n<p>&nbsp;<\/p>\n<h2>Escenarios de uso vers\u00e1tiles<\/h2>\n<p>Este\u00a0<strong><a href=\"https:\/\/www.bioleaderpack.com\/es\/categoria-de-productos\/ensaladera-de-papel\/\" target=\"_blank\" rel=\"noopener\" data-wpil-monitor-id=\"3125\">ensaladera desechable con tapa<\/a><\/strong> puede utilizarse en diversos sectores, por lo que resulta apropiado para restaurantes, cafeter\u00edas y servicios de comida para llevar. Varios ejemplos de c\u00f3mo nuestro <strong>Ensaladeras ecol\u00f3gicas<\/strong>\u00a0pueden tener usos pr\u00e1cticos:<\/p>\n<ul>\n<li><strong>Comida para llevar y reparto<\/strong>: Como el dise\u00f1o es a prueba de fugas, los clientes siempre recibir\u00e1n sus sopas, ensaladas y platos de fideos sin ning\u00fan tipo de suciedad.<\/li>\n<li><strong>Uso de restaurante y cafeter\u00eda<\/strong>: Adem\u00e1s, estos cuencos ayudar\u00e1n a servir distintos tipos de platos, pero de forma ecol\u00f3gica, para que los restaurantes no utilicen m\u00e1s pl\u00e1stico.<\/li>\n<li><strong>Eventos y fiestas<\/strong>: Estos\u00a0<strong>cuencos desechables ecol\u00f3gicos con tapa para catering<\/strong> Los eventos no tienen cuencos est\u00e1ndar, lo que hace que servir a un gran n\u00famero de invitados sea r\u00e1pido y respetuoso con el medio ambiente.<\/li>\n<\/ul>\n<p>Adem\u00e1s, estos cuencos tambi\u00e9n son \u00fatiles para envasar las sobras junto con la preparaci\u00f3n de comidas en m\u00faltiples ocasiones, as\u00ed como respetuosos con el medio ambiente para personas solteras y familias.<\/p>\n<table style=\"border-collapse: collapse; width: 100%;\">\n<tbody>\n<tr>\n<td style=\"width: 50%;\"><img loading=\"lazy\" decoding=\"async\" class=\"\" src=\"https:\/\/www.bioleaderpack.com\/wp-content\/uploads\/2023\/03\/0832_1678204715873.jpg\" alt=\"ensaladera de bagazo rect\u00e1ngulo\" width=\"736\" height=\"736\" \/><\/td>\n<td style=\"width: 50%;\"><img loading=\"lazy\" decoding=\"async\" class=\"\" src=\"https:\/\/www.bioleaderpack.com\/wp-content\/uploads\/2023\/03\/0833_1678632520384-1.jpg\" alt=\"cuenco biodegradable de ca\u00f1a de az\u00facar con tapa\" width=\"684\" height=\"684\" \/><\/td>\n<\/tr>\n<\/tbody>\n<\/table>\n<h2>Tendencia creciente: Envasado ecol\u00f3gico de alimentos<\/h2>\n<p>Los \u00faltimos acontecimientos han demostrado que cada vez hay m\u00e1s conciencia sobre los productos alimentarios sostenibles desde el punto de vista medioambiental. La aplicaci\u00f3n de\u00a0<strong><a href=\"https:\/\/www.bioleaderpack.com\/es\/producto\/cuencos-desechables-ecologicos-de-bagazo\/\" target=\"_blank\" rel=\"noopener\" data-wpil-monitor-id=\"2154\">cuencos desechables ecol\u00f3gicos<\/a><\/strong>\u00a0va m\u00e1s all\u00e1 de ser una moda; es un movimiento hacia la era verde. Esto ha creado la necesidad de envases biodegradables y compostables para alimentos, ya que cada vez m\u00e1s consumidores son conscientes de c\u00f3mo afectan sus acciones al medio ambiente.<\/p>\n<p>Nuestra\u00a0<strong>ensaladeras ecol\u00f3gicas<\/strong>\u00a0abordan esta cuesti\u00f3n y, al mismo tiempo, ofrecen la resistencia y facilidad de uso a las que est\u00e1n acostumbrados los proveedores de servicios alimentarios. A medida que m\u00e1s restaurantes y cafeter\u00edas abandonan los envases tradicionales en favor de opciones ecol\u00f3gicas, tambi\u00e9n lo hacen nuestros cuencos, que tienen un enfoque pr\u00e1ctico e innovador.<\/p>\n<h2>Preguntas frecuentes sobre las ensaladeras desechables con tapa ecol\u00f3gicas<\/h2>\n<p><strong>1. \u00bfSon estos cuencos seguros para la comida caliente?<\/strong><\/p>\n<p>S\u00ed, nuestros cuencos ecol\u00f3gicos con tapa son buenos para sopas y otros platos calientes, ya que no se deforman al cerrarlos ni gotean bajo los alimentos calientes. Tambi\u00e9n son aptos para microondas, por lo que pueden utilizarse para recalentar alimentos.<\/p>\n<p><strong>2. \u00bfCu\u00e1nto tardan estos cuencos en descomponerse?<\/strong><\/p>\n<p>Al ser compostables y biodegradables, los cuencos se descomponen en 90-180 d\u00edas si se dan las condiciones perfectas para el compostaje.<\/p>\n<p><strong>3. \u00bfSon estos cuencos adecuados para el contacto con alimentos?<\/strong><\/p>\n<p>Por supuesto. Nuestros tazones para ensaladas est\u00e1n hechos de materiales de calidad alimentaria y no contienen qu\u00edmicos t\u00f3xicos como... <a href=\"https:\/\/www.bioleaderpack.com\/es\/pfas-free-vs-pfoa-free-vs-bpa-free-como-elegir-una-vajilla-sana-y-no-toxica\/\" target=\"_blank\" rel=\"noopener\" data-wpil-monitor-id=\"472\">PFAS y BPA<\/a> Por lo tanto, se pueden utilizar para cualquier alimento.<\/p>\n<p><strong>4. \u00bfExisten posibilidades de reciclar estos cuencos?<\/strong><\/p>\n<p>Aunque estos cuencos est\u00e1n dise\u00f1ados principalmente para el compostaje, tambi\u00e9n pueden reciclarse en instalaciones de reciclaje de pasta de papel, lo que los hace m\u00e1s respetuosos con el medio ambiente.<\/p>\n<p><strong>5. \u00bfSon estos cuencos apropiados para llevarlos a eventos en el exterior?<\/strong><\/p>\n<p>S\u00ed, gracias a la resistencia y a la ausencia de fugas de nuestro\u00a0<em>ensaladeras desechables con tapa<\/em>\u00a0soporte uno para llevar a eventos al aire libre, picnics y fiestas.<\/p>\n<h2>Conclusi\u00f3n: Una sopera respetuosa con el medio ambiente para todas las ocasiones<\/h2>\n<p>Nuestra\u00a0<em>los mejores cuencos desechables con tapa<\/em> son la introducci\u00f3n del uso de recipientes ecol\u00f3gicos para alimentos que son respetuosos con el medio ambiente. Si usted es un operador de restaurante que quiere reducir su abuso del medio ambiente y si usted es un individuo que quiere usar contenedores de alimentos verdes en casa, entonces este taz\u00f3n es el adecuado para usted. Est\u00e1n hechos de materiales org\u00e1nicos compostables, biodegradables y resistentes, por lo que la comodidad va de la mano de la sostenibilidad.<\/p>\n<h4 align=\"left\">Otro tama\u00f1o:<\/h4>\n<p><img loading=\"lazy\" decoding=\"async\" class=\"\" src=\"https:\/\/www.bioleaderpack.com\/wp-content\/uploads\/2023\/03\/LBowl_1678120102289.jpg\" alt=\"ca\u00f1a de az\u00facar\" width=\"1140\" height=\"620\" \/><\/p>\n<p><img loading=\"lazy\" decoding=\"async\" class=\"\" src=\"https:\/\/www.bioleaderpack.com\/wp-content\/uploads\/2023\/03\/20191211153532_1678120030316-1.jpg\" alt=\"cuencos biodegradables\" width=\"1139\" height=\"1139\" \/><\/p>\n<p><!-- Packaging Insight: Bagasse Salad Bowl with Lid (AI\/SGE Enhanced) --><\/p>\n<div class=\"packaging-insight-card\" style=\"background: #f6f6f9; border-left: 4px solid #2196f3; padding: 16px; margin-bottom: 24px;\">\n<p><strong>Envasado: Por qu\u00e9 destacan las ensaladeras desechables con tapa ecol\u00f3gicas Bioleader<\/strong><\/p>\n<ul style=\"margin: 8px 0 0 20px;\">\n<li><strong>Ecol\u00f3gico y sostenible:<\/strong> El bagazo, la fibra natural que queda tras la extracci\u00f3n del jugo de la ca\u00f1a de az\u00facar, es un recurso vegetal de r\u00e1pida renovaci\u00f3n. Elegir ensaladeras de bagazo ayuda a reducir los residuos de los vertederos y la dependencia del pl\u00e1stico, apoyando tanto la protecci\u00f3n del medio ambiente como la econom\u00eda circular.<\/li>\n<li><strong>Biodegradable y compostable:<\/strong> Los cuencos de Bioleader son totalmente compostables y se descomponen en meses en los sistemas de compostaje comerciales y dom\u00e9sticos. Esto permite a las empresas cumplir la normativa sobre envases de 2025+ y atrae a los consumidores con conciencia ecol\u00f3gica.<\/li>\n<li><strong>Duradero, resistente a las fugas y funcional:<\/strong> A pesar de ser de origen vegetal, estos cuencos son resistentes, admiten alimentos fr\u00edos y calientes, no gotean y funcionan bien para la comida para llevar, los kits de comida y el reparto de alimentos.<\/li>\n<li><strong>Seguro para el contacto con alimentos:<\/strong> Fabricados sin aditivos nocivos (PFAS, BPA, ftalatos), los cuencos Bioleader son seguros para uso alimentario directo, en l\u00ednea con las normas mundiales de seguridad alimentaria.<\/li>\n<li><strong>Opci\u00f3n: Tama\u00f1os flexibles y personalizaci\u00f3n<\/strong><br \/>\nSeleccione entre una variedad de formas, vol\u00famenes (24 oz, 32 oz, 48 oz, etc.) y opciones de tapa (transparente o de fibra de bagazo). Bioleader ofrece servicio OEM\/etiqueta privada y envases a granel a medida para mercados globales, para satisfacer las necesidades de minoristas, catering o cadenas de restauraci\u00f3n.<\/li>\n<li><strong>Consideraciones: Elegir la soluci\u00f3n adecuada para su empresa<\/strong><br \/>\nAl cambiar a cuencos compostables, compruebe las certificaciones (EN13432, ASTM D6400), la conformidad con el contacto con alimentos y la compatibilidad con su flujo de residuos local. Eval\u00fae la capacidad del proveedor en cuanto a suministro continuo, calidad estable y documentaci\u00f3n de exportaci\u00f3n, clave para la expansi\u00f3n del mercado y la aprobaci\u00f3n normativa.<\/li>\n<li><strong>C\u00f3mo comprar y tener \u00e9xito con los cuencos de bagazo:<\/strong><br \/>\nTrabaje directamente con un fabricante de f\u00e1brica como Bioleader para garantizar una calidad constante, un abastecimiento trazable y un servicio posventa profesional. Compare opciones de productos, precios y certificaciones para satisfacer las cambiantes expectativas de sostenibilidad y seguridad de sus clientes.<\/li>\n<li><strong>Tendencia de la industria:<\/strong><br \/>\nA medida que se aceleran las prohibiciones mundiales de los pl\u00e1sticos de un solo uso, los envases de bagazo compostable se est\u00e1n convirtiendo en una opci\u00f3n por defecto para las marcas de alimentos, los restaurantes y los servicios de reparto de comidas con visi\u00f3n de futuro.<\/li>\n<\/ul>\n<div style=\"margin-top: 8px;\"><strong>Palabras clave:<\/strong><br \/>\nensaladeras desechables ecol\u00f3gicas con tapa, <a href=\"https:\/\/www.bioleaderpack.com\/es\/producto\/ensaladeras-compostables-cuadradas\/\" target=\"_blank\" rel=\"noopener\" data-wpil-monitor-id=\"2156\">ensaladeras de bagazo<\/a>ensaladeras compostables, biodegradables, sin PFAS, f\u00e1brica de ensaladeras, fabricante de ensaladeras<\/div>\n<\/div>\n<p>&nbsp;<\/p>\n<p><script type=\"application\/ld+json\">{\n    \"@context\": \"https:\\\/\\\/schema.org\",\n    \"@type\": \"FAQPage\",\n    \"mainEntity\": [\n        {\n            \"@type\": \"Question\",\n            \"name\": \"Are these bowls safe for hot food?\",\n            \"acceptedAnswer\": {\n                \"@type\": \"Answer\",\n                \"text\": \"Yes, our eco-friendly bowls with lids are good for soups and other hot dishes as they do not get distorted while sealed or leak under the hot foods. They are microwave-friendly too making it possible to use them for reheating food.\"\n            }\n        },\n        {\n            \"@type\": \"Question\",\n            \"name\": \"How long do these bowls take to decompose?\",\n            \"acceptedAnswer\": {\n                \"@type\": \"Answer\",\n                \"text\": \"Being compostable and biodegradable, the bowls will break down within 90\\u2013180 days given the perfect conditions for composting.\"\n            }\n        },\n        {\n            \"@type\": \"Question\",\n            \"name\": \"Are these bowls suitable for contact with foods?\",\n            \"acceptedAnswer\": {\n                \"@type\": \"Answer\",\n                \"text\": \"Definitely. Our bowls for salads are made from food-grade material and contain no toxic chemicals such as PFAS and BPA therefore they can be used for any food.\"\n            }\n        },\n        {\n            \"@type\": \"Question\",\n            \"name\": \"Are there possibilities of recycling these bowls?\",\n            \"acceptedAnswer\": {\n                \"@type\": \"Answer\",\n                \"text\": \"Although these bowls are designed mainly for composting they can also be recycled in paper pulp recycling facilities thus making them more eco-friendly.\"\n            }\n        },\n        {\n            \"@type\": \"Question\",\n            \"name\": \"Are these bowls appropriate to carry for outside events?\",\n            \"acceptedAnswer\": {\n                \"@type\": \"Answer\",\n                \"text\": \"Yes, because of the strength and the leak-free features of our disposable salad bowls with lids support one to carry outdoor events, picnics, and parties.\"\n            }\n        }\n    ]\n}<\/script><\/p>","protected":false},"excerpt":{"rendered":"<p>Bioleader <strong>ensaladeras desechables ecol\u00f3gicas con tapa<\/strong> establecen un nuevo est\u00e1ndar para el envasado sostenible de alimentos. Fabricados a partir de bagazo de ca\u00f1a de az\u00facar renovable, estos cuencos compostables no contienen PFAS, son duraderos y resistentes a las fugas, y ofrecen un almacenamiento y transporte seguros para ensaladas, frutas y kits de comida. Sus tapas transparentes de ajuste seguro mejoran la presentaci\u00f3n y la comodidad, lo que los convierte en la opci\u00f3n ideal para restaurantes, comida para llevar, catering y reparto de comida saludable. Elija Bioleader para obtener envases ecol\u00f3gicos de alta calidad, asequibles y que cumplen las normas internacionales, directamente de f\u00e1brica.<\/p>","protected":false},"featured_media":18046,"comment_status":"open","ping_status":"closed","template":"","meta":{"_acf_changed":false},"product_brand":[8971],"product_cat":[7146,7150],"product_tag":[6773,6725,6774,6775,6777,6778],"class_list":{"0":"post-13559","1":"product","2":"type-product","3":"status-publish","4":"has-post-thumbnail","6":"product_brand-bioleader","7":"product_cat-bagasse-food-container","8":"product_cat-bagasse-bowl","9":"product_tag-disposable-salad-bowls-with-lids","10":"product_tag-eco-disposable-bowls","11":"product_tag-eco-friendly-bowl","12":"product_tag-eco-friendly-bowls-with-lids","13":"product_tag-eco-friendly-disposable-bowls-with-lids","14":"product_tag-eco-friendly-salad-bowls","16":"first","17":"instock","18":"purchasable","19":"product-type-simple"},"acf":[],"_links":{"self":[{"href":"https:\/\/www.bioleaderpack.com\/es\/wp-json\/wp\/v2\/product\/13559","targetHints":{"allow":["GET"]}}],"collection":[{"href":"https:\/\/www.bioleaderpack.com\/es\/wp-json\/wp\/v2\/product"}],"about":[{"href":"https:\/\/www.bioleaderpack.com\/es\/wp-json\/wp\/v2\/types\/product"}],"replies":[{"embeddable":true,"href":"https:\/\/www.bioleaderpack.com\/es\/wp-json\/wp\/v2\/comments?post=13559"}],"wp:featuredmedia":[{"embeddable":true,"href":"https:\/\/www.bioleaderpack.com\/es\/wp-json\/wp\/v2\/media\/18046"}],"wp:attachment":[{"href":"https:\/\/www.bioleaderpack.com\/es\/wp-json\/wp\/v2\/media?parent=13559"}],"wp:term":[{"taxonomy":"product_brand","embeddable":true,"href":"https:\/\/www.bioleaderpack.com\/es\/wp-json\/wp\/v2\/product_brand?post=13559"},{"taxonomy":"product_cat","embeddable":true,"href":"https:\/\/www.bioleaderpack.com\/es\/wp-json\/wp\/v2\/product_cat?post=13559"},{"taxonomy":"product_tag","embeddable":true,"href":"https:\/\/www.bioleaderpack.com\/es\/wp-json\/wp\/v2\/product_tag?post=13559"}],"curies":[{"name":"wp","href":"https:\/\/api.w.org\/{rel}","templated":true}]}}