{"id":13556,"date":"2023-03-15T16:15:07","date_gmt":"2023-03-15T08:15:07","guid":{"rendered":"https:\/\/www.bioleaderpack.com\/product\/biodegradable-sugarcane-bagasse-bowl-bulk-wholesale\/"},"modified":"2026-04-24T17:40:30","modified_gmt":"2026-04-24T09:40:30","slug":"bol-biodegradable-de-bagazo-de-cana-de-azucar","status":"publish","type":"product","link":"https:\/\/www.bioleaderpack.com\/es\/producto\/bol-biodegradable-de-bagazo-de-cana-de-azucar\/","title":{"rendered":"Bol biodegradable de bagazo de ca\u00f1a de az\u00facar al por mayor"},"content":{"rendered":"<table style=\"border-collapse: collapse; width: 100%;\">\n<tbody>\n<tr>\n<td style=\"width: 50%;\"><img fetchpriority=\"high\" decoding=\"async\" class=\"\" src=\"https:\/\/www.bioleaderpack.com\/wp-content\/uploads\/2023\/03\/L0640_1678896697514-1.jpg\" alt=\"ensaladera de bagazo desechable \" width=\"711\" height=\"711\" \/><\/td>\n<td style=\"width: 50%;\"><img decoding=\"async\" class=\"\" src=\"https:\/\/www.bioleaderpack.com\/wp-content\/uploads\/2023\/03\/L06412_1678896670522.jpg\" alt=\"bol de bagazo 24oz\" width=\"698\" height=\"698\" \/><\/td>\n<\/tr>\n<\/tbody>\n<\/table>\n<table style=\"border-collapse: collapse; width: 100%;\">\n<tbody>\n<tr>\n<td style=\"width: 100%;\"><img decoding=\"async\" src=\"https:\/\/www.bioleaderpack.com\/wp-content\/uploads\/2023\/03\/LBowl_1678120102289.jpg\" alt=\"cuencos de ca\u00f1a\" width=\"1000\" height=\"544\" \/><\/td>\n<\/tr>\n<\/tbody>\n<\/table>\n<table style=\"border-collapse: collapse; width: 100%;\">\n<tbody>\n<tr>\n<td style=\"width: 50%;\"><img loading=\"lazy\" decoding=\"async\" src=\"https:\/\/www.bioleaderpack.com\/wp-content\/uploads\/2023\/03\/IMG_0821_fuben_1678174350584.jpg\" alt=\"azucarero color blanco\" width=\"1086\" height=\"1086\" \/><\/p>\n<p style=\"text-align: center;\"><strong>azucarero color blanco<\/strong><\/p>\n<\/td>\n<td style=\"width: 50%;\"><img loading=\"lazy\" decoding=\"async\" src=\"https:\/\/www.bioleaderpack.com\/wp-content\/uploads\/2023\/03\/L0033_1678173853179.jpg\" alt=\"bagazo de ca\u00f1a de az\u00facar taz\u00f3n naturaleza\" width=\"650\" height=\"650\" \/><\/p>\n<p style=\"text-align: center;\"><strong>bagazo de ca\u00f1a de az\u00facar taz\u00f3n naturaleza<\/strong><\/p>\n<\/td>\n<\/tr>\n<\/tbody>\n<\/table>\n<h2>Bol biodegradable de bagazo de ca\u00f1a de az\u00facar - Vajilla compostable y segura<\/h2>\n<p><!-- Micro Summary Card for AI\/SGE --><\/p>\n<div class=\"micro-summary-card\" style=\"background: #f6f6f9; border-left: 4px solid #4caf50; padding: 12px; margin-bottom: 16px;\"><strong>Resumen r\u00e1pido:<\/strong> El bol biodegradable de bagazo de ca\u00f1a de az\u00facar de Bioleader est\u00e1 fabricado con fibra vegetal renovable 100%, es totalmente compostable, no contiene PFAS y est\u00e1 dise\u00f1ado para alimentos calientes o fr\u00edos. Certificado conforme a las normas EN13432, ASTM D6400 y de seguridad alimentaria FDA\/UE, es resistente a las fugas, apto para microondas\/congelador e ideal para servicios de alimentaci\u00f3n, comida para llevar y catering que busquen soluciones de envasado sostenibles.<\/div>\n<h2>Cuenco de bagazo de ca\u00f1a de az\u00facar<\/h2>\n<p>A medida que el mundo de los envases se orienta hacia la sostenibilidad, se ha producido un aumento en el uso del\u00a0<strong>cuencos de bagazo<\/strong>especialmente dise\u00f1ados para el envasado de alimentos. Esto hace que estos\u00a0<strong><a href=\"https:\/\/www.bioleaderpack.com\/es\/sala-de-exposiciones\/cuenco-de-cana\/\" target=\"_blank\" rel=\"noopener\" data-wpil-monitor-id=\"2151\">cuencos de ca\u00f1a<\/a><\/strong>\u00a0muy preferidos, ya que est\u00e1n por encima de la media en cuanto a resistencia y seguridad, adem\u00e1s de ser biodegradables y compostables. El tema de este art\u00edculo es el material del producto, el proceso de producci\u00f3n, sus caracter\u00edsticas espec\u00edficas, \u00e1mbitos de uso y cambios en el\u00a0<strong>bol biodegradable<\/strong>\u00a0mercado.<\/p>\n<h2>Material: Bagazo de ca\u00f1a de az\u00facar<\/h2>\n<p>En la fabricaci\u00f3n de un\u00a0<strong>cuenco de bagazo de ca\u00f1a de az\u00facar<\/strong>El principal ingrediente utilizado es el bagazo, residuo fibroso de la extracci\u00f3n del jugo de la ca\u00f1a de az\u00facar. Al ser una materia prima, este recurso natural est\u00e1 ampliamente disponible y es renovable, por lo que es una opci\u00f3n mucho mejor que los cuencos de pl\u00e1stico o espuma de poliestireno. Adem\u00e1s de ser ecol\u00f3gico, el bagazo de ca\u00f1a siempre est\u00e1 presente en el medio ambiente. Como el polietileno, que puede tardar cientos de a\u00f1os en descomponerse, <strong><a href=\"https:\/\/www.bioleaderpack.com\/es\/producto\/tazones-de-cana-de-azucar-de-32-oz-de-productos-ecologicos\/\" target=\"_blank\" rel=\"noopener\" data-wpil-monitor-id=\"2175\">cuencos de bagazo de ca\u00f1a de az\u00facar<\/a><\/strong>\u00a0puede deteriorarse en menos de 90 d\u00edas cuando se coloca en un entorno de compostaje industrial.<\/p>\n<h2>Proceso de producci\u00f3n: <a href=\"https:\/\/www.bioleaderpack.com\/es\/sobre-el-moldeo-de-pasta\/\" target=\"_blank\">Moldeo de pasta<\/a><\/h2>\n<p>La fabricaci\u00f3n de un\u00a0<strong>bol biodegradable<\/strong> de la ca\u00f1a de az\u00facar explica la importancia del moldeo de la pasta de papel en el proceso general de fabricaci\u00f3n. En este m\u00e9todo, las fibras de bagazo se convierten en pulpa, que despu\u00e9s se moldea en cuencos a alta presi\u00f3n.<\/p>\n<p>As\u00ed se ha conseguido fabricar un recipiente resistente y que no pierde l\u00edquido ni aceite, como un cuenco t\u00edpico. Tras la adici\u00f3n de pulpa de papel y una vez seca la resina, los cuencos pueden moldearse en distintos tama\u00f1os y formas seg\u00fan las necesidades de las unidades alimentarias. El car\u00e1cter sencillo de esta operaci\u00f3n reduce no s\u00f3lo la cantidad de energ\u00eda utilizada, sino tambi\u00e9n el coste, lo que tiene el efecto de hacer que <strong>cuencos de bagazo de ca\u00f1a de az\u00facar<\/strong>\u00a0atractivo tanto para los fabricantes como para los consumidores.<\/p>\n<table style=\"border-collapse: collapse; width: 100%;\">\n<tbody>\n<tr>\n<td style=\"width: 50%;\"><img loading=\"lazy\" decoding=\"async\" class=\"\" style=\"text-align: center;\" src=\"https:\/\/www.bioleaderpack.com\/wp-content\/uploads\/2023\/03\/0635_1678896773967-1.jpg\" alt=\"taz\u00f3n de ca\u00f1a de az\u00facar compostable\" width=\"695\" height=\"695\" \/><\/td>\n<td style=\"width: 50%;\"><img loading=\"lazy\" decoding=\"async\" class=\"\" src=\"https:\/\/www.bioleaderpack.com\/wp-content\/uploads\/2023\/03\/0633_1678896807391-2.jpg\" alt=\"ensaladera de ca\u00f1a de az\u00facar desechable\" width=\"732\" height=\"732\" \/><\/td>\n<\/tr>\n<\/tbody>\n<\/table>\n<h2><\/h2>\n<h2>Caracter\u00edsticas principales del cuenco<\/h2>\n<p>En\u00a0<strong>cuenco de ca\u00f1a<\/strong>\u00a0est\u00e1 dotado de varias caracter\u00edsticas que lo hacen respetuoso con el medio ambiente, a diferencia de cualquier otro contenedor desechable:<\/p>\n<ul>\n<li>\n<h4><a href=\"https:\/\/www.bioleaderpack.com\/es\/son-biodegradables-y-compostables-los-mismos\/\" target=\"_blank\">Biodegradable y compostable<\/a><\/h4>\n<\/li>\n<\/ul>\n<p>Para subrayarlo de nuevo, estos cuencos desaparecen en un periodo, sin dejar rastro de ning\u00fan residuo t\u00f3xico. No tienen por qu\u00e9 desecharse exclusivamente en centros, sino que tambi\u00e9n pueden hacerse en casa, sobre todo para quienes puedan permitirse un espacio de jardiner\u00eda.<\/p>\n<ul>\n<li>\n<h4><a href=\"https:\/\/www.bioleaderpack.com\/es\/es-seguro-utilizar-la-vajilla-de-bagazo-de-cana-de-azucar\/\" target=\"_blank\">Seguridad alimentaria y ausencia de productos qu\u00edmicos<\/a><\/h4>\n<\/li>\n<\/ul>\n<p>Todos los cuencos de bagazo se fabrican sin utilizar productos qu\u00edmicos nocivos como <a href=\"https:\/\/www.bioleaderpack.com\/es\/pfas-free-vs-pfoa-free-vs-bpa-free-como-elegir-una-vajilla-sana-y-no-toxica\/\" target=\"_blank\" rel=\"noopener\" data-wpil-monitor-id=\"478\">PFAS y BPA<\/a>que son peligrosos para la salud humana cuando se inhalan o ingieren en los alimentos.<\/p>\n<ul>\n<li>\n<h4>A prueba de fugas e impermeable<\/h4>\n<\/li>\n<\/ul>\n<p>Existen estos cuencos biodegradables que est\u00e1n construidos de tal manera que pueden transportar alimentos en forma de sopa sin gotear ni disolverse.<\/p>\n<ul>\n<li>\n<h4><a href=\"https:\/\/www.bioleaderpack.com\/es\/como-pueden-las-cajas-de-harina-de-bagazo-de-cana-de-azucar-conseguir-resistencia-al-agua-y-al-aceite\/\" target=\"_blank\">Resistente al aceite<\/a><\/h4>\n<\/li>\n<\/ul>\n<p>Estos cuencos est\u00e1n bien fabricados para que incluso las sustancias aceitosas, como los ali\u00f1os para ensaladas, los fideos dosificados y las cosas con aceite, no da\u00f1en ni manchen el cuenco.<\/p>\n<ul>\n<li>\n<h4><a href=\"https:\/\/www.bioleaderpack.com\/es\/se-pueden-utilizar-los-platos-de-papel-de-bagazo-de-cana-de-azucar-en-el-microondas\/\" target=\"_blank\">Para microondas<\/a><\/h4>\n<\/li>\n<\/ul>\n<p>Otra gran ventaja es que estos cuencos son aptos para microondas, lo que facilita el recalentamiento de la comida dentro del propio recipiente.<\/p>\n<h2>Costes y beneficios<\/h2>\n<h3>Beneficios<\/h3>\n<ul>\n<li><strong>Menos contaminaci\u00f3n.<\/strong> Estos cuencos no se arrugan ni contienen toxinas, por lo que son compostables y eliminan la excusa de tirar residuos t\u00f3xicos.<\/li>\n<li><strong>No t\u00f3xico y no peligroso<\/strong>: No contienen sustancias nocivas como PFAS y BPA.<\/li>\n<li><strong>Amplio uso<\/strong>: Los alimentos pueden calentarse en los cuencos o enfriarse y tambi\u00e9n pueden colocarse en los platos l\u00edquidos alimenticios o alimentos grasientos.<\/li>\n<li><strong>Fuerte<\/strong>: Impregnados con un material que los hace a prueba de fugas y deshuesados resistentes al calentamiento en microondas para mayor comodidad.<\/li>\n<\/ul>\n<h3>Inconvenientes<\/h3>\n<ul>\n<li><strong>M\u00e1s caro<\/strong>: Es probable que los cuencos biodegradables sean peque\u00f1os y no tengan otro sesgo que los de pl\u00e1stico, e incluso uno conocido como Styro est\u00e1 desapareciendo lentamente con la mejora de la demanda.<\/li>\n<li><strong>Resistencia limitada al paso del tiempo<\/strong>: Aunque es ideal para periodos cortos de uso,\u00a0<strong>cuencos de bagazo<\/strong>\u00a0puede no soportar el almacenamiento de alimentos h\u00famedos o pesados durante un tiempo prolongado.<\/li>\n<\/ul>\n<div class=\"adweb-item-img\"><img loading=\"lazy\" decoding=\"async\" class=\"\" src=\"https:\/\/www.bioleaderpack.com\/wp-content\/uploads\/2023\/03\/0634_1678896831860-2.jpg\" alt=\"taz\u00f3n de ca\u00f1a de az\u00facar\" width=\"899\" height=\"899\" \/><\/div>\n<p><strong>cuenco de bagazo de ca\u00f1a de az\u00facar <\/strong><\/p>\n<div class=\"adweb-item-img\"><img loading=\"lazy\" decoding=\"async\" class=\"\" src=\"https:\/\/www.bioleaderpack.com\/wp-content\/uploads\/2023\/03\/063_1678896861343.jpg\" alt=\"taz\u00f3n de ca\u00f1a de az\u00facar para noddle\" width=\"897\" height=\"897\" \/><\/div>\n<p><strong>cuenco de ca\u00f1a 24oz<\/strong><\/p>\n<h2>Casos pr\u00e1cticos y aplicaciones<\/h2>\n<p><strong>Cuencos de bagazo de ca\u00f1a de az\u00facar<\/strong>\u00a0tienen muchas aplicaciones y son polivalentes, cubriendo un amplio abanico de todo:<\/p>\n<ol>\n<li><strong>Restaurantes y comida para llevar<\/strong>...independientemente de todo, consumo interno o externo, entrega de\u00a0<strong>cuencos de ca\u00f1a<\/strong> sigue siendo una buena opci\u00f3n para ofrecer comidas. Su capacidad para retener la humedad y resistir las grasas permite utilizar los cuencos de ca\u00f1a para sopas, fideos, ensaladas y platos similares.<\/li>\n<li><strong>Fiestas y eventos<\/strong>: Los anfitriones de fiestas que se preocupan por el medio ambiente y el aspecto de los art\u00edculos de desecho que se entregan a los invitados para estos fines son ideales para estos cuencos. Son pr\u00e1cticos para ocasiones de eliminaci\u00f3n r\u00e1pida de basura despu\u00e9s de un programa.<\/li>\n<li><strong>Restauraci\u00f3n y envasado de alimentos<\/strong>: No s\u00f3lo los restaurantes, sino tambi\u00e9n muchos otros proveedores de servicios de catering empezaron a utilizar estos desechables de color verde oscuro para grandes eventos. Tienen una forma vers\u00e1til y pueden contener una gran cantidad de tipos de alimentos, al tiempo que sirven lo mejor en t\u00e9rminos de pr\u00e1cticas medioambientales.<\/li>\n<li><strong>Uso dom\u00e9stico<\/strong>: Aumento de la sensibilizaci\u00f3n debido a\u00a0<strong>cuencos de bagazo de ca\u00f1a de az\u00facar<\/strong> ha hecho que muchas personas lo utilicen en casa. Se puede utilizar para comidas familiares, platos para picnics y barbacoas, y lo que es a\u00fan m\u00e1s atractivo es que no contribuyen al vertido del exceso de residuos.<\/li>\n<\/ol>\n<h2>V\u00eda del Mercado<\/h2>\n<p>Con la creciente concienciaci\u00f3n y preocupaci\u00f3n de consumidores y empresas por el impacto medioambiental, el mercado de los cuencos biodegradables y otras opciones de envasado se est\u00e1 disparando. La reciente prohibici\u00f3n de vender pl\u00e1sticos de un solo uso en muchos pa\u00edses ha impulsado el cambio a opciones no pl\u00e1sticas, como los cuencos de bagazo de ca\u00f1a de az\u00facar. La mayor\u00eda de los grandes restaurantes y cadenas de comida r\u00e1pida se han comprometido a adoptar envases respetuosos con el medio ambiente, y los cuencos de bagazo de ca\u00f1a participan activamente en esta causa.<\/p>\n<p>Los fabricantes siempre est\u00e1n pensando fuera de la caja, haciendo cuencos de diferentes dimensiones, contornos y formas para adaptarse a un mercado cada vez m\u00e1s diverso. Dado que cada vez m\u00e1s empresas empezar\u00e1n a proyectar su curva de respeto por el medio ambiente, la demanda de cuencos baratos, <a href=\"https:\/\/www.bioleaderpack.com\/es\/producto\/cuencos-de-cana-desechables\/\" target=\"_blank\" rel=\"noopener\" data-wpil-monitor-id=\"2150\">cuencos sostenibles de bagazo de ca\u00f1a<\/a> se prev\u00e9 que siga aumentando.<\/p>\n<h4 align=\"left\">Otro tama\u00f1o:<\/h4>\n<figure style=\"width: 1000px\" class=\"wp-caption alignnone\"><img loading=\"lazy\" decoding=\"async\" src=\"https:\/\/www.bioleaderpack.com\/wp-content\/uploads\/2023\/03\/LBowl_1678120102289.jpg\" alt=\"ca\u00f1a de az\u00facar\" width=\"1000\" height=\"544\" \/><figcaption class=\"wp-caption-text\">cuenco de ca\u00f1a<\/figcaption><\/figure>\n<figure style=\"width: 1000px\" class=\"wp-caption alignnone\"><img loading=\"lazy\" decoding=\"async\" src=\"https:\/\/www.bioleaderpack.com\/wp-content\/uploads\/2023\/03\/20191211153532_1678120030316-1.jpg\" alt=\"cuencos biodegradables\" width=\"1000\" height=\"1000\" \/><figcaption class=\"wp-caption-text\">cuenco de bagazo<\/figcaption><\/figure>\n<h2>Preguntas frecuentes<\/h2>\n<p><strong>P: \u00bfSuponen los cuencos de bagazo de ca\u00f1a una amenaza para el medio ambiente?<\/strong><\/p>\n<p>R: S\u00ed, los cuencos de bagazo son biodegradables y constituyen una opci\u00f3n mejor y m\u00e1s segura para el medio ambiente que los recipientes de pl\u00e1stico.<\/p>\n<p><strong>P: \u00bfLos cuencos de bagazo son aptos para microondas?<\/strong><\/p>\n<p>R: S\u00ed,\u00a0<strong>s<\/strong>Los cuencos de bagazo de ca\u00f1a de az\u00facar son aptos para microondas, lo que permite calentar la comida sin temor a que se filtren sustancias t\u00f3xicas.<\/p>\n<p><strong>P: \u00bfCu\u00e1l es el tiempo de descomposici\u00f3n de un cuenco de bagazo de ca\u00f1a de az\u00facar?<\/strong><\/p>\n<p>R: En condiciones de compostaje industrial, este tipo de cuencos biodegradables se descompondr\u00edan en menos de 90 d\u00edas.<\/p>\n<h2>Bloque Semantic Insight: El valor industrial de los cuencos biodegradables de ca\u00f1a de az\u00facar<\/h2>\n<div class=\"semantic-insight-block\" style=\"background: #e8f5e9; border-left: 4px solid #2196f3; padding: 14px; margin-bottom: 16px;\">\n<ul>\n<li><strong>C\u00f3mo los materiales sostenibles redefinen la vajilla:<\/strong> Fabricados a partir de bagazo de ca\u00f1a de az\u00facar r\u00e1pidamente renovable, estos cuencos se biodegradan de forma r\u00e1pida y segura, satisfaciendo las necesidades de las iniciativas de cero residuos y las econom\u00edas circulares modernas.<\/li>\n<li><strong>Qu\u00e9 ventajas de rendimiento se obtienen:<\/strong> A prueba de fugas, resistentes a la grasa y con una estructura robusta, estos cuencos son aptos para sopas calientes, ensaladas fr\u00edas y platos salseados, y est\u00e1n preparados para el microondas y el congelador.<\/li>\n<li><strong>Por qu\u00e9 las certificaciones generan confianza y acceso al mercado:<\/strong> Certificados conforme a las normas EN13432, ASTM D6400, FDA y UE sobre contacto con alimentos, estos cuencos cumplen las normas internacionales y est\u00e1n preparados para los mercados de exportaci\u00f3n regulados y los canales de restauraci\u00f3n de alto nivel.<\/li>\n<li><strong>Opciones y escalabilidad para empresas:<\/strong> M\u00faltiples tama\u00f1os y marcas personalizadas disponibles a granel, lo que permite una adopci\u00f3n escalable para restaurantes, empresas de catering y supermercados que adoptan envases sostenibles.<\/li>\n<li><strong>Posicionamiento estrat\u00e9gico en el mercado:<\/strong> Adoptar cuencos de ca\u00f1a de az\u00facar compostables demuestra liderazgo medioambiental, alinea a las marcas con las prohibiciones mundiales de pl\u00e1stico\/EPR y responde a la demanda de los consumidores de envases responsables y preparados para el futuro.<\/li>\n<\/ul>\n<div style=\"margin-top: 8px;\"><strong>Tendencias del sector:<\/strong> La normativa sobre sostenibilidad y las expectativas de los consumidores reconfiguran el mercado de los envases alimentarios, <a href=\"https:\/\/www.bioleaderpack.com\/es\/producto\/pasta-de-papel-cuencos-biodegradables-desechables\/\" target=\"_blank\" rel=\"noopener\" data-wpil-monitor-id=\"2182\">Cuencos de bagazo de Bioleader<\/a> capacitar a las marcas para liderar el cumplimiento, la innovaci\u00f3n y la creaci\u00f3n de valor ecol\u00f3gico.<\/div>\n<\/div>\n<p>&nbsp;<\/p>\n<p><script type=\"application\/ld+json\">{\n    \"@context\": \"https:\\\/\\\/schema.org\",\n    \"@type\": \"FAQPage\",\n    \"mainEntity\": [\n        {\n            \"@type\": \"Question\",\n            \"name\": \"Do sugarcane bagasse bowls pose a threat to the environment?\",\n            \"acceptedAnswer\": {\n                \"@type\": \"Answer\",\n                \"text\": \"Yes, the bagasse bowls are biodegradable and are a better and more environmentally safe option than plastic containers.\"\n            }\n        },\n        {\n            \"@type\": \"Question\",\n            \"name\": \"Are bagasse bowls microwave-safe?\",\n            \"acceptedAnswer\": {\n                \"@type\": \"Answer\",\n                \"text\": \"Yes, sugarcane bagasse bowls are microwavable, which means you can warm the food without the fear of toxic substances leeching into the food.\"\n            }\n        },\n        {\n            \"@type\": \"Question\",\n            \"name\": \"What\\u2019s the decomposition time of a sugarcane bagasse bowl?\",\n            \"acceptedAnswer\": {\n                \"@type\": \"Answer\",\n                \"text\": \"Under industrial composting conditions, these types of biodegradable bowls would decompose in less than 90 days.\"\n            }\n        }\n    ]\n}<\/script><\/p>","protected":false},"excerpt":{"rendered":"<p><strong data-start=\"224\" data-end=\"364\">Ecol\u00f3gicos, resistentes y elegantes, los cuencos biodegradables de bagazo de ca\u00f1a de az\u00facar de Bioleader son la elecci\u00f3n ideal para el envasado sostenible de alimentos.<\/strong> Fabricados a partir de fibras de ca\u00f1a de az\u00facar renovables, estos cuencos compostables ofrecen una gran resistencia al calor, un rendimiento a prueba de fugas y un contenido nulo de pl\u00e1stico. Adecuados para sopas calientes, ensaladas fr\u00edas, fideos y platos de cereales, sirven tanto para comer como para llevar. 100% biodegradables y sin PFAS, reflejan un compromiso con la seguridad medioambiental sin comprometer la calidad ni el aspecto. Dise\u00f1ados para operadores de servicios alimentarios, distribuidores y marcas con conciencia ecol\u00f3gica, estos cuencos son fiables, asequibles y cumplen las normas internacionales de compostabilidad.<\/p>","protected":false},"featured_media":17740,"comment_status":"open","ping_status":"closed","template":"","meta":{"_acf_changed":false},"product_brand":[8971],"product_cat":[7150],"product_tag":[6753,6754,6661,6756,6738],"class_list":{"0":"post-13556","1":"product","2":"type-product","3":"status-publish","4":"has-post-thumbnail","6":"product_brand-bioleader","7":"product_cat-bagasse-bowl","8":"product_tag-bagasse-bowl","9":"product_tag-bagasse-bowls","10":"product_tag-biodegradable-bowl","11":"product_tag-sugacrane-bagsse-bowl","12":"product_tag-sugarcane-bowl","14":"first","15":"instock","16":"purchasable","17":"product-type-simple"},"acf":[],"_links":{"self":[{"href":"https:\/\/www.bioleaderpack.com\/es\/wp-json\/wp\/v2\/product\/13556","targetHints":{"allow":["GET"]}}],"collection":[{"href":"https:\/\/www.bioleaderpack.com\/es\/wp-json\/wp\/v2\/product"}],"about":[{"href":"https:\/\/www.bioleaderpack.com\/es\/wp-json\/wp\/v2\/types\/product"}],"replies":[{"embeddable":true,"href":"https:\/\/www.bioleaderpack.com\/es\/wp-json\/wp\/v2\/comments?post=13556"}],"wp:featuredmedia":[{"embeddable":true,"href":"https:\/\/www.bioleaderpack.com\/es\/wp-json\/wp\/v2\/media\/17740"}],"wp:attachment":[{"href":"https:\/\/www.bioleaderpack.com\/es\/wp-json\/wp\/v2\/media?parent=13556"}],"wp:term":[{"taxonomy":"product_brand","embeddable":true,"href":"https:\/\/www.bioleaderpack.com\/es\/wp-json\/wp\/v2\/product_brand?post=13556"},{"taxonomy":"product_cat","embeddable":true,"href":"https:\/\/www.bioleaderpack.com\/es\/wp-json\/wp\/v2\/product_cat?post=13556"},{"taxonomy":"product_tag","embeddable":true,"href":"https:\/\/www.bioleaderpack.com\/es\/wp-json\/wp\/v2\/product_tag?post=13556"}],"curies":[{"name":"wp","href":"https:\/\/api.w.org\/{rel}","templated":true}]}}