{"id":13554,"date":"2023-03-07T07:58:06","date_gmt":"2023-03-06T23:58:06","guid":{"rendered":"https:\/\/www.bioleaderpack.com\/product\/compostable-biodegradable-plates-and-bowls-bulk-wholesale\/"},"modified":"2026-04-24T17:14:12","modified_gmt":"2026-04-24T09:14:12","slug":"platos-y-cuencos-biodegradables-compostables","status":"publish","type":"product","link":"https:\/\/www.bioleaderpack.com\/es\/producto\/platos-y-cuencos-biodegradables-compostables\/","title":{"rendered":"Platos y cuencos biodegradables compostables al por mayor"},"content":{"rendered":"<table style=\"border-collapse: collapse; width: 100%;\">\n<tbody>\n<tr>\n<td style=\"width: 50%;\"><img fetchpriority=\"high\" decoding=\"async\" class=\"\" src=\"https:\/\/www.bioleaderpack.com\/wp-content\/uploads\/2023\/03\/L006Size_1678175533670-1.jpg\" alt=\"ensaladera de ca\u00f1a de az\u00facar\" width=\"665\" height=\"665\" \/><\/td>\n<td style=\"width: 50%;\"><img decoding=\"async\" class=\"\" src=\"https:\/\/www.bioleaderpack.com\/wp-content\/uploads\/2023\/03\/L0062_1678175566119-2.jpg\" alt=\"cuenco de ca\u00f1a 680ml\" width=\"678\" height=\"678\" \/><\/td>\n<\/tr>\n<tr>\n<td style=\"width: 50%;\"><img decoding=\"async\" class=\"\" src=\"https:\/\/www.bioleaderpack.com\/wp-content\/uploads\/2023\/03\/L006A4_1678175594714-2.jpg\" alt=\"ensaladera de ca\u00f1a de az\u00facar desechable \" width=\"694\" height=\"694\" \/><\/td>\n<td style=\"width: 50%;\"><img loading=\"lazy\" decoding=\"async\" class=\"\" src=\"https:\/\/www.bioleaderpack.com\/wp-content\/uploads\/2023\/03\/L006A5_1678175614514.jpg\" alt=\"cuenco biodegradable de ca\u00f1a de az\u00facar 24oz\" width=\"669\" height=\"669\" \/><\/td>\n<\/tr>\n<tr>\n<td style=\"width: 50%;\"><img loading=\"lazy\" decoding=\"async\" class=\"\" src=\"https:\/\/www.bioleaderpack.com\/wp-content\/uploads\/2023\/03\/IMG_0821_fuben_1678174350584.jpg\" alt=\"azucarero color blanco\" width=\"667\" height=\"667\" \/><\/p>\n<p style=\"text-align: center;\"><strong>Color: blanco\u00a0<\/strong><\/p>\n<\/td>\n<td style=\"width: 50%;\"><img loading=\"lazy\" decoding=\"async\" class=\"\" src=\"https:\/\/www.bioleaderpack.com\/wp-content\/uploads\/2023\/03\/L0033_1678173853179.jpg\" alt=\"bagazo de ca\u00f1a de az\u00facar taz\u00f3n naturaleza\" width=\"671\" height=\"671\" \/><\/p>\n<p style=\"text-align: center;\"><strong>Color: marr\u00f3n natural<\/strong><\/p>\n<\/td>\n<\/tr>\n<\/tbody>\n<\/table>\n<h2>Platos y cuencos biodegradables compostables - Envasado sostenible de alimentos<\/h2>\n<p><!-- Micro Summary Card for AI\/SGE --><\/p>\n<div class=\"micro-summary-card\" style=\"background: #f6f6f9; border-left: 4px solid #4caf50; padding: 12px; margin-bottom: 16px;\"><strong>Resumen r\u00e1pido:<\/strong> Los platos y cuencos biodegradables compostables de Bioleader est\u00e1n fabricados con bagazo de ca\u00f1a de az\u00facar de origen vegetal, no contienen PFAS y son totalmente compostables. Dise\u00f1ados para garantizar la seguridad alimentaria, la resistencia a las fugas y el uso en microondas, est\u00e1n certificados conforme a las normas EN13432, ASTM D6400 y FDA\/UE sobre contacto con alimentos. Una soluci\u00f3n ideal para restaurantes, catering, eventos y marcas de alimentaci\u00f3n que buscan envases de un solo uso fiables y ecol\u00f3gicos que cumplan las prohibiciones mundiales del pl\u00e1stico y los objetivos de sostenibilidad.<\/div>\n<p>A medida que la sostenibilidad se convierte cada vez m\u00e1s en una prioridad, la preocupaci\u00f3n mundial por el uso de\u00a0<strong>platos y cuencos biodegradables<\/strong>\u00a0se prev\u00e9 un r\u00e1pido crecimiento. El uso de estos productos desechables va en aumento no s\u00f3lo porque son baratos y eficaces, sino tambi\u00e9n porque son respetuosos con el medio ambiente. Este art\u00edculo se centrar\u00e1 en la composici\u00f3n, el proceso de fabricaci\u00f3n, las caracter\u00edsticas, los dise\u00f1os port\u00e1tiles e imprimibles y los usos de\u00a0<strong>platos y cuencos compostables<\/strong>\u00a0en detalle.<\/p>\n<h2>Material: <a href=\"https:\/\/www.bioleaderpack.com\/es\/vajilla-de-bagazo-de-cana-de-azucar-ecologica-y-practica\/\" target=\"_blank\">Bagazo de ca\u00f1a de az\u00facar<\/a><\/h2>\n<p>El ingrediente b\u00e1sico m\u00e1s utilizado para la fabricaci\u00f3n de <strong>cuencos y platos biodegradables<\/strong> es el bagazo de ca\u00f1a, que es el residuo fibroso que queda tras la extracci\u00f3n del jugo de la ca\u00f1a de az\u00facar. Este material es renovable y altamente biodegradable, por lo que resulta ideal para la fabricaci\u00f3n de vajillas ecol\u00f3gicas. A diferencia del pl\u00e1stico o la espuma de poliestireno,\u00a0<strong>platos y cuencos compostables<\/strong>\u00a0hechas de bagazo de ca\u00f1a de az\u00facar no dejan residuos ni acaban en los vertederos.<\/p>\n<h2>Proceso de producci\u00f3n: <a href=\"https:\/\/www.bioleaderpack.com\/es\/sobre-el-moldeo-de-pasta\/\" target=\"_blank\">Moldeo de pasta<\/a><\/h2>\n<p>El proceso de\u00a0<strong>bioplacas y biocuencos<\/strong> incluye el moldeo de la pulpa. Para empezar, el bagazo de ca\u00f1a de az\u00facar se transforma en pulpa, que luego se prensar\u00e1 a presi\u00f3n en las formas deseadas. Tambi\u00e9n evita las fugas y la grasa del producto final: cuencos, platos y otros productos compostables a partir de laminados termopl\u00e1sticos expandidos en el mercado. Sin embargo, el proceso es ecol\u00f3gico y rentable, lo que a\u00f1ade importancia a los productos del mercado.<\/p>\n<table style=\"border-collapse: collapse; width: 100%;\">\n<tbody>\n<tr>\n<td style=\"width: 50%;\"><img loading=\"lazy\" decoding=\"async\" class=\"\" style=\"text-align: center;\" src=\"https:\/\/www.bioleaderpack.com\/wp-content\/uploads\/2023\/03\/00622_1678175724311-3.jpg\" alt=\"taz\u00f3n de ca\u00f1a de az\u00facar noddle\" width=\"704\" height=\"704\" \/><\/td>\n<td style=\"width: 50%;\"><img loading=\"lazy\" decoding=\"async\" class=\"\" src=\"https:\/\/www.bioleaderpack.com\/wp-content\/uploads\/2023\/03\/006_1678175745375-1.jpg\" alt=\"ensaladera de ca\u00f1a de az\u00facar\" width=\"691\" height=\"691\" \/><\/td>\n<\/tr>\n<\/tbody>\n<\/table>\n<h2>Caracter\u00edsticas<\/h2>\n<h4>1. Ecol\u00f3gico y compostable<\/h4>\n<p>Una ventaja clave de\u00a0<strong>platos y cuencos biodegradables<\/strong>\u00a0es que son desechables, y los residuos pueden a\u00f1adirse como nutrientes al suelo. Esto significa que la necesidad de utilizar pl\u00e1stico es extrema. Estos productos pueden utilizarse para el compostaje en entornos dom\u00e9sticos o industriales, disminuyendo as\u00ed la huella de carbono de una persona.<\/p>\n<h4>2.\u00a0<a href=\"https:\/\/www.bioleaderpack.com\/es\/son-biodegradables-y-compostables-los-mismos\/\" target=\"_blank\">Biodegradable<\/a><\/h4>\n<p>Aparte de que estos platos y utensilios se pueden tirar al compost,\u00a0<strong>cuencos y platos biodegradables<\/strong> son ecol\u00f3gicas porque se desintegran f\u00e1cilmente en cuesti\u00f3n de meses sin tener que transformarse en peque\u00f1as part\u00edculas en los vertederos, a diferencia de la mayor\u00eda de las vajillas, que pueden durar cientos de a\u00f1os.<\/p>\n<h4>3. Sin productos qu\u00edmicos ni <a href=\"https:\/\/www.bioleaderpack.com\/es\/es-seguro-utilizar-la-vajilla-de-bagazo-de-cana-de-azucar\/\" target=\"_blank\">Seguridad alimentaria<\/a><\/h4>\n<p>Estos productos no est\u00e1n fabricados con sustancias qu\u00edmicas nocivas como BPA, PFAS, etc., lo que evita la lixiviaci\u00f3n de cualquier sustancia qu\u00edmica en los alimentos.\u00a0<strong>Cuencos y platos compostables<\/strong> evitar los riesgos sanitarios que entra\u00f1a para los clientes el proceso de preparaci\u00f3n de los alimentos.<\/p>\n<h4>4<a href=\"https:\/\/www.bioleaderpack.com\/es\/como-pueden-las-cajas-de-harina-de-bagazo-de-cana-de-azucar-conseguir-resistencia-al-agua-y-al-aceite\/\" target=\"_blank\">. Resistente al aceite y a prueba de fugas<\/a><\/h4>\n<p>Debido al proceso de formaci\u00f3n de la pasta,\u00a0<strong>platos y cuencos biodegradables<\/strong>\u00a0han sido fabricados a prueba de fugas, por lo que son apropiados para sopas calientes, ensaladas grasientas con ali\u00f1o y cualquier otro alimento l\u00edquido relacionado.<\/p>\n<h4>5.\u00a0<a href=\"https:\/\/www.bioleaderpack.com\/es\/pueden-las-vajillas-de-bagazo-de-cana-de-azucar-soportar-altas-temperaturas-como-las-de-una-sopa-caliente-o-las-del-microondas\/\" target=\"_blank\">Para microondas<\/a><\/h4>\n<p>Adem\u00e1s, estos productos son aptos para microondas, lo que permite calentar la comida ya cocinada sin da\u00f1ar ni el bol ni el plato.<\/p>\n<table style=\"border-collapse: collapse; width: 100%;\">\n<tbody>\n<tr>\n<td style=\"width: 50%;\"><img loading=\"lazy\" decoding=\"async\" class=\"\" src=\"https:\/\/www.bioleaderpack.com\/wp-content\/uploads\/2023\/03\/0062_1678175808937-1.jpg\" alt=\"taz\u00f3n de ca\u00f1a de az\u00facar\" width=\"723\" height=\"723\" \/><\/td>\n<td style=\"width: 50%;\"><img loading=\"lazy\" decoding=\"async\" class=\"\" src=\"https:\/\/www.bioleaderpack.com\/wp-content\/uploads\/2023\/03\/0062_1678175851645-3.jpg\" alt=\"taz\u00f3n de ca\u00f1a de az\u00facar para noddle\" width=\"696\" height=\"696\" \/><\/td>\n<\/tr>\n<\/tbody>\n<\/table>\n<h2>Opciones de envasado personalizables<\/h2>\n<p>Entre las principales ventajas competitivas de\u00a0<strong>cuencos y platos compostables<\/strong>\u00a0es la posibilidad de personalizar sus envases. Tanto si es propietario de un restaurante y desea personalizar sus envases de comida para llevar como si es un organizador de eventos que necesita obsequios tem\u00e1ticos especiales,\u00a0<strong>platos y cuencos biodegradables<\/strong> ofrecen opciones flexibles de envasado. Un mismo envase puede fabricarse f\u00e1cilmente en distintos tama\u00f1os y formas. Es posible combinar el respeto por el medio ambiente y el car\u00e1cter distintivo, promoviendo as\u00ed la imagen de la empresa.<\/p>\n<h2>Casos pr\u00e1cticos y aplicaciones<\/h2>\n<h4>1. Restaurantes y servicios de comida para llevar<\/h4>\n<p>Las variedades m\u00e1s resistentes de poliestireno, polipropileno y PET est\u00e1n ganando popularidad, incluso cuando el pl\u00e1stico est\u00e1 en declive y\u00a0<strong>platos y cuencos biodegradables<\/strong> se extienden a los utensilios para comer. Estas propiedades y aplicaciones comunes incluyen mejores envases para cosm\u00e9ticos, cuencos de papel resistentes al aceite y recipientes para comida para llevar, entre otros. Adem\u00e1s, su aspecto ecol\u00f3gico lo hace atractivo para los consumidores actuales, cuidadosos con el medio ambiente.<\/p>\n<h4>2. Catering y eventos<\/h4>\n<p>Los organizadores de eventos que cuidan el medio ambiente y promueven la sostenibilidad pueden utilizar estos cuencos y platos biodegradables en lugar de la vajilla de pl\u00e1stico normal. Estos art\u00edculos son ideales para quienes tienen que organizar grandes eventos, funciones y reuniones que requieren el uso de productos desechables, pero la gesti\u00f3n de residuos es un problema.<\/p>\n<h4>3. Uso dom\u00e9stico<\/h4>\n<p>Aparte de los comerciales, muchos consumidores tambi\u00e9n compran este tipo de\u00a0<strong>cuencos y platos compostables<\/strong> en casa para barbacoas, picnics y reuniones familiares. Estos productos son pr\u00e1cticos y reducen los residuos generados en los hogares, por lo que son los preferidos de los hogares ecol\u00f3gicos.<\/p>\n<p align=\"left\"><strong>Otro tama\u00f1o:<\/strong><\/p>\n<figure style=\"width: 1344px\" class=\"wp-caption alignnone\"><img loading=\"lazy\" decoding=\"async\" class=\"\" src=\"https:\/\/www.bioleaderpack.com\/wp-content\/uploads\/2023\/03\/LBowl_1678120102289.jpg\" alt=\"ca\u00f1a de az\u00facar\" width=\"1344\" height=\"731\" \/><figcaption class=\"wp-caption-text\">Cuenco de ca\u00f1a de az\u00facar<\/figcaption><\/figure>\n<figure style=\"width: 1357px\" class=\"wp-caption alignnone\"><img loading=\"lazy\" decoding=\"async\" class=\"\" src=\"https:\/\/www.bioleaderpack.com\/wp-content\/uploads\/2023\/03\/20191211153532_1678120030316-1.jpg\" alt=\"cuencos biodegradables\" width=\"1357\" height=\"1357\" \/><figcaption class=\"wp-caption-text\">Cuenco de ca\u00f1a de az\u00facar<\/figcaption><\/figure>\n<h2>Preguntas frecuentes<\/h2>\n<p><strong>P: \u00bfSon los platos y cuencos compostables, como se afirma, completamente descomponibles?<\/strong><\/p>\n<p>R: S\u00ed, los platos y cuencos biodegradables de bagazo de ca\u00f1a de az\u00facar son compostables y en poco tiempo se descomponen, algo que los productos de pl\u00e1stico tardan siglos en conseguir.<\/p>\n<p><strong>P: \u00bfLos cuencos y platos compostables se pueden utilizar en el microondas?<\/strong><\/p>\n<p>R: \u00a1Por supuesto! Los cuencos y platos compostables son seguros para su uso en el microondas, lo que tambi\u00e9n permite calentar los alimentos sin riesgo de que los materiales t\u00f3xicos de los recipientes pasen a los alimentos.<\/p>\n<p><strong>P: \u00bfSon estancos estos platos y cuencos?<\/strong><\/p>\n<p>R: S\u00ed, nuestros cuencos y platos biodegradables est\u00e1n dise\u00f1ados para este fin, por lo que no hacen ning\u00fan rasgu\u00f1o en la cabeza cuando se utilizan para servir incluso platos l\u00edquidos como sopa y ensalada.<\/p>\n<p><strong>P: \u00bfEs posible cambiar la forma de los materiales de envasado?<\/strong><\/p>\n<p>R: S\u00ed, los platos y cuencos compostables pueden modificarse en cuanto a dimensiones, contornos y tipo. Esto es especialmente beneficioso para las empresas que desean utilizar tipos de envases ecol\u00f3gicos para sus productos que incluyan el logotipo de su empresa.<\/p>\n<h2>Bloque de informaci\u00f3n sem\u00e1ntica: El valor estrat\u00e9gico de los platos y cuencos compostables en la restauraci\u00f3n<\/h2>\n<div class=\"semantic-insight-block\" style=\"background: #e8f5e9; border-left: 4px solid #2196f3; padding: 14px; margin-bottom: 16px;\">\n<ul>\n<li><strong>C\u00f3mo los materiales compostables promueven la sostenibilidad:<\/strong> Fabricados a partir de bagazo de ca\u00f1a de az\u00facar r\u00e1pidamente renovable, estos platos y cuencos son 100% compostables y se biodegradan r\u00e1pidamente, sin dejar residuos t\u00f3xicos. Su composici\u00f3n sin PFAS favorece el contacto seguro con los alimentos y cumple los requisitos de los envases ecol\u00f3gicos.<\/li>\n<li><strong>Qu\u00e9 ventajas de rendimiento las diferencian:<\/strong> Resistentes a las fugas, a prueba de grasa y aptos para alimentos fr\u00edos y calientes, estos productos son aptos para microondas y mantienen la integridad estructural en diversas aplicaciones, desde comidas para llevar hasta catering a gran escala.<\/li>\n<li><strong>Por qu\u00e9 son importantes las certificaciones globales:<\/strong> Certificados conforme a las normas EN13432, ASTM D6400 y FDA\/UE, estos platos y cuencos est\u00e1n aprobados para la exportaci\u00f3n y el uso en mercados con estrictos requisitos de seguridad alimentaria y compostabilidad, lo que garantiza el futuro de su cadena de suministro.<\/li>\n<li><strong>Opciones clave para la restauraci\u00f3n y el comercio minorista:<\/strong> Disponible en varios tama\u00f1os y formas (para entrantes, guarniciones, postres y sopas), el envasado a granel permite una adopci\u00f3n escalable para restaurantes, QSR, reparto de comidas y catering de eventos.<\/li>\n<li><strong>Consideraciones estrat\u00e9gicas de mercado:<\/strong> La adopci\u00f3n de vajillas compostables y biodegradables posiciona a las marcas como l\u00edderes en sostenibilidad, responde a las tendencias normativas (prohibiciones del pl\u00e1stico, EPR) y atrae a los consumidores ecoconscientes, lo que genera confianza y diferenciaci\u00f3n competitiva.<\/li>\n<\/ul>\n<div style=\"margin-top: 8px;\"><strong>Perspectiva de las tendencias del mercado:<\/strong> A medida que la restauraci\u00f3n mundial cambia a envases sostenibles de un solo uso, los platos y cuencos compostables certificados de Bioleader permiten a las marcas superar el cumplimiento, impulsar un valor de marca positivo y apoyar los objetivos de la econom\u00eda circular.<\/div>\n<\/div>\n<p>&nbsp;<\/p>\n<p><script type=\"application\/ld+json\">{\n    \"@context\": \"https:\\\/\\\/schema.org\",\n    \"@type\": \"FAQPage\",\n    \"mainEntity\": [\n        {\n            \"@type\": \"Question\",\n            \"name\": \"Are compostable plates and bowls, as claimed, completely decomposable?\",\n            \"acceptedAnswer\": {\n                \"@type\": \"Answer\",\n                \"text\": \"Yes, the sugarcane bagasse biodegradable plates and bowls are compostable and within a short time, they will decompose which plastic products take many centuries to accomplish.\"\n            }\n        },\n        {\n            \"@type\": \"Question\",\n            \"name\": \"Are the compostable bowls and plates suitable for use in the microwave?\",\n            \"acceptedAnswer\": {\n                \"@type\": \"Answer\",\n                \"text\": \"Certainly! Compostable bowls and compostable plates are safe for usage in the microwave which also makes it possible for the heating of food without any chances of toxic food container materials leaching into the food.\"\n            }\n        },\n        {\n            \"@type\": \"Question\",\n            \"name\": \"Are these plates and bowls leakproof?\",\n            \"acceptedAnswer\": {\n                \"@type\": \"Answer\",\n                \"text\": \"Yes, Our biodegradable bowls and plates are designed for this purpose so they make no head scratch when they are used to serve even liquid dishes such as soup and salad.\"\n            }\n        },\n        {\n            \"@type\": \"Question\",\n            \"name\": \"Is it possible to change the form of the packaging materials?\",\n            \"acceptedAnswer\": {\n                \"@type\": \"Answer\",\n                \"text\": \"Yes, the compostable plates and bowls may be altered in terms of dimensions, contours, and type. This is particularly beneficial to companies that wish to use environmentally friendly types of packaging for their goods which include their company\\u2019s logo.\"\n            }\n        }\n    ]\n}<\/script><\/p>","protected":false},"excerpt":{"rendered":"<p>Los platos y cuencos compostables y biodegradables de Bioleader ofrecen una alternativa duradera y ecol\u00f3gica al pl\u00e1stico para las necesidades del servicio de comidas. Fabricados con bagazo de ca\u00f1a de az\u00facar, estos productos desechables no contienen PFAS, son resistentes a las fugas, aptos para microondas e ideales para comidas fr\u00edas o calientes. Ya sea para comida para llevar, catering o restaurante, combinan sostenibilidad y resistencia, y ofrecen soluciones rentables para las empresas modernas.<\/p>","protected":false},"featured_media":17824,"comment_status":"open","ping_status":"closed","template":"","meta":{"_acf_changed":false},"product_brand":[],"product_cat":[7150],"product_tag":[6742,6743,6744,6745,6746],"class_list":{"0":"post-13554","1":"product","2":"type-product","3":"status-publish","4":"has-post-thumbnail","6":"product_cat-bagasse-bowl","7":"product_tag-biodegradable-bowls-and-plates","8":"product_tag-biodegradable-plates-and-bowls","9":"product_tag-compostable-bowls-and-plates","10":"product_tag-compostable-plates-and-bowls","11":"product_tag-sugarcane-bagasse","13":"first","14":"instock","15":"purchasable","16":"product-type-simple"},"acf":[],"_links":{"self":[{"href":"https:\/\/www.bioleaderpack.com\/es\/wp-json\/wp\/v2\/product\/13554","targetHints":{"allow":["GET"]}}],"collection":[{"href":"https:\/\/www.bioleaderpack.com\/es\/wp-json\/wp\/v2\/product"}],"about":[{"href":"https:\/\/www.bioleaderpack.com\/es\/wp-json\/wp\/v2\/types\/product"}],"replies":[{"embeddable":true,"href":"https:\/\/www.bioleaderpack.com\/es\/wp-json\/wp\/v2\/comments?post=13554"}],"wp:featuredmedia":[{"embeddable":true,"href":"https:\/\/www.bioleaderpack.com\/es\/wp-json\/wp\/v2\/media\/17824"}],"wp:attachment":[{"href":"https:\/\/www.bioleaderpack.com\/es\/wp-json\/wp\/v2\/media?parent=13554"}],"wp:term":[{"taxonomy":"product_brand","embeddable":true,"href":"https:\/\/www.bioleaderpack.com\/es\/wp-json\/wp\/v2\/product_brand?post=13554"},{"taxonomy":"product_cat","embeddable":true,"href":"https:\/\/www.bioleaderpack.com\/es\/wp-json\/wp\/v2\/product_cat?post=13554"},{"taxonomy":"product_tag","embeddable":true,"href":"https:\/\/www.bioleaderpack.com\/es\/wp-json\/wp\/v2\/product_tag?post=13554"}],"curies":[{"name":"wp","href":"https:\/\/api.w.org\/{rel}","templated":true}]}}