{"id":13552,"date":"2023-03-13T08:48:58","date_gmt":"2023-03-13T00:48:58","guid":{"rendered":"https:\/\/www.bioleaderpack.com\/product\/eco-friendly-disposable-plates-and-bowls-sustainable\/"},"modified":"2026-04-24T17:13:25","modified_gmt":"2026-04-24T09:13:25","slug":"platos-y-cuencos-desechables-ecologicos-sostenibles","status":"publish","type":"product","link":"https:\/\/www.bioleaderpack.com\/es\/producto\/platos-y-cuencos-desechables-ecologicos-sostenibles\/","title":{"rendered":"Platos y cuencos desechables ecol\u00f3gicos y sostenibles"},"content":{"rendered":"<table style=\"border-collapse: collapse; width: 100%;\">\n<tbody>\n<tr>\n<td style=\"width: 100%;\"><img fetchpriority=\"high\" decoding=\"async\" class=\"\" src=\"https:\/\/www.bioleaderpack.com\/wp-content\/uploads\/2023\/03\/20191211153532_1678120030316-1.jpg\" alt=\"bol ecol\u00f3gico\" width=\"1119\" height=\"1119\" \/><\/td>\n<\/tr>\n<\/tbody>\n<\/table>\n<table style=\"border-collapse: collapse; width: 100%;\">\n<tbody>\n<tr>\n<td style=\"width: 50%;\"><img decoding=\"async\" src=\"https:\/\/www.bioleaderpack.com\/wp-content\/uploads\/2024\/09\/L0100_1678697024495.jpg\" alt=\"platos y cuencos ecol\u00f3gicos\" width=\"1000\" height=\"1000\" \/><\/td>\n<td style=\"width: 50%;\"><img decoding=\"async\" src=\"https:\/\/www.bioleaderpack.com\/wp-content\/uploads\/2024\/09\/L0102_1678697072872.jpg\" alt=\"bol ecol\u00f3gico 16oz\" width=\"1000\" height=\"1000\" \/><\/td>\n<\/tr>\n<tr>\n<td style=\"width: 50%;\"><img loading=\"lazy\" decoding=\"async\" src=\"https:\/\/www.bioleaderpack.com\/wp-content\/uploads\/2023\/03\/IMG_0821_fuben_1678174350584.jpg\" alt=\"cuencos ecol\u00f3gicos color blanco\" width=\"1086\" height=\"1086\" \/><\/p>\n<p style=\"text-align: center;\"><strong>Color: blanco\u00a0<\/strong><\/p>\n<\/td>\n<td style=\"width: 50%;\"><img loading=\"lazy\" decoding=\"async\" class=\"\" src=\"https:\/\/www.bioleaderpack.com\/wp-content\/uploads\/2023\/03\/L0033_1678173853179.jpg\" alt=\"bagazo de ca\u00f1a de az\u00facar taz\u00f3n naturaleza\" width=\"702\" height=\"702\" \/><\/p>\n<p style=\"text-align: center;\"><strong>Color: marr\u00f3n natural<\/strong><\/p>\n<\/td>\n<\/tr>\n<\/tbody>\n<\/table>\n<h2>Platos y cuencos desechables ecol\u00f3gicos (bagazo de ca\u00f1a de az\u00facar)<\/h2>\n<p><!-- Micro Summary Card for AI\/SGE --><\/p>\n<div class=\"micro-summary-card\" style=\"background: #f6f6f9; border-left: 4px solid #4caf50; padding: 12px; margin-bottom: 16px;\"><strong>Resumen r\u00e1pido:<\/strong> Los platos y cuencos desechables ecol\u00f3gicos de Bioleader est\u00e1n fabricados con bagazo de ca\u00f1a de az\u00facar, son totalmente compostables, no contienen PFAS y son a prueba de fugas. Aptos para microondas y resistentes a la grasa, cumplen la norma EN13432 y las normas de contacto con alimentos de EE.UU. y la UE. Ideales para restaurantes, caterings, eventos y negocios de comida para llevar que buscan una vajilla sostenible y de alto rendimiento que cumpla con las prohibiciones de pl\u00e1stico y las expectativas ecol\u00f3gicas de los consumidores.<\/div>\n<p>La tendencia mundial se inclina hacia la promoci\u00f3n de estilos de vida ecol\u00f3gicos,\u00a0<strong>platos y cuencos desechables ecol\u00f3gicos<\/strong> son ahora las opciones preferidas de clientes y empresas. Estas alternativas han proporcionado una salida funcional que no obliga a sacrificar la comodidad. En este art\u00edculo, por un lado, investigaremos en profundidad la composici\u00f3n, la especialidad tecnol\u00f3gica, las ventajas \u00fanicas de empleo y el empaquetado extensible de\u00a0<strong>platos y cuencos ecol\u00f3gicos. Nosotros<\/strong>\u00a0tambi\u00e9n estudiar\u00e1 la historia y la evoluci\u00f3n de las tendencias del mercado y la demanda de los clientes para la producci\u00f3n de vajillas de pl\u00e1stico.<\/p>\n<h2>Material: Bagazo de ca\u00f1a de az\u00facar<\/h2>\n<p>El bagazo de ca\u00f1a de az\u00facar, un residuo de la industria azucarera, sirve de materia prima b\u00e1sica para la fabricaci\u00f3n de la mayor\u00eda de los productos, si no todos, <strong>platos y cuencos desechables ecol\u00f3gicos<\/strong>. El bagazo es reponible y biodegradable, por lo que se utiliza mucho para fabricar cubiertos ecol\u00f3gicos. A diferencia de los pl\u00e1sticos, que tardan cientos de a\u00f1os en descomponerse, <strong>cuencos ecol\u00f3gicos<\/strong> fabricados a partir del bagazo de la ca\u00f1a de az\u00facar tardan poco tiempo en desintegrarse, eliminando todos los residuos nocivos. Por eso tambi\u00e9n gustan tanto a los consumidores como a los fabricantes, que se esfuerzan por ser respetuosos con el medio ambiente.<\/p>\n<h2><a href=\"https:\/\/www.bioleaderpack.com\/es\/proceso-de-produccion-de-vajilla-de-moldeo-de-pulpa-de-bagazo-de-cana-de-azucar\/\" target=\"_blank\">Proceso de producci\u00f3n: Tecnolog\u00eda de moldeo de pasta<\/a><\/h2>\n<p>La fabricaci\u00f3n de cuencos y platos que com\u00fanmente descomponen el bagazo en peque\u00f1as part\u00edculas se relaciona con un m\u00e9todo r\u00e1pido y eficaz denominado procedimiento de moldeado de la pulpa. El bagazo, normalmente cortado en trozos peque\u00f1os, se procesa hasta convertirlo en pulpa y se moldea en formas como platos y cuencos. El moldeado a alta presi\u00f3n se realiza para crear productos m\u00e1s fuertes, a prueba de fugas y resistentes al aceite y la grasa. Este proceso es econ\u00f3mico y respetuoso con el medio ambiente, por lo que los platos y cuencos sostenibles est\u00e1n al alcance de usuarios de diversas industrias.<\/p>\n<table style=\"border-collapse: collapse; width: 100%;\">\n<tbody>\n<tr>\n<td style=\"width: 50%;\"><img loading=\"lazy\" decoding=\"async\" class=\"\" style=\"text-align: center;\" src=\"https:\/\/www.bioleaderpack.com\/wp-content\/uploads\/2023\/03\/00622_1678175724311-4.jpg\" alt=\"taz\u00f3n de ca\u00f1a de az\u00facar noddle\" width=\"748\" height=\"748\" \/><\/td>\n<td style=\"width: 50%;\"><img loading=\"lazy\" decoding=\"async\" class=\"\" src=\"https:\/\/www.bioleaderpack.com\/wp-content\/uploads\/2023\/03\/006_1678175745375-2.jpg\" alt=\"ensaladera de ca\u00f1a de az\u00facar\" width=\"687\" height=\"687\" \/><\/td>\n<\/tr>\n<\/tbody>\n<\/table>\n<h2>Caracter\u00edsticas principales<\/h2>\n<h4>1.\u00a0<a href=\"https:\/\/www.bioleaderpack.com\/es\/son-biodegradables-y-compostables-los-mismos\/\" target=\"_blank\">Compostable y biodegradable<\/a><\/h4>\n<p>Entre los muchos <a href=\"https:\/\/www.bioleaderpack.com\/es\/producto\/platos-de-papel-desechables-ecologicos\/\" target=\"_blank\" rel=\"noopener\" data-wpil-monitor-id=\"1959\">platos desechables ecol\u00f3gicos<\/a> y cuencos, uno puede estar seguro de su singularidad en el sentido de que son tanto compostables como biodegradables. &amp;Los compostables -residuos vegetales y frutales- el actual problema global de Estados Unidos variedad de platos est\u00e1n compuestos por una gran variedad de materiales biodegradables y compostables, que van desde el pl\u00e1stico hasta la pasta de cart\u00f3n o la fibra.<\/p>\n<h4>2.\u00a0<a href=\"https:\/\/www.bioleaderpack.com\/es\/es-seguro-utilizar-la-vajilla-de-bagazo-de-cana-de-azucar\/\" target=\"_blank\">Seguro para los alimentos y sin productos qu\u00edmicos<\/a><\/h4>\n<p>La seguridad alimentaria y la higiene orientan las decisiones sobre qu\u00e9 tipo de envases utilizar. Los platos y cuencos ecol\u00f3gicos tambi\u00e9n <a href=\"https:\/\/www.bioleaderpack.com\/es\/la-vajilla-de-bagazo-de-cana-de-azucar-contiene-pfas-sin-bpa\/\" target=\"_blank\">Sin PFAS ni BPA<\/a> lo que significa que carecen de sustancias t\u00f3xicas. Se puede saborear la comida sin temor a que el contenido t\u00f3xico de los utensilios contamine los alimentos.<\/p>\n<h4>3.\u00a0<a href=\"https:\/\/www.bioleaderpack.com\/es\/como-pueden-las-cajas-de-harina-de-bagazo-de-cana-de-azucar-conseguir-resistencia-al-agua-y-al-aceite\/\" target=\"_blank\">A prueba de fugas y resistente al aceite<\/a> Caracter\u00edsticas<\/h4>\n<p>A pesar de estar compuestos de materiales naturales, estos\u00a0<strong>cuencos desechables ecol\u00f3gicos<\/strong> son a prueba de fugas, a prueba de aceite y tambi\u00e9n a prueba de grasa. Esto permite utilizarlas para distintos tipos de alimentos, sopas, ensaladas o aceitosos.<\/p>\n<h4>4.\u00a0<a href=\"https:\/\/www.bioleaderpack.com\/es\/se-pueden-utilizar-los-platos-de-papel-de-bagazo-de-cana-de-azucar-en-el-microondas\/\" target=\"_blank\">Microondas<\/a> y Fuerte<\/h4>\n<p>El microondas es otro punto a favor del\u00a0<strong>platos y cuencos sostenibles<\/strong>. Ya sea en casa o en un restaurante, uno siempre puede calentar los cuencos y platos llenos con su raci\u00f3n de comida y disfrutarla sin preocuparse de los cambios estructurales.<\/p>\n<h2>Casos pr\u00e1cticos y aplicaciones<\/h2>\n<h4>1. Restaurantes y servicios de comida para llevar<\/h4>\n<p>Los restaurantes, sobre todo los orientados a la entrega a domicilio, hacen buen uso de\u00a0<strong>cuencos desechables ecol\u00f3gicos<\/strong>\u00a0para llevar. Les permite alcanzar su objetivo de filtrar la comida durante el proceso de entrega. Estos platos y cuencos son adecuados para diversos platos, desde ensaladas y fideos hasta sopas, por lo que las opciones de men\u00fa no se limitan a unos pocos elementos.<\/p>\n<h4>2. Fiestas y eventos<\/h4>\n<p>Cuando un anfitri\u00f3n quiere ser agasajado sin comprometer sus valores, puede recurrir al uso de <strong>platos y cuencos desechables ecol\u00f3gicos<\/strong> para fiestas de cumplea\u00f1os, bodas y otras funciones. El hecho de que sean atractivos y respetuosos con el medio ambiente al mismo tiempo los convierte en los preferidos de los organizadores que desean reducir al m\u00e1ximo el impacto y seguir siendo pr\u00e1cticos.<\/p>\n<h4>3. Restauraci\u00f3n y envasado de alimentos<\/h4>\n<p>Las empresas de catering y las unidades de servicio de paquetes de alimentos se orientan ahora hacia\u00a0<strong>platos y envases biodegradables.<\/strong> Esta cualidad permite utilizarlos para una gran variedad de sustancias alimentarias, ya que tienen fuerza y resistencia al aceite. Adem\u00e1s, al ser personalizables, las empresas pueden incluir ilustraciones u otras formas de promoci\u00f3n en el envase, potenciando su practicidad y elegancia.<\/p>\n<table style=\"border-collapse: collapse; width: 100%;\">\n<tbody>\n<tr>\n<td style=\"width: 50%;\"><img loading=\"lazy\" decoding=\"async\" class=\"\" src=\"https:\/\/www.bioleaderpack.com\/wp-content\/uploads\/2023\/03\/0062_1678175808937-3.jpg\" alt=\"taz\u00f3n de ca\u00f1a de az\u00facar\" width=\"708\" height=\"708\" \/><\/td>\n<td style=\"width: 50%;\"><img loading=\"lazy\" decoding=\"async\" class=\"\" src=\"https:\/\/www.bioleaderpack.com\/wp-content\/uploads\/2023\/03\/0062_1678175851645-4.jpg\" alt=\"taz\u00f3n de ca\u00f1a de az\u00facar para noddle\" width=\"690\" height=\"690\" \/><\/td>\n<\/tr>\n<\/tbody>\n<\/table>\n<div>\n<div>\n<div>\n<div>\n<h2>Opciones de envasado personalizables<\/h2>\n<p>La personalizaci\u00f3n de los envases es uno de los menores m\u00e9ritos de los envases ecol\u00f3gicos.<strong>\u00a0platos y cuencos<\/strong>. Encontrar los tama\u00f1os y formas m\u00e1s atractivos para la marca que mejor comuniquen el mensaje de la empresa. Cuando la finalidad sea probablemente la de envases de comida para llevar, sustituyendo el uso normal de este tipo de envases por otro que cumpla la promesa de marca de envases ecol\u00f3gicos.<\/p>\n<h3>Tendencias del mercado y preferencias de los consumidores<\/h3>\n<p>El creciente \u00e9nfasis en la sostenibilidad ha impulsado una necesidad cada vez mayor de platos y cuencos desechables ecol\u00f3gicos. Cada vez son m\u00e1s los consumidores que asumen el reto de ser ecorresponsables y, por otro lado, las empresas est\u00e1n avanzando hacia la inclusi\u00f3n de cuencos ecol\u00f3gicos en su uso.<\/p>\n<p>Adem\u00e1s, la creciente preocupaci\u00f3n de los clientes por los productos desechables y su deseo de alternativas ecol\u00f3gicas ha allanado el camino para la aceptaci\u00f3n de platos y cuencos sostenibles de Amazon y Etsy. Numerosos restaurantes tambi\u00e9n han adoptado estos productos porque son conscientes de que el respeto por el medio ambiente no es solo una moda, sino una transformaci\u00f3n fundamental en la forma de pensar de los consumidores.<\/p>\n<h2>Elecciones de los clientes:<\/h2>\n<p>Varias razones explican por qu\u00e9 las empresas eligen vajillas sostenibles. Hoy en d\u00eda, las empresas se inclinan m\u00e1s por el uso de platos y cuencos ecol\u00f3gicos.<\/p>\n<ol>\n<li><strong>Impacto medioambiental:<\/strong> La raz\u00f3n principal es hacer frente a los problemas medioambientales. Las empresas que utilizan platos y cuencos sostenibles est\u00e1n mostrando su voluntad de contribuir a reducir la contaminaci\u00f3n por pl\u00e1sticos y limpiar el mundo.<\/li>\n<li><strong>Recurso de los consumidores<\/strong>: Algunos consideran que la demanda de los consumidores apoya este tipo de iniciativas medioambientales, sobre todo por parte de las empresas con las que tratan. Utilizando cuencos ecol\u00f3gicos desechables, los clientes tienen la seguridad de que la empresa se compromete a respetar el medio ambiente. Eso ayuda a generar confianza entre la empresa y sus clientes.<\/li>\n<li><strong>Cumplimiento de la normativa<\/strong>: En distintas partes del mundo se est\u00e1n estableciendo normativas sobre la gesti\u00f3n del pl\u00e1stico a medida que se expanden nuevos territorios.\u00a0<strong>Platos y cuencos desechables ecol\u00f3gicos<\/strong> son en cambio una alternativa adecuada que no tiene restricciones con estas normas, aunque ofrecen comodidades desechables.<\/li>\n<\/ol>\n<\/div>\n<\/div>\n<\/div>\n<\/div>\n<h2><img loading=\"lazy\" decoding=\"async\" class=\"alignnone wp-image-2723\" title=\"cuenco de bagazo de ca\u00f1a de az\u00facar\" src=\"https:\/\/www.bioleaderpack.com\/wp-content\/uploads\/2024\/10\/sugarcane-bagasse-bowl-1-1024x575.jpg\" alt=\"\" width=\"1071\" height=\"601\" srcset=\"https:\/\/www.bioleaderpack.com\/wp-content\/uploads\/2024\/10\/sugarcane-bagasse-bowl-1-1024x575.jpg.webp 1024w, https:\/\/www.bioleaderpack.com\/wp-content\/uploads\/2024\/10\/sugarcane-bagasse-bowl-1-600x337.jpg 600w, https:\/\/www.bioleaderpack.com\/wp-content\/uploads\/2024\/10\/sugarcane-bagasse-bowl-1-300x169.jpg.webp 300w, https:\/\/www.bioleaderpack.com\/wp-content\/uploads\/2024\/10\/sugarcane-bagasse-bowl-1-768x431.jpg.webp 768w, https:\/\/www.bioleaderpack.com\/wp-content\/uploads\/2024\/10\/sugarcane-bagasse-bowl-1.jpg.webp 1200w\" sizes=\"(max-width: 1071px) 100vw, 1071px\" \/><\/h2>\n<h2>Preguntas frecuentes<\/h2>\n<p><strong>P: \u00bfSe pueden utilizar platos y cuencos ecol\u00f3gicos en el microondas?<\/strong><\/p>\n<p>R: S\u00ed, estos\u00a0<a href=\"https:\/\/www.bioleaderpack.com\/es\/producto\/platos-de-fiesta-desechables-ecologicos-personalizados\/\" target=\"_blank\" rel=\"noopener\" data-wpil-monitor-id=\"1739\">platos ecol\u00f3gicos<\/a> y cuencos Sin embargo, son seguros para su uso en el microondas, ya que permiten recalentar los alimentos sin comprometer la estructura del recipiente.<\/p>\n<p><strong>P: \u00bfOfrecen marcas blancas tambi\u00e9n para el envasado de los platos y cuencos verdes?<\/strong><\/p>\n<p>R: \u00a1Por supuesto! Las empresas pueden personalizar el uso de cuencos desechables ecol\u00f3gicos modificando los dise\u00f1os, tama\u00f1os e incluso formas disponibles para satisfacer sus demandas.<\/p>\n<p><strong>P: \u00bfCu\u00e1nto duran los cuencos ecol\u00f3gicos desechables?<\/strong><\/p>\n<p>R: Los cuencos desechables ecol\u00f3gicos fabricados con bagazo de ca\u00f1a de az\u00facar pueden biodegradarse de forma fiable y segura tras un par de meses con un compostaje adecuado, lo que supone una opci\u00f3n mucho m\u00e1s respetuosa con el medio ambiente que el pl\u00e1stico.<\/p>\n<h2>Bloque de informaci\u00f3n sem\u00e1ntica: Platos y cuencos sostenibles para mejorar el envasado de alimentos<\/h2>\n<div class=\"semantic-insight-block\" style=\"background: #e8f5e9; border-left: 4px solid #2196f3; padding: 14px; margin-bottom: 16px;\">\n<ul>\n<li><strong>El material define la sostenibilidad:<\/strong><br \/>\nFabricados a partir de pulpa de bagazo de ca\u00f1a de az\u00facar renovable, estos platos y cuencos ofrecen una r\u00e1pida biodegradaci\u00f3n y compostabilidad industrial\/dom\u00e9stica sin productos qu\u00edmicos PFAS, ofreciendo seguridad e integridad medioambiental.<\/li>\n<li><strong>Rendimiento fiable en uso real:<\/strong><br \/>\nA prueba de fugas, resistentes a la grasa y aptos para microondas, estos art\u00edculos de mesa son lo suficientemente robustos para alimentos calientes, aceitosos y fr\u00edos, ideales para diversos servicios de restauraci\u00f3n.<\/li>\n<li><strong>Cumplimiento y certificaci\u00f3n exhaustivos:<\/strong><br \/>\nCumple las normas EN13432, ASTM D6400, FDA y de contacto con alimentos de la UE, lo que facilita la exportaci\u00f3n y la preparaci\u00f3n reglamentaria para mercados con prohibiciones de pl\u00e1stico de un solo uso y marcos EPR.<\/li>\n<li><strong>Estrategia de suministro escalable:<\/strong><br \/>\nDisponibles en m\u00faltiples formas y tama\u00f1os (platos de 6 a 12 pulgadas; cuencos de varios vol\u00famenes), se suministran a granel para satisfacer las demandas de envasado de catering a gran escala, eventos y minoristas.<\/li>\n<li><strong>Oportunidad para consumidores y marcas:<\/strong><br \/>\nEl uso de vajillas biodegradables certificadas mejora la imagen de sostenibilidad de la marca, resuena entre los consumidores concienciados con el medio ambiente y ayuda a las empresas a alinearse con el cambio de 2025 hacia normativas ecol\u00f3gicas y expectativas ESG.<\/li>\n<\/ul>\n<div style=\"margin-top: 8px;\"><strong>Perspectiva estrat\u00e9gica:<\/strong><br \/>\nEn una \u00e9poca en la que la normativa medioambiental y la concienciaci\u00f3n de los consumidores aceleran la demanda de envases sin pl\u00e1stico, los platos y cuencos de Bioleader a base de ca\u00f1a de az\u00facar ofrecen una soluci\u00f3n con futuro y de alta integridad, convirtiendo la comodidad de un solo uso en un impacto sostenible.<\/div>\n<\/div>\n<p>&nbsp;<\/p>\n<p><script type=\"application\/ld+json\">{\n    \"@context\": \"https:\\\/\\\/schema.org\",\n    \"@type\": \"FAQPage\",\n    \"mainEntity\": [\n        {\n            \"@type\": \"Question\",\n            \"name\": \"Can you use eco friendly plates and bowls in the microwave?\",\n            \"acceptedAnswer\": {\n                \"@type\": \"Answer\",\n                \"text\": \"Yes, these eco-friendly plates and bowls However, are safe to be used in the microwave as they allow for food to be reheated without compromising the structure of the container.\"\n            }\n        },\n        {\n            \"@type\": \"Question\",\n            \"name\": \"Do you offer private labels for the packaging as well of green plates and bowls?\",\n            \"acceptedAnswer\": {\n                \"@type\": \"Answer\",\n                \"text\": \"Of course! Companies can personalize the use of eco-friendly disposable bowls by altering the designs, sizes, and even shapes available to satisfy their demands.\"\n            }\n        },\n        {\n            \"@type\": \"Question\",\n            \"name\": \"How long do eco-disposable bowls last?\",\n            \"acceptedAnswer\": {\n                \"@type\": \"Answer\",\n                \"text\": \"Eco-friendly disposable bowls made out of sugarcane bagasse can reliably and safely biodegrade after a couple of months with proper composting, which provides a much more eco-friendly option than plastic.\"\n            }\n        }\n    ]\n}<\/script><\/p>","protected":false},"excerpt":{"rendered":"<p data-start=\"331\" data-end=\"824\">Actualice sus envases de restauraci\u00f3n con los platos y cuencos desechables ecol\u00f3gicos de Bioleader, fabricados a partir de bagazo renovable y dise\u00f1ados para ser sostenibles. Estas soluciones biodegradables y compostables son ideales para servir platos fr\u00edos o calientes en catering, comida para llevar o cenas. Robustos, resistentes a la grasa y sin PFAS, combinan la responsabilidad medioambiental con un rendimiento fiable. Una opci\u00f3n ideal para marcas con conciencia ecol\u00f3gica que buscan alternativas rentables al pl\u00e1stico o la espuma.<\/p>","protected":false},"featured_media":18038,"comment_status":"open","ping_status":"closed","template":"","meta":{"_acf_changed":false},"product_brand":[8971],"product_cat":[7150],"product_tag":[6725,6714,6726,6728,6729,6731],"class_list":{"0":"post-13552","1":"product","2":"type-product","3":"status-publish","4":"has-post-thumbnail","6":"product_brand-bioleader","7":"product_cat-bagasse-bowl","8":"product_tag-eco-disposable-bowls","9":"product_tag-eco-friendly-bowls","10":"product_tag-eco-friendly-disposable-bowls","11":"product_tag-eco-friendly-disposable-plates-and-bowls","12":"product_tag-eco-friendly-plates-and-bowls","13":"product_tag-sustainable-plates-and-bowls","15":"first","16":"instock","17":"purchasable","18":"product-type-simple"},"acf":[],"_links":{"self":[{"href":"https:\/\/www.bioleaderpack.com\/es\/wp-json\/wp\/v2\/product\/13552","targetHints":{"allow":["GET"]}}],"collection":[{"href":"https:\/\/www.bioleaderpack.com\/es\/wp-json\/wp\/v2\/product"}],"about":[{"href":"https:\/\/www.bioleaderpack.com\/es\/wp-json\/wp\/v2\/types\/product"}],"replies":[{"embeddable":true,"href":"https:\/\/www.bioleaderpack.com\/es\/wp-json\/wp\/v2\/comments?post=13552"}],"wp:featuredmedia":[{"embeddable":true,"href":"https:\/\/www.bioleaderpack.com\/es\/wp-json\/wp\/v2\/media\/18038"}],"wp:attachment":[{"href":"https:\/\/www.bioleaderpack.com\/es\/wp-json\/wp\/v2\/media?parent=13552"}],"wp:term":[{"taxonomy":"product_brand","embeddable":true,"href":"https:\/\/www.bioleaderpack.com\/es\/wp-json\/wp\/v2\/product_brand?post=13552"},{"taxonomy":"product_cat","embeddable":true,"href":"https:\/\/www.bioleaderpack.com\/es\/wp-json\/wp\/v2\/product_cat?post=13552"},{"taxonomy":"product_tag","embeddable":true,"href":"https:\/\/www.bioleaderpack.com\/es\/wp-json\/wp\/v2\/product_tag?post=13552"}],"curies":[{"name":"wp","href":"https:\/\/api.w.org\/{rel}","templated":true}]}}