{"id":13548,"date":"2023-03-15T16:03:37","date_gmt":"2023-03-15T08:03:37","guid":{"rendered":"https:\/\/www.bioleaderpack.com\/product\/sustainable-paper-pulp-bowls-from-sugarcane-fiber\/"},"modified":"2026-04-24T17:07:04","modified_gmt":"2026-04-24T09:07:04","slug":"cuencos-de-pasta-de-papel-sostenible","status":"publish","type":"product","link":"https:\/\/www.bioleaderpack.com\/es\/producto\/cuencos-de-pasta-de-papel-sostenible\/","title":{"rendered":"Cuencos sostenibles de pasta de papel a partir de fibra de ca\u00f1a de az\u00facar"},"content":{"rendered":"<div class=\"adweb-template-19 adweb-table-container\">\n<table style=\"border-collapse: collapse; width: 100%;\">\n<tbody>\n<tr>\n<td style=\"width: 50%;\"><img fetchpriority=\"high\" decoding=\"async\" class=\"\" src=\"https:\/\/www.bioleaderpack.com\/wp-content\/uploads\/2023\/03\/L061Size_1678895881408-1.jpg\" alt=\"cuenco de pulpa de fibra\" width=\"609\" height=\"612\" \/><\/td>\n<td style=\"width: 50%;\"><img decoding=\"async\" class=\"\" src=\"https:\/\/www.bioleaderpack.com\/wp-content\/uploads\/2023\/03\/L061ce3_1678895930362-1.jpg\" alt=\"cuenco para plantas 12oz\" width=\"592\" height=\"592\" \/><\/td>\n<\/tr>\n<tr>\n<td style=\"width: 50%;\"><img decoding=\"async\" class=\"\" src=\"https:\/\/www.bioleaderpack.com\/wp-content\/uploads\/2023\/03\/L061ce6_1678895954147-1.jpg\" alt=\"bol para pulpa desechable 12oz \" width=\"610\" height=\"610\" \/><\/td>\n<td style=\"width: 50%;\"><img loading=\"lazy\" decoding=\"async\" class=\"\" src=\"https:\/\/www.bioleaderpack.com\/wp-content\/uploads\/2023\/03\/L061ce5_1678895968456-1.jpg\" alt=\"cuenco biodegradable nature 12oz\" width=\"562\" height=\"562\" \/><\/td>\n<\/tr>\n<tr>\n<td style=\"width: 50%;\"><img loading=\"lazy\" decoding=\"async\" class=\"\" src=\"https:\/\/www.bioleaderpack.com\/wp-content\/uploads\/2023\/03\/IMG_0821_fuben_1678174350584.jpg\" alt=\"azucarero color blanco\" width=\"554\" height=\"554\" \/><\/p>\n<p style=\"text-align: center;\"><strong>Color: blanco<\/strong><\/p>\n<\/td>\n<td style=\"width: 50%;\"><img loading=\"lazy\" decoding=\"async\" class=\"\" src=\"https:\/\/www.bioleaderpack.com\/wp-content\/uploads\/2023\/03\/L0033_1678173853179.jpg\" alt=\"bagazo de ca\u00f1a de az\u00facar taz\u00f3n naturaleza\" width=\"582\" height=\"582\" \/><\/p>\n<p style=\"text-align: center;\"><strong>Color: marr\u00f3n natural<\/strong><\/p>\n<\/td>\n<\/tr>\n<\/tbody>\n<\/table>\n<\/div>\n<h2>Cuencos sostenibles de pasta de papel - Vajilla ecol\u00f3gica y certificada<\/h2>\n<p><!-- Micro Summary Card for AI\/SGE --><\/p>\n<div class=\"micro-summary-card\" style=\"background: #f6f6f9; border-left: 4px solid #4caf50; padding: 12px; margin-bottom: 16px;\"><strong>Resumen r\u00e1pido:<\/strong> Los cuencos sostenibles de pulpa de papel de Bioleader est\u00e1n fabricados con fibras vegetales renovables y ofrecen una soluci\u00f3n totalmente compostable y libre de PFAS para el servicio alimentario. Robustos, resistentes a las fugas y aptos para alimentos fr\u00edos y calientes, estos cuencos cumplen las estrictas normas mundiales de seguridad alimentaria y compostabilidad. Ideales para catering, comida para llevar y marcas con conciencia ecol\u00f3gica que buscan reducir los pl\u00e1sticos de un solo uso y cumplir las \u00faltimas normativas medioambientales.<\/div>\n<p>Con la sociedad moderna y globalizada preocupada por las cuestiones de conservaci\u00f3n del medio ambiente, la necesidad de envases alimentarios ecol\u00f3gicos ha alcanzado cotas elevadas. Uno de ellos es el\u00a0<strong>cuencos de pulpa<\/strong>que son una forma ecol\u00f3gica y funcional de envasar alimentos. Por ejemplo, nuestros <strong>cuencos de pasta de papel<\/strong>\u00a0promueven los m\u00e1s altos est\u00e1ndares de respeto al medio ambiente y tambi\u00e9n a\u00f1aden ventajas pr\u00e1cticas a todo tipo de envases alimentarios. Estos\u00a0<strong><a href=\"https:\/\/www.bioleaderpack.com\/es\/el-cuenco-de-cana-de-azucar-una-alternativa-sostenible-a-los-cuencos-de-plastico\/\" target=\"_blank\" rel=\"noopener\" data-wpil-monitor-id=\"235\">cuencos sostenibles<\/a><\/strong> son perfectos para empresas de restauraci\u00f3n, comida para llevar y eventos especiales que deseen ser m\u00e1s respetuosas con el medio ambiente sin perder la calidad y resistencia de los materiales de embalaje utilizados.<\/p>\n<h2>Material: <a href=\"https:\/\/www.bioleaderpack.com\/es\/vajilla-de-bagazo-de-cana-de-azucar-ecologica-y-practica\/\" target=\"_blank\">Bagazo de ca\u00f1a de az\u00facar: un material ecol\u00f3gico y reciclable<\/a><\/h2>\n<p>El principal componente de nuestro\u00a0<strong><a href=\"https:\/\/www.bioleaderpack.com\/es\/producto\/cuencos-desechables-compostables-cuenco-de-pasta-de-papel\/\" target=\"_blank\" rel=\"noopener\" data-wpil-monitor-id=\"2086\">cuencos de pasta de papel<\/a><\/strong>\u00a0se fabrica a partir de un residuo vegetal llamado bagazo de ca\u00f1a, que se produce durante la fabricaci\u00f3n del az\u00facar. En lugar de desperdiciar este tipo de material, ahora se transforma en\u00a0<strong>cuencos sostenibles<\/strong>De este modo, no se desperdicia nada de la planta de ca\u00f1a de az\u00facar. Producto respetuoso con el clima y el suelo, el bagazo de ca\u00f1a de az\u00facar es un residuo limpio, abundante, renovable y compostable, por lo que resulta adecuado para su uso en envases alimentarios y para el medio ambiente.<\/p>\n<p>Nuestra\u00a0<strong>cuencos de pulpa<\/strong> se fabrican mediante el procedimiento altamente productivo y eficiente en el tiempo denominado \"moldeado de pulpa de papel\". En este m\u00e9todo, el bagazo de ca\u00f1a de az\u00facar se convierte en pulpa, a partir de la cual se fabrica el cuenco con el tama\u00f1o y la forma requeridos. El moldeado de la pulpa no s\u00f3lo requiere menos energ\u00eda, sino que tambi\u00e9n se desperdicia menos durante la fabricaci\u00f3n del producto final. Cuando utilizamos esta tecnolog\u00eda de moldeado de pulpa, podemos fabricar <strong>cuencos de pasta de papel<\/strong> que son ligeros, pero en los que se pueden colocar alimentos fr\u00edos y calientes.<\/p>\n<table style=\"border-collapse: collapse; width: 100%;\">\n<tbody>\n<tr>\n<td style=\"width: 50%;\"><img loading=\"lazy\" decoding=\"async\" class=\"\" style=\"text-align: center;\" src=\"https:\/\/www.bioleaderpack.com\/wp-content\/uploads\/2023\/03\/0442_1678724289585.jpg\" alt=\"cuenco de ca\u00f1a desechable\" width=\"537\" height=\"537\" \/><\/td>\n<td style=\"width: 50%;\"><img loading=\"lazy\" decoding=\"async\" class=\"\" src=\"https:\/\/www.bioleaderpack.com\/wp-content\/uploads\/2023\/03\/0443_1678724319331.jpg\" alt=\"ensaladera de pulpa desechable\" width=\"546\" height=\"546\" \/><\/td>\n<\/tr>\n<\/tbody>\n<\/table>\n<h2>Caracter\u00edsticas principales<\/h2>\n<p>Nuestra\u00a0<strong>cuencos sostenibles<\/strong> incluyen las siguientes ventajas que los sit\u00faan en una categor\u00eda superior a los envases alimentarios tradicionales: En primer lugar, sus atributos y riesgos<\/p>\n<ul>\n<li>\n<h4>Ecol\u00f3gico<\/h4>\n<\/li>\n<\/ul>\n<p>Nuestros cuencos est\u00e1n fabricados con materiales org\u00e1nicos y naturales que no suponen ning\u00fan peligro para el medio ambiente, ya que son compostables.<\/p>\n<ul>\n<li>\n<h4>Compostable y biodegradable<\/h4>\n<\/li>\n<\/ul>\n<p>Estos cuencos est\u00e1n fabricados con materiales libres de pl\u00e1sticos que dejan sustancias qu\u00edmicas al desecharse, lo que garantiza la preservaci\u00f3n del equilibrio ecol\u00f3gico.<\/p>\n<ul>\n<li>\n<h4>Seguridad alimentaria<\/h4>\n<\/li>\n<\/ul>\n<p>Con <a href=\"https:\/\/www.bioleaderpack.com\/es\/la-vajilla-de-bagazo-de-cana-de-azucar-contiene-pfas-sin-bpa\/\" target=\"_blank\">sin sustancias qu\u00edmicas PFAS ni BPA<\/a>todos nuestros cuencos de almendra pueden utilizarse para contacto con alimentos.<\/p>\n<ul>\n<li>\n<h4>A prueba de fugas y agua<\/h4>\n<\/li>\n<\/ul>\n<p>Estos\u00a0<strong>cuencos de pulpa<\/strong> est\u00e1n dise\u00f1ados para evitar el derrame de l\u00edquidos alimenticios, y se estropean estructuralmente incluso cuando se rellenan con sopas o alimentos que contienen aceites.<\/p>\n<ul>\n<li>\n<h4>Para microondas<\/h4>\n<\/li>\n<\/ul>\n<p>Estos cuencos pueden guardarse en el microondas para calentar restos de comida o servir alimentos reci\u00e9n cocinados.<\/p>\n<p>Estas caracter\u00edsticas han perdurado para hacer de nuestra\u00a0<strong>cuencos de pasta de papel<\/strong> una herramienta eficaz en las necesidades de envasado de alimentos, por lo que salvar a los compradores conscientes de las compras perjudiciales y tambi\u00e9n hacer que ambos alimentos tendr\u00eda sentido.<\/p>\n<table style=\"border-collapse: collapse; width: 100%;\">\n<tbody>\n<tr>\n<td style=\"width: 50%;\"><img loading=\"lazy\" decoding=\"async\" class=\"\" src=\"https:\/\/www.bioleaderpack.com\/wp-content\/uploads\/2023\/03\/0445_1678724345339.jpg\" alt=\"taz\u00f3n de pulpa de ca\u00f1a de az\u00facar\" width=\"577\" height=\"577\" \/><\/td>\n<td style=\"width: 50%;\"><img loading=\"lazy\" decoding=\"async\" class=\"\" src=\"https:\/\/www.bioleaderpack.com\/wp-content\/uploads\/2023\/03\/L061ce4_1678896189712-1.jpg\" alt=\"ca\u00f1a de az\u00facar para llevar\" width=\"555\" height=\"555\" \/><\/td>\n<\/tr>\n<\/tbody>\n<\/table>\n<h2>Posibles aplicaciones: Por fin, apto para cualquier uso<\/h2>\n<p>Nuestra\u00a0<strong>cuencos de pulpa<\/strong> ofrecen una gran flexibilidad en la variedad de tipos de comida servidos, lo que tambi\u00e9n da paso a distintos niveles de restauraci\u00f3n:<\/p>\n<ul>\n<li>\n<h4>Ensaladas<\/h4>\n<\/li>\n<\/ul>\n<p>La superficie resistente al aceite tambi\u00e9n es olorosa y sensible a la oscuridad del ali\u00f1o, por lo que es incapaz de absorber en exceso el ali\u00f1o para ensaladas.<\/p>\n<ul>\n<li>\n<h4>Tazones de fideos<\/h4>\n<\/li>\n<\/ul>\n<p>Estos cuencos son realmente \u00fatiles y est\u00e1n llenos de fideos calientes, ya que no rezuman caldo ni salsa, y el coraz\u00f3n est\u00e1 bien colocado dentro.<\/p>\n<ul>\n<li>\n<h4>Cuencos para sopa<\/h4>\n<\/li>\n<\/ul>\n<p>Debido a la naturaleza de los cuencos de pasta de papel, la humedad y las consiguientes fugas de agua pueden descuidarse al manipular contenidos calientes como sopas.<\/p>\n<p>Son ideales para restaurantes, servicios de comida para llevar o incluso para preparar comidas en casa. Desde comidas r\u00e1pidas a eventos con servicio de catering, nuestros\u00a0<strong><a href=\"https:\/\/www.bioleaderpack.com\/es\/producto\/cuencos-de-cana-desechables\/\" target=\"_blank\" rel=\"noopener\" data-wpil-monitor-id=\"2140\">cuencos sostenibles<\/a><\/strong>\u00a0proporcionan un envasado de alimentos eficaz y ecol\u00f3gico. Tambi\u00e9n pueden ser de distintos tama\u00f1os para acomodar desde peque\u00f1os aperitivos hasta comidas completas.<\/p>\n<h2>Envases a medida: Una soluci\u00f3n que resuelve sus problemas<\/h2>\n<p>Sabemos muy bien que cada cliente tiene sus propias necesidades cuando se trata de <strong>cuencos de pasta de papel<\/strong>Por eso le ofrecemos la posibilidad de personalizarlos. Tanto si se trata de un logotipo, la impresi\u00f3n de una marca o formas no est\u00e1ndar, somos capaces de satisfacer sus necesidades de personalizaci\u00f3n. La personalizaci\u00f3n no s\u00f3lo es beneficiosa para el marketing, sino que garantiza que el estilo del envase sea el adecuado para el tipo de alimento que usted sirve.<\/p>\n<h2>Los envases ecol\u00f3gicos est\u00e1n de moda<\/h2>\n<p>Una mejor comprensi\u00f3n de las amenazas medioambientales ha influido en que la mayor\u00eda de los consumidores utilicen\u00a0<strong>cuencos sostenibles<\/strong>\u00a0y otros\u00a0<strong>soluciones de envasado sostenibles<\/strong>. Cada vez son m\u00e1s los restaurantes y empresas de servicios alimentarios que abandonan el pl\u00e1stico y optan por utilizar\u00a0<strong>cuencos de pulpa<\/strong>\u00a0en cambio. Con el paso del tiempo, esta inclinaci\u00f3n seguir\u00e1 manteni\u00e9ndose, y la sostenibilidad ser\u00e1 una consideraci\u00f3n de peso tanto para las empresas como para los ciudadanos de a pie.<\/p>\n<h2>\u00bfPor qu\u00e9 elegir nuestros cuencos de pasta de papel?<\/h2>\n<p>Nuestra empresa se encuentra entre los fabricantes chinos m\u00e1s solicitados y proveedores mayoristas de <strong>cuencos de pulpa<\/strong>y nuestro objetivo es producir \u00fanicamente envases de alta calidad y respetuosos con el medio ambiente. En t\u00e9rminos de fabricaci\u00f3n sostenible, el factor de la producci\u00f3n de bienes fuertes, pr\u00e1cticos y bastante importantes emana del deseo de cambiar y crecer. Los cuencos de pasta de papel son uno de esos productos que ofrecen todas las disposiciones de seguridad a los clientes sin comprometer la naturaleza del negocio de satisfacer a los clientes.<\/p>\n<p align=\"left\">Otro tama\u00f1o:<\/p>\n<figure style=\"width: 1000px\" class=\"wp-caption alignnone\"><img loading=\"lazy\" decoding=\"async\" src=\"https:\/\/www.bioleaderpack.com\/wp-content\/uploads\/2023\/03\/LBowl_1678120102289.jpg\" alt=\"ca\u00f1a de az\u00facar\" width=\"1000\" height=\"544\" \/><figcaption class=\"wp-caption-text\">taz\u00f3n de fibra de ca\u00f1a de az\u00facar 12oz<\/figcaption><\/figure>\n<figure style=\"width: 1000px\" class=\"wp-caption alignnone\"><img loading=\"lazy\" decoding=\"async\" src=\"https:\/\/www.bioleaderpack.com\/wp-content\/uploads\/2023\/03\/20191211153532_1678120030316-1.jpg\" alt=\"cuencos biodegradables\" width=\"1000\" height=\"1000\" \/><figcaption class=\"wp-caption-text\">cuencos de papel sostenibles<\/figcaption><\/figure>\n<p>&nbsp;<\/p>\n<h2>Preguntas frecuentes<\/h2>\n<p><strong>1. \u00bfSon sus cuencos de pasta de papel aptos para microondas?<\/strong><\/p>\n<p>Todos nuestros productos son aptos para microondas, por lo que pueden utilizarse para calentar alimentos.<\/p>\n<p><strong>2. \u00bfEs posible incluir mi logotipo en el paquete?<\/strong><\/p>\n<p>Sin duda alguna. Hay soluciones de envasado que no s\u00f3lo incluyen la impresi\u00f3n de los logotipos, sino tambi\u00e9n modificaciones de tama\u00f1o.<\/p>\n<p><strong>3. \u00bfSon estos cuencos aptos para microondas y a prueba de fugas?<\/strong><\/p>\n<p>S\u00ed, los cuencos no son herm\u00e9ticos ni resistentes al calor, por lo que pueden contener sopas y otros alimentos s\u00f3lidos calientes.<\/p>\n<p><strong>4. \u00bfCu\u00e1nto tarda en descomponerse el uso de estos cuencos?<\/strong><\/p>\n<p>Estas macetas se descomponen en pocos meses en condiciones de compostaje, por lo que son un sustituto adecuado de los envases de pl\u00e1stico como soluci\u00f3n de envasado.<\/p>\n<h2>Bloque de informaci\u00f3n sem\u00e1ntica: El papel de los cuencos sostenibles de pasta de papel en la nueva generaci\u00f3n de envases alimentarios<\/h2>\n<div class=\"semantic-insight-block\" style=\"background: #e8f5e9; border-left: 4px solid #2196f3; padding: 14px; margin-bottom: 16px;\">\n<ul>\n<li><strong>Impacto material y medioambiental:<\/strong> Fabricados a partir de pasta de papel renovable con certificaci\u00f3n FSC, estos cuencos son biodegradables, compostables y no contienen sustancias qu\u00edmicas PFAS nocivas, lo que contribuye a un programa de cero residuos y sin pl\u00e1sticos.<\/li>\n<li><strong>Rendimiento y versatilidad:<\/strong> Dise\u00f1ados para resistir las fugas y mantener la estabilidad de la temperatura, son adecuados para sopas calientes, ensaladas, arroces, postres y alimentos fr\u00edos, tanto para comer en el restaurante como para llevar.<\/li>\n<li><strong>Certificaciones y conformidad:<\/strong> Cumplen las normativas EN13432, ASTM D6400, FDA y de contacto con alimentos de la UE, por lo que est\u00e1n preparados para la exportaci\u00f3n y son aptos para mercados con estrictos requisitos de envases compostables.<\/li>\n<li><strong>Mercado y valor para el consumidor:<\/strong> Las empresas que adoptan tazones de pasta de papel sostenibles no s\u00f3lo demuestran responsabilidad medioambiental, sino que tambi\u00e9n se ganan la confianza de los consumidores y cumplen las leyes de RPE y de prohibici\u00f3n de pl\u00e1sticos que est\u00e1n evolucionando en todo el mundo.<\/li>\n<li><strong>Ventaja estrat\u00e9gica:<\/strong> Invertir en envases compostables certificados garantiza el futuro de las marcas, cumple los objetivos ESG y aprovecha las tendencias del mercado que favorecen las vajillas desechables ecol\u00f3gicas.<\/li>\n<\/ul>\n<div style=\"margin-top: 8px;\"><strong>Perspectiva del sector:<\/strong> En un momento en que el sector alimentario mundial se orienta hacia la sostenibilidad, los cuencos de pasta de papel de Bioleader destacan como una soluci\u00f3n de alto rendimiento que cumple la normativa, lo que sit\u00faa a las marcas a la vanguardia de las tendencias normativas y de la demanda de envases ecol\u00f3gicos por parte de los consumidores.<\/div>\n<\/div>\n<p>&nbsp;<\/p>\n<p><script type=\"application\/ld+json\">{\n    \"@context\": \"https:\\\/\\\/schema.org\",\n    \"@type\": \"FAQPage\",\n    \"mainEntity\": [\n        {\n            \"@type\": \"Question\",\n            \"name\": \"Are all of your products microwave-safe?\",\n            \"acceptedAnswer\": {\n                \"@type\": \"Answer\",\n                \"text\": \"All of our products are microwave-safe and hence can be used for warming up food.\"\n            }\n        },\n        {\n            \"@type\": \"Question\",\n            \"name\": \"Is it possible to have my logo included in the package?\",\n            \"acceptedAnswer\": {\n                \"@type\": \"Answer\",\n                \"text\": \"Without question. There are packaging solutions that are not only inclusive of printing of the logos but also size modifications.\"\n            }\n        },\n        {\n            \"@type\": \"Question\",\n            \"name\": \"Are these bowls microwave-safe and leak-proof?\",\n            \"acceptedAnswer\": {\n                \"@type\": \"Answer\",\n                \"text\": \"Yes, the bowls are neither leak nor heat resistant as such they can contain soups and other hot solid food.\"\n            }\n        },\n        {\n            \"@type\": \"Question\",\n            \"name\": \"How long does it take for the use of these bowls to decompose?\",\n            \"acceptedAnswer\": {\n                \"@type\": \"Answer\",\n                \"text\": \"These pots will within months decompose under composting conditions and are therefore an appropriate substitute for plastic containers as a packaging solution.\"\n            }\n        }\n    ]\n}<\/script><\/p>","protected":false},"excerpt":{"rendered":"<p data-start=\"181\" data-end=\"817\">Buscando una <strong data-start=\"195\" data-end=\"229\">bol sostenible y sin pl\u00e1stico<\/strong> que equilibra la ecorresponsabilidad con el rendimiento pr\u00e1ctico? Bioleader <strong data-start=\"304\" data-end=\"336\">Cuencos sostenibles de pasta de papel<\/strong> se elaboran a partir de <strong data-start=\"354\" data-end=\"385\">bagazo de ca\u00f1a renovable<\/strong>ofreciendo un <strong data-start=\"398\" data-end=\"431\">biodegradable y compostable<\/strong> soluci\u00f3n de envasado moderna para la restauraci\u00f3n. Dise\u00f1ados tanto para alimentos fr\u00edos como calientes, estos cuencos son <strong data-start=\"529\" data-end=\"547\">apto para microondas<\/strong>, <strong data-start=\"549\" data-end=\"566\">resistente al aceite<\/strong>y <strong data-start=\"572\" data-end=\"586\">a prueba de fugas<\/strong>-ideales para comidas para llevar, catering y venta al por menor con conciencia ecol\u00f3gica. Con una est\u00e9tica limpia y una funcionalidad superior, cumplen las normas mundiales de sostenibilidad al tiempo que ofrecen precios competitivos y disponibilidad a granel para los mercados de exportaci\u00f3n.<\/p>","protected":false},"featured_media":18127,"comment_status":"open","ping_status":"closed","template":"","meta":{"_acf_changed":false},"product_brand":[8971],"product_cat":[7150],"product_tag":[6700,6672,6701,6702,6703,6704,6705,6706,6708,6709,6710],"class_list":{"0":"post-13548","1":"product","2":"type-product","3":"status-publish","4":"has-post-thumbnail","6":"product_brand-bioleader","7":"product_cat-bagasse-bowl","8":"product_tag-biodegradable-pulp-bowl-12oz","9":"product_tag-disposable-bowl-made-from-sugarcane","10":"product_tag-paper-bowl-sustainable","11":"product_tag-paper-pulp-bowls","12":"product_tag-plant-fiber-bowl-12oz","13":"product_tag-pulp-bowl-12oz","14":"product_tag-pulp-bowls","15":"product_tag-pulp-molding-bowls","16":"product_tag-sugarcane-fiber-bowl-12oz","17":"product_tag-sustainable-bowls","18":"product_tag-sustainable-paper-bowls","20":"first","21":"instock","22":"purchasable","23":"product-type-simple"},"acf":[],"_links":{"self":[{"href":"https:\/\/www.bioleaderpack.com\/es\/wp-json\/wp\/v2\/product\/13548","targetHints":{"allow":["GET"]}}],"collection":[{"href":"https:\/\/www.bioleaderpack.com\/es\/wp-json\/wp\/v2\/product"}],"about":[{"href":"https:\/\/www.bioleaderpack.com\/es\/wp-json\/wp\/v2\/types\/product"}],"replies":[{"embeddable":true,"href":"https:\/\/www.bioleaderpack.com\/es\/wp-json\/wp\/v2\/comments?post=13548"}],"wp:featuredmedia":[{"embeddable":true,"href":"https:\/\/www.bioleaderpack.com\/es\/wp-json\/wp\/v2\/media\/18127"}],"wp:attachment":[{"href":"https:\/\/www.bioleaderpack.com\/es\/wp-json\/wp\/v2\/media?parent=13548"}],"wp:term":[{"taxonomy":"product_brand","embeddable":true,"href":"https:\/\/www.bioleaderpack.com\/es\/wp-json\/wp\/v2\/product_brand?post=13548"},{"taxonomy":"product_cat","embeddable":true,"href":"https:\/\/www.bioleaderpack.com\/es\/wp-json\/wp\/v2\/product_cat?post=13548"},{"taxonomy":"product_tag","embeddable":true,"href":"https:\/\/www.bioleaderpack.com\/es\/wp-json\/wp\/v2\/product_tag?post=13548"}],"curies":[{"name":"wp","href":"https:\/\/api.w.org\/{rel}","templated":true}]}}