{"id":3,"date":"2022-01-26T17:22:33","date_gmt":"2022-01-26T09:22:33","guid":{"rendered":"https:\/\/www.bioleaderpack.com\/?page_id=3"},"modified":"2026-02-18T20:40:37","modified_gmt":"2026-02-18T12:40:37","slug":"politica-de-privacidad","status":"publish","type":"page","link":"https:\/\/www.bioleaderpack.com\/es\/politica-de-privacidad\/","title":{"rendered":"Pol\u00edtica de privacidad | Bioleader\u00ae Protecci\u00f3n de datos, GDPR &amp; CCPA Compliance"},"content":{"rendered":"<p data-start=\"417\" data-end=\"493\"><em><strong data-start=\"462\" data-end=\"493\">\u00daltima actualizaci\u00f3n: noviembre de 2025<\/strong><\/em><\/p>\n<p data-start=\"495\" data-end=\"795\">En <b data-path-to-node=\"10,0\" data-index-in-node=\"0\">Bioleader\u00ae | \u53a6\u95e8\u5f7c\u5229\u5f97\u73af\u4fdd\u79d1\u6280\u6709\u9650\u516c\u53f8<\/b> <strong data-start=\"498\" data-end=\"566\">\u00a0(Xiamen Bioleader Environmental Protection Technology Co., Ltd.)<\/strong>nos comprometemos a proteger sus datos personales y a mantener una total transparencia sobre c\u00f3mo se recopila, utiliza, almacena y salvaguarda la informaci\u00f3n.<br data-start=\"718\" data-end=\"721\" \/>Esta Pol\u00edtica de Privacidad cumple las principales normativas mundiales sobre datos, entre ellas:<\/p>\n<ul data-start=\"797\" data-end=\"935\">\n<li data-start=\"797\" data-end=\"826\">\n<p data-start=\"799\" data-end=\"826\"><strong data-start=\"799\" data-end=\"824\">GDPR (Uni\u00f3n Europea)<\/strong><\/p>\n<\/li>\n<li data-start=\"827\" data-end=\"864\">\n<p data-start=\"829\" data-end=\"864\"><strong data-start=\"829\" data-end=\"862\">CCPA \/ CPRA (California, EE.UU.)<\/strong><\/p>\n<\/li>\n<li data-start=\"865\" data-end=\"888\">\n<p data-start=\"867\" data-end=\"888\"><strong data-start=\"867\" data-end=\"886\">PIPL\uff08\u4e2d\u56fd\u4e2a\u4eba\u4fe1\u606f\u4fdd\u62a4\u6cd5\uff09<\/strong><\/p>\n<\/li>\n<li data-start=\"889\" data-end=\"913\">\n<p data-start=\"891\" data-end=\"913\"><strong data-start=\"891\" data-end=\"911\">PDPA (Singapur)<\/strong><\/p>\n<\/li>\n<li data-start=\"914\" data-end=\"935\">\n<p data-start=\"916\" data-end=\"935\"><strong data-start=\"916\" data-end=\"933\">LGPD (Brasil)<\/strong><\/p>\n<\/li>\n<\/ul>\n<p data-start=\"937\" data-end=\"1079\">Esta pol\u00edtica se aplica a su uso de:<br data-start=\"972\" data-end=\"975\" \/><strong data-start=\"975\" data-end=\"1008\">https:\/\/www.bioleaderpack.com<\/strong><br data-start=\"1008\" data-end=\"1011\" \/>y todos los servicios digitales, formularios y canales de comunicaci\u00f3n relacionados.<\/p>\n<figure id=\"attachment_28391\" aria-describedby=\"caption-attachment-28391\" style=\"width: 1200px\" class=\"wp-caption alignnone\"><img fetchpriority=\"high\" decoding=\"async\" class=\"size-full wp-image-28391\" title=\"Pol\u00edtica de privacidad de Bioleader Protecci\u00f3n de datos 2025\" src=\"https:\/\/www.bioleaderpack.com\/wp-content\/uploads\/2025\/10\/Bioleader-Privacy-Policy-Data-Protection-2025.jpg\" alt=\"Pol\u00edtica de privacidad de Bioleader\u00ae - Protecci\u00f3n de datos segura y cumplimiento del GDPR\" width=\"1200\" height=\"800\" srcset=\"https:\/\/www.bioleaderpack.com\/wp-content\/uploads\/2025\/10\/Bioleader-Privacy-Policy-Data-Protection-2025.jpg.webp 1200w, https:\/\/www.bioleaderpack.com\/wp-content\/uploads\/2025\/10\/Bioleader-Privacy-Policy-Data-Protection-2025-300x200.jpg.webp 300w, https:\/\/www.bioleaderpack.com\/wp-content\/uploads\/2025\/10\/Bioleader-Privacy-Policy-Data-Protection-2025-768x512.jpg.webp 768w, https:\/\/www.bioleaderpack.com\/wp-content\/uploads\/2025\/10\/Bioleader-Privacy-Policy-Data-Protection-2025-1024x683.jpg.webp 1024w, https:\/\/www.bioleaderpack.com\/wp-content\/uploads\/2025\/10\/Bioleader-Privacy-Policy-Data-Protection-2025-18x12.jpg 18w, https:\/\/www.bioleaderpack.com\/wp-content\/uploads\/2025\/10\/Bioleader-Privacy-Policy-Data-Protection-2025-600x400.jpg.webp 600w\" sizes=\"(max-width: 1200px) 100vw, 1200px\" \/><figcaption id=\"caption-attachment-28391\" class=\"wp-caption-text\">Bioleader\u00ae garantiza un tratamiento de datos seguro y transparente en cumplimiento con GDPR y CCPA.<\/figcaption><\/figure>\n<hr data-start=\"1081\" data-end=\"1084\" \/>\n<h2 data-start=\"1086\" data-end=\"1105\"><strong data-start=\"1088\" data-end=\"1105\">1. Qui\u00e9nes somos<\/strong><\/h2>\n<p data-start=\"1107\" data-end=\"1314\"><strong data-start=\"1107\" data-end=\"1175\"><b data-path-to-node=\"10,0\" data-index-in-node=\"0\">Bioleader\u00ae | \u53a6\u95e8\u5f7c\u5229\u5f97\u73af\u4fdd\u79d1\u6280\u6709\u9650\u516c\u53f8<\/b> (Xiamen Bioleader Environmental Protection Technology Co., Ltd. )<\/strong><br data-start=\"1175\" data-end=\"1178\" \/>\ud83d\udccd Direcci\u00f3n: No. 39 Xinglong Road, Xiamen, Fujian, China.<br data-start=\"1233\" data-end=\"1236\" \/>\ud83d\udce7 Correo electr\u00f3nico: <a class=\"decorated-link cursor-pointer\" rel=\"noopener\" data-start=\"1246\" data-end=\"1268\">info@bioleaderpack.com<\/a><br data-start=\"1268\" data-end=\"1271\" \/>\ud83c\udf10 P\u00e1gina web: https:\/\/www.bioleaderpack.com<\/p>\n<p data-start=\"1316\" data-end=\"1483\">Somos fabricantes y exportadores de productos sostenibles para el envasado de alimentos, entre los que se incluyen <strong>ca\u00f1a de az\u00facar<\/strong> <strong data-start=\"1401\" data-end=\"1482\">vajilla de bagazo, vajilla de almid\u00f3n de ma\u00edz, vasos de PLA, vasos de papel, cuencos de papel, cubiertos compostables y contenedores de papel kraft.<\/strong>.<\/p>\n<hr data-start=\"1485\" data-end=\"1488\" \/>\n<h2 data-start=\"1490\" data-end=\"1521\"><strong data-start=\"1492\" data-end=\"1521\">2. Informaci\u00f3n que recopilamos<\/strong><\/h2>\n<p data-start=\"1523\" data-end=\"1651\">Recopilamos informaci\u00f3n para ofrecer presupuestos, responder a consultas, mejorar el rendimiento del sitio web y apoyar la comunicaci\u00f3n con los clientes.<\/p>\n<h3 data-start=\"1653\" data-end=\"1688\"><strong data-start=\"1656\" data-end=\"1688\">A. Datos personales que usted facilita<\/strong><\/h3>\n<p data-start=\"1689\" data-end=\"1757\">Cuando env\u00eda formularios (Contacto, Consulta, Presupuesto), podemos recopilar:<\/p>\n<ul data-start=\"1759\" data-end=\"1921\">\n<li data-start=\"1759\" data-end=\"1782\">\n<p data-start=\"1761\" data-end=\"1782\">Nombre y raz\u00f3n social<\/p>\n<\/li>\n<li data-start=\"1783\" data-end=\"1815\">\n<p data-start=\"1785\" data-end=\"1815\">Direcci\u00f3n de correo electr\u00f3nico y n\u00famero de tel\u00e9fono<\/p>\n<\/li>\n<li data-start=\"1816\" data-end=\"1834\">\n<p data-start=\"1818\" data-end=\"1834\">Pa\u00eds\/regi\u00f3n<\/p>\n<\/li>\n<li data-start=\"1835\" data-end=\"1870\">\n<p data-start=\"1837\" data-end=\"1870\">Requisitos del producto y mensajes<\/p>\n<\/li>\n<li data-start=\"1871\" data-end=\"1921\">\n<p data-start=\"1873\" data-end=\"1921\">Archivos cargados (dise\u00f1os, especificaciones, fotos)<\/p>\n<\/li>\n<\/ul>\n<h3 data-start=\"1923\" data-end=\"1961\"><strong data-start=\"1926\" data-end=\"1961\">B. Datos recogidos autom\u00e1ticamente<\/strong><\/h3>\n<p data-start=\"1962\" data-end=\"2014\">A trav\u00e9s de cookies y herramientas anal\u00edticas, podemos procesar:<\/p>\n<ul data-start=\"2016\" data-end=\"2181\">\n<li data-start=\"2016\" data-end=\"2030\">\n<p data-start=\"2018\" data-end=\"2030\">Direcci\u00f3n IP<\/p>\n<\/li>\n<li data-start=\"2031\" data-end=\"2059\">\n<p data-start=\"2033\" data-end=\"2059\">Tipo de navegador, SO, dispositivo<\/p>\n<\/li>\n<li data-start=\"2060\" data-end=\"2092\">\n<p data-start=\"2062\" data-end=\"2092\">P\u00e1ginas visitadas y tiempo en el sitio<\/p>\n<\/li>\n<li data-start=\"2093\" data-end=\"2110\">\n<p data-start=\"2095\" data-end=\"2110\">URL de referencia<\/p>\n<\/li>\n<li data-start=\"2111\" data-end=\"2135\">\n<p data-start=\"2113\" data-end=\"2135\">Preferencias ling\u00fc\u00edsticas<\/p>\n<\/li>\n<li data-start=\"2136\" data-end=\"2181\">\n<p data-start=\"2138\" data-end=\"2181\">Interacciones con formularios y elementos de p\u00e1gina<\/p>\n<\/li>\n<\/ul>\n<h3 data-start=\"2183\" data-end=\"2206\"><strong data-start=\"2186\" data-end=\"2206\">C. Carga de archivos multimedia<\/strong><\/h3>\n<p data-start=\"2207\" data-end=\"2295\">Si subes im\u00e1genes, evita incluir datos GPS EXIF. Los visitantes podr\u00edan extraer los datos incrustados.<\/p>\n<hr data-start=\"2297\" data-end=\"2300\" \/>\n<h2 data-start=\"2302\" data-end=\"2338\"><strong data-start=\"2304\" data-end=\"2338\">3. C\u00f3mo utilizamos su informaci\u00f3n<\/strong><\/h2>\n<p data-start=\"2340\" data-end=\"2408\">Tratamos sus datos para los siguientes fines comerciales leg\u00edtimos:<\/p>\n<ul data-start=\"2410\" data-end=\"2745\">\n<li data-start=\"2410\" data-end=\"2460\">\n<p data-start=\"2412\" data-end=\"2460\">Respuesta a consultas y preparaci\u00f3n de presupuestos<\/p>\n<\/li>\n<li data-start=\"2461\" data-end=\"2503\">\n<p data-start=\"2463\" data-end=\"2503\">Comunicaci\u00f3n de pedidos y atenci\u00f3n al cliente<\/p>\n<\/li>\n<li data-start=\"2504\" data-end=\"2549\">\n<p data-start=\"2506\" data-end=\"2549\">Mejorar la usabilidad y el rendimiento del sitio web<\/p>\n<\/li>\n<li data-start=\"2550\" data-end=\"2598\">\n<p data-start=\"2552\" data-end=\"2598\">Supervisi\u00f3n de seguridad (Cloudflare \/ LiteSpeed)<\/p>\n<\/li>\n<li data-start=\"2599\" data-end=\"2659\">\n<p data-start=\"2601\" data-end=\"2659\">Anal\u00edtica y optimizaci\u00f3n de la conversi\u00f3n (Google Analytics)<\/p>\n<\/li>\n<li data-start=\"2660\" data-end=\"2709\">\n<p data-start=\"2662\" data-end=\"2709\">Experiencia de usuario multiling\u00fce (TranslatePress)<\/p>\n<\/li>\n<li data-start=\"2710\" data-end=\"2745\">\n<p data-start=\"2712\" data-end=\"2745\">Protecci\u00f3n anti-spam \/ anti-bot<\/p>\n<\/li>\n<\/ul>\n<h3 data-start=\"2747\" data-end=\"2765\"><strong data-start=\"2751\" data-end=\"2765\">NO LO HACEMOS:<\/strong><\/h3>\n<p data-start=\"2766\" data-end=\"2955\">\u274c vender, alquilar o intercambiar su informaci\u00f3n personal<br data-start=\"2814\" data-end=\"2817\" \/>\u274c utilizar sus datos para la toma de decisiones automatizadas que afecten a derechos<br data-start=\"2886\" data-end=\"2889\" \/>\u274c utilizar la IA para fijar precios, negociar o contratar sin la aprobaci\u00f3n humana.<\/p>\n<hr data-start=\"2957\" data-end=\"2960\" \/>\n<h2 data-start=\"2962\" data-end=\"3004\"><strong data-start=\"2964\" data-end=\"3004\">4. Base jur\u00eddica para el tratamiento (GDPR)<\/strong><\/h2>\n<p data-start=\"3006\" data-end=\"3054\">Dependiendo de su regi\u00f3n, tratamos los datos bajo:<\/p>\n<ul data-start=\"3056\" data-end=\"3318\">\n<li data-start=\"3056\" data-end=\"3095\">\n<p data-start=\"3058\" data-end=\"3095\"><strong data-start=\"3058\" data-end=\"3069\">Consentimiento<\/strong> - cuando env\u00ede formularios<\/p>\n<\/li>\n<li data-start=\"3096\" data-end=\"3173\">\n<p data-start=\"3098\" data-end=\"3173\"><strong data-start=\"3098\" data-end=\"3122\">Ejecuci\u00f3n del contrato<\/strong> - preparar presupuestos o responder a solicitudes<\/p>\n<\/li>\n<li data-start=\"3174\" data-end=\"3250\">\n<p data-start=\"3176\" data-end=\"3250\"><strong data-start=\"3176\" data-end=\"3200\">Intereses leg\u00edtimos<\/strong> - an\u00e1lisis de sitios web, seguridad, prevenci\u00f3n del fraude<\/p>\n<\/li>\n<li data-start=\"3251\" data-end=\"3318\">\n<p data-start=\"3253\" data-end=\"3318\"><strong data-start=\"3253\" data-end=\"3273\">Cumplimiento legal<\/strong> - mantenimiento de registros y requisitos reglamentarios<\/p>\n<\/li>\n<\/ul>\n<hr data-start=\"3320\" data-end=\"3323\" \/>\n<h2 data-start=\"3325\" data-end=\"3365\"><strong data-start=\"3327\" data-end=\"3365\">5. Cookies y tecnolog\u00edas de seguimiento<\/strong><\/h2>\n<p data-start=\"3367\" data-end=\"3418\">Utilizamos cookies para mejorar su experiencia de navegaci\u00f3n.<\/p>\n<h3 data-start=\"3420\" data-end=\"3444\"><strong data-start=\"3424\" data-end=\"3444\">Tipos de cookies<\/strong><\/h3>\n<ul data-start=\"3445\" data-end=\"3710\">\n<li data-start=\"3445\" data-end=\"3512\">\n<p data-start=\"3447\" data-end=\"3512\"><strong data-start=\"3447\" data-end=\"3468\">Galletas esenciales<\/strong> - seguridad, env\u00edo de formularios, sesi\u00f3n de usuario<\/p>\n<\/li>\n<li data-start=\"3513\" data-end=\"3577\">\n<p data-start=\"3515\" data-end=\"3577\"><strong data-start=\"3515\" data-end=\"3537\">Cookies funcionales<\/strong> - selecci\u00f3n de idioma (TranslatePress)<\/p>\n<\/li>\n<li data-start=\"3578\" data-end=\"3631\">\n<p data-start=\"3580\" data-end=\"3631\"><strong data-start=\"3580\" data-end=\"3601\">Cookies anal\u00edticas<\/strong> - informaci\u00f3n sobre el rendimiento del sitio<\/p>\n<\/li>\n<li data-start=\"3632\" data-end=\"3710\">\n<p data-start=\"3634\" data-end=\"3710\"><strong data-start=\"3634\" data-end=\"3655\">Cookies de marketing<\/strong> - s\u00f3lo cuando est\u00e1 activo (por ejemplo, Google Ads, widget de WhatsApp)<\/p>\n<\/li>\n<\/ul>\n<p data-start=\"3712\" data-end=\"3774\">Puede desactivar las cookies a trav\u00e9s de la configuraci\u00f3n de su navegador en cualquier momento.<\/p>\n<hr data-start=\"3776\" data-end=\"3779\" \/>\n<h2 data-start=\"3781\" data-end=\"3817\"><strong data-start=\"3783\" data-end=\"3817\">6. Servicios de terceros que utilizamos<\/strong><\/h2>\n<p data-start=\"3819\" data-end=\"3912\">Sus datos podr\u00e1n ser tratados por servicios de terceros de confianza con fines estrictamente operativos:<\/p>\n<div class=\"_tableContainer_1rjym_1\">\n<div class=\"group _tableWrapper_1rjym_13 flex w-fit flex-col-reverse\">\n<table class=\"w-fit min-w-(--thread-content-width)\" style=\"width: 65.2491%\" data-start=\"3914\" data-end=\"4335\">\n<thead data-start=\"3914\" data-end=\"3935\">\n<tr data-start=\"3914\" data-end=\"3935\">\n<th style=\"width: 49.6855%\" data-start=\"3914\" data-end=\"3924\" data-col-size=\"sm\">Servicio<\/th>\n<th style=\"width: 107.338%\" data-start=\"3924\" data-end=\"3935\" data-col-size=\"sm\">Prop\u00f3sito<\/th>\n<\/tr>\n<\/thead>\n<tbody data-start=\"3957\" data-end=\"4335\">\n<tr data-start=\"3957\" data-end=\"4013\">\n<td style=\"width: 49.6855%\" data-start=\"3957\" data-end=\"3980\" data-col-size=\"sm\"><strong data-start=\"3959\" data-end=\"3979\">Google Analytics<\/strong><\/td>\n<td style=\"width: 107.338%\" data-start=\"3980\" data-end=\"4013\" data-col-size=\"sm\">Informaci\u00f3n sobre el tr\u00e1fico (anonimizada)<\/td>\n<\/tr>\n<tr data-start=\"4014\" data-end=\"4072\">\n<td style=\"width: 49.6855%\" data-start=\"4014\" data-end=\"4046\" data-col-size=\"sm\"><strong data-start=\"4016\" data-end=\"4045\">CDN y cortafuegos de Cloudflare<\/strong><\/td>\n<td style=\"width: 107.338%\" data-start=\"4046\" data-end=\"4072\" data-col-size=\"sm\">Seguridad y rendimiento<\/td>\n<\/tr>\n<tr data-start=\"4073\" data-end=\"4122\">\n<td style=\"width: 49.6855%\" data-start=\"4073\" data-end=\"4095\" data-col-size=\"sm\"><strong data-start=\"4075\" data-end=\"4094\">Cach\u00e9 LiteSpeed<\/strong><\/td>\n<td style=\"width: 107.338%\" data-start=\"4095\" data-end=\"4122\" data-col-size=\"sm\">Entrega optimizada del sitio<\/td>\n<\/tr>\n<tr data-start=\"4123\" data-end=\"4169\">\n<td style=\"width: 49.6855%\" data-start=\"4123\" data-end=\"4144\" data-col-size=\"sm\"><strong data-start=\"4125\" data-end=\"4143\">TraducirPrensa<\/strong><\/td>\n<td style=\"width: 107.338%\" data-start=\"4144\" data-end=\"4169\" data-col-size=\"sm\">Localizaci\u00f3n ling\u00fc\u00edstica<\/td>\n<\/tr>\n<tr data-start=\"4170\" data-end=\"4213\">\n<td style=\"width: 49.6855%\" data-start=\"4170\" data-end=\"4184\" data-col-size=\"sm\"><strong data-start=\"4172\" data-end=\"4183\">WPForms<\/strong><\/td>\n<td style=\"width: 107.338%\" data-start=\"4184\" data-end=\"4213\" data-col-size=\"sm\">Formularios de contacto y presupuesto<\/td>\n<\/tr>\n<tr data-start=\"4214\" data-end=\"4269\">\n<td style=\"width: 49.6855%\" data-start=\"4214\" data-end=\"4245\" data-col-size=\"sm\"><strong data-start=\"4216\" data-end=\"4244\">Widget de WhatsApp Business<\/strong><\/td>\n<td style=\"width: 107.338%\" data-start=\"4245\" data-end=\"4269\" data-col-size=\"sm\">Comunicaci\u00f3n directa<\/td>\n<\/tr>\n<tr data-start=\"4270\" data-end=\"4335\">\n<td style=\"width: 49.6855%\" data-start=\"4270\" data-end=\"4302\" data-col-size=\"sm\"><strong data-start=\"4272\" data-end=\"4301\">Elementor \/ Rank Math SEO<\/strong><\/td>\n<td style=\"width: 107.338%\" data-start=\"4302\" data-end=\"4335\" data-col-size=\"sm\">Procesamiento de p\u00e1ginas y metadatos SEO<\/td>\n<\/tr>\n<\/tbody>\n<\/table>\n<\/div>\n<\/div>\n<p data-start=\"4337\" data-end=\"4429\">Todos los terceros procesan los datos conforme a sus propias pol\u00edticas de privacidad y normas internacionales.<\/p>\n<hr data-start=\"4431\" data-end=\"4434\" \/>\n<h2 data-start=\"4436\" data-end=\"4459\"><strong data-start=\"4438\" data-end=\"4459\">7. 7. Conservaci\u00f3n de datos<\/strong><\/h2>\n<ul data-start=\"4461\" data-end=\"4671\">\n<li data-start=\"4461\" data-end=\"4511\">\n<p data-start=\"4463\" data-end=\"4511\">Registros de consultas\/cotizaciones: <strong data-start=\"4490\" data-end=\"4509\">hasta 24 meses<\/strong><\/p>\n<\/li>\n<li data-start=\"4512\" data-end=\"4555\">\n<p data-start=\"4514\" data-end=\"4555\">Datos anal\u00edticos: an\u00f3nimos y agregados<\/p>\n<\/li>\n<li data-start=\"4556\" data-end=\"4612\">\n<p data-start=\"4558\" data-end=\"4612\">Galletas: <strong data-start=\"4567\" data-end=\"4586\">hasta 12 meses<\/strong> a menos que se borre manualmente<\/p>\n<\/li>\n<li data-start=\"4613\" data-end=\"4671\">\n<p data-start=\"4615\" data-end=\"4671\">Archivos de clientes: almacenados s\u00f3lo para comunicaciones comerciales<\/p>\n<\/li>\n<\/ul>\n<hr data-start=\"4673\" data-end=\"4676\" \/>\n<h2 data-start=\"4678\" data-end=\"4713\"><strong data-start=\"4680\" data-end=\"4713\">8. Protecci\u00f3n de datos y seguridad<\/strong><\/h2>\n<p data-start=\"4715\" data-end=\"4758\">Aplicamos las protecciones est\u00e1ndar del sector:<\/p>\n<ul data-start=\"4760\" data-end=\"4924\">\n<li data-start=\"4760\" data-end=\"4778\">\n<p data-start=\"4762\" data-end=\"4778\">Cifrado SSL<\/p>\n<\/li>\n<li data-start=\"4779\" data-end=\"4820\">\n<p data-start=\"4781\" data-end=\"4820\">Cortafuegos y mitigaci\u00f3n de DDoS de Cloudflare<\/p>\n<\/li>\n<li data-start=\"4821\" data-end=\"4849\">\n<p data-start=\"4823\" data-end=\"4849\">Normas de seguridad de LiteSpeed<\/p>\n<\/li>\n<li data-start=\"4850\" data-end=\"4879\">\n<p data-start=\"4852\" data-end=\"4879\">Revisiones peri\u00f3dicas del software<\/p>\n<\/li>\n<li data-start=\"4880\" data-end=\"4924\">\n<p data-start=\"4882\" data-end=\"4924\">Control de acceso s\u00f3lo para personal autorizado<\/p>\n<\/li>\n<\/ul>\n<hr data-start=\"4926\" data-end=\"4929\" \/>\n<h2 data-start=\"4931\" data-end=\"4972\"><strong data-start=\"4933\" data-end=\"4972\">9. Sus derechos (GDPR \/ CCPA \/ PIPL)<\/strong><\/h2>\n<p data-start=\"4974\" data-end=\"5002\">Puede solicitarlo en cualquier momento:<\/p>\n<ul data-start=\"5004\" data-end=\"5338\">\n<li data-start=\"5004\" data-end=\"5047\">\n<p data-start=\"5006\" data-end=\"5047\"><strong data-start=\"5006\" data-end=\"5016\">Acceda a<\/strong> - obtener una copia de sus datos<\/p>\n<\/li>\n<li data-start=\"5048\" data-end=\"5095\">\n<p data-start=\"5050\" data-end=\"5095\"><strong data-start=\"5050\" data-end=\"5064\">Correcci\u00f3n<\/strong> - corregir la informaci\u00f3n inexacta<\/p>\n<\/li>\n<li data-start=\"5096\" data-end=\"5154\">\n<p data-start=\"5098\" data-end=\"5154\"><strong data-start=\"5098\" data-end=\"5110\">Supresi\u00f3n<\/strong> - borrar sus datos (cuando la ley lo permita)<\/p>\n<\/li>\n<li data-start=\"5155\" data-end=\"5193\">\n<p data-start=\"5157\" data-end=\"5193\"><strong data-start=\"5157\" data-end=\"5172\">Restricci\u00f3n<\/strong> - tratamiento de l\u00edmites<\/p>\n<\/li>\n<li data-start=\"5194\" data-end=\"5237\">\n<p data-start=\"5196\" data-end=\"5237\"><strong data-start=\"5196\" data-end=\"5209\">Protesto<\/strong> - exclusi\u00f3n voluntaria de determinados usos<\/p>\n<\/li>\n<li data-start=\"5238\" data-end=\"5286\">\n<p data-start=\"5240\" data-end=\"5286\"><strong data-start=\"5240\" data-end=\"5255\">Portabilidad<\/strong> - solicitar ficheros transferibles<\/p>\n<\/li>\n<li data-start=\"5287\" data-end=\"5338\">\n<p data-start=\"5289\" data-end=\"5338\"><strong data-start=\"5289\" data-end=\"5306\">CCPA: Opt-Out<\/strong> de intercambio de datos para marketing<\/p>\n<\/li>\n<\/ul>\n<p data-start=\"5340\" data-end=\"5398\">Ejercer derechos:<br data-start=\"5359\" data-end=\"5362\" \/>\ud83d\udce7 Correo electr\u00f3nico: <strong data-start=\"5372\" data-end=\"5398\"><a class=\"decorated-link cursor-pointer\" rel=\"noopener\" data-start=\"5374\" data-end=\"5396\">info@bioleaderpack.com<\/a><\/strong><\/p>\n<p data-start=\"5400\" data-end=\"5437\">Podemos exigir la verificaci\u00f3n de la identidad.<\/p>\n<hr data-start=\"5439\" data-end=\"5442\" \/>\n<h2 data-start=\"5444\" data-end=\"5482\"><strong data-start=\"5446\" data-end=\"5482\">10. Transferencias internacionales de datos<\/strong><\/h2>\n<p data-start=\"5484\" data-end=\"5598\">Como proveedor global, los datos pueden tratarse en:<br data-start=\"5531\" data-end=\"5534\" \/>\ud83c\udde8\ud83c\uddf3 China, \ud83c\uddf8\ud83c\uddec Singapur, \ud83c\uddfa\ud83c\uddf8 EE.UU., \ud83c\uddea\ud83c\uddfa UE, u otras regiones.<\/p>\n<p data-start=\"5600\" data-end=\"5635\">Bioleader\u00ae garantiza el cumplimiento de:<\/p>\n<ul data-start=\"5637\" data-end=\"5778\">\n<li data-start=\"5637\" data-end=\"5676\">\n<p data-start=\"5639\" data-end=\"5676\">Cl\u00e1usulas Contractuales Tipo (CCT)<\/p>\n<\/li>\n<li data-start=\"5677\" data-end=\"5734\">\n<p data-start=\"5679\" data-end=\"5734\">Marcos de transferencia internacional de Cloudflare y Google<\/p>\n<\/li>\n<li data-start=\"5735\" data-end=\"5778\">\n<p data-start=\"5737\" data-end=\"5778\">Requisitos para las transferencias transfronterizas PIPL<\/p>\n<\/li>\n<\/ul>\n<hr data-start=\"5780\" data-end=\"5783\" \/>\n<h2 data-start=\"5785\" data-end=\"5813\"><strong data-start=\"5787\" data-end=\"5813\">11. Privacidad de los ni\u00f1os<\/strong><\/h2>\n<p data-start=\"5815\" data-end=\"5916\">Nuestro sitio web es <strong data-start=\"5830\" data-end=\"5868\">no destinado a menores de 16 a\u00f1os<\/strong>.<br data-start=\"5869\" data-end=\"5872\" \/>No recopilamos conscientemente datos de ni\u00f1os.<\/p>\n<hr data-start=\"5918\" data-end=\"5921\" \/>\n<h2 data-start=\"5923\" data-end=\"5958\"><strong data-start=\"5925\" data-end=\"5958\">12. Toma de decisiones automatizada<\/strong><\/h2>\n<p data-start=\"5960\" data-end=\"6006\">Bioleader\u00ae hace <strong data-start=\"5976\" data-end=\"5983\">no<\/strong> utilizar los datos personales:<\/p>\n<ul data-start=\"6008\" data-end=\"6093\">\n<li data-start=\"6008\" data-end=\"6031\">\n<p data-start=\"6010\" data-end=\"6031\">Precios algor\u00edtmicos<\/p>\n<\/li>\n<li data-start=\"6032\" data-end=\"6057\">\n<p data-start=\"6034\" data-end=\"6057\">Negociaci\u00f3n automatizada<\/p>\n<\/li>\n<li data-start=\"6058\" data-end=\"6093\">\n<p data-start=\"6060\" data-end=\"6093\">Decisiones de admisibilidad automatizadas<\/p>\n<\/li>\n<\/ul>\n<p data-start=\"6095\" data-end=\"6138\">Todas las decisiones importantes son revisadas por humanos.<\/p>\n<hr data-start=\"6140\" data-end=\"6143\" \/>\n<h2 data-start=\"6145\" data-end=\"6169\"><strong data-start=\"6147\" data-end=\"6169\">13. Actualizaciones pol\u00edticas<\/strong><\/h2>\n<p data-start=\"6171\" data-end=\"6334\">Esta pol\u00edtica podr\u00e1 actualizarse a medida que evolucionen las tecnolog\u00edas, la normativa o las necesidades empresariales.<br data-start=\"6253\" data-end=\"6256\" \/>La \u00faltima versi\u00f3n se publicar\u00e1 siempre en esta p\u00e1gina con su fecha de entrada en vigor.<\/p>\n<hr data-start=\"6336\" data-end=\"6339\" \/>\n<h2 data-start=\"6341\" data-end=\"6361\"><strong data-start=\"6343\" data-end=\"6361\">14. Contacto<\/strong><\/h2>\n<p data-start=\"6363\" data-end=\"6545\"><strong data-start=\"6363\" data-end=\"6431\"><b data-path-to-node=\"10,0\" data-index-in-node=\"0\">Bioleader\u00ae | \u53a6\u95e8\u5f7c\u5229\u5f97\u73af\u4fdd\u79d1\u6280\u6709\u9650\u516c\u53f8<\/b> (Xiamen Bioleader Environmental Protection Technology Co., Ltd.)<\/strong><br data-start=\"6431\" data-end=\"6434\" \/>\ud83d\udccd No. 39 Xinglong Road, Xiamen, Fujian, China<br data-start=\"6480\" data-end=\"6483\" \/>\ud83d\udce7 <a class=\"decorated-link cursor-pointer\" rel=\"noopener\" data-start=\"6486\" data-end=\"6508\">info@bioleaderpack.com<\/a><br data-start=\"6508\" data-end=\"6511\" \/>\ud83c\udf10 https:\/\/www.bioleaderpack.com<\/p>","protected":false},"excerpt":{"rendered":"<p>\u00daltima actualizaci\u00f3n: Noviembre de 2025 En Bioleader\u00ae | \u53a6\u95e8\u5f7c\u5229\u5f97\u73af\u4fdd\u79d1\u6280\u6709\u9650\u516c\u53f8 (Xiamen Bioleader Environmental Protection Technology Co., Ltd.), nos comprometemos a proteger sus datos personales y a mantener una total transparencia sobre c\u00f3mo se recopila, utiliza, almacena y salvaguarda la informaci\u00f3n.Esta Pol\u00edtica de Privacidad cumple con las principales normativas mundiales sobre datos, incluyendo: GDPR (Uni\u00f3n Europea) CCPA \/ CPRA (California, EE.UU.) PIPL\uff08\u4e2d\u56fd\u4e2a\u4eba\u4fe1\u606f\u4fdd\u62a4\u6cd5\uff09 PDPA [...]<\/p>","protected":false},"author":3,"featured_media":28391,"parent":0,"menu_order":236,"comment_status":"closed","ping_status":"open","template":"","meta":{"_acf_changed":false,"footnotes":""},"class_list":["post-3","page","type-page","status-publish","has-post-thumbnail","hentry"],"acf":[],"_links":{"self":[{"href":"https:\/\/www.bioleaderpack.com\/es\/wp-json\/wp\/v2\/pages\/3","targetHints":{"allow":["GET"]}}],"collection":[{"href":"https:\/\/www.bioleaderpack.com\/es\/wp-json\/wp\/v2\/pages"}],"about":[{"href":"https:\/\/www.bioleaderpack.com\/es\/wp-json\/wp\/v2\/types\/page"}],"author":[{"embeddable":true,"href":"https:\/\/www.bioleaderpack.com\/es\/wp-json\/wp\/v2\/users\/3"}],"replies":[{"embeddable":true,"href":"https:\/\/www.bioleaderpack.com\/es\/wp-json\/wp\/v2\/comments?post=3"}],"version-history":[{"count":5,"href":"https:\/\/www.bioleaderpack.com\/es\/wp-json\/wp\/v2\/pages\/3\/revisions"}],"predecessor-version":[{"id":37345,"href":"https:\/\/www.bioleaderpack.com\/es\/wp-json\/wp\/v2\/pages\/3\/revisions\/37345"}],"wp:featuredmedia":[{"embeddable":true,"href":"https:\/\/www.bioleaderpack.com\/es\/wp-json\/wp\/v2\/media\/28391"}],"wp:attachment":[{"href":"https:\/\/www.bioleaderpack.com\/es\/wp-json\/wp\/v2\/media?parent=3"}],"curies":[{"name":"wp","href":"https:\/\/api.w.org\/{rel}","templated":true}]}}