{"id":25521,"date":"2025-09-24T14:16:19","date_gmt":"2025-09-24T06:16:19","guid":{"rendered":"https:\/\/www.bioleaderpack.com\/?post_type=product&#038;p=25521"},"modified":"2026-04-10T14:46:47","modified_gmt":"2026-04-10T06:46:47","slug":"taco-bell-behalter-mit-3-fachern-zuckerrohr-bagasse","status":"publish","type":"product","link":"https:\/\/www.bioleaderpack.com\/de\/produkt\/taco-bell-behalter-mit-3-fachern-zuckerrohr-bagasse\/","title":{"rendered":"Taco Bell Container mit 3 F\u00e4chern | Zuckerrohr-Bagasse | biologisch abbaubar, kompostierbar"},"content":{"rendered":"<div class=\"micro-summary-card\" style=\"background: #f6f6f9; border-left: 4px solid #4caf50; padding: 12px; margin-bottom: 16px;\"><strong>Kurze Zusammenfassung:<\/strong> Bioleader\u00aes <b>Taco Bell Beh\u00e4lter mit 3 F\u00e4chern<\/b>aus Zuckerrohr-Bagasse, ist biologisch abbaubar, auslaufsicher und perfekt f\u00fcr <b>Kombi-Mahlzeiten, Tacos und Lebensmittelverpackungen zum Mitnehmen<\/b>. OEM\/ODM-Kundenanpassung und werkseitig direktes Gro\u00dfhandelsangebot weltweit verf\u00fcgbar.<\/div>\n<div>\n<h2 data-start=\"741\" data-end=\"789\">\u00dcber Zuckerrohr-Bagasse 3-Fach Taco Bell Container<\/h2>\n<p data-start=\"790\" data-end=\"1246\">Die <strong data-start=\"794\" data-end=\"831\">3 F\u00e4cher <a href=\"https:\/\/www.bioleaderpack.com\/de\/produkt\/2-facher-taco-bell-box-zuckerrohr-bagasse\/\" target=\"_blank\" rel=\"noopener\">Taco Bell Beh\u00e4lter<\/a><\/strong> wird hergestellt aus <strong data-start=\"845\" data-end=\"866\">Zuckerrohrbagasse<\/strong>, ein erneuerbares und kompostierbares Material, das Plastik und Schaumstoff ersetzt. Konzipiert f\u00fcr <strong data-start=\"950\" data-end=\"1006\">mehrteilige Mahlzeiten, Combo-Sets und Verpackungen zum Mitnehmen<\/strong>Es ist robust, fettbest\u00e4ndig und umweltfreundlich. Bioleader\u00ae, als ein <strong data-start=\"1086\" data-end=\"1120\">Chinesische Fabrik &amp; Hersteller<\/strong>bietet wettbewerbsf\u00e4hige <strong data-start=\"1141\" data-end=\"1161\">Gro\u00dfhandelslieferung<\/strong> und voll <strong data-start=\"1171\" data-end=\"1196\">OEM\/ODM-Anpassung<\/strong> f\u00fcr globale Marken und Foodservice-H\u00e4ndler.<\/p>\n<\/div>\n<div>\n<table style=\"border-collapse: collapse; width: 100%;\">\n<tbody>\n<tr>\n<td style=\"width: 100%;\"><img fetchpriority=\"high\" decoding=\"async\" class=\"alignnone wp-image-24714 size-full\" title=\"Taco Bell Container mit 3 F\u00e4chern | Zuckerrohr-Bagasse | biologisch abbaubar, kompostierbar\" src=\"https:\/\/www.bioleaderpack.com\/wp-content\/uploads\/2025\/09\/B101-10.jpg\" alt=\"Taco Bell Container mit 3 F\u00e4chern | Zuckerrohr-Bagasse | biologisch abbaubar, kompostierbar\" width=\"1200\" height=\"1200\" srcset=\"https:\/\/www.bioleaderpack.com\/wp-content\/uploads\/2025\/09\/B101-10.jpg.webp 1200w, https:\/\/www.bioleaderpack.com\/wp-content\/uploads\/2025\/09\/B101-10-150x150.jpg.webp 150w, https:\/\/www.bioleaderpack.com\/wp-content\/uploads\/2025\/09\/B101-10-300x300.jpg.webp 300w, https:\/\/www.bioleaderpack.com\/wp-content\/uploads\/2025\/09\/B101-10-768x768.jpg.webp 768w, https:\/\/www.bioleaderpack.com\/wp-content\/uploads\/2025\/09\/B101-10-1024x1024.jpg.webp 1024w, https:\/\/www.bioleaderpack.com\/wp-content\/uploads\/2025\/09\/B101-10-12x12.jpg.webp 12w, https:\/\/www.bioleaderpack.com\/wp-content\/uploads\/2025\/09\/B101-10-600x600.jpg.webp 600w, https:\/\/www.bioleaderpack.com\/wp-content\/uploads\/2025\/09\/B101-10-100x100.jpg.webp 100w\" sizes=\"(max-width: 1200px) 100vw, 1200px\" \/><\/td>\n<\/tr>\n<\/tbody>\n<\/table>\n<table style=\"border-collapse: collapse; width: 100%;\">\n<tbody>\n<tr>\n<td style=\"width: 50%;\"><img decoding=\"async\" class=\"alignnone wp-image-24720 size-full\" title=\"Taco Bell Beh\u00e4lter mit 3 F\u00e4chern\" src=\"https:\/\/www.bioleaderpack.com\/wp-content\/uploads\/2025\/09\/B101size.jpg\" alt=\"Taco Bell Beh\u00e4lter mit 3 F\u00e4chern\" width=\"1200\" height=\"1200\" srcset=\"https:\/\/www.bioleaderpack.com\/wp-content\/uploads\/2025\/09\/B101size.jpg.webp 1200w, https:\/\/www.bioleaderpack.com\/wp-content\/uploads\/2025\/09\/B101size-300x300.jpg.webp 300w, https:\/\/www.bioleaderpack.com\/wp-content\/uploads\/2025\/09\/B101size-100x100.jpg.webp 100w, https:\/\/www.bioleaderpack.com\/wp-content\/uploads\/2025\/09\/B101size-600x600.jpg.webp 600w, https:\/\/www.bioleaderpack.com\/wp-content\/uploads\/2025\/09\/B101size-1024x1024.jpg.webp 1024w, https:\/\/www.bioleaderpack.com\/wp-content\/uploads\/2025\/09\/B101size-150x150.jpg.webp 150w, https:\/\/www.bioleaderpack.com\/wp-content\/uploads\/2025\/09\/B101size-768x768.jpg.webp 768w, https:\/\/www.bioleaderpack.com\/wp-content\/uploads\/2025\/09\/B101size-12x12.jpg.webp 12w\" sizes=\"(max-width: 1200px) 100vw, 1200px\" \/><\/td>\n<td style=\"width: 50%;\"><img decoding=\"async\" class=\"size-full wp-image-24703\" title=\"Umweltfreundliche Lebensmittelverpackungsboxen | Ideal f\u00fcr Catering &amp; Restaurantlinien (Gro\u00dfhandel)\" src=\"https:\/\/www.bioleaderpack.com\/wp-content\/uploads\/2025\/09\/B101-3.png\" alt=\"Umweltfreundliche Lebensmittelverpackungsboxen | Ideal f\u00fcr Catering &amp; Restaurantlinien (Gro\u00dfhandel)\" width=\"1200\" height=\"1200\" srcset=\"https:\/\/www.bioleaderpack.com\/wp-content\/uploads\/2025\/09\/B101-3.png.webp 1200w, https:\/\/www.bioleaderpack.com\/wp-content\/uploads\/2025\/09\/B101-3-300x300.png.webp 300w, https:\/\/www.bioleaderpack.com\/wp-content\/uploads\/2025\/09\/B101-3-100x100.png.webp 100w, https:\/\/www.bioleaderpack.com\/wp-content\/uploads\/2025\/09\/B101-3-600x600.png.webp 600w, https:\/\/www.bioleaderpack.com\/wp-content\/uploads\/2025\/09\/B101-3-1024x1024.png.webp 1024w, https:\/\/www.bioleaderpack.com\/wp-content\/uploads\/2025\/09\/B101-3-150x150.png.webp 150w, https:\/\/www.bioleaderpack.com\/wp-content\/uploads\/2025\/09\/B101-3-768x768.png.webp 768w, https:\/\/www.bioleaderpack.com\/wp-content\/uploads\/2025\/09\/B101-3-12x12.png.webp 12w\" sizes=\"(max-width: 1200px) 100vw, 1200px\" \/><\/td>\n<\/tr>\n<\/tbody>\n<\/table>\n<hr data-start=\"1234\" data-end=\"1237\" \/>\n<h2 data-start=\"1253\" data-end=\"1281\">Hauptmerkmale und Vorteile<\/h2>\n<p data-start=\"1283\" data-end=\"1330\"><strong data-start=\"1283\" data-end=\"1296\">Material:<\/strong> Zuckerrohr Bagasse (Pflanzenfaser)<\/p>\n<ol data-start=\"1332\" data-end=\"1957\">\n<li data-start=\"1332\" data-end=\"1440\">\n<p data-start=\"1335\" data-end=\"1440\"><strong data-start=\"1335\" data-end=\"1367\">Umweltfreundlich und biologisch abbaubar<\/strong> - Zersetzt sich auf nat\u00fcrliche Weise innerhalb von 90-120 Tagen unter <a href=\"https:\/\/www.bioleaderpack.com\/de\/was-ist-industrieller-kompost-und-hauskompost\/\" target=\"_blank\" rel=\"noopener\" data-wpil-monitor-id=\"3212\">industrielle Kompostierung<\/a>.<\/p>\n<\/li>\n<li data-start=\"1441\" data-end=\"1521\">\n<p data-start=\"1444\" data-end=\"1521\"><strong data-start=\"1444\" data-end=\"1468\">3-Kammer-Design<\/strong> - H\u00e4lt Tacos, Beilagen und So\u00dfen sauber getrennt.<\/p>\n<\/li>\n<li data-start=\"1522\" data-end=\"1599\">\n<p data-start=\"1525\" data-end=\"1599\"><strong data-start=\"1525\" data-end=\"1549\">Auslaufsicher &amp; langlebig<\/strong> - Widerstandsf\u00e4hig gegen Fett, Feuchtigkeit und hei\u00dfe Lebensmittel.<\/p>\n<\/li>\n<li data-start=\"1600\" data-end=\"1676\">\n<p data-start=\"1603\" data-end=\"1676\"><strong data-start=\"1603\" data-end=\"1631\">Mikrowelle und Gefrierschrank sicher<\/strong> - Geeignet zum Aufw\u00e4rmen und zur kalten Lagerung.<\/p>\n<\/li>\n<li data-start=\"1677\" data-end=\"1770\">\n<p data-start=\"1680\" data-end=\"1770\"><strong data-start=\"1680\" data-end=\"1701\">Sicher im Kontakt mit Lebensmitteln<\/strong> - PFAS-frei, FDA\/LFGB-gepr\u00fcft, konform mit <a href=\"https:\/\/www.bioleaderpack.com\/de\/en13432-vs-astm-d6400-kurzanleitung-fur-exportkaufer\/\" target=\"_blank\" rel=\"noopener\" data-wpil-monitor-id=\"3211\">EN13432 und ASTM D6400<\/a>.<\/p>\n<\/li>\n<li data-start=\"1771\" data-end=\"1857\">\n<p data-start=\"1774\" data-end=\"1857\"><strong data-start=\"1774\" data-end=\"1793\">OEM\/ODM-Dienstleistung<\/strong> - Kundenspezifische Gr\u00f6\u00dfen, Aufdrucke und Verpackungen f\u00fcr die Sichtbarkeit der Marke.<\/p>\n<\/li>\n<li data-start=\"1858\" data-end=\"1957\">\n<p data-start=\"1861\" data-end=\"1957\"><strong data-start=\"1861\" data-end=\"1889\">Ideal f\u00fcr QSR und Catering<\/strong> - Entwickelt f\u00fcr Fast-Food-Ketten, Food Trucks und Event-Catering.<\/p>\n<table style=\"border-collapse: collapse; width: 100%;\">\n<tbody>\n<tr>\n<td style=\"width: 100%;\"><img loading=\"lazy\" decoding=\"async\" class=\"alignnone wp-image-24710 size-full\" title=\"Taco Bell Container mit 3 F\u00e4chern | Zuckerrohr-Bagasse | biologisch abbaubar, kompostierbar\" src=\"https:\/\/www.bioleaderpack.com\/wp-content\/uploads\/2025\/09\/B101-7.jpg\" alt=\"Taco Bell Container mit 3 F\u00e4chern | Zuckerrohr-Bagasse | biologisch abbaubar, kompostierbar\" width=\"1200\" height=\"1200\" srcset=\"https:\/\/www.bioleaderpack.com\/wp-content\/uploads\/2025\/09\/B101-7.jpg.webp 1200w, https:\/\/www.bioleaderpack.com\/wp-content\/uploads\/2025\/09\/B101-7-300x300.jpg.webp 300w, https:\/\/www.bioleaderpack.com\/wp-content\/uploads\/2025\/09\/B101-7-100x100.jpg.webp 100w, https:\/\/www.bioleaderpack.com\/wp-content\/uploads\/2025\/09\/B101-7-600x600.jpg.webp 600w, https:\/\/www.bioleaderpack.com\/wp-content\/uploads\/2025\/09\/B101-7-1024x1024.jpg.webp 1024w, https:\/\/www.bioleaderpack.com\/wp-content\/uploads\/2025\/09\/B101-7-150x150.jpg.webp 150w, https:\/\/www.bioleaderpack.com\/wp-content\/uploads\/2025\/09\/B101-7-768x768.jpg.webp 768w, https:\/\/www.bioleaderpack.com\/wp-content\/uploads\/2025\/09\/B101-7-12x12.jpg.webp 12w\" sizes=\"(max-width: 1200px) 100vw, 1200px\" \/><\/td>\n<\/tr>\n<\/tbody>\n<\/table>\n<table style=\"border-collapse: collapse; width: 100%;\">\n<tbody>\n<tr>\n<td style=\"width: 50%;\"><img loading=\"lazy\" decoding=\"async\" class=\"alignnone wp-image-24743 size-full\" title=\"Taco Bell Container mit 3 F\u00e4chern | Zuckerrohr-Bagasse \" src=\"https:\/\/www.bioleaderpack.com\/wp-content\/uploads\/2025\/09\/CIB-02-B101-4.jpg\" alt=\"Taco Bell Container mit 3 F\u00e4chern | Zuckerrohr-Bagasse \" width=\"1200\" height=\"1200\" srcset=\"https:\/\/www.bioleaderpack.com\/wp-content\/uploads\/2025\/09\/CIB-02-B101-4.jpg.webp 1200w, https:\/\/www.bioleaderpack.com\/wp-content\/uploads\/2025\/09\/CIB-02-B101-4-300x300.jpg.webp 300w, https:\/\/www.bioleaderpack.com\/wp-content\/uploads\/2025\/09\/CIB-02-B101-4-100x100.jpg.webp 100w, https:\/\/www.bioleaderpack.com\/wp-content\/uploads\/2025\/09\/CIB-02-B101-4-600x600.jpg.webp 600w, https:\/\/www.bioleaderpack.com\/wp-content\/uploads\/2025\/09\/CIB-02-B101-4-1024x1024.jpg.webp 1024w, https:\/\/www.bioleaderpack.com\/wp-content\/uploads\/2025\/09\/CIB-02-B101-4-150x150.jpg.webp 150w, https:\/\/www.bioleaderpack.com\/wp-content\/uploads\/2025\/09\/CIB-02-B101-4-768x768.jpg.webp 768w, https:\/\/www.bioleaderpack.com\/wp-content\/uploads\/2025\/09\/CIB-02-B101-4-12x12.jpg.webp 12w\" sizes=\"(max-width: 1200px) 100vw, 1200px\" \/><\/td>\n<td style=\"width: 50%;\"><img loading=\"lazy\" decoding=\"async\" class=\"alignnone wp-image-24742 size-full\" title=\"Taco Bell Container mit 3 F\u00e4chern | Zuckerrohr-Bagasse \" src=\"https:\/\/www.bioleaderpack.com\/wp-content\/uploads\/2025\/09\/CIB-02-B101-3.jpg\" alt=\"Taco Bell Container mit 3 F\u00e4chern | Zuckerrohr-Bagasse \" width=\"1200\" height=\"1200\" srcset=\"https:\/\/www.bioleaderpack.com\/wp-content\/uploads\/2025\/09\/CIB-02-B101-3.jpg.webp 1200w, https:\/\/www.bioleaderpack.com\/wp-content\/uploads\/2025\/09\/CIB-02-B101-3-300x300.jpg.webp 300w, https:\/\/www.bioleaderpack.com\/wp-content\/uploads\/2025\/09\/CIB-02-B101-3-100x100.jpg.webp 100w, https:\/\/www.bioleaderpack.com\/wp-content\/uploads\/2025\/09\/CIB-02-B101-3-600x600.jpg.webp 600w, https:\/\/www.bioleaderpack.com\/wp-content\/uploads\/2025\/09\/CIB-02-B101-3-1024x1024.jpg.webp 1024w, https:\/\/www.bioleaderpack.com\/wp-content\/uploads\/2025\/09\/CIB-02-B101-3-150x150.jpg.webp 150w, https:\/\/www.bioleaderpack.com\/wp-content\/uploads\/2025\/09\/CIB-02-B101-3-768x768.jpg.webp 768w, https:\/\/www.bioleaderpack.com\/wp-content\/uploads\/2025\/09\/CIB-02-B101-3-12x12.jpg.webp 12w\" sizes=\"(max-width: 1200px) 100vw, 1200px\" \/><\/td>\n<\/tr>\n<\/tbody>\n<\/table>\n<\/li>\n<\/ol>\n<hr data-start=\"1768\" data-end=\"1771\" \/>\n<h2 data-start=\"1964\" data-end=\"1989\">Verwendung und Anwendungen<\/h2>\n<ul data-start=\"1990\" data-end=\"2358\">\n<li data-start=\"1990\" data-end=\"2078\">\n<p data-start=\"1992\" data-end=\"2078\"><strong data-start=\"1992\" data-end=\"2026\">Fast-Food-Ketten und Restaurants<\/strong> - Ideal f\u00fcr Taco-Kombinationen und Mehrspeisensets.<\/p>\n<\/li>\n<li data-start=\"2079\" data-end=\"2154\">\n<p data-start=\"2081\" data-end=\"2154\"><strong data-start=\"2081\" data-end=\"2102\">Catering &amp; Veranstaltungen<\/strong> - Perfekt zum Servieren von organisierten Mahlzeiten mit mehreren Komponenten.<\/p>\n<\/li>\n<li data-start=\"2155\" data-end=\"2250\">\n<p data-start=\"2157\" data-end=\"2250\"><strong data-start=\"2157\" data-end=\"2189\">Food Trucks &amp; Stra\u00dfenverk\u00e4ufer<\/strong> - Praktische, umweltfreundliche Verpackung f\u00fcr Tacos und Snacks.<\/p>\n<\/li>\n<li data-start=\"2251\" data-end=\"2358\">\n<p data-start=\"2253\" data-end=\"2358\"><strong data-start=\"2253\" data-end=\"2282\">Lieferung &amp; Cloud-K\u00fcchen<\/strong> - Zuverl\u00e4ssige, auslaufsichere und hitzebest\u00e4ndige Verpackungen zum Mitnehmen und f\u00fcr den Versand.<\/p>\n<table style=\"border-collapse: collapse; width: 100%;\">\n<tbody>\n<tr>\n<td style=\"width: 50%;\"><img loading=\"lazy\" decoding=\"async\" class=\"alignnone wp-image-24709 size-full\" title=\"Kompostierbarer Taco Bell-Beh\u00e4lter Zellstoff-Formanlage Faser\" src=\"https:\/\/www.bioleaderpack.com\/wp-content\/uploads\/2025\/09\/B101-6.png\" alt=\"Kompostierbarer Taco Bell-Beh\u00e4lter Zellstoff-Formanlage Faser\" width=\"1200\" height=\"1200\" srcset=\"https:\/\/www.bioleaderpack.com\/wp-content\/uploads\/2025\/09\/B101-6.png.webp 1200w, https:\/\/www.bioleaderpack.com\/wp-content\/uploads\/2025\/09\/B101-6-300x300.png.webp 300w, https:\/\/www.bioleaderpack.com\/wp-content\/uploads\/2025\/09\/B101-6-100x100.png.webp 100w, https:\/\/www.bioleaderpack.com\/wp-content\/uploads\/2025\/09\/B101-6-600x600.png.webp 600w, https:\/\/www.bioleaderpack.com\/wp-content\/uploads\/2025\/09\/B101-6-1024x1024.png.webp 1024w, https:\/\/www.bioleaderpack.com\/wp-content\/uploads\/2025\/09\/B101-6-150x150.png.webp 150w, https:\/\/www.bioleaderpack.com\/wp-content\/uploads\/2025\/09\/B101-6-768x768.png.webp 768w, https:\/\/www.bioleaderpack.com\/wp-content\/uploads\/2025\/09\/B101-6-12x12.png.webp 12w\" sizes=\"(max-width: 1200px) 100vw, 1200px\" \/><\/td>\n<td style=\"width: 50%;\"><img loading=\"lazy\" decoding=\"async\" class=\"alignnone wp-image-24705 size-full\" title=\"Kompostierbarer Taco Bell-Beh\u00e4lter aus Zuckerrohr-Bagasse\" src=\"https:\/\/www.bioleaderpack.com\/wp-content\/uploads\/2025\/09\/B101-4.png\" alt=\"Kompostierbarer Taco Bell-Beh\u00e4lter aus Zuckerrohr-Bagasse\" width=\"1200\" height=\"1200\" srcset=\"https:\/\/www.bioleaderpack.com\/wp-content\/uploads\/2025\/09\/B101-4.png.webp 1200w, https:\/\/www.bioleaderpack.com\/wp-content\/uploads\/2025\/09\/B101-4-300x300.png.webp 300w, https:\/\/www.bioleaderpack.com\/wp-content\/uploads\/2025\/09\/B101-4-100x100.png.webp 100w, https:\/\/www.bioleaderpack.com\/wp-content\/uploads\/2025\/09\/B101-4-600x600.png.webp 600w, https:\/\/www.bioleaderpack.com\/wp-content\/uploads\/2025\/09\/B101-4-1024x1024.png.webp 1024w, https:\/\/www.bioleaderpack.com\/wp-content\/uploads\/2025\/09\/B101-4-150x150.png.webp 150w, https:\/\/www.bioleaderpack.com\/wp-content\/uploads\/2025\/09\/B101-4-768x768.png.webp 768w, https:\/\/www.bioleaderpack.com\/wp-content\/uploads\/2025\/09\/B101-4-12x12.png.webp 12w\" sizes=\"(max-width: 1200px) 100vw, 1200px\" \/><\/td>\n<\/tr>\n<\/tbody>\n<\/table>\n<\/li>\n<\/ul>\n<hr data-start=\"2152\" data-end=\"2155\" \/>\n<h2 data-start=\"2365\" data-end=\"2405\">Warum Bioleader\u00ae Hersteller w\u00e4hlen?<\/h2>\n<ul data-start=\"2406\" data-end=\"2779\">\n<li data-start=\"2406\" data-end=\"2477\">\n<p data-start=\"2408\" data-end=\"2477\"><strong data-start=\"2408\" data-end=\"2434\">Fabrik-Direkt OEM\/ODM<\/strong> - Sparen Sie Kosten mit Gro\u00dfhandelsbestellungen.<\/p>\n<\/li>\n<li data-start=\"2478\" data-end=\"2551\">\n<p data-start=\"2480\" data-end=\"2551\"><strong data-start=\"2480\" data-end=\"2508\">Hohe Produktionskapazit\u00e4t<\/strong> - Stabiles Angebot f\u00fcr Gro\u00dfabnehmer.<\/p>\n<\/li>\n<li data-start=\"2552\" data-end=\"2658\">\n<p data-start=\"2554\" data-end=\"2658\"><strong data-start=\"2554\" data-end=\"2584\">Globale Zertifizierung bereit<\/strong> - BPI\/T\u00dcV-zertifiziert, FDA\/LFGB-gepr\u00fcft, EN13432 und ASTM D6400-konform.<\/p>\n<\/li>\n<li data-start=\"2659\" data-end=\"2779\">\n<p data-start=\"2661\" data-end=\"2779\"><strong data-start=\"2661\" data-end=\"2682\">Weltweit vertrauensw\u00fcrdig<\/strong> - Seit 2013 beliefert Bioleader\u00ae weltweit gro\u00dfe QSR-Marken und Catering-H\u00e4ndler.<\/p>\n<\/li>\n<\/ul>\n<h2 data-start=\"2786\" data-end=\"2830\">FAQ - Taco Bell Beh\u00e4lter mit 3 F\u00e4chern<\/h2>\n<p data-start=\"2832\" data-end=\"2986\"><strong data-start=\"2832\" data-end=\"2901\">Q1: Sind die 3-Kammer-Beh\u00e4lter aus Zuckerrohrbagasse biologisch abbaubar?<\/strong><br data-start=\"2901\" data-end=\"2904\" \/>Ja, unter industriellen Kompostierungsbedingungen zersetzen sie sich in 90-120 Tagen vollst\u00e4ndig.<\/p>\n<p data-start=\"2988\" data-end=\"3143\"><strong data-start=\"2988\" data-end=\"3050\">F2: K\u00f6nnen die 3 F\u00e4cher sowohl hei\u00dfe als auch kalte Speisen aufnehmen?<\/strong><br data-start=\"3050\" data-end=\"3053\" \/>Ja, sie sind hitzebest\u00e4ndig, fettdicht und eignen sich sowohl f\u00fcr warme als auch f\u00fcr gek\u00fchlte Speisen.<\/p>\n<p data-start=\"3145\" data-end=\"3256\"><strong data-start=\"3145\" data-end=\"3189\">F3: Sind diese Beh\u00e4lter mikrowellengeeignet?<\/strong><br data-start=\"3189\" data-end=\"3192\" \/>Ja, sie k\u00f6nnen ohne Bedenken in der Mikrowelle zum Aufw\u00e4rmen von Speisen verwendet werden.<\/p>\n<p data-start=\"3258\" data-end=\"3416\"><strong data-start=\"3258\" data-end=\"3321\">F4: Kann ich die Box mit dem Logo oder Design meiner Marke versehen?<\/strong><br data-start=\"3321\" data-end=\"3324\" \/>Ja, Bioleader\u00ae bietet umfassende OEM\/ODM-Dienstleistungen, einschlie\u00dflich Logodruck und Verpackungsdesign.<\/p>\n<p data-start=\"3418\" data-end=\"3566\"><strong data-start=\"3418\" data-end=\"3485\">F5: Sind die Beh\u00e4lter auslaufsicher f\u00fcr So\u00dfen und fettige Speisen?<\/strong><br data-start=\"3485\" data-end=\"3488\" \/>Unbedingt. Die sichere Konstruktion verhindert ein Auslaufen w\u00e4hrend des Transports oder der Lieferung.<\/p>\n<p data-start=\"3568\" data-end=\"3713\"><strong data-start=\"3568\" data-end=\"3623\">F6: Bieten Sie Gro\u00dfhandelspreise f\u00fcr Gro\u00dfbestellungen an?<\/strong><br data-start=\"3623\" data-end=\"3626\" \/>Ja, wir bieten wettbewerbsf\u00e4hige Gro\u00dfhandelspreise f\u00fcr Gro\u00dfabnehmer an, die direkt vom Hersteller kommen.<\/p>\n<p data-start=\"3715\" data-end=\"3847\"><strong data-start=\"3715\" data-end=\"3762\">F7: Sind diese Beh\u00e4lter f\u00fcr den Kontakt mit Lebensmitteln geeignet?<\/strong><br data-start=\"3762\" data-end=\"3765\" \/>Ja, sie sind PFAS-frei, FDA\/LFGB-gepr\u00fcft und f\u00fcr sichere Lebensmittelverpackungen zertifiziert.<\/p>\n<p data-start=\"3849\" data-end=\"4003\"><strong data-start=\"3849\" data-end=\"3913\">F8: Sind die Container f\u00fcr die M\u00e4rkte in den USA und der EU exportf\u00e4hig?<\/strong><br data-start=\"3913\" data-end=\"3916\" \/>Ja, sie erf\u00fcllen EN13432, ASTM D6400 und andere internationale Kompostierbarkeitsstandards.<\/p>\n<\/div>\n<p><script type=\"application\/ld+json\">{\n    \"@context\": \"https:\\\/\\\/schema.org\",\n    \"@type\": \"FAQPage\",\n    \"mainEntity\": [\n        {\n            \"@type\": \"Question\",\n            \"name\": \"Are sugarcane bagasse 3-compartment containers biodegradable?\",\n            \"acceptedAnswer\": {\n                \"@type\": \"Answer\",\n                \"text\": \"Yes, they fully decompose in 90\\u2013120 days under industrial composting conditions.\"\n            }\n        },\n        {\n            \"@type\": \"Question\",\n            \"name\": \"Can the 3 compartments handle both hot and cold foods?\",\n            \"acceptedAnswer\": {\n                \"@type\": \"Answer\",\n                \"text\": \"Yes, they are heat-resistant, grease-proof, and suitable for both hot and chilled meals.\"\n            }\n        },\n        {\n            \"@type\": \"Question\",\n            \"name\": \"Are these containers microwave-safe?\",\n            \"acceptedAnswer\": {\n                \"@type\": \"Answer\",\n                \"text\": \"Yes, they can safely be used in microwaves for reheating food.\"\n            }\n        },\n        {\n            \"@type\": \"Question\",\n            \"name\": \"Can I customize the box with my brand\\u2019s logo or design?\",\n            \"acceptedAnswer\": {\n                \"@type\": \"Answer\",\n                \"text\": \"Yes, Bioleader\\u00ae offers full OEM\\\/ODM services including logo printing and packaging design.\"\n            }\n        },\n        {\n            \"@type\": \"Question\",\n            \"name\": \"Are the containers leak-proof for sauces and greasy dishes?\",\n            \"acceptedAnswer\": {\n                \"@type\": \"Answer\",\n                \"text\": \"Absolutely. The secure design prevents leakage during transport or delivery.\"\n            }\n        },\n        {\n            \"@type\": \"Question\",\n            \"name\": \"Do you offer wholesale pricing for bulk orders?\",\n            \"acceptedAnswer\": {\n                \"@type\": \"Answer\",\n                \"text\": \"Yes, we provide competitive factory-direct wholesale pricing for large-volume buyers.\"\n            }\n        },\n        {\n            \"@type\": \"Question\",\n            \"name\": \"Are these containers food-contact safe?\",\n            \"acceptedAnswer\": {\n                \"@type\": \"Answer\",\n                \"text\": \"Yes, they are PFAS-free, FDA\\\/LFGB tested, and certified for safe food packaging.\"\n            }\n        },\n        {\n            \"@type\": \"Question\",\n            \"name\": \"Are the containers export-ready for U.S. and EU markets?\",\n            \"acceptedAnswer\": {\n                \"@type\": \"Answer\",\n                \"text\": \"Yes, they meet EN13432, ASTM D6400, and other international compostability standards.\"\n            }\n        }\n    ]\n}<\/script><\/p>\n<h2>Warum der Taco Bell Container mit 3 F\u00e4chern die ultimative umweltfreundliche Combo-Box ist<\/h2>\n<div class=\"semantic-insight-block\" style=\"background: #f9fcf7; border-left: 4px solid #43a047; padding: 14px; margin-top: 18px;\">\n<ul>\n<li><b>Wie?<\/b> Zuckerrohr-Bagasse ist eine erneuerbare, kompostierbare Alternative zu Erd\u00f6lkunststoffen.<\/li>\n<li><b>Warum?<\/b> Das Design mit 3 F\u00e4chern h\u00e4lt die Mahlzeiten frisch und organisiert und unterst\u00fctzt gleichzeitig die Ziele der Nachhaltigkeit.<\/li>\n<li><b>Optionen:<\/b> Bioleader\u00ae bietet vollst\u00e4ndige OEM\/ODM-Anpassung, Druck und Gr\u00f6\u00dfenflexibilit\u00e4t.<\/li>\n<li><b>Erw\u00e4gung:<\/b> Die Einhaltung der Normen EN13432 und ASTM D6400 gew\u00e4hrleistet einen reibungslosen Export in die EU und die USA.<\/li>\n<li><b>Trend:<\/b> Fast-Food-Marken stellen im Jahr 2025 auf biologisch abbaubare Mehrkammerverpackungen um, um der Nachfrage nach \u00f6kologischen Verpackungen gerecht zu werden.<\/li>\n<\/ul>\n<\/div>","protected":false},"excerpt":{"rendered":"<p>Bioleader\u00aes <strong data-start=\"7710\" data-end=\"7747\">Taco Bell Beh\u00e4lter mit 3 F\u00e4chern<\/strong>, hergestellt aus <strong data-start=\"7759\" data-end=\"7780\">Zuckerrohrbagasse<\/strong>ist vollst\u00e4ndig biologisch abbaubar, auslaufsicher und eignet sich perfekt f\u00fcr Tacos, Kombi-Mahlzeiten und Verpackungen zum Mitnehmen mit mehreren Artikeln. Mikrowellengeeignet, fettbest\u00e4ndig und zertifiziert (FDA\/LFGB, EN13432 &amp; ASTM D6400). Als <strong data-start=\"7976\" data-end=\"8020\">Chinesische Fabrik &amp; Gro\u00dfhandel Hersteller<\/strong>Bioleader\u00ae bietet OEM\/ODM-Anpassung und Lieferung in gro\u00dfen Mengen f\u00fcr den Export.<\/p>","protected":false},"featured_media":24714,"comment_status":"closed","ping_status":"closed","template":"","meta":{"_acf_changed":false},"product_brand":[8971],"product_cat":[7144,7146],"product_tag":[9523,9525,9511,9526,9530,9600,9603,9599,9601,9529,9602],"class_list":{"0":"post-25521","1":"product","2":"type-product","3":"status-publish","4":"has-post-thumbnail","6":"product_brand-bioleader","7":"product_cat-bagasse-clamshell-box","8":"product_cat-bagasse-food-container","9":"product_tag-3-compartment-taco-bell-container","10":"product_tag-biodegradable-combo-meal-box","11":"product_tag-compostable-taco-box","12":"product_tag-compostable-taco-packaging","13":"product_tag-oem-odm-food-packaging-supplier","14":"product_tag-taco-bell-box","15":"product_tag-taco-bell-container","16":"product_tag-taco-box","17":"product_tag-taco-container","18":"product_tag-taco-meal-packaging-with-lids","19":"product_tag-taco-packaging","21":"first","22":"instock","23":"shipping-taxable","24":"purchasable","25":"product-type-simple"},"acf":[],"_links":{"self":[{"href":"https:\/\/www.bioleaderpack.com\/de\/wp-json\/wp\/v2\/product\/25521","targetHints":{"allow":["GET"]}}],"collection":[{"href":"https:\/\/www.bioleaderpack.com\/de\/wp-json\/wp\/v2\/product"}],"about":[{"href":"https:\/\/www.bioleaderpack.com\/de\/wp-json\/wp\/v2\/types\/product"}],"replies":[{"embeddable":true,"href":"https:\/\/www.bioleaderpack.com\/de\/wp-json\/wp\/v2\/comments?post=25521"}],"wp:featuredmedia":[{"embeddable":true,"href":"https:\/\/www.bioleaderpack.com\/de\/wp-json\/wp\/v2\/media\/24714"}],"wp:attachment":[{"href":"https:\/\/www.bioleaderpack.com\/de\/wp-json\/wp\/v2\/media?parent=25521"}],"wp:term":[{"taxonomy":"product_brand","embeddable":true,"href":"https:\/\/www.bioleaderpack.com\/de\/wp-json\/wp\/v2\/product_brand?post=25521"},{"taxonomy":"product_cat","embeddable":true,"href":"https:\/\/www.bioleaderpack.com\/de\/wp-json\/wp\/v2\/product_cat?post=25521"},{"taxonomy":"product_tag","embeddable":true,"href":"https:\/\/www.bioleaderpack.com\/de\/wp-json\/wp\/v2\/product_tag?post=25521"}],"curies":[{"name":"wp","href":"https:\/\/api.w.org\/{rel}","templated":true}]}}