{"id":13771,"date":"2024-08-09T16:19:20","date_gmt":"2024-08-09T08:19:20","guid":{"rendered":"https:\/\/www.bioleaderpack.com\/fr\/produit\/biodegradable-plastic-plates-factory-supplier-bulk\/"},"modified":"2026-04-27T17:21:35","modified_gmt":"2026-04-27T09:21:35","slug":"biologisch-abbaubare-kunststoffteller","status":"publish","type":"product","link":"https:\/\/www.bioleaderpack.com\/de\/produkt\/biologisch-abbaubare-kunststoffteller\/","title":{"rendered":"Biologisch abbaubare Kunststoffteller Fabrik Lieferant Bulk"},"content":{"rendered":"<figure id=\"attachment_1857\" aria-describedby=\"caption-attachment-1857\" style=\"width: 1000px\" class=\"wp-caption alignnone\"><img fetchpriority=\"high\" decoding=\"async\" class=\"wp-image-1857 size-full\" title=\"Biologisch abbaubare Kunststoffteller\" src=\"https:\/\/www.bioleaderpack.com\/wp-content\/uploads\/2024\/08\/IMG_9823-\u62f7\u8d1d.jpg\" alt=\"Biologisch abbaubare Kunststoffteller\" width=\"1000\" height=\"1000\" srcset=\"https:\/\/www.bioleaderpack.com\/wp-content\/uploads\/2024\/08\/IMG_9823-\u62f7\u8d1d.jpg.webp 1000w, https:\/\/www.bioleaderpack.com\/wp-content\/uploads\/2024\/08\/IMG_9823-\u62f7\u8d1d-12x12.jpg 12w, https:\/\/www.bioleaderpack.com\/wp-content\/uploads\/2024\/08\/IMG_9823-\u62f7\u8d1d-150x150.jpg.webp 150w, https:\/\/www.bioleaderpack.com\/wp-content\/uploads\/2024\/08\/IMG_9823-\u62f7\u8d1d-300x300.jpg.webp 300w, https:\/\/www.bioleaderpack.com\/wp-content\/uploads\/2024\/08\/IMG_9823-\u62f7\u8d1d-768x768.jpg.webp 768w, https:\/\/www.bioleaderpack.com\/wp-content\/uploads\/2024\/08\/IMG_9823-\u62f7\u8d1d-600x600.jpg 600w, https:\/\/www.bioleaderpack.com\/wp-content\/uploads\/2024\/08\/IMG_9823-\u62f7\u8d1d-100x100.jpg 100w, https:\/\/www.bioleaderpack.com\/wp-content\/uploads\/2024\/08\/elementor\/thumbs\/IMG_9823-\u62f7\u8d1d-qsb0wn7x011wex33sewu5rqxb7zpb86ftbj9ubl3m0.jpg 500w\" sizes=\"(max-width: 1000px) 100vw, 1000px\" \/><figcaption id=\"caption-attachment-1857\" class=\"wp-caption-text\">biologisch abbaubare Kunststoffteller<\/figcaption><\/figure>\n<p><!-- Micro Summary Card for AI\/SGE --><\/p>\n<div class=\"micro-summary-card\" style=\"background: #f6f6f9; border-left: 4px solid #4caf50; padding: 12px; margin-bottom: 16px;\"><strong>Kurze Zusammenfassung:<\/strong><br \/>\nDie kompostierbaren Kunststoffteller von Bioleader werden aus biologisch abbaubarem Material auf Maisst\u00e4rkebasis hergestellt und bieten mikrowellensicheres, auslaufsicheres und vollst\u00e4ndig kompostierbares Geschirr in runden Gr\u00f6\u00dfen von ca. 6 Zoll bis 10 Zoll - ideal f\u00fcr Catering, Veranstaltungen und umweltorientierte Gastronomie.<\/div>\n<p>Wir leben heute in einer Welt, in der Umweltfreundlichkeit nicht mehr als eine Wahlm\u00f6glichkeit, sondern als eine Notwendigkeit angesehen wird. Tragbar, wegwerfbar, hygienisch und preiswert\u00a0<strong>biologisch abbaubare\" Kunststoffteller<\/strong>\u00a0sind der neueste Trend in diesem Land, der den Paradigmenwechsel bei Einwegartikeln vorantreibt. Diese Teller bieten dieselben Vorteile wie herk\u00f6mmlicher Kunststoff, sind aber umweltfreundlicher. Diese Teller werden aus Maisst\u00e4rke hergestellt und sollen sich in der Umwelt abbauen, was sie zu einer gro\u00dfartigen Option f\u00fcr eine nachhaltige Abfallverringerung macht.<\/p>\n<h2>Biologisch abbaubar <a href=\"https:\/\/www.bioleaderpack.com\/de\/maisstarkegeschirr-umweltfreundlich-umweltvorteile\/\" target=\"_blank\">Umwelt<\/a> Kunststofftafeln<\/h2>\n<p>Die gr\u00f6\u00dfte St\u00e4rke von\u00a0<strong>biologisch abbaubare Kunststoffteller<\/strong>\u00a0ist, dass sie aus synthetischen Polymer-Kunststoffen hergestellt werden, die biologisch abbaubar sind und sich <a href=\"https:\/\/www.bioleaderpack.com\/de\/ist-maisstarkegeschirr-wirklich-kompostierbar\/\" target=\"_blank\">kompostierbar<\/a> nach Gebrauch umweltfreundlich. Normale Kunststoffteller brauchen Hunderte von Jahren, bevor sie sich zersetzen, w\u00e4hrend diese Teller im Gegensatz zu anderen Kunststoffen recht leicht zu zerbrechen sind. Daher gibt es keine R\u00fcckst\u00e4nde von giftigen Materialien, die den Boden oder das Wasser vergiften. Durch die Verwendung von\u00a0<strong><a href=\"https:\/\/www.bioleaderpack.com\/de\/produkt\/biologisch-abbaubare-pappteller-10-zoll\/\" target=\"_blank\" rel=\"noopener\" data-wpil-monitor-id=\"1699\">biologisch abbaubare Kunststoffteller<\/a><\/strong>Unternehmen und sogar Einzelpersonen k\u00f6nnen einen gro\u00dfen Beitrag dazu leisten, dass der Plastikm\u00fcll nicht weiter zunimmt.<\/p>\n<table width=\"700\">\n<tbody>\n<tr>\n<td width=\"97\"><strong>Artikel Code<\/strong><\/td>\n<td width=\"189\"><strong>Beschreibung<\/strong><\/td>\n<td width=\"61\"><strong>Gewicht<\/strong>(g)<\/td>\n<td width=\"102\"><strong>Gr\u00f6\u00dfe des Produkts<\/strong>\u00a0 (mm)<\/td>\n<td width=\"60\">PCS\/ PACK<\/td>\n<td width=\"69\">PCS\/ CTNS<\/td>\n<td colspan=\"3\" width=\"122\">Gr\u00f6\u00dfe des Kartons (cm)<\/td>\n<\/tr>\n<tr>\n<td>BGY-0601<\/td>\n<td width=\"189\">Speisest\u00e4rke-Teller 6\u2033<\/td>\n<td>8<\/td>\n<td width=\"102\">\u03c6152<\/td>\n<td width=\"60\">50<\/td>\n<td>2000<\/td>\n<td width=\"40\">63<\/td>\n<td width=\"41\">27.5<\/td>\n<td width=\"41\">32<\/td>\n<\/tr>\n<tr>\n<td>BGY-0701<\/td>\n<td width=\"189\">Speisest\u00e4rke-Teller 7\u2033<\/td>\n<td>10<\/td>\n<td width=\"102\">\u03c6178<\/td>\n<td width=\"60\">50<\/td>\n<td>1000<\/td>\n<td>36.5<\/td>\n<td>23<\/td>\n<td>37.5<\/td>\n<\/tr>\n<tr>\n<td>BGY-0801<\/td>\n<td width=\"189\">Speisest\u00e4rke-Teller 8\u2033<\/td>\n<td>14<\/td>\n<td width=\"102\">\u03c6203<\/td>\n<td width=\"60\">50<\/td>\n<td>1000<\/td>\n<td width=\"40\">44.5<\/td>\n<td width=\"41\">42.5<\/td>\n<td width=\"41\">23<\/td>\n<\/tr>\n<tr>\n<td>BGY-0901<\/td>\n<td width=\"189\">Speisest\u00e4rke-Teller 9\u2033<\/td>\n<td>20<\/td>\n<td width=\"102\">\u03c6228<\/td>\n<td width=\"60\">50<\/td>\n<td>600<\/td>\n<td width=\"40\">48<\/td>\n<td width=\"41\">30<\/td>\n<td width=\"41\">24.5<\/td>\n<\/tr>\n<tr>\n<td>BGY-0903<\/td>\n<td width=\"189\">Speisest\u00e4rkeplatte 9\u2033 3C<\/td>\n<td>20<\/td>\n<td width=\"102\">\u03c6228<\/td>\n<td width=\"60\">50<\/td>\n<td>600<\/td>\n<td width=\"40\">48<\/td>\n<td width=\"41\">30<\/td>\n<td width=\"41\">24.5<\/td>\n<\/tr>\n<tr>\n<td>BGY-1001<\/td>\n<td width=\"189\">Speisest\u00e4rkeplatte 10\u2033.<\/td>\n<td>23<\/td>\n<td width=\"102\">\u03c6254<\/td>\n<td width=\"60\">50<\/td>\n<td>600<\/td>\n<td width=\"40\">52<\/td>\n<td width=\"41\">23.5<\/td>\n<td width=\"41\">27.5<\/td>\n<\/tr>\n<tr>\n<td>BGY-1003<\/td>\n<td width=\"189\">Speisest\u00e4rkeplatte 10\u2033 3C<\/td>\n<td>23<\/td>\n<td width=\"102\">\u03c6254<\/td>\n<td width=\"60\">50<\/td>\n<td>600<\/td>\n<td width=\"40\">52<\/td>\n<td width=\"41\">23.5<\/td>\n<td width=\"41\">27.5<\/td>\n<\/tr>\n<\/tbody>\n<\/table>\n<div><\/div>\n<div>\n<table style=\"border-collapse: collapse; width: 100%;\">\n<tbody>\n<tr>\n<td style=\"width: 50%;\"><img decoding=\"async\" class=\"size-full wp-image-1875\" title=\"Biologisch abbaubare Kunststoffteller\" src=\"https:\/\/www.bioleaderpack.com\/wp-content\/uploads\/2024\/08\/IMG_9758.jpg\" alt=\"Biologisch abbaubare Kunststoffteller\" width=\"1000\" height=\"1000\" srcset=\"https:\/\/www.bioleaderpack.com\/wp-content\/uploads\/2024\/08\/IMG_9758.jpg.webp 1000w, https:\/\/www.bioleaderpack.com\/wp-content\/uploads\/2024\/08\/IMG_9758-12x12.jpg 12w, https:\/\/www.bioleaderpack.com\/wp-content\/uploads\/2024\/08\/IMG_9758-150x150.jpg.webp 150w, https:\/\/www.bioleaderpack.com\/wp-content\/uploads\/2024\/08\/IMG_9758-300x300.jpg.webp 300w, https:\/\/www.bioleaderpack.com\/wp-content\/uploads\/2024\/08\/IMG_9758-768x768.jpg.webp 768w, https:\/\/www.bioleaderpack.com\/wp-content\/uploads\/2024\/08\/IMG_9758-600x600.jpg 600w, https:\/\/www.bioleaderpack.com\/wp-content\/uploads\/2024\/08\/IMG_9758-100x100.jpg 100w\" sizes=\"(max-width: 1000px) 100vw, 1000px\" \/><\/td>\n<td style=\"width: 50%;\"><img decoding=\"async\" class=\"wp-image-1876 size-full\" title=\"Biologisch abbaubare Kunststoffteller\" src=\"https:\/\/www.bioleaderpack.com\/wp-content\/uploads\/2024\/08\/IMG_9759.jpg\" alt=\"Biologisch abbaubare Kunststoffteller\" width=\"1000\" height=\"1000\" srcset=\"https:\/\/www.bioleaderpack.com\/wp-content\/uploads\/2024\/08\/IMG_9759.jpg.webp 1000w, https:\/\/www.bioleaderpack.com\/wp-content\/uploads\/2024\/08\/IMG_9759-300x300.jpg.webp 300w, https:\/\/www.bioleaderpack.com\/wp-content\/uploads\/2024\/08\/IMG_9759-100x100.jpg 100w, https:\/\/www.bioleaderpack.com\/wp-content\/uploads\/2024\/08\/IMG_9759-600x600.jpg 600w, https:\/\/www.bioleaderpack.com\/wp-content\/uploads\/2024\/08\/IMG_9759-150x150.jpg.webp 150w, https:\/\/www.bioleaderpack.com\/wp-content\/uploads\/2024\/08\/IMG_9759-768x768.jpg.webp 768w\" sizes=\"(max-width: 1000px) 100vw, 1000px\" \/><\/td>\n<\/tr>\n<tr>\n<td style=\"width: 50%;\"><img loading=\"lazy\" decoding=\"async\" class=\"wp-image-1879 size-full\" title=\"Biologisch abbaubare Kunststoffteller\" src=\"https:\/\/www.bioleaderpack.com\/wp-content\/uploads\/2024\/08\/IMG_9772.jpg\" alt=\"Biologisch abbaubare Kunststoffteller\" width=\"1000\" height=\"1000\" srcset=\"https:\/\/www.bioleaderpack.com\/wp-content\/uploads\/2024\/08\/IMG_9772.jpg.webp 1000w, https:\/\/www.bioleaderpack.com\/wp-content\/uploads\/2024\/08\/IMG_9772-300x300.jpg.webp 300w, https:\/\/www.bioleaderpack.com\/wp-content\/uploads\/2024\/08\/IMG_9772-100x100.jpg 100w, https:\/\/www.bioleaderpack.com\/wp-content\/uploads\/2024\/08\/IMG_9772-600x600.jpg 600w, https:\/\/www.bioleaderpack.com\/wp-content\/uploads\/2024\/08\/IMG_9772-150x150.jpg.webp 150w, https:\/\/www.bioleaderpack.com\/wp-content\/uploads\/2024\/08\/IMG_9772-768x768.jpg.webp 768w\" sizes=\"(max-width: 1000px) 100vw, 1000px\" \/><\/td>\n<td style=\"width: 50%;\"><img loading=\"lazy\" decoding=\"async\" class=\"wp-image-1878 size-full\" title=\"Biologisch abbaubare Kunststoffteller\" src=\"https:\/\/www.bioleaderpack.com\/wp-content\/uploads\/2024\/08\/IMG_9761.jpg\" alt=\"Biologisch abbaubare Kunststoffteller\" width=\"1000\" height=\"1000\" srcset=\"https:\/\/www.bioleaderpack.com\/wp-content\/uploads\/2024\/08\/IMG_9761.jpg.webp 1000w, https:\/\/www.bioleaderpack.com\/wp-content\/uploads\/2024\/08\/IMG_9761-300x300.jpg.webp 300w, https:\/\/www.bioleaderpack.com\/wp-content\/uploads\/2024\/08\/IMG_9761-100x100.jpg 100w, https:\/\/www.bioleaderpack.com\/wp-content\/uploads\/2024\/08\/IMG_9761-600x600.jpg 600w, https:\/\/www.bioleaderpack.com\/wp-content\/uploads\/2024\/08\/IMG_9761-150x150.jpg.webp 150w, https:\/\/www.bioleaderpack.com\/wp-content\/uploads\/2024\/08\/IMG_9761-768x768.jpg.webp 768w\" sizes=\"(max-width: 1000px) 100vw, 1000px\" \/><\/td>\n<\/tr>\n<\/tbody>\n<\/table>\n<\/div>\n<h2>Zweckm\u00e4\u00dfigkeit und Funktionalit\u00e4t bei der Gestaltung von St\u00fchlen<\/h2>\n<p>Eine Vielzahl von biologisch abbaubaren Kunststoff-Teller Designs sind in den Dimensionen f\u00fcr jeden Bedarf, die geeignet ist, von 6 Zoll bis 10 Zoll. Sie haben sich zu einer guten Option f\u00fcr den Alltag und sogar f\u00fcr besondere Anl\u00e4sse entwickelt, weil sie sowohl praktisch als auch umweltfreundlich sind. Sie sind sehr robust, d. h. sie vertragen hei\u00dfe oder kalte Speisen und k\u00f6nnen daher f\u00fcr jede Art von Mahlzeit verwendet werden. Biologisch abbaubare Kunststoffteller k\u00f6nnen aufgrund ihrer F\u00e4higkeit, mehr als einen Zweck zu erf\u00fcllen, beim Catering, in Restaurants oder zu Hause verwendet werden.<\/p>\n<h2>Visuelle Gestaltung und praktische Anwendung<\/h2>\n<p>Biologisch abbaubare Kunststoffteller k\u00f6nnen als sch\u00f6n und n\u00fctzlich bezeichnet werden, wenn es um ihre Gestaltung geht. Das Aussehen der Teller ist schlicht, so dass diese Teller zu jeder Art von Speisenpr\u00e4sentation passen. Sie sind fest und zerbrechen nicht so leicht, so dass sie der modernen und gehobenen K\u00fcche jede Art von Teller bieten, die sie sich w\u00fcnschen. Ob f\u00fcr ein entspanntes Mittagessen im Park oder ein eleganteres Abendessen am Tisch, biologisch abbaubare Kunststoffteller sehen immer gut aus und sind dennoch praktisch, weshalb sie von den Menschen bevorzugt werden.<\/p>\n<figure id=\"attachment_1861\" aria-describedby=\"caption-attachment-1861\" style=\"width: 1000px\" class=\"wp-caption alignnone\"><img loading=\"lazy\" decoding=\"async\" class=\"wp-image-1861 size-full\" style=\"font-size: 14px;\" title=\"Biologisch abbaubare Kunststoffteller\" src=\"https:\/\/www.bioleaderpack.com\/wp-content\/uploads\/2024\/08\/IMG_9824.jpg\" alt=\"Biologisch abbaubare Kunststoffteller\" width=\"1000\" height=\"1000\" srcset=\"https:\/\/www.bioleaderpack.com\/wp-content\/uploads\/2024\/08\/IMG_9824.jpg.webp 1000w, https:\/\/www.bioleaderpack.com\/wp-content\/uploads\/2024\/08\/IMG_9824-300x300.jpg.webp 300w, https:\/\/www.bioleaderpack.com\/wp-content\/uploads\/2024\/08\/IMG_9824-100x100.jpg 100w, https:\/\/www.bioleaderpack.com\/wp-content\/uploads\/2024\/08\/IMG_9824-600x600.jpg 600w, https:\/\/www.bioleaderpack.com\/wp-content\/uploads\/2024\/08\/IMG_9824-150x150.jpg.webp 150w, https:\/\/www.bioleaderpack.com\/wp-content\/uploads\/2024\/08\/IMG_9824-768x768.jpg.webp 768w\" sizes=\"(max-width: 1000px) 100vw, 1000px\" \/><figcaption id=\"caption-attachment-1861\" class=\"wp-caption-text\">biologisch abbaubare Kunststoffteller<\/figcaption><\/figure>\n<h2>Sicherstellung von Qualit\u00e4t und Nachhaltigkeit<\/h2>\n<p>Als\u00a0<strong>China Fabrik &amp; Lieferant<\/strong>sind wir stolz darauf, eine Reihe von biobasierten und\u00a0<em>biologisch abbaubare Einwegteller<\/em>\u00a0die die strengsten Umweltanforderungen erf\u00fcllen. Denn unsere Schilder sind von guter Qualit\u00e4t und werden zu erschwinglichen Preisen verkauft. Diese Schilder sind im Gro\u00dfhandel f\u00fcr Unternehmen erh\u00e4ltlich, die gr\u00fcnes Marketing betreiben wollen, indem sie ihren Kunden umweltfreundliche Produkte anbieten, ohne Kompromisse bei der Qualit\u00e4t einzugehen.<\/p>\n<p>Da solche Kunststoffteller biologisch abbaubar sind, ist dies einer der wichtigsten Vorteile der Verwendung solcher Teller. Diese umweltfreundlichen Teller aus solchen Materialien zersetzen sich in etwa einem Jahrzehnt, was im Vergleich zu normalen Kunststoffen, die mehrere Jahrhunderte oder l\u00e4nger brauchen, um sich zu zersetzen, kurz ist. <a href=\"https:\/\/www.bioleaderpack.com\/de\/ist-maisstarkegeschirr-wirklich-kompostierbar\/\" target=\"_blank\">auf einer M\u00fclldeponie abbauen<\/a>.<\/p>\n<p>Au\u00dferdem sorgt das Material Maisst\u00e4rke daf\u00fcr, dass die Teller sowohl biologisch abbaubar als auch essbar sind. Sie k\u00f6nnen sowohl f\u00fcr warme als auch f\u00fcr kalte Speisen verwendet werden und eignen sich daher f\u00fcr alle Arten von Mahlzeiten. Die Gr\u00f6\u00dfe von 6-10 Zoll stellt sicher, dass es verschiedene Portionsgr\u00f6\u00dfen f\u00fcr diejenigen gibt, die kleine Gr\u00f6\u00dfen bevorzugen und andere, die gr\u00f6\u00dfere Standards w\u00fcnschen.<\/p>\n<p>Abgesehen vom \u00f6kologischen Aspekt sind biologisch abbaubare Kunststoffteller genauso handlich und einfach zu benutzen wie alle anderen Einwegteller. Sie haben ein geringes Gewicht, sind leicht zu transportieren und m\u00fcssen nach dem Gebrauch nicht abgewaschen werden. Daher sind sie sehr n\u00fctzlich f\u00fcr Picknicks, Partys, Hochzeiten und andere Veranstaltungen, bei denen Speisen serviert werden m\u00fcssen und die Reinigung kurz ist.<\/p>\n<h2>Schlussfolgerung<\/h2>\n<p><strong>Biologisch abbaubare Kunststoffteller<\/strong>\u00a0sind der richtige Weg, wenn es um die Verwendung von Einweggeschirr geht. Das Geschirr ist umweltfreundlich und tr\u00e4gt dazu bei, Verschwendung zu vermeiden, und ist au\u00dferdem so konzipiert, dass es viele Menschen anspricht. Sie sind f\u00fcr den Gro\u00dfhandel zu einem erschwinglichen Preis erh\u00e4ltlich, da wir uns als\u00a0<strong>Chinesische Fabrik &amp; Hersteller<\/strong>.<\/p>\n<h2>FAQ<\/h2>\n<p data-start=\"207\" data-end=\"531\"><strong data-start=\"207\" data-end=\"263\">F1: Woraus werden biologisch abbaubare Kunststoffteller hergestellt?<\/strong><br data-start=\"263\" data-end=\"266\" \/><strong data-start=\"266\" data-end=\"273\">A1:<\/strong> Biologisch abbaubare Kunststoffteller werden in der Regel aus erneuerbaren pflanzlichen Materialien wie PLA (Polymilchs\u00e4ure), Maisst\u00e4rke oder anderen kompostierbaren Biokunststoffen hergestellt. Diese Materialien zersetzen sich unter Kompostierungsbedingungen auf nat\u00fcrliche Weise, im Gegensatz zu Kunststoffen auf Erd\u00f6lbasis.<\/p>\n<hr data-start=\"533\" data-end=\"536\" \/>\n<p data-start=\"538\" data-end=\"856\"><strong data-start=\"538\" data-end=\"620\">F2: Kann ich biologisch abbaubare Kunststoffplatten direkt von einer chinesischen Fabrik beziehen?<\/strong><br data-start=\"620\" data-end=\"623\" \/><strong data-start=\"623\" data-end=\"630\">A2:<\/strong> Ja, viele zuverl\u00e4ssige chinesische Fabriken und Hersteller bieten direkte <a href=\"https:\/\/www.bioleaderpack.com\/de\/kompostierbare-kunststoffteller-in-voller-grose-6-10inch-bioleader-hersteller\/\" target=\"_blank\" rel=\"noopener\"  data-wpil-monitor-id=\"3412\">Gro\u00dfhandel mit biologisch abbaubaren Kunststofftellern<\/a>. Gro\u00dfbestellungen sorgen f\u00fcr niedrigere St\u00fcckkosten und erm\u00f6glichen kundenspezifische Anpassungen, Private Labeling und OEM\/ODM-Services.<\/p>\n<hr data-start=\"858\" data-end=\"861\" \/>\n<p data-start=\"863\" data-end=\"1169\"><strong data-start=\"863\" data-end=\"931\">F3: Erf\u00fcllen biologisch abbaubare Teller die weltweiten Zertifizierungsstandards?<\/strong><br data-start=\"931\" data-end=\"934\" \/><strong data-start=\"934\" data-end=\"941\">A3:<\/strong> Seri\u00f6se Anbieter bieten biologisch abbaubare Kunststoffteller an, die den internationalen Normen entsprechen, z. B. <strong data-start=\"1048\" data-end=\"1059\">EN13432<\/strong>, <strong data-start=\"1061\" data-end=\"1075\">ASTM D6400<\/strong>, <strong data-start=\"1077\" data-end=\"1084\">BPI<\/strong>und <strong data-start=\"1090\" data-end=\"1108\">T\u00dcV OK Kompost<\/strong>Sie gew\u00e4hrleisten Sicherheit, Kompostierbarkeit und die Einhaltung von Lebensmittelstandards.<\/p>\n<hr data-start=\"1171\" data-end=\"1174\" \/>\n<p data-start=\"1176\" data-end=\"1495\"><strong data-start=\"1176\" data-end=\"1256\">F4: Sind biologisch abbaubare Kunststoffteller f\u00fcr hei\u00dfe, kalte und \u00f6lige Speisen geeignet?<\/strong><br data-start=\"1256\" data-end=\"1259\" \/><strong data-start=\"1259\" data-end=\"1266\">A4:<\/strong> Ja, hochwertige, biologisch abbaubare Kunststoffteller sind <strong data-start=\"1318\" data-end=\"1363\">hitzebest\u00e4ndig, \u00f6lbest\u00e4ndig und auslaufsicher<\/strong>Dadurch eignen sie sich f\u00fcr warme Mahlzeiten, Salate und sogar fettige Speisen. Pr\u00fcfen Sie immer die Produktspezifikationen, bevor Sie in gro\u00dfem Umfang bestellen.<\/p>\n<hr data-start=\"1497\" data-end=\"1500\" \/>\n<p data-start=\"1502\" data-end=\"1832\"><strong data-start=\"1502\" data-end=\"1571\">F5: Warum sollten Unternehmen auf <a href=\"https:\/\/www.bioleaderpack.com\/de\/produkt\/biologisch-abbaubare-teller-aus-zuckerrohr-bagasse-9-zoll\/\" target=\"_blank\" rel=\"noopener\" data-wpil-monitor-id=\"1706\">biologisch abbaubare Platten in loser Sch\u00fcttung<\/a>?<\/strong><br data-start=\"1571\" data-end=\"1574\" \/><strong data-start=\"1574\" data-end=\"1581\">A5:<\/strong> Der Kauf von biologisch abbaubaren Tellern in gro\u00dfen Mengen unterst\u00fctzt Umweltziele, senkt langfristig die Verpackungskosten und erf\u00fcllt die steigende Kundennachfrage nach nachhaltigen Produkten. Au\u00dferdem ist es ein Wettbewerbsvorteil f\u00fcr umweltbewusste Marken und Gastronomiebetriebe.<\/p>\n<h2>Biologisch abbaubare Kunststoffteller 6-10 Zoll: Kompostierbares, auslaufsicheres Geschirr f\u00fcr Veranstaltungen und Foodservice<\/h2>\n<div class=\"semantic-insight-block\" style=\"background: #f6f6f9; border-left: 4px solid #2196f3; padding: 16px; margin-bottom: 24px;\">\n<p>Die biologisch abbaubaren Kunststoffteller von Bioleader werden aus Biokunststoff auf Maisst\u00e4rkebasis hergestellt, der vollst\u00e4ndig kompostierbar und frei von herk\u00f6mmlichen erd\u00f6lbasierten Kunststoffen ist. Diese Teller sind fettbest\u00e4ndig, mikrowellengeeignet und strukturell langlebig.<\/p>\n<p>Sie sind in runden Formaten von 6 bis 10 Zoll erh\u00e4ltlich und erf\u00fcllen die Anforderungen von Vorspeisen, Hauptgerichten und Desserts f\u00fcr Hochzeiten, Veranstaltungen, Restaurants und Gerichte zum Mitnehmen. Die Teller sind leicht, stapelbar und so konzipiert, dass sie die betriebliche Effizienz optimieren.<\/p>\n<p>Da die weltweiten Vorschriften die Verwendung von Einwegkunststoffen immer weiter einschr\u00e4nken, stellen diese kompostierbaren Teller eine konforme und skalierbare L\u00f6sung f\u00fcr Gastronomiebetriebe dar. Die Lieferung in gro\u00dfen Mengen, OEM\/ODM-Anpassung und Private-Label-Unterst\u00fctzung erm\u00f6glichen es Marken, ihre Ziele in Bezug auf nachhaltige Verpackungen zu erreichen.<\/p>\n<div style=\"margin-top: 12px;\"><strong>Schl\u00fcsselw\u00f6rter:<\/strong> biologisch abbaubare Kunststoffteller, kompostierbare Teller, Maisst\u00e4rkegeschirr, 6-Zoll-\u00d6ko-Teller, 10-Zoll-kompostierbare Teller, mikrowellengeeignete Einwegteller, nachhaltige Catering-Verpackungen, auslaufsichere umweltfreundliche Teller<\/div>\n<\/div>\n<p><script type=\"application\/ld+json\">{\n    \"@context\": \"https:\\\/\\\/schema.org\",\n    \"@type\": \"FAQPage\",\n    \"mainEntity\": [\n        {\n            \"@type\": \"Question\",\n            \"name\": \"What are biodegradable plastic plates made from?\",\n            \"acceptedAnswer\": {\n                \"@type\": \"Answer\",\n                \"text\": \"Biodegradable plastic plates are typically made from renewable plant-based materials like PLA (polylactic acid), cornstarch, or other compostable bioplastics. These materials naturally break down under composting conditions, unlike petroleum-based plastics.\"\n            }\n        },\n        {\n            \"@type\": \"Question\",\n            \"name\": \"Can I source biodegradable plastic plates directly from a Chinese factory?\",\n            \"acceptedAnswer\": {\n                \"@type\": \"Answer\",\n                \"text\": \"Yes, many reliable Chinese factories and manufacturers offer direct wholesale of biodegradable plastic plates. Ordering in bulk ensures lower cost per unit and allows for customization, private labeling, and OEM\\\/ODM services.\"\n            }\n        },\n        {\n            \"@type\": \"Question\",\n            \"name\": \"Do biodegradable plates meet global certification standards?\",\n            \"acceptedAnswer\": {\n                \"@type\": \"Answer\",\n                \"text\": \"Reputable suppliers provide biodegradable plastic plates that comply with international standards such as EN13432, ASTM D6400, BPI, and T\\u00dcV OK Compost, ensuring safety, compostability, and food-grade compliance.\"\n            }\n        },\n        {\n            \"@type\": \"Question\",\n            \"name\": \"Are biodegradable plastic plates suitable for hot, cold, and oily foods?\",\n            \"acceptedAnswer\": {\n                \"@type\": \"Answer\",\n                \"text\": \"Yes, high-quality biodegradable plastic plates are heat-resistant, oil-proof, and leak-proof, making them suitable for hot meals, salads, or even greasy foods. Always check product specifications before large-scale ordering.\"\n            }\n        },\n        {\n            \"@type\": \"Question\",\n            \"name\": \"Why should businesses switch to biodegradable plates in bulk?\",\n            \"acceptedAnswer\": {\n                \"@type\": \"Answer\",\n                \"text\": \"Buying biodegradable plates in bulk supports environmental goals, reduces long-term packaging costs, and meets increasing customer demand for sustainable products. It's also a competitive advantage for eco-conscious brands and food service providers.\"\n            }\n        }\n    ]\n}<\/script><\/p>","protected":false},"excerpt":{"rendered":"<p data-start=\"263\" data-end=\"869\">M\u00f6chten Sie Kunststoffabf\u00e4lle reduzieren, ohne die Leistung zu beeintr\u00e4chtigen? Bioleader's <strong data-start=\"341\" data-end=\"373\">Biologisch abbaubare Kunststoffteller<\/strong> sind hergestellt aus <strong data-start=\"388\" data-end=\"418\">Materialien auf Maisst\u00e4rkebasis<\/strong>und bietet eine nachhaltige, kompostierbare Alternative zu herk\u00f6mmlichem Plastikgeschirr. Mit ihrem <strong data-start=\"513\" data-end=\"537\">klassisches wei\u00dfes Design<\/strong>Die glatte Oberfl\u00e4che und die hohe Hitzebest\u00e4ndigkeit machen diese Platten ideal f\u00fcr <strong data-start=\"608\" data-end=\"689\">Restaurants, Schulspeisungen, Mitnahmeservice, Hochzeiten und Catering f\u00fcr Unternehmen<\/strong>. Sie sind robust, auslaufsicher, mikrowellengeeignet und vollst\u00e4ndig biologisch abbaubar - das perfekte umweltfreundliche Upgrade f\u00fcr die moderne Gemeinschaftsverpflegung, erh\u00e4ltlich <strong data-start=\"825\" data-end=\"868\">direkt von der Fabrik zu Gro\u00dfhandelspreisen<\/strong>.<\/p>","protected":false},"featured_media":1857,"comment_status":"open","ping_status":"closed","template":"","meta":{"_acf_changed":false},"product_brand":[8971],"product_cat":[8821],"product_tag":[8822,6461,8823,8876,8834,8835],"class_list":{"0":"post-13771","1":"product","2":"type-product","3":"status-publish","4":"has-post-thumbnail","6":"product_brand-bioleader","7":"product_cat-cornstarch-plate","8":"product_tag-biodegradable-plastic-plates","9":"product_tag-biodegradable-plates","10":"product_tag-compostable-plastic-plates","11":"product_tag-cornstarch-plastic-plates","12":"product_tag-disposable-plastic-plates","13":"product_tag-eco-friendly-disposable-plates","15":"first","16":"instock","17":"purchasable","18":"product-type-simple"},"acf":[],"_links":{"self":[{"href":"https:\/\/www.bioleaderpack.com\/de\/wp-json\/wp\/v2\/product\/13771","targetHints":{"allow":["GET"]}}],"collection":[{"href":"https:\/\/www.bioleaderpack.com\/de\/wp-json\/wp\/v2\/product"}],"about":[{"href":"https:\/\/www.bioleaderpack.com\/de\/wp-json\/wp\/v2\/types\/product"}],"replies":[{"embeddable":true,"href":"https:\/\/www.bioleaderpack.com\/de\/wp-json\/wp\/v2\/comments?post=13771"}],"wp:featuredmedia":[{"embeddable":true,"href":"https:\/\/www.bioleaderpack.com\/de\/wp-json\/wp\/v2\/media\/1857"}],"wp:attachment":[{"href":"https:\/\/www.bioleaderpack.com\/de\/wp-json\/wp\/v2\/media?parent=13771"}],"wp:term":[{"taxonomy":"product_brand","embeddable":true,"href":"https:\/\/www.bioleaderpack.com\/de\/wp-json\/wp\/v2\/product_brand?post=13771"},{"taxonomy":"product_cat","embeddable":true,"href":"https:\/\/www.bioleaderpack.com\/de\/wp-json\/wp\/v2\/product_cat?post=13771"},{"taxonomy":"product_tag","embeddable":true,"href":"https:\/\/www.bioleaderpack.com\/de\/wp-json\/wp\/v2\/product_tag?post=13771"}],"curies":[{"name":"wp","href":"https:\/\/api.w.org\/{rel}","templated":true}]}}