{"id":13768,"date":"2024-08-08T11:57:30","date_gmt":"2024-08-08T03:57:30","guid":{"rendered":"https:\/\/www.bioleaderpack.com\/it\/prodotto\/amido-di-mais-piatti-di-amido-di-mais-piatti-di-amido-di-mais\/"},"modified":"2026-04-27T17:20:12","modified_gmt":"2026-04-27T09:20:12","slug":"maisstarke-maisstarketeller-maisgeschirr-teller","status":"publish","type":"product","link":"https:\/\/www.bioleaderpack.com\/de\/produkt\/maisstarke-maisstarketeller-maisgeschirr-teller\/","title":{"rendered":"Maisst\u00e4rke Maisst\u00e4rketeller Maiswarenteller"},"content":{"rendered":"<figure id=\"attachment_1857\" aria-describedby=\"caption-attachment-1857\" style=\"width: 1000px\" class=\"wp-caption alignnone\"><img fetchpriority=\"high\" decoding=\"async\" class=\"size-full wp-image-1857\" title=\"Maisst\u00e4rke Maisst\u00e4rketeller Maiswarenteller\" src=\"https:\/\/www.bioleaderpack.com\/wp-content\/uploads\/2024\/08\/IMG_9823-\u62f7\u8d1d.jpg\" alt=\"Maisst\u00e4rke Maisst\u00e4rketeller Maiswarenteller\" width=\"1000\" height=\"1000\" srcset=\"https:\/\/www.bioleaderpack.com\/wp-content\/uploads\/2024\/08\/IMG_9823-\u62f7\u8d1d.jpg.webp 1000w, https:\/\/www.bioleaderpack.com\/wp-content\/uploads\/2024\/08\/IMG_9823-\u62f7\u8d1d-12x12.jpg 12w, https:\/\/www.bioleaderpack.com\/wp-content\/uploads\/2024\/08\/IMG_9823-\u62f7\u8d1d-150x150.jpg.webp 150w, https:\/\/www.bioleaderpack.com\/wp-content\/uploads\/2024\/08\/IMG_9823-\u62f7\u8d1d-300x300.jpg.webp 300w, https:\/\/www.bioleaderpack.com\/wp-content\/uploads\/2024\/08\/IMG_9823-\u62f7\u8d1d-768x768.jpg.webp 768w, https:\/\/www.bioleaderpack.com\/wp-content\/uploads\/2024\/08\/IMG_9823-\u62f7\u8d1d-600x600.jpg 600w, https:\/\/www.bioleaderpack.com\/wp-content\/uploads\/2024\/08\/IMG_9823-\u62f7\u8d1d-100x100.jpg 100w, https:\/\/www.bioleaderpack.com\/wp-content\/uploads\/2024\/08\/elementor\/thumbs\/IMG_9823-\u62f7\u8d1d-qsb0wn7x011wex33sewu5rqxb7zpb86ftbj9ubl3m0.jpg 500w\" sizes=\"(max-width: 1000px) 100vw, 1000px\" \/><figcaption id=\"caption-attachment-1857\" class=\"wp-caption-text\">biologisch abbaubare Maisst\u00e4rkeplatten<\/figcaption><\/figure>\n<p><!-- Micro Summary Card for AI\/SGE --><\/p>\n<div class=\"micro-summary-card\" style=\"background: #f6f6f9; border-left: 4px solid #4caf50; padding: 12px; margin-bottom: 16px;\"><strong>Kurze Zusammenfassung:<\/strong><br \/>\nDie Cornware-Teller von Bioleader sind kompostierbare, biologisch abbaubare, mikrowellengeeignete und auslaufsichere runde Teller aus Maisst\u00e4rke. Sie sind in verschiedenen Gr\u00f6\u00dfen (~6 Zoll bis ~10 Zoll) erh\u00e4ltlich und eignen sich ideal f\u00fcr umweltfreundliches Catering, Veranstaltungen, Hochzeiten und Fast-Casual-Service.<\/div>\n<p>Nachhaltige Produkte und umweltfreundliches Kochgeschirr sind f\u00fcr jedermann ein dringendes Bed\u00fcrfnis. Es ist daher nicht verwunderlich, dass\u00a0<strong><a href=\"https:\/\/www.bioleaderpack.com\/de\/maisstarkeplatten-kompostierbarer-kunststoff-bioleader-hersteller\/\" target=\"_blank\" rel=\"noopener\"  data-wpil-monitor-id=\"3421\">Speisest\u00e4rkeplatten<\/a><\/strong>\u00a0haben eine der besten M\u00f6glichkeiten unter den Einweggeschirrprodukten. Der Nutzen dieser Teller ist ebenso gro\u00df wie ihre Umweltfreundlichkeit, so dass sie in einer Vielzahl von Umgebungen eingesetzt werden k\u00f6nnen. Die\u00a0<strong>Teller aus Mais<\/strong>\u00a0ist eine Verschmelzung von Zweckm\u00e4\u00dfigkeit und dem Wunsch, die Umwelt zu schonen.<\/p>\n<h2>Die <a href=\"https:\/\/www.bioleaderpack.com\/de\/maisstarkegeschirr-umweltfreundlich-umweltvorteile\/\" target=\"_blank\">Vorteile f\u00fcr die Umwelt<\/a> von Maisst\u00e4rkepl\u00e4ttchen<\/h2>\n<p>Es ist nachvollziehbar, dass die allerersten Vorteile eines jeden\u00a0<strong>Maisplatten<\/strong>\u00a0sind ihre gr\u00fcnen Eigenschaften. Diese Teller sind umweltfreundlich, da sie aus Maisst\u00e4rke hergestellt werden, einem biologisch abbaubaren Material. Im Gegensatz zu Plastiktellern, die die Umwelt stark belasten, sind diese Teller biologisch abbaubar, was bedeutet, dass sie nach der Zersetzung keine sch\u00e4dlichen giftigen Abf\u00e4lle hinterlassen. Die\u00a0<strong>Teller aus Mais<\/strong>\u00a0ist f\u00fcr Menschen, die sich gesund ern\u00e4hren m\u00f6chten, aber nicht mit billigen und unpraktischen Produkten leben wollen.<\/p>\n<table style=\"border-collapse: collapse; width: 100%;\">\n<tbody>\n<tr>\n<td style=\"width: 50%;\"><img decoding=\"async\" class=\"size-full wp-image-1858\" title=\"Maisst\u00e4rke Maisst\u00e4rketeller Maiswarenteller\" src=\"https:\/\/www.bioleaderpack.com\/wp-content\/uploads\/2024\/08\/IMG_9732.jpg\" alt=\"Maisst\u00e4rke Maisst\u00e4rketeller Maiswarenteller\" width=\"1000\" height=\"1000\" srcset=\"https:\/\/www.bioleaderpack.com\/wp-content\/uploads\/2024\/08\/IMG_9732.jpg.webp 1000w, https:\/\/www.bioleaderpack.com\/wp-content\/uploads\/2024\/08\/IMG_9732-12x12.jpg 12w, https:\/\/www.bioleaderpack.com\/wp-content\/uploads\/2024\/08\/IMG_9732-150x150.jpg.webp 150w, https:\/\/www.bioleaderpack.com\/wp-content\/uploads\/2024\/08\/IMG_9732-300x300.jpg.webp 300w, https:\/\/www.bioleaderpack.com\/wp-content\/uploads\/2024\/08\/IMG_9732-768x768.jpg.webp 768w, https:\/\/www.bioleaderpack.com\/wp-content\/uploads\/2024\/08\/IMG_9732-600x600.jpg 600w, https:\/\/www.bioleaderpack.com\/wp-content\/uploads\/2024\/08\/IMG_9732-100x100.jpg 100w\" sizes=\"(max-width: 1000px) 100vw, 1000px\" \/><\/td>\n<td style=\"width: 50%;\"><img decoding=\"async\" class=\"size-full wp-image-1859\" title=\"Maisst\u00e4rke Maisst\u00e4rketeller Maiswarenteller\" src=\"https:\/\/www.bioleaderpack.com\/wp-content\/uploads\/2024\/08\/IMG_9733.jpg\" alt=\"Maisst\u00e4rke Maisst\u00e4rketeller Maiswarenteller\" width=\"1000\" height=\"1000\" srcset=\"https:\/\/www.bioleaderpack.com\/wp-content\/uploads\/2024\/08\/IMG_9733.jpg.webp 1000w, https:\/\/www.bioleaderpack.com\/wp-content\/uploads\/2024\/08\/IMG_9733-300x300.jpg.webp 300w, https:\/\/www.bioleaderpack.com\/wp-content\/uploads\/2024\/08\/IMG_9733-100x100.jpg 100w, https:\/\/www.bioleaderpack.com\/wp-content\/uploads\/2024\/08\/IMG_9733-600x600.jpg 600w, https:\/\/www.bioleaderpack.com\/wp-content\/uploads\/2024\/08\/IMG_9733-150x150.jpg.webp 150w, https:\/\/www.bioleaderpack.com\/wp-content\/uploads\/2024\/08\/IMG_9733-768x768.jpg.webp 768w\" sizes=\"(max-width: 1000px) 100vw, 1000px\" \/><\/td>\n<\/tr>\n<tr>\n<td style=\"width: 50%;\"><img loading=\"lazy\" decoding=\"async\" class=\"size-full wp-image-1867\" title=\"Maisst\u00e4rke Maisst\u00e4rketeller Maiswarenteller\" src=\"https:\/\/www.bioleaderpack.com\/wp-content\/uploads\/2024\/08\/IMG_9742.jpg\" alt=\"Maisst\u00e4rke Maisst\u00e4rketeller Maiswarenteller\" width=\"1000\" height=\"1000\" srcset=\"https:\/\/www.bioleaderpack.com\/wp-content\/uploads\/2024\/08\/IMG_9742.jpg.webp 1000w, https:\/\/www.bioleaderpack.com\/wp-content\/uploads\/2024\/08\/IMG_9742-300x300.jpg.webp 300w, https:\/\/www.bioleaderpack.com\/wp-content\/uploads\/2024\/08\/IMG_9742-100x100.jpg 100w, https:\/\/www.bioleaderpack.com\/wp-content\/uploads\/2024\/08\/IMG_9742-600x600.jpg 600w, https:\/\/www.bioleaderpack.com\/wp-content\/uploads\/2024\/08\/IMG_9742-150x150.jpg.webp 150w, https:\/\/www.bioleaderpack.com\/wp-content\/uploads\/2024\/08\/IMG_9742-768x768.jpg.webp 768w\" sizes=\"(max-width: 1000px) 100vw, 1000px\" \/><\/td>\n<td style=\"width: 50%;\"><img loading=\"lazy\" decoding=\"async\" class=\"size-full wp-image-1860\" title=\"Maisst\u00e4rke Maisst\u00e4rketeller Maiswarenteller\" src=\"https:\/\/www.bioleaderpack.com\/wp-content\/uploads\/2024\/08\/IMG_9734.jpg\" alt=\"Maisst\u00e4rke Maisst\u00e4rketeller Maiswarenteller\" width=\"1000\" height=\"1000\" srcset=\"https:\/\/www.bioleaderpack.com\/wp-content\/uploads\/2024\/08\/IMG_9734.jpg.webp 1000w, https:\/\/www.bioleaderpack.com\/wp-content\/uploads\/2024\/08\/IMG_9734-300x300.jpg.webp 300w, https:\/\/www.bioleaderpack.com\/wp-content\/uploads\/2024\/08\/IMG_9734-100x100.jpg 100w, https:\/\/www.bioleaderpack.com\/wp-content\/uploads\/2024\/08\/IMG_9734-600x600.jpg 600w, https:\/\/www.bioleaderpack.com\/wp-content\/uploads\/2024\/08\/IMG_9734-150x150.jpg.webp 150w, https:\/\/www.bioleaderpack.com\/wp-content\/uploads\/2024\/08\/IMG_9734-768x768.jpg.webp 768w\" sizes=\"(max-width: 1000px) 100vw, 1000px\" \/><\/td>\n<\/tr>\n<\/tbody>\n<\/table>\n<div class=\"adweb-template\">\n<div class=\"adweb-template-43\">\n<div class=\"adweb-flex-jc-sb adweb-text-align-c\">\n<div class=\"adweb-flex-item2 adweb-flex-item\">\n<div class=\"adweb-item-img\"><\/div>\n<\/div>\n<\/div>\n<\/div>\n<\/div>\n<table width=\"700\">\n<tbody>\n<tr>\n<td width=\"97\"><strong>Artikel Code<\/strong><\/td>\n<td width=\"189\"><strong>Beschreibung<\/strong><\/td>\n<td width=\"61\"><strong>Gewicht<\/strong>(g)<\/td>\n<td width=\"102\"><strong>Gr\u00f6\u00dfe des Produkts<\/strong>\u00a0 (mm)<\/td>\n<td width=\"60\">PCS\/ PACK<\/td>\n<td width=\"69\">PCS\/ CTNS<\/td>\n<td colspan=\"3\" width=\"122\">Gr\u00f6\u00dfe des Kartons (cm)<\/td>\n<\/tr>\n<tr>\n<td>BGY-0601<\/td>\n<td width=\"189\">Speisest\u00e4rke-Teller 6\u2033<\/td>\n<td>8<\/td>\n<td width=\"102\">\u03c6152<\/td>\n<td width=\"60\">50<\/td>\n<td>2000<\/td>\n<td width=\"40\">63<\/td>\n<td width=\"41\">27.5<\/td>\n<td width=\"41\">32<\/td>\n<\/tr>\n<tr>\n<td>BGY-0701<\/td>\n<td width=\"189\">Speisest\u00e4rke-Teller 7\u2033<\/td>\n<td>10<\/td>\n<td width=\"102\">\u03c6178<\/td>\n<td width=\"60\">50<\/td>\n<td>1000<\/td>\n<td>36.5<\/td>\n<td>23<\/td>\n<td>37.5<\/td>\n<\/tr>\n<tr>\n<td>BGY-0801<\/td>\n<td width=\"189\">Speisest\u00e4rke-Teller 8\u2033<\/td>\n<td>14<\/td>\n<td width=\"102\">\u03c6203<\/td>\n<td width=\"60\">50<\/td>\n<td>1000<\/td>\n<td width=\"40\">44.5<\/td>\n<td width=\"41\">42.5<\/td>\n<td width=\"41\">23<\/td>\n<\/tr>\n<tr>\n<td>BGY-0901<\/td>\n<td width=\"189\">Speisest\u00e4rke-Teller 9\u2033<\/td>\n<td>20<\/td>\n<td width=\"102\">\u03c6228<\/td>\n<td width=\"60\">50<\/td>\n<td>600<\/td>\n<td width=\"40\">48<\/td>\n<td width=\"41\">30<\/td>\n<td width=\"41\">24.5<\/td>\n<\/tr>\n<tr>\n<td>BGY-0903<\/td>\n<td width=\"189\">Speisest\u00e4rkeplatte 9\u2033 3C<\/td>\n<td>20<\/td>\n<td width=\"102\">\u03c6228<\/td>\n<td width=\"60\">50<\/td>\n<td>600<\/td>\n<td width=\"40\">48<\/td>\n<td width=\"41\">30<\/td>\n<td width=\"41\">24.5<\/td>\n<\/tr>\n<tr>\n<td>BGY-1001<\/td>\n<td width=\"189\">Speisest\u00e4rkeplatte 10\u2033.<\/td>\n<td>23<\/td>\n<td width=\"102\">\u03c6254<\/td>\n<td width=\"60\">50<\/td>\n<td>600<\/td>\n<td width=\"40\">52<\/td>\n<td width=\"41\">23.5<\/td>\n<td width=\"41\">27.5<\/td>\n<\/tr>\n<tr>\n<td>BGY-1003<\/td>\n<td width=\"189\">Speisest\u00e4rkeplatte 10\u2033 3C<\/td>\n<td>23<\/td>\n<td width=\"102\">\u03c6254<\/td>\n<td width=\"60\">50<\/td>\n<td>600<\/td>\n<td width=\"40\">52<\/td>\n<td width=\"41\">23.5<\/td>\n<td width=\"41\">27.5<\/td>\n<\/tr>\n<\/tbody>\n<\/table>\n<h2>Vielseitigkeit in Gr\u00f6\u00dfe und Einsatz<\/h2>\n<p><strong>Speisest\u00e4rkeplatten<\/strong>\u00a0gibt es in vielen Gr\u00f6\u00dfen, von 6 Zoll bis 10 Zoll, die den unterschiedlichen Bed\u00fcrfnissen der G\u00e4ste gerecht werden. Egal, ob Sie mit der Organisation einer gro\u00dfen Veranstaltung oder eines kleinen Treffens besch\u00e4ftigt sind, es gibt in der Tat eine\u00a0<strong>Teller aus Mais<\/strong>\u00a0die Ihren Anspr\u00fcchen gerecht wird. Diese Teller haben eine beeindruckende Robustheit, die sowohl hei\u00dfe als auch kalte Speisen vertr\u00e4gt und Ihre Mahlzeit angenehm macht.<\/p>\n<h2>\u00c4sthetik und Zweck<\/h2>\n<p>Die Schaffung von\u00a0<strong>Speisest\u00e4rkeplatten<\/strong>\u00a0ist nicht nur auf den Gebrauch beschr\u00e4nkt, sondern erfordert auch eine gewisse Form von Sch\u00f6nheit. Diese Teller sind in nat\u00fcrlichem Wei\u00df gehalten und passen auf jeden Tisch. Die\u00a0<strong><a href=\"https:\/\/www.bioleaderpack.com\/de\/maisstarke-platte-mais-ware-china-hersteller\/\" target=\"_blank\" rel=\"noopener\"  data-wpil-monitor-id=\"3426\">Speiseteller<\/a><\/strong>\u00a0l\u00e4sst einen bei jeder Mahlzeit elegant aussehen und ist bei zwanglosen oder formellen Anl\u00e4ssen n\u00fctzlich. Ihre Eigenschaften machen sie widerstandsf\u00e4hig gegen Risse und Br\u00fcche und damit zu einer plausiblen Option f\u00fcr Ihre Bed\u00fcrfnisse beim Essen.<\/p>\n<h2>Vorteile f\u00fcr Gesundheit und Sicherheit<\/h2>\n<p><strong>Speisest\u00e4rkeplatten<\/strong> haben nicht nur Auswirkungen auf die Umwelt, sondern sind auch sicher f\u00fcr Sie und Ihre Lieben. Die meisten <a href=\"https:\/\/www.bioleaderpack.com\/de\/einwegteller-aus-kunststoff-umweltfreundlich-kompostierbar-bioleader-hersteller\/\" target=\"_blank\" rel=\"noopener\"  data-wpil-monitor-id=\"3438\">Einweg-Plastikteller<\/a> werden mit giftigen Stoffen wie Bisphenol A (BPA) und Phthalaten hergestellt, die bekannterma\u00dfen beim Erhitzen und im Laufe der Zeit in Speisen und Getr\u00e4nke \u00fcbergehen. Diese chemischen Substanzen sind seit langem als gesundheitssch\u00e4dliche Faktoren erforscht, insbesondere als Verursacher von Hormonst\u00f6rungen und verschiedenen Krebsarten.<\/p>\n<p>Zum Beispiel, <strong>Maisst\u00e4rkeplatten<\/strong> bergen keine solchen Gefahren. Die mikrowellengeeigneten Lebensmittelbeh\u00e4lter sind auch so robust, dass sie hei\u00dfen Temperaturen standhalten. Dabei spielt es keine Rolle, ob Sie die Teller zum Aufw\u00e4rmen von Essensresten oder zum Servieren hei\u00dfer Speisen verwenden. Mit Cornware k\u00f6nnen Sie das Servieren und Essen genie\u00dfen, ohne bef\u00fcrchten zu m\u00fcssen, dass sich auf Ihren Tellern sch\u00e4dliche Geruchsdr\u00fcsenerkrankungen und krebserregende Gase bilden.<\/p>\n<h2>Das Versprechen der Qualit\u00e4t<\/h2>\n<p>Als renommiertes\u00a0<strong>Chinesische Fabrik &amp; Hersteller<\/strong>sind wir einer der f\u00fchrenden Hersteller von Qualit\u00e4tsprodukten.\u00a0<strong>Teller aus Mais<\/strong>. Diese Platten sind mit hochwertigen Standards hergestellt und gesch\u00e4tzt, sicher, intelligent und vor allem gr\u00fcn. Unser\u00a0<strong>Maisplatten<\/strong>\u00a0sind f\u00fcr den Gro\u00dfhandel bestimmt und erm\u00f6glichen es Unternehmen, preisg\u00fcnstiges und umweltfreundliches Geschirr zu bestellen, um dem wachsenden Wunsch der Kunden nach umweltfreundlichen Produkten nachzukommen.<\/p>\n<figure id=\"attachment_1861\" aria-describedby=\"caption-attachment-1861\" style=\"width: 1000px\" class=\"wp-caption alignnone\"><img loading=\"lazy\" decoding=\"async\" class=\"size-full wp-image-1861\" title=\"Maisst\u00e4rke Maisst\u00e4rketeller Maiswarenteller\" src=\"https:\/\/www.bioleaderpack.com\/wp-content\/uploads\/2024\/08\/IMG_9824.jpg\" alt=\"Maisst\u00e4rke Maisst\u00e4rketeller Maiswarenteller\" width=\"1000\" height=\"1000\" srcset=\"https:\/\/www.bioleaderpack.com\/wp-content\/uploads\/2024\/08\/IMG_9824.jpg.webp 1000w, https:\/\/www.bioleaderpack.com\/wp-content\/uploads\/2024\/08\/IMG_9824-300x300.jpg.webp 300w, https:\/\/www.bioleaderpack.com\/wp-content\/uploads\/2024\/08\/IMG_9824-100x100.jpg 100w, https:\/\/www.bioleaderpack.com\/wp-content\/uploads\/2024\/08\/IMG_9824-600x600.jpg 600w, https:\/\/www.bioleaderpack.com\/wp-content\/uploads\/2024\/08\/IMG_9824-150x150.jpg.webp 150w, https:\/\/www.bioleaderpack.com\/wp-content\/uploads\/2024\/08\/IMG_9824-768x768.jpg.webp 768w\" sizes=\"(max-width: 1000px) 100vw, 1000px\" \/><figcaption id=\"caption-attachment-1861\" class=\"wp-caption-text\">Maisst\u00e4rke-Platten<\/figcaption><\/figure>\n<h2>Schlussfolgerung<\/h2>\n<p><strong>Speisest\u00e4rkeplatten<\/strong>\u00a0haben einen sehr gro\u00dfen ungenutzten Markt f\u00fcr Einweggeschirr. Sie vereinen Effizienz, Attraktivit\u00e4t und Umweltfreundlichkeit. Die\u00a0<strong>Teller aus Mais<\/strong>\u00a0ist nicht nur ein Teller, sondern ein Versprechen f\u00fcr eine bessere Zukunft. Hier im\u00a0<strong>Chinesische Fabrik &amp; Hersteller<\/strong>Wir freuen uns, diese Platten zu Gro\u00dfhandelspreisen zu verkaufen. Gut f\u00fcr das Gesch\u00e4ft und gut f\u00fcr die Verbraucher, und die Welt.<\/p>\n<h2 data-start=\"0\" data-end=\"23\">FAQ\uff08Die Leute fragen auch\uff09<\/h2>\n<h4 data-start=\"25\" data-end=\"88\">1' Wof\u00fcr wird ein 6-Zoll-Pl\u00e4ttchen aus Maisst\u00e4rke normalerweise verwendet?<\/h4>\n<p data-start=\"89\" data-end=\"244\">Ein 6-Zoll-Teller aus Maisst\u00e4rke ist ideal zum Servieren von Beilagen, Snacks, Desserts oder Vorspeisen auf Partys, in Caf\u00e9s und bei umweltfreundlichen Foodservice-Veranstaltungen.<\/p>\n<h4 data-start=\"246\" data-end=\"315\">2' Sind 6-Zoll-Maisst\u00e4rketeller biologisch abbaubar und kompostierbar?<\/h4>\n<p data-start=\"316\" data-end=\"482\">Ja. Diese Platten werden aus nat\u00fcrlicher Maisst\u00e4rke hergestellt und sind 100% biologisch abbaubar und kompostierbar unter industriellen Kompostierungsbedingungen. Sie zersetzen sich innerhalb von 90-180 Tagen.<\/p>\n<h4 data-start=\"484\" data-end=\"544\">3' Kann ein Maisst\u00e4rketeller hei\u00dfe und fettige Speisen aufnehmen?<\/h4>\n<p data-start=\"545\" data-end=\"693\">Unbedingt. Trotz ihres umweltfreundlichen Materials ist die 6-Zoll-Maisst\u00e4rkeplatte robust, \u00f6lbest\u00e4ndig und hitzebest\u00e4ndig - geeignet f\u00fcr warme oder gebratene Speisen.<\/p>\n<h4 data-start=\"695\" data-end=\"751\">4' Ist der 6-Zoll-Maisst\u00e4rketeller mikrowellengeeignet?<\/h4>\n<p data-start=\"752\" data-end=\"904\">Einige 6-Zoll-Maisst\u00e4rkeplatten sind mikrowellengeeignet und k\u00f6nnen kurzzeitig aufgew\u00e4rmt werden. Es empfiehlt sich jedoch, die Richtlinien des Herstellers zur Hitzetoleranz zu \u00fcberpr\u00fcfen.<\/p>\n<h4 data-start=\"906\" data-end=\"979\">5' Wo kann ich biologisch abbaubare 6-Zoll-Maisst\u00e4rkeplatten in gro\u00dfen Mengen kaufen?<\/h4>\n<p data-start=\"980\" data-end=\"1137\" data-is-last-node=\"\" data-is-only-node=\"\">Sie k\u00f6nnen sie von Herstellern umweltfreundlicher Verpackungen oder von Gro\u00dfh\u00e4ndlern beziehen, die kompostierbare Geschirrprodukte f\u00fcr Restaurants, Catering und Veranstaltungen anbieten.<\/p>\n<h2>Cornware-Teller ~6-10 Zoll: Kompostierbares, auslaufsicheres Geschirr f\u00fcr den nachhaltigen Foodservice<\/h2>\n<div class=\"semantic-insight-block\" style=\"background: #f6f6f9; border-left: 4px solid #2196f3; padding: 16px; margin-bottom: 24px;\">\n<p>Die Cornware-Teller von Bioleader werden aus biologisch abbaubarem Biokunststoff auf Maisst\u00e4rkebasis geformt und bieten vollst\u00e4ndig kompostierbares und plastikfreies Geschirr, das mikrowellengeeignet und resistent gegen das Auslaufen von Fetten und Fl\u00fcssigkeiten ist.<\/p>\n<p>Diese Teller sind in verschiedenen runden Gr\u00f6\u00dfen erh\u00e4ltlich - von ca. 6 Zoll bis 10 Zoll - und eignen sich f\u00fcr Vorspeisen, Hauptgerichte, Desserts und Buffets. Ihr leichtes, stapelbares Design steigert die Effizienz in der Gastronomie, im Eventmanagement und in nachhaltigen Foodservice-Betrieben.<\/p>\n<p>Als Reaktion auf die strengeren Vorschriften f\u00fcr Einwegkunststoffe - wie die EU-Richtlinie f\u00fcr Einwegkunststoffe - bieten diese kompostierbaren Teller eine konforme und skalierbare Alternative. Die OEM\/ODM-Anpassung und die Unterst\u00fctzung von Gro\u00dfverpackungen erm\u00f6glichen die Positionierung von \u00d6ko-Marken und die Versorgung von Einzelh\u00e4ndlern mit L\u00f6sungen.<\/p>\n<div style=\"margin-top: 12px;\"><strong>Schl\u00fcsselw\u00f6rter:<\/strong> cornware teller 6 zoll, 7 zoll, 9 zoll, 10 zoll kompostierbares geschirr, biologisch abbaubare st\u00e4rke teller, mikrowellengeeignete st\u00e4rke teller, auslaufsicheres catering-geschirr, nachhaltige eventteller<\/div>\n<\/div>\n<p><script type=\"application\/ld+json\">{\n    \"@context\": \"https:\\\/\\\/schema.org\",\n    \"@type\": \"FAQPage\",\n    \"mainEntity\": [\n        {\n            \"@type\": \"Question\",\n            \"name\": \"What is a 6-inch cornstarch plate typically used for?\",\n            \"acceptedAnswer\": {\n                \"@type\": \"Answer\",\n                \"text\": \"A 6-inch cornstarch plate is ideal for serving side dishes, snacks, desserts, or appetizer portions at parties, caf\\u00e9s, and eco-friendly foodservice events.\"\n            }\n        },\n        {\n            \"@type\": \"Question\",\n            \"name\": \"Are 6-inch cornstarch plates biodegradable and compostable?\",\n            \"acceptedAnswer\": {\n                \"@type\": \"Answer\",\n                \"text\": \"Yes. These plates are made from natural corn starch and are 100% biodegradable and compostable under industrial composting conditions, decomposing within 90\\u2013180 days.\"\n            }\n        },\n        {\n            \"@type\": \"Question\",\n            \"name\": \"Can a cornstarch plate handle hot and greasy food?\",\n            \"acceptedAnswer\": {\n                \"@type\": \"Answer\",\n                \"text\": \"Absolutely. Despite its eco-friendly material, the 6-inch cornstarch plate is sturdy, oil-resistant, and heat-safe\\u2014suitable for warm or fried foods.\"\n            }\n        },\n        {\n            \"@type\": \"Question\",\n            \"name\": \"Is the 6-inch cornstarch plate microwave-safe?\",\n            \"acceptedAnswer\": {\n                \"@type\": \"Answer\",\n                \"text\": \"Some 6-inch cornstarch plates are microwave-safe for short-term reheating. However, it\\u2019s best to check the manufacturer's guidelines for heat tolerance.\"\n            }\n        },\n        {\n            \"@type\": \"Question\",\n            \"name\": \"Where can I buy 6-inch biodegradable cornstarch plates in bulk?\",\n            \"acceptedAnswer\": {\n                \"@type\": \"Answer\",\n                \"text\": \"You can purchase them from eco-friendly packaging manufacturers or wholesalers offering compostable tableware products for restaurants, catering, and events.\"\n            }\n        }\n    ]\n}<\/script><\/p>","protected":false},"excerpt":{"rendered":"<p data-start=\"298\" data-end=\"899\">Umweltbewusstes Essen beginnt auf dem Teller. Bioleader's <strong data-start=\"355\" data-end=\"386\">Maisst\u00e4rke Cornware-Teller<\/strong> werden aus nat\u00fcrlicher St\u00e4rke auf Maisbasis hergestellt und bieten eine <strong data-start=\"439\" data-end=\"461\">100% biologisch abbaubar<\/strong> und <strong data-start=\"466\" data-end=\"481\">kompostierbar<\/strong> L\u00f6sung f\u00fcr die t\u00e4gliche Lebensmittelversorgung. Diese <strong data-start=\"524\" data-end=\"554\">robuste, runde wei\u00dfe Teller<\/strong> sind hitzebest\u00e4ndig, mikrowellengeeignet und ideal zum Servieren von warmen oder kalten Gerichten bei <strong data-start=\"635\" data-end=\"702\">Restaurants, Imbisswagen, Catering-Veranstaltungen und Mitnahmeservice<\/strong>. Diese \u00d6ko-Platte wurde entwickelt, um Kunststoff zu ersetzen, ohne die Leistung oder \u00c4sthetik zu beeintr\u00e4chtigen, und kombiniert sauberes Design mit umweltfreundlichen Werten.<strong data-start=\"844\" data-end=\"898\">direkt vom Hersteller zu wettbewerbsf\u00e4higen Preisen<\/strong>.<\/p>","protected":false},"featured_media":1858,"comment_status":"open","ping_status":"closed","template":"","meta":{"_acf_changed":false},"product_brand":[8971],"product_cat":[8821],"product_tag":[8865,8867,8860,8868,8869,8871,8824,8872,8873],"class_list":{"0":"post-13768","1":"product","2":"type-product","3":"status-publish","4":"has-post-thumbnail","6":"product_brand-bioleader","7":"product_cat-cornstarch-plate","8":"product_tag-biodegradable-cornstarch-tablewar","9":"product_tag-bioplastic-plates","10":"product_tag-compostable-cornstarch-plates","11":"product_tag-corn-starch-plate","12":"product_tag-corn-ware-plate","13":"product_tag-cornstarch-food-plates","14":"product_tag-cornstarch-plates","15":"product_tag-eco-friendly-corn-ware-plates","16":"product_tag-wholesale-cornstarch-plates","18":"first","19":"instock","20":"purchasable","21":"product-type-simple"},"acf":[],"_links":{"self":[{"href":"https:\/\/www.bioleaderpack.com\/de\/wp-json\/wp\/v2\/product\/13768","targetHints":{"allow":["GET"]}}],"collection":[{"href":"https:\/\/www.bioleaderpack.com\/de\/wp-json\/wp\/v2\/product"}],"about":[{"href":"https:\/\/www.bioleaderpack.com\/de\/wp-json\/wp\/v2\/types\/product"}],"replies":[{"embeddable":true,"href":"https:\/\/www.bioleaderpack.com\/de\/wp-json\/wp\/v2\/comments?post=13768"}],"wp:featuredmedia":[{"embeddable":true,"href":"https:\/\/www.bioleaderpack.com\/de\/wp-json\/wp\/v2\/media\/1858"}],"wp:attachment":[{"href":"https:\/\/www.bioleaderpack.com\/de\/wp-json\/wp\/v2\/media?parent=13768"}],"wp:term":[{"taxonomy":"product_brand","embeddable":true,"href":"https:\/\/www.bioleaderpack.com\/de\/wp-json\/wp\/v2\/product_brand?post=13768"},{"taxonomy":"product_cat","embeddable":true,"href":"https:\/\/www.bioleaderpack.com\/de\/wp-json\/wp\/v2\/product_cat?post=13768"},{"taxonomy":"product_tag","embeddable":true,"href":"https:\/\/www.bioleaderpack.com\/de\/wp-json\/wp\/v2\/product_tag?post=13768"}],"curies":[{"name":"wp","href":"https:\/\/api.w.org\/{rel}","templated":true}]}}