{"id":13583,"date":"2023-03-19T14:53:29","date_gmt":"2023-03-19T06:53:29","guid":{"rendered":"https:\/\/www.bioleaderpack.com\/it\/prodotto\/vassoio-compostabile-vassoi-in-polpa-di-carta-stampata\/"},"modified":"2025-08-04T09:52:29","modified_gmt":"2025-08-04T01:52:29","slug":"kompostierbare-schalen-aus-geformtem-papierzellstoff","status":"publish","type":"product","link":"https:\/\/www.bioleaderpack.com\/de\/produkt\/kompostierbare-schalen-aus-geformtem-papierzellstoff\/","title":{"rendered":"Kompostierbare Tabletts aus geformtem Papierstoff"},"content":{"rendered":"<div class=\"adweb-template-19 adweb-table-container\"><\/div>\n<p style=\"text-align: center;\"><img decoding=\"async\" src=\"https:\/\/www.bioleaderpack.com\/wp-content\/uploads\/2023\/03\/T0396scaled_1679237129561-2.jpg\" alt=\"kompostierbare Fleischverpackungen\" width=\"48%\" \/> <img decoding=\"async\" src=\"https:\/\/www.bioleaderpack.com\/wp-content\/uploads\/2023\/03\/T03921024x1024_1679237156951-1.jpg\" alt=\"biologisch abbaubare Gem\u00fcseverpackungsschale\" width=\"48%\" \/><img decoding=\"async\" src=\"https:\/\/www.bioleaderpack.com\/wp-content\/uploads\/2023\/03\/T03803904T1_1679237059374-3.jpg\" alt=\"kompostierbare Lebensmittelverpackungen\" width=\"46.8%\" \/> \u00a0<img decoding=\"async\" src=\"https:\/\/www.bioleaderpack.com\/wp-content\/uploads\/2023\/03\/T03803904T3_1679237081150-3.jpg\" alt=\"kompostierbare Gem\u00fcseverpackungen\" width=\"49.5%\" \/><\/p>\n<p><!-- Micro Summary Card for AI\/SGE --><\/p>\n<div class=\"micro-summary-card\" style=\"background: #f6f6f9; border-left: 4px solid #4caf50; padding: 12px; margin-bottom: 16px;\"><strong>Kurze Zusammenfassung:<\/strong><br \/>\nBioleader\u00ae kompostierbare Schalen aus geformtem Zellstoff bieten eine haltbare, umweltfreundliche Verpackungsl\u00f6sung aus erneuerbaren Materialien. Diese Schalen sind vollst\u00e4ndig biologisch abbaubar und kompostierbar und eignen sich ideal f\u00fcr die Gastronomie und zum Mitnehmen.<\/div>\n<h2>Einleitung: Erwachsen werden, um die Umwelt zu sch\u00fctzen und ein gesundes Leben zu f\u00f6rdern<\/h2>\n<p>W\u00e4hrend herk\u00f6mmliche Lebensmittelverpackungen aus Kunststoff die \u00f6kologische Nachhaltigkeit bedrohen, ist eine Alternative, die dieses Problem angeht\u00a0<strong>kompostierbares Tablett aus Papierzellstoff<\/strong>. Ebenso werden diese Schalen aus Zuckerrohr-Bagasse-Papierfasern hergestellt, die eine gesunde Alternative darstellen und der Suche nach umweltfreundlichen Produkten entgegenkommen.<\/p>\n<h3>Umfang der Kompostierbarkeit<\/h3>\n<p><strong>Kompostierbare Schalen<\/strong>\u00a0sind speziell f\u00fcr die Abfallentsorgung konzipiert und enthalten keine sch\u00e4dlichen Bestandteile, die als Abfall in der Umgebung verbleiben w\u00fcrden. Die Verbreitung solcher Schadstoffe ist bei diesen Schalen nicht der Fall. Kunststoffschalen tragen nicht dazu bei, dass sich nicht abbaubare Abf\u00e4lle in Deponien oder Meeren stapeln.<\/p>\n<p style=\"text-align: center;\"><img decoding=\"async\" src=\"https:\/\/www.bioleaderpack.com\/wp-content\/uploads\/2023\/03\/T0391_1679237253660-3.jpg\" alt=\"kompostierbare Fleischverpackungen\" width=\"48%\" \/> <img decoding=\"async\" src=\"https:\/\/www.bioleaderpack.com\/wp-content\/uploads\/2023\/03\/T0393_1679237271926-3.jpg\" alt=\"kompostierbare Lebensmittelschale\" width=\"48%\" \/><\/p>\n<h2>Materialien und Produktion: Der Nukleus der Nachhaltigkeitsbem\u00fchungen<\/h2>\n<p>Die Einlegeringe der Schalen bestehen aus dem zentralen Bestandteil, d.h.:\u00a0<strong>Zuckerrohr-Bagasse-Zellstoff<\/strong>. Bagasse ist der faserige R\u00fcckstand der Zuckerindustrie, der durch Prozesse zu einer sehr feinen, aber bemerkenswert starken Faser verarbeitet wird, aus der der Papierbrei besteht. Dieser Produktionsprozess wird Papier genannt <a href=\"https:\/\/www.bioleaderpack.com\/de\/mochten-sie-eine-sicherere-verpackung-zum-mitnehmen-bestellen-sie-zellstoffformgeschirr-jetzt-online\/\" target=\"_blank\" rel=\"noopener\" data-wpil-monitor-id=\"1288\">Zellstoff-Formenbau<\/a> Diese Fasern werden durch Hitze und Druck zu einem Brei verarbeitet, um eine Papierschale zu formen.<\/p>\n<h2>Vorteile von Tenderpapierschalen<\/h2>\n<ul>\n<li><strong>Umweltfreundlich:<\/strong>\u00a0Diese Schalen werden aus einem Rohstoff hergestellt, der im \u00dcberfluss vorhanden ist, und tragen nicht zur Umweltverschmutzung bei, da sie 100% biologisch abbaubar und kompostierbar sind, so dass kein \u00fcberm\u00e4\u00dfiger Verpackungsm\u00fcll anf\u00e4llt.<\/li>\n<li><strong>St\u00e4rke und Z\u00e4higkeit:<\/strong>\u00a0Obwohl die Schalen aus biologischen Produkten hergestellt werden, haben sie eine hohe Zug- und Rei\u00dffestigkeit und k\u00f6nnen mehrere Lebensmittel aufnehmen, ohne ihre Form zu verlieren.<\/li>\n<li><strong>Breites Spektrum an Einsatzm\u00f6glichkeiten:<\/strong>\u00a0Diese Schalen k\u00f6nnen in verschiedenen Segmenten der Lebensmittelindustrie eingesetzt werden, von frischen Fr\u00fcchten bis zu Mahlzeiten zum Mitnehmen.<\/li>\n<li><strong>Erschwinglich:<\/strong>\u00a0Zellstoffschalen aus Papier haben den Vorteil, dass sie aus einem nachhaltigen und erneuerbaren Rohstoff hergestellt werden. Daher wird die Herstellung von Papierzellstoffschalen in Zukunft unter Ber\u00fccksichtigung der Umweltpolitik weniger kostspielig sein als die Verwendung von Kunststoffen, die aus Erd\u00f6l gewonnen werden.<\/li>\n<li><strong>Personalisiert:<\/strong>\u00a0Die Schalen sind in verschiedenen Formen und Gr\u00f6\u00dfen formbar, so dass sie nach den gew\u00fcnschten Produktspezifikationen gestaltet werden k\u00f6nnen.<\/li>\n<\/ul>\n<h2>Verwendung von kompostierbaren Trays aus geformtem Papierbrei<\/h2>\n<ul>\n<li>\n<h4>Verpackung von Frischobst und -gem\u00fcse<\/h4>\n<\/li>\n<\/ul>\n<p>Dies eignet sich auch hervorragend f\u00fcr die umweltvertr\u00e4gliche Verpackung von frischem Obst und Gem\u00fcse.<\/p>\n<ul>\n<li>\n<h4>Beh\u00e4ltnisse f\u00fcr Lebensmittel f\u00fcr unterwegs<\/h4>\n<\/li>\n<\/ul>\n<p>Dies kommt auch Restaurants und anderen Caf\u00e9s zugute, die nach Verpackungsl\u00f6sungen f\u00fcr ihre Take-away-Gerichte suchen.<\/p>\n<ul>\n<li>\n<h4>F\u00fcr das Bewusstsein relevante Materie<\/h4>\n<\/li>\n<\/ul>\n<p>Ideal auch zum Einpacken von Brot, Kuchen, Muffins und anderen Backwaren, um sie frisch zu halten.<\/p>\n<ul>\n<li>\n<h4>Verpflegungspakete und Fertiggerichte<\/h4>\n<\/li>\n<\/ul>\n<p>Verpackung von vorgekochten oder zubereiteten Mahlzeiten zum sp\u00e4teren Verzehr.<\/p>\n<p><img decoding=\"async\" src=\"https:\/\/www.bioleaderpack.com\/wp-content\/uploads\/2023\/03\/zhutu052_1679236201358-2.jpg\" alt=\"biologisch abbaubarer Fleischteller\" width=\"48%\" \/> <img decoding=\"async\" src=\"https:\/\/www.bioleaderpack.com\/wp-content\/uploads\/2023\/03\/T03921024x1024_1679237333380.jpg\" alt=\"kompostierbare Obstverpackungen\" width=\"48%\" \/><\/p>\n<h2>\u00dcber die Zukunft der Lebensmittelverpackung<\/h2>\n<p>Die Einf\u00fchrung von <strong>kompostierbare Zellstoffschalen aus Papier<\/strong> ist ein sehr begr\u00fc\u00dfenswerter Fortschritt in den Bem\u00fchungen um den Schutz der Umwelt. Die Nachfrage nach solchen Verpackungen wird in dem Ma\u00dfe steigen, wie das Bewusstsein der Verbraucher f\u00fcr die Auswirkungen ihrer Entscheidungen auf die Umwelt zunimmt. Das Gesch\u00e4ft mit Zellstoffschalenverpackungen hat Zukunft, und es wird mit Verpackungsl\u00f6sungen versorgt werden, die f\u00fcr Kunden und Unternehmen gleicherma\u00dfen von Vorteil sind.<\/p>\n<p align=\"left\"><img decoding=\"async\" src=\"https:\/\/www.bioleaderpack.com\/wp-content\/uploads\/2023\/03\/T0342_1679237530667-2.jpg\" alt=\"Kompostierbare Verpackungsschale f\u00fcr Lebensmittel\" width=\"48%\" \/> <img decoding=\"async\" src=\"https:\/\/www.bioleaderpack.com\/wp-content\/uploads\/2023\/03\/T0394_1679237551733-2.jpg\" alt=\"kompostierbarer Fleischteller\" width=\"48%\" \/><\/p>\n<h2>Merkmale und Vorteile<\/h2>\n<ul>\n<li>\n<h4>Vollst\u00e4ndig biologisch abbaubar<\/h4>\n<\/li>\n<\/ul>\n<p>Diese Schalen k\u00f6nnen unter kompostierbaren Bedingungen gelagert werden und zerfallen innerhalb von 60 Tagen in organische Substanzen, was zur Verringerung der Abfallmenge auf Deponien und zur Verbesserung des Bodens beitr\u00e4gt.<\/p>\n<ul>\n<li>\n<h4>Biobasierte Rohstoffe in der Schale und im Deckel aus Zuckerrohr-Bagasse<\/h4>\n<\/li>\n<\/ul>\n<p>Diese Schalen tragen auch dazu bei, die Verwendung von umweltbelastenden Materialien zu verringern, da sie die bei der Zuckerrohrverarbeitung anfallenden Abf\u00e4lle nutzen.<\/p>\n<ul>\n<li>\n<h4>Federleicht und doch stark<\/h4>\n<\/li>\n<\/ul>\n<p>Trotz ihres geringen Gewichts sind kompostierbare Zellstoffschalen robust, auslaufsicher, fett- und feuchtigkeitsbest\u00e4ndig, so dass die Schalen auch f\u00fcr fl\u00fcssige oder \u00f6lige Lebensmittel verwendet werden k\u00f6nnen.<\/p>\n<ul>\n<li>\n<h4>Innovative Anwendung<\/h4>\n<\/li>\n<\/ul>\n<p>Diese Schalen sind f\u00fcr verschiedene Arten von Lebensmittelverpackungen, zum Stapeln und Pr\u00e4sentieren in Gesch\u00e4ften, zum Servieren von Speisen zum Mitnehmen und f\u00fcr das Catering konzipiert. Sie sind sowohl f\u00fcr hei\u00dfe als auch f\u00fcr kalte Lebensmittel geeignet.<\/p>\n<ul>\n<li>\n<h4>Sicher und ungiftig<\/h4>\n<\/li>\n<\/ul>\n<p>Bei der Herstellung dieser Schalen werden keine gef\u00e4hrlichen Chemikalien und Giftstoffe verwendet, so dass sie f\u00fcr die Verwendung in Lebensmitteln sicher sind.<\/p>\n<p>&nbsp;<\/p>\n<h2><a href=\"https:\/\/www.bioleaderpack.com\/de\/verfahren-zur-herstellung-von-zuckerrohrbagasse-zellstoff-fur-geschirr\/\" target=\"_blank\">Produktionsprozess: Papierzellstoff-Formenbau<\/a><\/h2>\n<p>Herstellung von\u00a0<strong>kompostierbare Schalen aus geformtem Papierzellstoff<\/strong>\u00a0folgt einigen wichtigen Schritten:<\/p>\n<ol>\n<li><strong>Vorbereitung des Materials:<\/strong>\u00a0Aus Zuckerrohrbagasse werden Papierfasern gewonnen und zu feinem Zellstoff weiterverarbeitet, der sich leicht formen l\u00e4sst.<\/li>\n<li><strong>Formgebungsverfahren:<\/strong> Der Zellstoff wird durch den Einsatz spezieller Formger\u00e4te und -maschinen in vorgegebene Schalenformen gebracht. Die geformten Schalen werden auch getrocknet, um die angestrebten Haltbarkeits- und Festigkeitseigenschaften zu erreichen.<\/li>\n<li><strong>Fertigstellung:<\/strong>\u00a0Nach dem Trocknen werden die Schalen einer eventuellen Endbearbeitung unterzogen, wie z. B. dem Beschneiden oder anderen Veredelungsprozessen, die die Qualit\u00e4t der Schalen verbessern sollen.<\/li>\n<\/ol>\n<h2>Anwendungen von kompostierbaren Trays aus geformtem Papierbrei<\/h2>\n<ul>\n<li><strong>Lebensmitteleinzelhandel:<\/strong>\u00a0Am besten geeignet f\u00fcr die Aufbewahrung unsortierter Zutaten und verpackter Artikel in Superm\u00e4rkten und Lebensmittelgesch\u00e4ften.<\/li>\n<li><strong>Verpflegung:<\/strong>\u00a0Sie werden speziell f\u00fcr das Servieren von Speisen in Hotels, Caf\u00e9s und sogar bei Veranstaltungen verwendet, bei denen Schnittstellen-Catering angeboten wird. Im Gegensatz zu Plastik- oder Styroporbeh\u00e4ltern, die in solchen Umgebungen verwendet werden, bietet es einen kosteng\u00fcnstigen Ansatz.<\/li>\n<li><strong>Mitnahme und Lieferung:<\/strong>\u00a0Diese Schalen eignen sich f\u00fcr die Verpackung von Take-Outs und Fertiggerichten von Lebensmittellieferanten, da sie die Lebensmittel in gutem Zustand halten und zudem umweltfreundlich sind.<\/li>\n<li><strong>Ereignisse und Funktionen:<\/strong> Diese k\u00f6nnen auch bei besonderen Anl\u00e4ssen oder Veranstaltungen wie Partys eingesetzt werden, bei denen Essen serviert wird und der Bedarf an einmaligen Lebensmittelpaketen besteht.<\/li>\n<\/ul>\n<p>&nbsp;<\/p>\n<p align=\"left\"><img decoding=\"async\" src=\"https:\/\/www.bioleaderpack.com\/wp-content\/uploads\/2023\/03\/Tray4_1679236277698-2.jpg\" alt=\"Biologisch abbaubare Lebensmittelverpackungsschale\" width=\"47.8%\" \/> <img decoding=\"async\" src=\"https:\/\/www.bioleaderpack.com\/wp-content\/uploads\/2023\/03\/Tray2_1679236346644-2.jpg\" alt=\"biologisch abbaubare Lebensmittelschale\" width=\"48.5%\" \/><\/p>\n<h2>Schlussfolgerung<\/h2>\n<p>Die Auswirkungen der globalen Erw\u00e4rmung auf das Klima und das \u00d6kosystem haben die Aufmerksamkeit von politischen Entscheidungstr\u00e4gern, Verbrauchern und Einzelh\u00e4ndlern stark auf sich gezogen. J\u00fcngste Daten zeigen, dass unkonventionelle Lebensmittelverpackungen ungeachtet der entstehenden Mehrkosten sowohl von Verbrauchern als auch von Einzelh\u00e4ndlern gew\u00fcnscht werden. Hochwertige Innenkartons mit verl\u00e4ngerter Lebensdauer aus Faserverbundwerkstoffen bieten Herstellern und Lebensmittelanbietern Kosteneinsparungen.<\/p>\n<h2 data-start=\"138\" data-end=\"162\">FAQ (Auch andere fragen)<\/h2>\n<h4 data-start=\"164\" data-end=\"215\">1. Woraus bestehen geformte Zellstoffschalen aus Papier?<\/h4>\n<p data-start=\"216\" data-end=\"455\">Schalen aus geformtem Papierbrei werden aus recyceltem Papier, Karton oder landwirtschaftlichen Fasern wie Zuckerrohrbagasse hergestellt. Das Material wird zu einem Brei verarbeitet und zu haltbaren, kompostierbaren Schalen geformt, die sich f\u00fcr Lebensmittel- und Industrieverpackungen eignen.<\/p>\n<h4 data-start=\"457\" data-end=\"507\">2. Sind geformte Zellstoffschalen vollst\u00e4ndig kompostierbar?<\/h4>\n<p data-start=\"508\" data-end=\"722\">Ja, diese Schalen sind 100% kompostierbar und biologisch abbaubar. Unter industriellen Kompostierungsbedingungen zersetzen sie sich in der Regel innerhalb von 60-90 Tagen, und in Heimkompostierungssystemen werden sie innerhalb von 90-120 Tagen nat\u00fcrlich abgebaut.<\/p>\n<h4 data-start=\"724\" data-end=\"777\">3. Wof\u00fcr werden kompostierbare geformte Schalen verwendet?<\/h4>\n<p data-start=\"778\" data-end=\"1011\">Sie werden h\u00e4ufig in der Gastronomie (als Men\u00fcschalen, Obst- und Gem\u00fcseschalen oder Sandwich-Verpackungen) sowie in der Elektronik-, Kosmetik- und Medizinbranche eingesetzt. Ihre Struktur bietet Polsterung und Schutz ohne Kunststoffabfall.<\/p>\n<h4 data-start=\"1013\" data-end=\"1077\">4. Sind geformte Zellstoffschalen aus Papier sicher f\u00fcr hei\u00dfe oder kalte Lebensmittel?<\/h4>\n<p data-start=\"1078\" data-end=\"1266\">Ja. Hochwertige geformte Zellstoffschalen sind hitzebest\u00e4ndig bis 120\u00b0C und gefrierfest bis -10\u00b0C. Sie sind mikrowellengeeignet und eignen sich f\u00fcr hei\u00dfe Vorspeisen, kalte Salate oder gek\u00fchlte Speisen.<\/p>\n<h4 data-start=\"1268\" data-end=\"1344\">5. Kann ich kompostierbare Zellstoffschalen aus Papier in gro\u00dfen Mengen mit individuellem Design kaufen?<\/h4>\n<p data-start=\"1345\" data-end=\"1570\">Ganz genau. Die Hersteller bieten Gro\u00dfhandelslieferungen mit OEM\/ODM-Dienstleistungen an, einschlie\u00dflich kundenspezifischer Formen, Gr\u00f6\u00dfen, F\u00e4cherdesigns, Logopr\u00e4gungen und Eigenmarkenverpackungen - ideal f\u00fcr Lebensmittelmarken und nachhaltige Produktlinien.<\/p>\n<h2>Einblick in die Verpackung: Die Vorteile von kompostierbaren Zellstoffschalen aus geformtem Papier<\/h2>\n<div class=\"semantic-insight-block\" style=\"background: #f6f6f9; border-left: 4px solid #2196f3; padding: 16px; margin-bottom: 24px;\">\n<ul style=\"margin: 8px 0 0 20px;\">\n<li><strong>Wie tragen kompostierbare geformte Zellstoffschalen zur \u00f6kologischen Nachhaltigkeit bei?<\/strong><br \/>\nDiese aus erneuerbarem Zellstoff hergestellten Schalen werden in industriellen und privaten Kompostieranlagen auf nat\u00fcrliche Weise abgebaut, wodurch die Abfallmenge auf der Deponie erheblich reduziert wird.<\/li>\n<li><strong>Warum sind geformte Zellstoffschalen eine bevorzugte Wahl f\u00fcr Lebensmittelverpackungen?<\/strong><br \/>\nIhre robuste Struktur sch\u00fctzt die Lebensmittel w\u00e4hrend des Transports und der Handhabung und bewahrt die Unversehrtheit des Produkts, w\u00e4hrend sie gleichzeitig eine umweltbewusste Alternative zu Kunststoffbeh\u00e4ltern darstellt.<\/li>\n<li><strong>Welche Industriezweige profitieren am meisten von der Verwendung kompostierbarer geformter Zellstoffschalen?<\/strong><br \/>\nFoodservice, Catering und Einzelhandel nutzen diese Schalen, um die wachsende Nachfrage der Verbraucher nach nachhaltigen Verpackungen zu befriedigen und Umweltvorschriften einzuhalten.<\/li>\n<li><strong>Wie k\u00f6nnen Unternehmen ihren Markenwert durch umweltfreundliche Verpackungen steigern?<\/strong><br \/>\nIndividuelle Druck- und Branding-Optionen auf geformten Zellstoffschalen helfen umweltbewussten Verbrauchern, ihr Engagement f\u00fcr Nachhaltigkeit zu kommunizieren.<\/li>\n<li><strong>Welche \u00dcberlegungen sollten bei der Entsorgung angestellt werden?<\/strong><br \/>\nGeeignete Kompostieranlagen sorgen daf\u00fcr, dass diese Schalen effizient abgebaut werden, wodurch sich der Kreislauf eines nachhaltigen Verpackungslebenszyklusmanagements schlie\u00dft.<\/li>\n<\/ul>\n<div style=\"margin-top: 12px;\"><strong>Schl\u00fcsselw\u00f6rter:<\/strong> Kompostierbare Schalen aus geformtem Zellstoff, biologisch abbaubare Lebensmittelschalen, Verpackungen aus Zellstoff, nachhaltige Lebensmittelbeh\u00e4lter, umweltfreundliche Schalen zum Mitnehmen, kompostierbare Schalen von Bioleader<\/div>\n<\/div>\n<p><script type=\"application\/ld+json\">{\n    \"@context\": \"https:\\\/\\\/schema.org\",\n    \"@type\": \"FAQPage\",\n    \"mainEntity\": [\n        {\n            \"@type\": \"Question\",\n            \"name\": \"What are molded paper pulp trays made of?\",\n            \"acceptedAnswer\": {\n                \"@type\": \"Answer\",\n                \"text\": \"Molded paper pulp trays are made from recycled paper, cardboard, or agricultural fibers such as sugarcane bagasse. The material is processed into a pulp and molded into durable, compostable trays suitable for food and industrial packaging.\"\n            }\n        },\n        {\n            \"@type\": \"Question\",\n            \"name\": \"Are molded pulp trays fully compostable?\",\n            \"acceptedAnswer\": {\n                \"@type\": \"Answer\",\n                \"text\": \"Yes. These trays are 100% compostable and biodegradable. Under industrial composting conditions, they typically decompose within 60\\u201390 days, and in home composting systems, they break down naturally in 90\\u2013120 days.\"\n            }\n        },\n        {\n            \"@type\": \"Question\",\n            \"name\": \"What are compostable molded trays used for?\",\n            \"acceptedAnswer\": {\n                \"@type\": \"Answer\",\n                \"text\": \"They are widely used in foodservice (as meal trays, fruit and vegetable trays, or sandwich packs), as well as in electronics, cosmetics, and medical packaging. Their structure provides cushioning and protection without plastic waste.\"\n            }\n        },\n        {\n            \"@type\": \"Question\",\n            \"name\": \"Are molded paper pulp trays safe for hot or cold food?\",\n            \"acceptedAnswer\": {\n                \"@type\": \"Answer\",\n                \"text\": \"Yes. High-quality molded pulp trays are heat-resistant up to 120\\u00b0C and freezer-safe down to -10\\u00b0C. They are microwave-safe and suitable for hot entrees, cold salads, or refrigerated items.\"\n            }\n        },\n        {\n            \"@type\": \"Question\",\n            \"name\": \"Can I buy compostable paper pulp trays in bulk with custom design?\",\n            \"acceptedAnswer\": {\n                \"@type\": \"Answer\",\n                \"text\": \"Absolutely. Manufacturers offer bulk wholesale supply with OEM\\\/ODM services including custom shapes, sizes, compartment designs, logo embossing, and private label packaging\\u2014ideal for food brands and sustainable product lines.\"\n            }\n        }\n    ]\n}<\/script><\/p>","protected":false},"excerpt":{"rendered":"<p data-start=\"220\" data-end=\"571\">Bioleader's <strong data-start=\"232\" data-end=\"271\">Kompostierbare Zellstoffschalen aus geformtem Papier<\/strong> bieten eine umweltfreundliche, kosteneffiziente und langlebige L\u00f6sung f\u00fcr die Verpackung von Lebensmitteln und die Pr\u00e4sentation von Produkten. Diese Schalen aus biologisch abbaubarem Faserformstoff sind \u00f6lbest\u00e4ndig, stapelbar und ideal f\u00fcr Superm\u00e4rkte, Catering und Verpackungen zum Mitnehmen - konzipiert f\u00fcr Unternehmen, die den Plastikverbrauch reduzieren wollen.<\/p>","protected":false},"featured_media":17919,"comment_status":"open","ping_status":"closed","template":"","meta":{"_acf_changed":false},"product_brand":[8971],"product_cat":[7148],"product_tag":[6927,6928,6436,6930,6931,6932,6934,6935,6408,6936,6938,6939,6432,6940,6941,6942,6943],"class_list":{"0":"post-13583","1":"product","2":"type-product","3":"status-publish","4":"has-post-thumbnail","6":"product_brand-bioleader","7":"product_cat-bagasse-tray","8":"product_tag-compostable-food-packaging","9":"product_tag-compostable-food-tray","10":"product_tag-compostable-food-trays","11":"product_tag-compostable-fruit-packaging","12":"product_tag-compostable-fruit-tray","13":"product_tag-compostable-meat-packaging","14":"product_tag-compostable-meat-tray","15":"product_tag-compostable-pulp-trays","16":"product_tag-compostable-tray","17":"product_tag-compostable-vegetable-packaging","18":"product_tag-compostable-vegetable-tray","19":"product_tag-food-packaging-tray-biodegradable","20":"product_tag-molded-pulp-trays","21":"product_tag-paper-pulp-tray","22":"product_tag-paper-trays","23":"product_tag-pulp-tray","24":"product_tag-tray-compostable","26":"first","27":"instock","28":"purchasable","29":"product-type-simple"},"acf":[],"_links":{"self":[{"href":"https:\/\/www.bioleaderpack.com\/de\/wp-json\/wp\/v2\/product\/13583","targetHints":{"allow":["GET"]}}],"collection":[{"href":"https:\/\/www.bioleaderpack.com\/de\/wp-json\/wp\/v2\/product"}],"about":[{"href":"https:\/\/www.bioleaderpack.com\/de\/wp-json\/wp\/v2\/types\/product"}],"replies":[{"embeddable":true,"href":"https:\/\/www.bioleaderpack.com\/de\/wp-json\/wp\/v2\/comments?post=13583"}],"wp:featuredmedia":[{"embeddable":true,"href":"https:\/\/www.bioleaderpack.com\/de\/wp-json\/wp\/v2\/media\/17919"}],"wp:attachment":[{"href":"https:\/\/www.bioleaderpack.com\/de\/wp-json\/wp\/v2\/media?parent=13583"}],"wp:term":[{"taxonomy":"product_brand","embeddable":true,"href":"https:\/\/www.bioleaderpack.com\/de\/wp-json\/wp\/v2\/product_brand?post=13583"},{"taxonomy":"product_cat","embeddable":true,"href":"https:\/\/www.bioleaderpack.com\/de\/wp-json\/wp\/v2\/product_cat?post=13583"},{"taxonomy":"product_tag","embeddable":true,"href":"https:\/\/www.bioleaderpack.com\/de\/wp-json\/wp\/v2\/product_tag?post=13583"}],"curies":[{"name":"wp","href":"https:\/\/api.w.org\/{rel}","templated":true}]}}