{"id":13578,"date":"2023-03-13T16:33:00","date_gmt":"2023-03-13T08:33:00","guid":{"rendered":"https:\/\/www.bioleaderpack.com\/product\/sugarcane-bagasse-compostable-fiber-bowls\/"},"modified":"2026-01-28T17:04:36","modified_gmt":"2026-01-28T09:04:36","slug":"kompostierbare-faserschalen-aus-zuckerrohr-bagasse","status":"publish","type":"product","link":"https:\/\/www.bioleaderpack.com\/de\/produkt\/kompostierbare-faserschalen-aus-zuckerrohr-bagasse\/","title":{"rendered":"Kompostierbare Faserschalen aus Zuckerrohr-Bagasse"},"content":{"rendered":"<p><img fetchpriority=\"high\" decoding=\"async\" class=\"size-full wp-image-1343\" title=\"Kompostierbare Faserschalen aus Zuckerrohr-Bagasse\" src=\"https:\/\/www.bioleaderpack.com\/wp-content\/uploads\/2024\/07\/2sugarcane-bagasse-bowls-1.jpg\" alt=\"Kompostierbare Faserschalen aus Zuckerrohr-Bagasse\" width=\"1080\" height=\"1080\" srcset=\"https:\/\/www.bioleaderpack.com\/wp-content\/uploads\/2024\/07\/2sugarcane-bagasse-bowls-1.jpg.webp 1080w, https:\/\/www.bioleaderpack.com\/wp-content\/uploads\/2024\/07\/2sugarcane-bagasse-bowls-1-12x12.jpg 12w, https:\/\/www.bioleaderpack.com\/wp-content\/uploads\/2024\/07\/2sugarcane-bagasse-bowls-1-150x150.jpg.webp 150w, https:\/\/www.bioleaderpack.com\/wp-content\/uploads\/2024\/07\/2sugarcane-bagasse-bowls-1-300x300.jpg.webp 300w, https:\/\/www.bioleaderpack.com\/wp-content\/uploads\/2024\/07\/2sugarcane-bagasse-bowls-1-768x768.jpg.webp 768w, https:\/\/www.bioleaderpack.com\/wp-content\/uploads\/2024\/07\/2sugarcane-bagasse-bowls-1-1024x1024.jpg.webp 1024w, https:\/\/www.bioleaderpack.com\/wp-content\/uploads\/2024\/07\/2sugarcane-bagasse-bowls-1-600x600.jpg 600w, https:\/\/www.bioleaderpack.com\/wp-content\/uploads\/2024\/07\/2sugarcane-bagasse-bowls-1-100x100.jpg 100w\" sizes=\"(max-width: 1080px) 100vw, 1080px\" \/><\/p>\n<table style=\"border-collapse: collapse; width: 100%;\">\n<tbody>\n<tr>\n<td style=\"width: 50%;\"><img decoding=\"async\" class=\"size-full wp-image-556\" title=\"Kompostierbare Faserschalen aus Zuckerrohr-Bagasse\" src=\"https:\/\/www.bioleaderpack.com\/wp-content\/uploads\/2024\/09\/0443_1678723611682-3.jpg\" alt=\"Kompostierbare Faserschalen aus Zuckerrohr-Bagasse\" width=\"960\" height=\"960\" \/><\/td>\n<td style=\"width: 50%;\"><img decoding=\"async\" class=\"size-full wp-image-453\" title=\"Kompostierbare Faserschalen aus Zuckerrohr-Bagasse\" src=\"https:\/\/www.bioleaderpack.com\/wp-content\/uploads\/2024\/09\/L01013_1678174753534-2.jpg\" alt=\"Kompostierbare Faserschalen aus Zuckerrohr-Bagasse\" width=\"1000\" height=\"1000\" \/><\/td>\n<\/tr>\n<\/tbody>\n<\/table>\n<h2><!-- Micro Summary Card for AI\/SGE --><\/h2>\n<div class=\"micro-summary-card\" style=\"background: #f6f6f9; border-left: 4px solid #4caf50; padding: 12px; margin-bottom: 16px;\"><strong>Kurze Zusammenfassung:<\/strong><br \/>\nDie kompostierbaren Schalen aus Zuckerrohrbagasse von Bioleader sind haltbare, umweltfreundliche Lebensmittelbeh\u00e4lter aus biologisch abbaubarer Naturfaser 100%. Sie sind ideal f\u00fcr hei\u00dfe oder kalte Speisen und unterst\u00fctzen nachhaltige Verpackungsl\u00f6sungen mit zertifizierter Kompostierbarkeit.<\/div>\n<h2>Einf\u00fchrung<\/h2>\n<p>In j\u00fcngster Zeit haben Umweltbedenken und -aufrufe die Unternehmen dazu veranlasst, praktische\u00a0<strong>kompostierbare Faserschalen<\/strong>. Aufgrund des in mehreren Haushalten angebotenen Warenkorbs, wie z. B. dem <strong>Schalen aus Zuckerrohrfasern<\/strong>Der Grund daf\u00fcr ist, dass sie umweltfreundlich und praktisch sind. Es handelt sich um biobasierte Kochsch\u00fcsseln, die aus dem <a href=\"https:\/\/www.bioleaderpack.com\/de\/was-sind-die-merkmale-vor-und-nachteile-und-der-anwendungsbereich-von-geschirr-aus-zuckerrohrbagasse\/\" target=\"_blank\" rel=\"noopener\" data-wpil-monitor-id=\"2320\">Zuckerrohrbagasse<\/a>Ein R\u00fcckstand, der bei der Gewinnung von Saft aus dem Zuckerrohr entsteht, und der so gebaut ist, dass er alle Arten von Lebensmitteln mit dem geringsten \u00f6kologischen Schaden aufnehmen kann. Ob Sie ein Restaurant, ein Caf\u00e9 oder ein privates Cateringunternehmen sind, unsere <strong>Bagasse-Faserschalen<\/strong>\u00a0sind ideal, um Lebensmittel sicher und umweltschonend zu servieren.<\/p>\n<h2>Was sind Schalen aus Zuckerrohr-Bagasse-Fasern?<\/h2>\n<p><strong><a href=\"https:\/\/www.bioleaderpack.com\/de\/produkt\/schalen-aus-nachhaltigem-zellstoff\/\" target=\"_blank\" rel=\"noopener\" data-wpil-monitor-id=\"2089\">Schalen aus Zuckerrohrfasern<\/a><\/strong> werden aus Zuckerrohrbagasse hergestellt, dem trockenen faserigen Material, das nach dem Auspressen des Saftes von Saccharum officinarum \u00fcbrig bleibt. Dieses Abfallmaterial ist sehr n\u00fctzlich und wird zu folgenden Produkten verarbeitet\u00a0<strong><a href=\"https:\/\/www.bioleaderpack.com\/de\/produkt\/kompostierbare-biologisch-abbaubare-teller-und-schusseln\/\" target=\"_blank\" rel=\"noopener\" data-wpil-monitor-id=\"2130\">kompostierbare Schalen<\/a><\/strong> unter Verwendung der umweltfreundlichen Pulp-Molding-Technologie. Mit diesem Verfahren lassen sich gut strukturierte und lebensmittelechte Schalen herstellen, die f\u00fcr alle Arten von Lebensmitteln geeignet sind, z. B. f\u00fcr Salatdressings, Suppen mit Nudeln und andere. Es ist wichtig zu beachten, dass die Verwendung von <strong>Bagasse-Faserschalen<\/strong>\u00a0wird die Umwelt vor den negativen Auswirkungen der Plastikverschmutzung sch\u00fctzen.<\/p>\n<table style=\"border-collapse: collapse; width: 100%;\">\n<tbody>\n<tr>\n<td style=\"width: 50%;\"><img loading=\"lazy\" decoding=\"async\" class=\"wp-image-440 size-full\" title=\"Kompostierbare Faserschalen aus Zuckerrohr-Bagasse\" src=\"https:\/\/www.bioleaderpack.com\/wp-content\/uploads\/2024\/09\/L0016_1678118836481.jpg\" alt=\"Kompostierbare Faserschalen aus Zuckerrohr-Bagasse\" width=\"650\" height=\"650\" \/><\/td>\n<td style=\"width: 50%;\"><img loading=\"lazy\" decoding=\"async\" class=\"wp-image-439 size-full\" title=\"Kompostierbare Faserschalen aus Zuckerrohr-Bagasse\" src=\"https:\/\/www.bioleaderpack.com\/wp-content\/uploads\/2024\/09\/L0013_1678118830267-4.jpg\" alt=\"Kompostierbare Faserschalen aus Zuckerrohr-Bagasse\" width=\"650\" height=\"650\" \/><\/td>\n<\/tr>\n<\/tbody>\n<\/table>\n<h2>Die <a href=\"https:\/\/www.bioleaderpack.com\/de\/verfahren-zur-herstellung-von-zuckerrohrbagasse-zellstoff-fur-geschirr\/\" target=\"_blank\">Verfahren zur Herstellung von Papierzellstoff<\/a><\/h2>\n<p>Einmal geformt, wird das PBM\u00a0<strong>Zuckerrohrschalen<\/strong> sind bereit f\u00fcr die Verwendung. Die S\u00e4gesp\u00e4ne der Zuckerrohre, die gemeinhin als Zuckerrohrbagasse bezeichnet werden, werden gr\u00f6\u00dftenteils zerkleinert und durchlaufen den Prozess der Papierschnitzelformung, bei dem schalenf\u00f6rmige Produkte entstehen. Diese Methode garantiert, dass jedes der <strong>kompostierbare Faserschalen<\/strong> ist nicht nur robust und wasserfest, sondern auch vollst\u00e4ndig kompostierbar. Die Bagasseschalen verlieren auch dann nicht ihre Form, wenn sie mit hei\u00dfer Suppe oder anderen \u00f6lhaltigen Lebensmitteln gef\u00fcllt werden, so dass sie in jedem Gastronomiebetrieb eingesetzt werden k\u00f6nnen.<\/p>\n<h2>Innenverpackungen f\u00fcr Lebensmittel sind \u00f6lfrei: Der Grund, warum sie die beste Art der Lebensmittelverpackung sind<\/h2>\n<p>Zun\u00e4chst einmal ist es ein gro\u00dfer Vorteil, wenn Sie sich diese <strong><a href=\"https:\/\/www.bioleaderpack.com\/de\/die-7-wichtigsten-vorteile-von-bagasse-geschirr\/\" target=\"_blank\" rel=\"noopener\" data-wpil-monitor-id=\"190\">kompostierbare Faserschalen<\/a> <\/strong>Das Besondere an den Schalen aus Zuckerrohr-Bagasse ist ihr freundlicher Charakter. Solche Schalen sind nervengiftig und zersetzen sich schleichend, so dass sie keine Gefahr darstellen. Sie sind nicht nur biologisch abbaubar, sondern enthalten auch keine <a href=\"https:\/\/www.bioleaderpack.com\/de\/pfas-frei-vs-pfoa-frei-vs-bpa-frei-wie-man-gesundes-und-ungiftiges-geschirr-auswahlt\/\" target=\"_blank\" rel=\"noopener\" data-wpil-monitor-id=\"477\">PFAS und BPA<\/a> und sind daher sicher f\u00fcr den Gebrauch mit Lebensmitteln. Sie sind au\u00dferdem auslaufsicher, wasserdicht und \u00f6lbest\u00e4ndig, so dass die <strong>Schalen aus Zuckerrohrfasern<\/strong> f\u00fcr Suppen, fettige Speisen, trockene und s\u00e4mige Speisen zum Mitnehmen usw. Wenn Sie sich f\u00fcr die Verwendung des\u00a0<strong>Bagasse-Schalen<\/strong>Sie verwenden ein Produkt, das Ihren Umweltstandards entspricht, ohne die Gesundheit und den Komfort Ihrer Kunden zu beeintr\u00e4chtigen.<\/p>\n<table style=\"border-collapse: collapse; width: 100%;\">\n<tbody>\n<tr>\n<td style=\"width: 50%;\"><img loading=\"lazy\" decoding=\"async\" class=\"wp-image-2250\" title=\"Kompostierbare Faserschalen aus Zuckerrohr-Bagasse\" src=\"https:\/\/www.bioleaderpack.com\/wp-content\/uploads\/2023\/03\/L014-2-e1725188973584.jpg\" alt=\"Kompostierbare Faserschalen aus Zuckerrohr-Bagasse\" width=\"500\" height=\"500\" srcset=\"https:\/\/www.bioleaderpack.com\/wp-content\/uploads\/2023\/03\/L014-2-e1725188973584.jpg.webp 462w, https:\/\/www.bioleaderpack.com\/wp-content\/uploads\/2023\/03\/L014-2-e1725188973584-12x12.jpg 12w, https:\/\/www.bioleaderpack.com\/wp-content\/uploads\/2023\/03\/L014-2-e1725188973584-150x150.jpg.webp 150w, https:\/\/www.bioleaderpack.com\/wp-content\/uploads\/2023\/03\/L014-2-e1725188973584-300x300.jpg.webp 300w, https:\/\/www.bioleaderpack.com\/wp-content\/uploads\/2023\/03\/L014-2-e1725188973584-100x100.jpg 100w\" sizes=\"(max-width: 500px) 100vw, 500px\" \/><\/p>\n<p style=\"text-align: center;\"><strong>Farbe: Gebleichtes Wei\u00df<\/strong><\/p>\n<\/td>\n<td style=\"width: 50%;\"><img loading=\"lazy\" decoding=\"async\" class=\"wp-image-520\" title=\"Kompostierbare Faserschalen aus Zuckerrohr-Bagasse\" src=\"https:\/\/www.bioleaderpack.com\/wp-content\/uploads\/2024\/09\/014B5_1678716258654-1.jpg\" alt=\"Kompostierbare Faserschalen aus Zuckerrohr-Bagasse\" width=\"500\" height=\"500\" \/><\/p>\n<p style=\"text-align: center;\"><strong>Farbe: Ungebleichtes Naturbraun<\/strong><\/p>\n<\/td>\n<\/tr>\n<\/tbody>\n<\/table>\n<h2>Flexibilit\u00e4t in der Nutzung: Von Take Away bis Catering<\/h2>\n<p>Unser <strong>kompostierbare Faser\u00a0<\/strong><span style=\"margin: 0px; padding: 0px;\"><strong>Schalen\u00a0<\/strong>sind<\/span> Sie sind so robust, dass sie allen Anforderungen in der Gastronomie standhalten. Ganz gleich, ob Sie Salate servieren, Nudeln zubereiten oder Suppen kochen, diese\u00a0<strong>biologisch abbaubare Schalen<\/strong> sind dem gewachsen. Sie eignen sich sehr gut f\u00fcr Imbissbuden, Restaurants oder \u00fcberall dort, wo Lebensmittel wirtschaftlich und umweltfreundlich verpackt und aufbewahrt werden m\u00fcssen. Die <a href=\"https:\/\/www.bioleaderpack.com\/de\/sind-bagasse-behalter-mikrowellengeeignet\/\" target=\"_blank\" rel=\"noopener\" data-wpil-monitor-id=\"2319\">Bagassebeh\u00e4lter k\u00f6nnen in der Mikrowelle erhitzt werden<\/a>Die fettabweisenden Eigenschaften sorgen daf\u00fcr, dass die Schalen jede Art von Speisen, auch \u00f6lige, aufnehmen k\u00f6nnen, ohne zusammenzubrechen. Diese Sch\u00fcsseln helfen Ihnen, Geld zu sparen, und vermitteln Ihren Kunden auch eine Botschaft des Umweltschutzes.<\/p>\n<table style=\"border-collapse: collapse; width: 100%;\">\n<tbody>\n<tr>\n<td style=\"width: 50%;\"><img loading=\"lazy\" decoding=\"async\" class=\"wp-image-457\" title=\"Kompostierbare Faserschalen aus Zuckerrohr-Bagasse\" src=\"https:\/\/www.bioleaderpack.com\/wp-content\/uploads\/2024\/09\/00622_1678174808713-3.jpg\" alt=\"Kompostierbare Faserschalen aus Zuckerrohr-Bagasse\" width=\"800\" height=\"800\" \/><\/td>\n<td style=\"width: 50%;\"><img loading=\"lazy\" decoding=\"async\" class=\"wp-image-506\" title=\"Kompostierbare Faserschalen aus Zuckerrohr-Bagasse\" src=\"https:\/\/www.bioleaderpack.com\/wp-content\/uploads\/2024\/09\/0854_1678634482029.jpg\" alt=\"Kompostierbare Faserschalen aus Zuckerrohr-Bagasse\" width=\"800\" height=\"800\" \/><\/td>\n<\/tr>\n<\/tbody>\n<\/table>\n<h2>Warum sollten Sie sich f\u00fcr unsere Bagasse-Faserschalen interessieren?<\/h2>\n<p>Wenn Sie kaufen m\u00f6chten\u00a0<strong>Bagasse-Schalen<\/strong>sind Sie bei uns genau an der richtigen Adresse. Bagasse ist ein 100% biologisch abbaubares Material aus recycelten Abf\u00e4llen, die Sie bei der Zuckerrohrernte gewinnen k\u00f6nnen. Wenn Sie ein Spa oder eine andere lokale Gesundheitseinrichtung besitzen, sind unsere Bagasse-Faserschalen die g\u00fcnstigsten, da sie auf Gro\u00dfhandelsbasis verkauft werden. Sie machen den richtigen Schritt, wenn Sie sich f\u00fcr unsere <strong>Container aus Zuckerrohrfasern<\/strong> denn Sie entscheiden sich nicht nur f\u00fcr ein starkes und hochfunktionales Produkt, sondern auch f\u00fcr eine fortschrittliche Ver\u00e4nderung im Bereich der Lebensmittelverpackungen. Es besteht kein Zweifel daran, dass unsere kompostierbaren Faserschalen Ihrem Unternehmen helfen werden, Gewinne zu erzielen, ohne Kompromisse bei den Umweltauflagen einzugehen.<\/p>\n<h2>Die Zukunft der Lebensmittelverpackung<\/h2>\n<p>Mit den j\u00fcngsten Trends in der Welt hin zu einer umweltfreundlicheren Art der Verpackung werden Lebensmittelbeh\u00e4lter aus biologisch abbaubaren Fasern aus Zuckerrohr-Bagasse voraussichtlich der richtige Weg f\u00fcr die Verpackung von Lebensmitteln und Getr\u00e4nken sein. Solche\u00a0<strong>Zuckerrohrschalen<\/strong> der M\u00fcllindustrie \u00fcberm\u00e4\u00dfigen Ehrgeiz verleihen, da sie viele unn\u00f6tige Wegwerfartikel durch hochwertige, brauchbare und funktionelle Gegenst\u00e4nde ersetzen. Wenn Sie sich entscheiden f\u00fcr <strong>Bagasse-Schalen<\/strong>kaufen Sie nicht nur ein Produkt f\u00fcr Ihren eigenen Gebrauch, sondern auch das Schicksal unseres Planeten. Als vertrauensw\u00fcrdiger chinesischer Hersteller freuen wir uns, diese neuen Produkte in gro\u00dfen Mengen zu relativ niedrigen Preisen anbieten zu k\u00f6nnen. Daher kann nun jedes Unternehmen rund um den Globus eine umweltfreundliche Politik betreiben.<\/p>\n<p>&nbsp;<\/p>\n<figure id=\"attachment_2251\" aria-describedby=\"caption-attachment-2251\" style=\"width: 1000px\" class=\"wp-caption alignnone\"><img loading=\"lazy\" decoding=\"async\" class=\"wp-image-2251 size-full\" title=\"Kompostierbare Faserschalen aus Zuckerrohr-Bagasse\" src=\"https:\/\/www.bioleaderpack.com\/wp-content\/uploads\/2023\/03\/L-Bowl.jpg\" alt=\"Kompostierbare Faserschalen aus Zuckerrohr-Bagasse\" width=\"1000\" height=\"544\" srcset=\"https:\/\/www.bioleaderpack.com\/wp-content\/uploads\/2023\/03\/L-Bowl.jpg.webp 1000w, https:\/\/www.bioleaderpack.com\/wp-content\/uploads\/2023\/03\/L-Bowl-600x326.jpg 600w, https:\/\/www.bioleaderpack.com\/wp-content\/uploads\/2023\/03\/L-Bowl-300x163.jpg.webp 300w, https:\/\/www.bioleaderpack.com\/wp-content\/uploads\/2023\/03\/L-Bowl-768x418.jpg.webp 768w\" sizes=\"(max-width: 1000px) 100vw, 1000px\" \/><figcaption id=\"caption-attachment-2251\" class=\"wp-caption-text\">Kompostierbare Fiber-Schalen<\/figcaption><\/figure>\n<h2 data-start=\"140\" data-end=\"164\">FAQ (Auch andere fragen)<\/h2>\n<h4 data-start=\"166\" data-end=\"237\">1. Woraus bestehen die kompostierbaren Faserschalen aus Zuckerrohrbagasse?<\/h4>\n<p data-start=\"238\" data-end=\"451\">Sie werden aus Bagasse hergestellt, dem faserigen R\u00fcckstand, der bei der Extraktion von Zuckerrohrsaft anf\u00e4llt. Dieses erneuerbare Material wird zu haltbaren, biologisch abbaubaren Schalen geformt, die plastikfrei, kompostierbar und umweltfreundlich sind.<\/p>\n<h4 data-start=\"453\" data-end=\"515\">2. Sind Schalen aus Bagassefasern sicher f\u00fcr hei\u00dfe und kalte Speisen?<\/h4>\n<p data-start=\"516\" data-end=\"711\">Ja. Kompostierbare Bagasseschalen sind bis zu 120 \u00b0C hitzebest\u00e4ndig und auch f\u00fcr die K\u00fchlung geeignet. Sie k\u00f6nnen hei\u00dfe Suppen, Currys, Salate und kalte Desserts sicher aufbewahren, ohne auszulaufen oder sich zu verformen.<\/p>\n<h4 data-start=\"713\" data-end=\"773\">3. Wie lange dauert die Kompostierung von Zuckerrohrfaserschalen?<\/h4>\n<p data-start=\"774\" data-end=\"976\">Unter <a href=\"https:\/\/www.bioleaderpack.com\/de\/was-ist-industrieller-kompost-und-hauskompost\/\" target=\"_blank\" rel=\"noopener\" data-wpil-monitor-id=\"2311\">industrielle Kompostierung<\/a> Bedingungen werden sie innerhalb von 60-90 Tagen abgebaut. In Heimkompostieranlagen kann die Zersetzung je nach Temperatur, Feuchtigkeit und mikrobieller Aktivit\u00e4t 90-120 Tage dauern.<\/p>\n<h4 data-start=\"978\" data-end=\"1043\">4. Gibt es diese kompostierbaren Schalen mit Deckel zum Mitnehmen?<\/h4>\n<p data-start=\"1044\" data-end=\"1228\">Ja. Die meisten Schalen aus Bagassefasern sind so konzipiert, dass sie mit kompostierbaren Deckeln kombiniert werden k\u00f6nnen - entweder aus geformten Fasern oder aus klarem PLA - und eignen sich daher ideal f\u00fcr Essenslieferungen, zum Mitnehmen und als umweltfreundliche Verpackung f\u00fcr Mahlzeiten.<\/p>\n<h4 data-start=\"1230\" data-end=\"1308\">5. Kann ich Schalen aus Zuckerrohrbagasse in gro\u00dfen Mengen f\u00fcr den Gro\u00dfhandel oder OEM kaufen?<\/h4>\n<p data-start=\"1309\" data-end=\"1539\">Unbedingt. Gro\u00dfhandelsoptionen sind in verschiedenen Gr\u00f6\u00dfen (8 oz bis 32 oz) mit individuellem Branding, Logopr\u00e4gung und Private-Label-Verpackung erh\u00e4ltlich - perfekt f\u00fcr Restaurants, Catering-Unternehmen und Vertreiber nachhaltiger Verpackungen.<\/p>\n<h2>Kompostierbare Faserschalen aus Zuckerrohr-Bagasse: Langlebige und nachhaltige Lebensmittelverpackungen<\/h2>\n<div class=\"semantic-insight-block\" style=\"background: #f6f6f9; border-left: 4px solid #2196f3; padding: 16px; margin-bottom: 24px;\">\n<p>Die kompostierbaren Schalen aus Zuckerrohrbagasse von Bioleader werden aus erneuerbaren landwirtschaftlichen Abf\u00e4llen hergestellt und bieten eine nachhaltige Alternative zu Kunststoff- und Schaumstoffschalen. Diese Schalen sind 100% biologisch abbaubar und kompostierbar und werden in industriellen Kompostieranlagen effizient abgebaut.<\/p>\n<p>Diese Faserschalen, die sowohl f\u00fcr hei\u00dfe als auch f\u00fcr kalte Speisen geeignet sind, sind robust, auslaufsicher und mikrowellengeeignet. Damit sind sie vielseitig einsetzbar, z. B. in der Gastronomie zum Mitnehmen, im Catering und in der Au\u00dfengastronomie.<\/p>\n<p>Das Produkt steht im Einklang mit den zunehmenden Umweltvorschriften und den Verbraucherpr\u00e4ferenzen f\u00fcr umweltfreundliche Verpackungen und bietet Lebensmittelunternehmen eine verantwortungsvolle L\u00f6sung, die Deponieabf\u00e4lle reduziert und gleichzeitig eine hohe Produktqualit\u00e4t gew\u00e4hrleistet.<\/p>\n<div style=\"margin-top: 12px;\"><strong>Schl\u00fcsselw\u00f6rter:<\/strong> Schalen aus Zuckerrohr-Bagasse, Schalen aus kompostierbaren Fasern, <a href=\"https:\/\/www.bioleaderpack.com\/de\/ausstellungsraum\/biologisch-abbaubarer-lebensmittelbehalter\/\" target=\"_blank\" rel=\"noopener\" data-wpil-monitor-id=\"2309\">biologisch abbaubare Lebensmittelbeh\u00e4lter<\/a>Umweltfreundliche Sch\u00fcsseln, nachhaltige Verpackungen, mikrowellengeeignete Sch\u00fcsseln, kompostierbares Geschirr von Bioleader<\/div>\n<\/div>\n<p><script type=\"application\/ld+json\">{\n    \"@context\": \"https:\\\/\\\/schema.org\",\n    \"@type\": \"FAQPage\",\n    \"mainEntity\": [\n        {\n            \"@type\": \"Question\",\n            \"name\": \"What are sugarcane bagasse compostable fiber bowls made from?\",\n            \"acceptedAnswer\": {\n                \"@type\": \"Answer\",\n                \"text\": \"They are made from bagasse, the fibrous residue left after extracting juice from sugarcane. This renewable material is molded into durable, biodegradable bowls that are plastic-free, compostable, and eco-friendly.\"\n            }\n        },\n        {\n            \"@type\": \"Question\",\n            \"name\": \"Are bagasse fiber bowls safe for hot and cold foods?\",\n            \"acceptedAnswer\": {\n                \"@type\": \"Answer\",\n                \"text\": \"Yes. Compostable bagasse bowls are heat-resistant up to 120\\u00b0C and also suitable for refrigeration. They can safely hold hot soups, curries, salads, and cold desserts without leaking or deforming.\"\n            }\n        },\n        {\n            \"@type\": \"Question\",\n            \"name\": \"How long do sugarcane fiber bowls take to compost?\",\n            \"acceptedAnswer\": {\n                \"@type\": \"Answer\",\n                \"text\": \"Under industrial composting conditions, they break down within 60\\u201390 days. In home composting systems, the decomposition may take 90\\u2013120 days, depending on temperature, humidity, and microbial activity.\"\n            }\n        },\n        {\n            \"@type\": \"Question\",\n            \"name\": \"Do these compostable bowls come with lids for takeaway?\",\n            \"acceptedAnswer\": {\n                \"@type\": \"Answer\",\n                \"text\": \"Yes. Most bagasse fiber bowls are designed to pair with compostable lids\\u2014either molded fiber or clear PLA\\u2014making them ideal for food delivery, takeout, and eco-friendly meal packaging.\"\n            }\n        },\n        {\n            \"@type\": \"Question\",\n            \"name\": \"Can I purchase sugarcane bagasse bowls in bulk for wholesale or OEM?\",\n            \"acceptedAnswer\": {\n                \"@type\": \"Answer\",\n                \"text\": \"Absolutely. Bulk wholesale options are available in various sizes (8oz to 32oz) with custom branding, logo embossing, and private label packaging\\u2014perfect for restaurants, catering companies, and sustainable packaging distributors.\"\n            }\n        }\n    ]\n}<\/script><\/p>\n<p data-start=\"1309\" data-end=\"1539\">","protected":false},"excerpt":{"rendered":"<p><a href=\"https:\/\/www.bioleaderpack.com\/de\/produkt\/zuckerrohr-bagasse-kompostierbare-faserschalen-750-1000-1250ml\/\" target=\"_blank\" rel=\"noopener\" data-wpil-monitor-id=\"2254\">Kompostierbare Faserschalen aus Zuckerrohrbagasse<\/a> bieten eine umweltfreundliche Verpackungsl\u00f6sung f\u00fcr herk\u00f6mmliche Einwegbecher. Die Hersteller von kompostierbaren Schalen haben eine <a href=\"https:\/\/www.bioleaderpack.com\/de\/was-ist-das-zellstoff-formverfahren-fur-geformte-zellstoffverpackungen\/\" target=\"_blank\" rel=\"noopener\" data-wpil-monitor-id=\"2310\">Papierzellstoff-Formenbau<\/a> Maschine, die zur Herstellung von robusten, auslaufsicheren und dennoch biologisch abbaubaren Schalen verwendet wird. Unser <strong>Schalen aus Zuckerrohrfasern<\/strong> sind sehr tragbar und mikrowellengeeignet und k\u00f6nnen daher in verschiedenen Lebensmittelgesch\u00e4ften und Cateringdiensten verwendet werden. In China Fabrik, die auch ein China Hersteller ist, bietet diese <strong>Bagasse-Faserschalen<\/strong> at welfare unterst\u00fctzt Unternehmen bei der Umstellung auf umweltfreundliche Verpackungsl\u00f6sungen f\u00fcr Lebensmittel. W\u00e4hlen Sie <strong>Zuckerrohrschalen<\/strong>\u00a0heute f\u00fcr ein besseres Morgen.<\/p>","protected":false},"featured_media":1343,"comment_status":"open","ping_status":"closed","template":"","meta":{"_acf_changed":false},"product_brand":[8971],"product_cat":[7150,7145],"product_tag":[6754,6797,6798,6673,6674,6772,6675,6799,6679,6681],"class_list":{"0":"post-13578","1":"product","2":"type-product","3":"status-publish","4":"has-post-thumbnail","6":"product_brand-bioleader","7":"product_cat-bagasse-bowl","8":"product_cat-bagasse-packaging","9":"product_tag-bagasse-bowls","10":"product_tag-bagasse-fiber-bowls","11":"product_tag-compostable-fiber-bowls","12":"product_tag-plant-fiber-bowl-takeaway","13":"product_tag-pulp-bowl-china-manufacturer","14":"product_tag-sugarcane-bowls","15":"product_tag-sugarcane-fiber-bowl-takeaway","16":"product_tag-sugarcane-fiber-bowls","17":"product_tag-takeaway-fiber-bowl","18":"product_tag-takeaway-fiber-bowls","20":"first","21":"instock","22":"purchasable","23":"product-type-simple"},"acf":[],"_links":{"self":[{"href":"https:\/\/www.bioleaderpack.com\/de\/wp-json\/wp\/v2\/product\/13578","targetHints":{"allow":["GET"]}}],"collection":[{"href":"https:\/\/www.bioleaderpack.com\/de\/wp-json\/wp\/v2\/product"}],"about":[{"href":"https:\/\/www.bioleaderpack.com\/de\/wp-json\/wp\/v2\/types\/product"}],"replies":[{"embeddable":true,"href":"https:\/\/www.bioleaderpack.com\/de\/wp-json\/wp\/v2\/comments?post=13578"}],"wp:featuredmedia":[{"embeddable":true,"href":"https:\/\/www.bioleaderpack.com\/de\/wp-json\/wp\/v2\/media\/1343"}],"wp:attachment":[{"href":"https:\/\/www.bioleaderpack.com\/de\/wp-json\/wp\/v2\/media?parent=13578"}],"wp:term":[{"taxonomy":"product_brand","embeddable":true,"href":"https:\/\/www.bioleaderpack.com\/de\/wp-json\/wp\/v2\/product_brand?post=13578"},{"taxonomy":"product_cat","embeddable":true,"href":"https:\/\/www.bioleaderpack.com\/de\/wp-json\/wp\/v2\/product_cat?post=13578"},{"taxonomy":"product_tag","embeddable":true,"href":"https:\/\/www.bioleaderpack.com\/de\/wp-json\/wp\/v2\/product_tag?post=13578"}],"curies":[{"name":"wp","href":"https:\/\/api.w.org\/{rel}","templated":true}]}}