{"id":13573,"date":"2023-04-25T08:23:07","date_gmt":"2023-04-25T00:23:07","guid":{"rendered":"https:\/\/www.bioleaderpack.com\/es\/producto\/soperas-biodegradables-de-bagazo-de-cana-de-azucar-con-tapa\/"},"modified":"2026-04-24T17:33:42","modified_gmt":"2026-04-24T09:33:42","slug":"biologisch-abbaubare-suppenschalen-aus-zuckerrohr-bagasse-mit-deckeln","status":"publish","type":"product","link":"https:\/\/www.bioleaderpack.com\/de\/produkt\/biologisch-abbaubare-suppenschalen-aus-zuckerrohr-bagasse-mit-deckeln\/","title":{"rendered":"Biologisch abbaubare Suppenschalen aus Zuckerrohr-Bagasse mit Deckeln"},"content":{"rendered":"<p style=\"text-align: center;\"><img decoding=\"async\" src=\"https:\/\/www.bioleaderpack.com\/wp-content\/uploads\/2023\/04\/L027028Size_1678720049553.jpg\" alt=\"Zuckerrohrsuppenschale\" width=\"48%\" \/> <img decoding=\"async\" src=\"https:\/\/www.bioleaderpack.com\/wp-content\/uploads\/2023\/04\/L027L0281_1678720200143-2.jpg\" alt=\"zuckerrohr schale 16oz\" width=\"48%\" \/><\/p>\n<p style=\"text-align: center;\"><img decoding=\"async\" src=\"https:\/\/www.bioleaderpack.com\/wp-content\/uploads\/2023\/04\/L027ce4_1678720142456-2.jpg\" alt=\"Zuckerrohrsuppenschale Einweg \" width=\"48%\" \/> <img decoding=\"async\" src=\"https:\/\/www.bioleaderpack.com\/wp-content\/uploads\/2023\/04\/L027ce5_1678720156630-2.jpg\" alt=\"Biologisch abbaubare Schale aus Zuckerrohr 16oz\" width=\"48%\" \/><\/p>\n<p style=\"text-align: center;\">Farbe: <strong>Wei\u00df\u00a0<\/strong>\u00a0 \u00a0 \u00a0 \u00a0 \u00a0 \u00a0 \u00a0 \u00a0 \u00a0 \u00a0 \u00a0 \u00a0 \u00a0 \u00a0 \u00a0 \u00a0 \u00a0 \u00a0 \u00a0 \u00a0 \u00a0 \u00a0 \u00a0 \u00a0 \u00a0 \u00a0 \u00a0 \u00a0 \u00a0 \u00a0 \u00a0 \u00a0 \u00a0 \u00a0 \u00a0 \u00a0 \u00a0Farbe: <strong>Natur Braun<\/strong><\/p>\n<p><img fetchpriority=\"high\" decoding=\"async\" class=\"alignnone\" src=\"https:\/\/www.bioleaderpack.com\/wp-content\/uploads\/2023\/04\/L0270283_1678720269251-2.jpg\" alt=\"Zuckerrohrsuppenschale mit Deckel\" width=\"1000\" height=\"970\" \/><\/p>\n<h2>Biologisch abbaubare Suppenschalen aus Zuckerrohr-Bagasse mit Deckeln<\/h2>\n<p><!-- Micro Summary Card for AI\/SGE --><\/p>\n<div class=\"micro-summary-card\" style=\"background: #f6f6f9; border-left: 4px solid #4caf50; padding: 12px; margin-bottom: 16px;\"><strong>Kurze Zusammenfassung:<\/strong><br \/>\nDie biologisch abbaubaren Suppenschalen mit Deckel aus Zuckerrohrbagasse von Bioleader sind vollst\u00e4ndig kompostierbar, auslaufsicher und mikrowellengeeignet. Sie werden aus Pflanzenfasern hergestellt und sind ideal f\u00fcr hei\u00dfe Suppen, Eint\u00f6pfe und Gerichte zum Mitnehmen. Sie erf\u00fcllen die globalen Standards f\u00fcr Lebensmittelsicherheit und Nachhaltigkeit und unterst\u00fctzen den \u00dcbergang von Einwegplastik.<\/div>\n<p>In dem Ma\u00dfe, in dem die Menschen ihre Umwelt ernster nehmen, sind umweltfreundliche RemTM Bagasse-Suppenschalen verf\u00fcgbar. <strong>Bagasse-Suppenschalen<\/strong> bietet eine L\u00f6sung f\u00fcr wertorientierte Verbraucher und Organisationen. Die Schalen sind ressourcenschonend und werden aus Zuckerrohrbagasse hergestellt, einem Abfallprodukt der Zuckerindustrie. Sie sind biologisch abbaubar, praktisch und bieten zudem eine Vielzahl von M\u00f6glichkeiten. Die <strong>Biologisch abbaubare Suppenschalen mit Deckeln<\/strong> wurden entwickelt, um das gleiche Ziel zu erreichen, und zielen insbesondere auf den Markt f\u00fcr hei\u00dfe Suppenserver ab, der sich schnell von Plastik- und Schaumstoffbeh\u00e4ltern wegbewegt.<\/p>\n<h2>Merkmale von Zuckerrohrfasern<\/h2>\n<p><strong>Suppenschalen aus Zuckerrohr<\/strong>\u00a0sind ein Produkt aus <a href=\"https:\/\/www.bioleaderpack.com\/de\/geschirr-aus-zuckerrohr-bagasse-umweltfreundlich-und-praktisch\/\" target=\"_blank\">Zuckerrohrbagasse<\/a>die als Fasernebenprodukt bei der Gewinnung von Zuckerrohrsaft anfallen. Um dies zu vermeiden, wird das n\u00fctzliche Material verarbeitet und zu Bechern verarbeitet, indem <a href=\"https:\/\/www.bioleaderpack.com\/de\/uber-zellstoffformen\/\" target=\"_blank\" rel=\"noopener\" data-wpil-monitor-id=\"2273\">Papierzellstoff-Formenbau<\/a>. Das Verfahren hilft bei der umweltfreundlichen Entsorgung von Bagasse. Daher ist unser <strong><a href=\"https:\/\/www.bioleaderpack.com\/de\/einweg-suppenschalen-mit-deckel-kraft-weis-karton-bioleader\/\" target=\"_blank\" rel=\"noopener\" data-wpil-monitor-id=\"2563\">Einweg-Suppenschalen mit Deckeln<\/a><\/strong>\u00a0sind die perfekte L\u00f6sung f\u00fcr jedes Unternehmen, das etwas umweltfreundlicher werden m\u00f6chte, ohne Kompromisse bei der Qualit\u00e4t einzugehen. Es gibt keine <a href=\"https:\/\/www.bioleaderpack.com\/de\/pfas-frei-vs-pfoa-frei-vs-bpa-frei-wie-man-gesundes-und-ungiftiges-geschirr-auswahlt\/\" target=\"_blank\" rel=\"noopener\" data-wpil-monitor-id=\"480\">PFAS und BPA<\/a> im\u00a0<strong>Suppenschalen aus Zuckerrohr-Bagasse<\/strong>Das bedeutet, dass dieses Produkt lebensmittelecht ist und keine Gefahr f\u00fcr die Gesundheit Ihrer Kunden darstellt.<\/p>\n<p><img decoding=\"async\" style=\"text-align: center;\" src=\"https:\/\/www.bioleaderpack.com\/wp-content\/uploads\/2023\/04\/0272_1678720472820-2.jpg\" alt=\"Zuckerrohrschale f\u00fcr Suppe\" width=\"48%\" \/> <img decoding=\"async\" src=\"https:\/\/www.bioleaderpack.com\/wp-content\/uploads\/2023\/04\/L027ce1_1678720445640.jpg\" alt=\"Zuckerrohrsuppenschale mit Deckel\" width=\"48%\" \/><\/p>\n<h2>Vorteile der Verwendung von Bagasse-Suppenschalen mit Deckeln<\/h2>\n<p>Die Nutzung unserer\u00a0<strong>Bagasse-Suppenschalen mit Deckel<\/strong> hat eine Reihe von Vorteilen mit sich gebracht, die sich in vielen Bereichen der Lebensmittelversorgung bew\u00e4hren. Diese Schalen sind auslaufsicher, wasserdicht und \u00f6lbest\u00e4ndig, was bedeutet, dass bei der Bef\u00fcllung mit fettigen oder hei\u00dfen Suppen kein Auslaufen oder Versch\u00fctten m\u00f6glich ist. Das Vorhandensein eines dicht schlie\u00dfenden Deckels macht die Verwendbarkeit dieser Sch\u00fcsseln noch fortschrittlicher, da eine zus\u00e4tzliche Verriegelung vorgesehen wurde; somit sind diese Sch\u00fcsseln ideal f\u00fcr Take-away-, Liefer- und Reisegerichte. Dar\u00fcber hinaus ist die <strong>biologisch abbaubare Suppensch\u00fcsseln mit Deckeln<\/strong> brennen in der Mikrowelle nicht an, so dass die Kunden ihr Essen leicht wieder aufw\u00e4rmen k\u00f6nnen, wenn sie es essen m\u00f6chten.<\/p>\n<h2>Nachhaltige Wahl: biologisch abbaubar und umweltfreundlich<\/h2>\n<p>Eine der Marketingstrategien, die man f\u00fcr unser Unternehmen in Erw\u00e4gung ziehen sollte, ist die\u00a0<strong>Zuckerrohrsuppenschale<\/strong> ist, dass es sich um ein biologisch abbaubares Produkt handelt. Diese\u00a0<strong>biologisch abbaubare Suppensch\u00fcsseln mit Deckeln<\/strong> sind nicht aus Kunststoff, so dass sie, wenn sie schlie\u00dflich abgebaut werden, keinen Schaden anrichten, wie dies bei Kunststoffbeh\u00e4ltern der Fall ist, bei denen es Hunderte von Jahren dauern kann, bis sie abgebaut sind. Daher sollten sich Unternehmen f\u00fcr diese Produkte entscheiden, um ihren \u00f6kologischen Fu\u00dfabdruck zu verringern. Dar\u00fcber hinaus ist die <strong>Suppenschalen aus Zuckerrohr-Bagasse<\/strong> k\u00f6nnen auch kompostiert werden, was bedeutet, dass sie zu Kompostieranlagen gebracht werden, wo diese N\u00e4hrstoffe zu n\u00e4hrstoffreichem Kompost werden.<\/p>\n<figure style=\"width: 1000px\" class=\"wp-caption alignnone\"><img decoding=\"async\" src=\"https:\/\/www.bioleaderpack.com\/wp-content\/uploads\/2023\/03\/LBowl_1678120102289.jpg\" alt=\"Bagasse-Suppenschalen\" width=\"1000\" height=\"544\" \/><figcaption class=\"wp-caption-text\">Bagasse-Suppenschalen<\/figcaption><\/figure>\n<p align=\"left\"><img decoding=\"async\" src=\"https:\/\/www.bioleaderpack.com\/wp-content\/uploads\/2023\/03\/20191211153532_1678120030316-1.jpg\" alt=\"Zuckerrohrsuppenschale mit Deckel\" width=\"1000\" height=\"1000\" \/><\/p>\n<h2>Nachhaltiges Wirtschaften f\u00fcr die Anwendung bei verschiedenen Lebensmitteln<\/h2>\n<p>Was die Lebensmittel betrifft, so ist die\u00a0<strong>Bagasse Suppensch\u00fcssel<\/strong>\u00a0k\u00f6nnen f\u00fcr hei\u00dfe Suppen, Eint\u00f6pfe, Salate, Nudeln usw. verwendet werden. Die Gef\u00e4\u00dfe erf\u00fcllen die Anforderungen verschiedener Gastronomiebetriebe wie Restaurants, Caf\u00e9s, Food Trucks und Catering. Auch die f\u00fcr die Herstellung verwendeten Materialien\u00a0<strong>Schalen f\u00fcr Zuckerrohrsuppe<\/strong> sind in der Regel langlebig, halten selbst extremer Handhabung stand und eignen sich daher f\u00fcr Verpackungs- und Lieferoptionen. Dar\u00fcber hinaus sind diese Schalen in vielen Gr\u00f6\u00dfen erh\u00e4ltlich, so dass Sie je nach Ihren Anforderungen eine bessere Auswahl treffen k\u00f6nnen.<\/p>\n<h2>Qualit\u00e4t und Zuverl\u00e4ssigkeit von einem zuverl\u00e4ssigen Hersteller<\/h2>\n<p>Da wir eine f\u00fchrende chinesische Fabrik und ein chinesischer Hersteller sind, wollen wir unseren Kunden in der ganzen Welt Qualit\u00e4tshafer liefern. Es besteht die M\u00f6glichkeit des Gro\u00dfhandelskaufs der <strong>Bagasse-Suppenschalen mit Deckeln<\/strong>Das macht sie zu einer preiswerteren Alternative f\u00fcr Unternehmen als die traditionellen Methoden. Die Wahl unseres\u00a0<strong>biologisch abbaubare Schalen mit Deckeln<\/strong> eine weise Entscheidung sein und den Umweltschutz sehr unterst\u00fctzen wird.<\/p>\n<h2>Die Landschaft der nachhaltigen Lebensmittelverpackungen in der Zukunft<\/h2>\n<p>Mit der zunehmenden Aufkl\u00e4rung der Verbraucher \u00fcber Nachhaltigkeitsthemen wird der Markt f\u00fcr nachhaltige Lebensmittelverpackungen wie unsere\u00a0<strong>Schalen f\u00fcr Zuckerrohrsuppe<\/strong>\u00a0wird wahrscheinlich wachsen. Auch die Schalen aus Zuckerrohr-Bagasse sind strategisch gut positioniert, um von diesem sich entwickelnden Paradigmenwechsel zu profitieren. Wir f\u00fcllen eine wichtige L\u00fccke bei Einzelh\u00e4ndlern auf der ganzen Welt, die nach umweltfreundlichen L\u00f6sungen suchen, die auch praktisch sind. Diese\u00a0<strong>Bagasse-Suppenschalen mit Deckeln<\/strong> kann allen helfen, umweltbewusst zu sein und gleichzeitig den Kunden ein hervorragendes Essen zu bieten.<\/p>\n<h2 data-start=\"137\" data-end=\"161\">FAQ (Auch andere fragen)<\/h2>\n<h4 data-start=\"163\" data-end=\"235\">1. Woraus werden biologisch abbaubare Suppenschalen aus Zuckerrohrbagasse hergestellt?<\/h4>\n<p data-start=\"236\" data-end=\"427\">Sie werden aus Bagasse hergestellt, einem nat\u00fcrlichen Nebenprodukt der Zuckerrohrverarbeitung. Dieses faserige Material wird zu stabilen, kompostierbaren Schalen geformt, die plastikfrei, biologisch abbaubar und umweltfreundlich sind.<\/p>\n<h4 data-start=\"429\" data-end=\"493\">2. Sind Suppenschalen aus Zuckerrohrbagasse f\u00fcr hei\u00dfe Fl\u00fcssigkeiten geeignet?<\/h4>\n<p data-start=\"494\" data-end=\"656\">Ja. Diese Schalen sind so konzipiert, dass sie hohen Temperaturen von bis zu 120 \u00b0C standhalten - ideal f\u00fcr hei\u00dfe Suppen, Eint\u00f6pfe, Br\u00fchen und Currys, ohne auszulaufen oder sich zu verformen.<\/p>\n<h4 data-start=\"658\" data-end=\"713\">3. Sind die Suppenschalen mit kompostierbaren Deckeln ausgestattet?<\/h4>\n<p data-start=\"714\" data-end=\"898\">Die meisten Bagasse-Suppenschalen sind mit passenden kompostierbaren Deckeln erh\u00e4ltlich, die in der Regel aus PLA oder Faserzellstoff hergestellt werden. Diese Deckel bieten eine sichere, auslaufsichere Abdichtung zum Mitnehmen und Liefern.<\/p>\n<h4 data-start=\"900\" data-end=\"967\">4. Wie lange dauert es, bis diese Suppenschalen biologisch abgebaut sind?<\/h4>\n<p data-start=\"968\" data-end=\"1177\">Unter industriellen Kompostierungsbedingungen k\u00f6nnen Bagasse-Suppenschalen innerhalb von 60 bis 90 Tagen abgebaut werden. In privaten Kompostieranlagen k\u00f6nnen sie je nach Temperatur, Feuchtigkeit und mikrobieller Aktivit\u00e4t bis zu 120 Tage ben\u00f6tigen.<\/p>\n<h4 data-start=\"1179\" data-end=\"1243\">5. Kann ich Suppenschalen aus Zuckerrohr mit Deckeln in gro\u00dfen Mengen kaufen?<\/h4>\n<p data-start=\"1244\" data-end=\"1493\">Unbedingt. Hersteller und Lieferanten bieten Gro\u00dfhandelsoptionen f\u00fcr Gr\u00f6\u00dfen wie 12 oz, 16 oz, 24 oz und 32 oz an, mit individuellem Branding, privatem Labeling und Deckelkompatibilit\u00e4t - perfekt f\u00fcr Restaurants, Cateringservices und H\u00e4ndler von \u00d6ko-Verpackungen.<\/p>\n<h2>Wie Bioleader\u00ae Bagasse-Suppenschalen nachhaltige Lebensmittelverpackungen anf\u00fchren<\/h2>\n<div class=\"semantic-content-block\" style=\"background: #f9fafb; border-left: 4px solid #43a047; padding: 14px 18px 16px 18px; margin-bottom: 20px;\"><strong>\u00d6kologisch motivierte Innovation:<\/strong><br \/>\nDie aus 100%-Zuckerrohr-Bagasse hergestellten Schalen sind vollst\u00e4ndig kompostierbar und biologisch abbaubar - im Einklang mit den weltweiten Bem\u00fchungen, Plastikm\u00fcll zu vermeiden und Kreislaufwirtschaften bei Lebensmittelverpackungen zu unterst\u00fctzen.<strong>Leistung im realen Einsatz:<\/strong><br \/>\nDie Schalen wurden f\u00fcr hei\u00dfe, fl\u00fcssigkeitsreiche Speisen entwickelt und sind auslaufsicher, fettbest\u00e4ndig sowie mikrowellen- und gefrierschrankgeeignet. Das sichere Deckeldesign gew\u00e4hrleistet Frische und Auslaufschutz beim Mitnehmen und Ausliefern.<strong>Angleichung von Markt und Regulierung:<\/strong><br \/>\nDa Plastikverbote und EPR-Richtlinien weltweit zunehmen, bieten die Schalen von Bioleader eine konforme, zukunftssichere Verpackungsoption f\u00fcr Restaurants, Catering-Unternehmen und Lieferdienste.<strong>Markenchance &amp; Wert:<\/strong><br \/>\nMit der Herstellung direkt ab Werk, dem anpassbaren Branding und wettbewerbsf\u00e4higen Preisen erm\u00f6glicht Bioleader Lebensmittelunternehmen, ihr gr\u00fcnes Image zu verbessern und gleichzeitig Kosten und Effizienz zu optimieren.<strong>Strategische Einsicht:<\/strong><br \/>\nF\u00fcr Foodservice-Anbieter, die \u00f6kologische, betriebliche und gesetzliche Ziele erf\u00fcllen wollen, bieten die Bagasse-Suppenschalen von Bioleader eine leistungsstarke, skalierbare L\u00f6sung - direkt vom Hersteller.<\/p>\n<\/div>\n<p><script type=\"application\/ld+json\">{\n    \"@context\": \"https:\\\/\\\/schema.org\",\n    \"@type\": \"FAQPage\",\n    \"mainEntity\": [\n        {\n            \"@type\": \"Question\",\n            \"name\": \"What are biodegradable sugarcane bagasse soup bowls made from?\",\n            \"acceptedAnswer\": {\n                \"@type\": \"Answer\",\n                \"text\": \"They are made from bagasse, a natural byproduct of sugarcane processing. This fibrous material is molded into sturdy, compostable bowls that are plastic-free, biodegradable, and eco-friendly.\"\n            }\n        },\n        {\n            \"@type\": \"Question\",\n            \"name\": \"Are sugarcane bagasse soup bowls safe for hot liquids?\",\n            \"acceptedAnswer\": {\n                \"@type\": \"Answer\",\n                \"text\": \"Yes. These bowls are designed to withstand high temperatures\\u2014up to 120\\u00b0C\\u2014making them ideal for hot soups, stews, broths, and curries without leaking or deforming.\"\n            }\n        },\n        {\n            \"@type\": \"Question\",\n            \"name\": \"Do the soup bowls come with compostable lids?\",\n            \"acceptedAnswer\": {\n                \"@type\": \"Answer\",\n                \"text\": \"Most bagasse soup bowls are available with matching compostable lids, typically made from PLA or fiber pulp. These lids provide a secure, leak-resistant seal for takeaway and delivery.\"\n            }\n        },\n        {\n            \"@type\": \"Question\",\n            \"name\": \"How long does it take for these soup bowls to biodegrade?\",\n            \"acceptedAnswer\": {\n                \"@type\": \"Answer\",\n                \"text\": \"Under industrial composting conditions, bagasse soup bowls can break down within 60 to 90 days. In home compost systems, they may take up to 120 days depending on temperature, humidity, and microbial activity.\"\n            }\n        },\n        {\n            \"@type\": \"Question\",\n            \"name\": \"Can I purchase sugarcane soup bowls with lids in bulk?\",\n            \"acceptedAnswer\": {\n                \"@type\": \"Answer\",\n                \"text\": \"Absolutely. Manufacturers and suppliers offer bulk wholesale options for sizes like 12oz, 16oz, 24oz, and 32oz, with custom branding, private labeling, and lid compatibility\\u2014perfect for restaurants, catering services, and eco-packaging distributors.\"\n            }\n        }\n    ]\n}<\/script><\/p>","protected":false},"excerpt":{"rendered":"<p>Bioleader's <strong>biologisch abbaubare Suppenschalen aus Zuckerrohr-Bagasse mit Deckeln<\/strong> definieren den Standard f\u00fcr umweltfreundliche Lebensmittelverpackungen neu. Diese aus erneuerbaren Zuckerrohrfasern hergestellten Schalen sind 100% kompostierbar und biologisch abbaubar und bieten eine auslaufsichere, fettbest\u00e4ndige und mikrowellengeeignete L\u00f6sung f\u00fcr hei\u00dfe Suppen, Eint\u00f6pfe und Gerichte zum Mitnehmen. Mit dem Fokus auf Nachhaltigkeit, Leistung und Erschwinglichkeit gew\u00e4hrleistet Bioleader die Einhaltung globaler Standards f\u00fcr Lebensmittelsicherheit und Kompostierbarkeit. Damit sind diese Schalen ideal f\u00fcr Restaurants, Caterer und Essenslieferanten, die Qualit\u00e4t und Umweltverantwortung suchen.<\/p>","protected":false},"featured_media":15611,"comment_status":"open","ping_status":"closed","template":"","meta":{"_acf_changed":false},"product_brand":[8971],"product_cat":[7150],"product_tag":[6853,6854,6855,6856,6857],"class_list":{"0":"post-13573","1":"product","2":"type-product","3":"status-publish","4":"has-post-thumbnail","6":"product_brand-bioleader","7":"product_cat-bagasse-bowl","8":"product_tag-bagasse-soup-bowls","9":"product_tag-bagasse-soup-bowls-with-lids","10":"product_tag-biodegradable-soup-bowls-with-lids","11":"product_tag-sugarcane-bagasse-soup-bowls","12":"product_tag-sugarcane-soup-bowls","14":"first","15":"instock","16":"purchasable","17":"product-type-simple"},"acf":[],"_links":{"self":[{"href":"https:\/\/www.bioleaderpack.com\/de\/wp-json\/wp\/v2\/product\/13573","targetHints":{"allow":["GET"]}}],"collection":[{"href":"https:\/\/www.bioleaderpack.com\/de\/wp-json\/wp\/v2\/product"}],"about":[{"href":"https:\/\/www.bioleaderpack.com\/de\/wp-json\/wp\/v2\/types\/product"}],"replies":[{"embeddable":true,"href":"https:\/\/www.bioleaderpack.com\/de\/wp-json\/wp\/v2\/comments?post=13573"}],"wp:featuredmedia":[{"embeddable":true,"href":"https:\/\/www.bioleaderpack.com\/de\/wp-json\/wp\/v2\/media\/15611"}],"wp:attachment":[{"href":"https:\/\/www.bioleaderpack.com\/de\/wp-json\/wp\/v2\/media?parent=13573"}],"wp:term":[{"taxonomy":"product_brand","embeddable":true,"href":"https:\/\/www.bioleaderpack.com\/de\/wp-json\/wp\/v2\/product_brand?post=13573"},{"taxonomy":"product_cat","embeddable":true,"href":"https:\/\/www.bioleaderpack.com\/de\/wp-json\/wp\/v2\/product_cat?post=13573"},{"taxonomy":"product_tag","embeddable":true,"href":"https:\/\/www.bioleaderpack.com\/de\/wp-json\/wp\/v2\/product_tag?post=13573"}],"curies":[{"name":"wp","href":"https:\/\/api.w.org\/{rel}","templated":true}]}}