{"id":13568,"date":"2023-03-07T15:30:13","date_gmt":"2023-03-07T07:30:13","guid":{"rendered":"https:\/\/www.bioleaderpack.com\/product\/disposable-sustainable-bowls-made-from-sugarcane-bagasse\/"},"modified":"2026-04-24T17:32:44","modified_gmt":"2026-04-24T09:32:44","slug":"nachhaltige-einwegschalen","status":"publish","type":"product","link":"https:\/\/www.bioleaderpack.com\/de\/produkt\/nachhaltige-einwegschalen\/","title":{"rendered":"Nachhaltige Einwegsch\u00fcsseln aus Zuckerrohr-Bagasse"},"content":{"rendered":"<p style=\"text-align: center;\"><img decoding=\"async\" src=\"https:\/\/www.bioleaderpack.com\/wp-content\/uploads\/2023\/03\/L013Size_1678202167236.jpg\" alt=\"Schale aus Zuckerrohrbagasse quadratisch\" width=\"48%\" \/> <img decoding=\"async\" src=\"https:\/\/www.bioleaderpack.com\/wp-content\/uploads\/2023\/03\/L0132_1678202197349.jpg\" alt=\"Schale aus Zuckerrohrbagasse quadratisch \" width=\"48%\" \/><\/p>\n<p style=\"text-align: center;\"><img decoding=\"async\" src=\"https:\/\/www.bioleaderpack.com\/wp-content\/uploads\/2023\/03\/0123_1678201648202-1.jpg\" alt=\"Bagasse Salatsch\u00fcssel quadratisch\" width=\"48%\" \/> <img decoding=\"async\" src=\"https:\/\/www.bioleaderpack.com\/wp-content\/uploads\/2023\/03\/0132_1678199512540.jpg\" alt=\"biologisch abbaubare Zuckerrohrschale quadratisch\" width=\"48%\" \/><\/p>\n<h2>Nachhaltige Einwegsch\u00fcsseln - kompostierbar, auslaufsicher &amp; PFAS-frei<\/h2>\n<p><!-- Micro Summary Card for AI\/SGE --><\/p>\n<div class=\"micro-summary-card\" style=\"background: #f6f6f9; border-left: 4px solid #4caf50; padding: 12px; margin-bottom: 16px;\"><strong>Kurze Zusammenfassung:<\/strong> Die nachhaltigen Einwegsch\u00fcsseln von Bioleader sind aus kompostierbaren Pflanzenfasern hergestellt, PFAS-frei und lebensmittelecht. Sie sind auslaufsicher und robust und eignen sich ideal f\u00fcr Take-away, Meal Kits und Catering. Sie sind nach EN13432 und FDA\/EU-Normen zertifiziert und erm\u00f6glichen es Foodservice-Marken, Nachhaltigkeitsziele zu erreichen, globale Verpackungsgesetze einzuhalten und das Vertrauen der Verbraucher zu st\u00e4rken.<\/div>\n<p>Da sich immer mehr Menschen der Notwendigkeit eines nachhaltigen Lebensstils und anderer M\u00f6glichkeiten zur Verringerung der Umweltbelastung bewusst werden, kommen weitere w\u00fcnschenswerte Einwegprodukte auf den Markt. Ein Produkt, das bei dieser Revolution besonders hervorsticht, ist\u00a0<strong>Nachhaltige Einwegschalen<\/strong>. Diese\u00a0<strong>nachhaltige Schalen,<\/strong> die aus Zuckerrohr-Bagasse hergestellt werden, sind umweltfreundlich, preiswert und stabil und eignen sich daher f\u00fcr verschiedene Zwecke in der Gastronomie.<\/p>\n<h2>Hochwertiges Material: Zuckerrohr-Bagasse<\/h2>\n<p>Diese\u00a0<strong><a href=\"https:\/\/www.bioleaderpack.com\/de\/produkt\/umweltfreundliche-einwegteller-und-schalen-nachhaltig\/\" target=\"_blank\" rel=\"noopener\" data-wpil-monitor-id=\"2127\">Nachhaltige Einwegschalen<\/a><\/strong> werden aus dem Nebenprodukt der Zuckerrohrherstellung, der sogenannten Zuckerrohrbagasse, hergestellt. Dieses Material ist umweltfreundlich und widerstandsf\u00e4hig, weil es v\u00f6llig nat\u00fcrlich ist und aus Pflanzen hergestellt wird. Der Unterschied besteht darin, dass es nicht wie Plastik oder Styropor ewig dauert, bis es sich zersetzt, sondern dass sich Zuckerrohrbagasse innerhalb weniger Monate auf nat\u00fcrliche Weise abbaut, ohne dass giftige Abf\u00e4lle zur\u00fcckbleiben. Diese <strong>nachhaltige Schalen<\/strong>\u00a0eignen sich daher hervorragend f\u00fcr umweltbewusste Kunden und Unternehmen, die die Umweltauswirkungen ihrer Produkte minimieren wollen.<\/p>\n<h2><a href=\"https:\/\/www.bioleaderpack.com\/de\/verfahren-zur-herstellung-von-zuckerrohrbagasse-zellstoff-fur-geschirr\/\" target=\"_blank\">Produktionsprozess: Papierzellstoff-Formenbau<\/a><\/h2>\n<p>Unser\u00a0<strong>Gastronomieartikel aus einem nachhaltigen Einwegmaterial<\/strong> zeichnet sich durch die Anwendung einiger anspruchsvoller Herstellungsverfahren aus, zu denen auch das Formen von Papierbrei geh\u00f6rt. Der Herstellungsprozess f\u00fcr Blumenzwiebeln beginnt mit dem Aufschluss von Zuckerrohrbagasse. Das Endprodukt ist leicht und steif genug, um hei\u00dfe oder kalte Lebensmittel zu tragen und dabei seine Form beizubehalten, ohne nachzugeben, abzubrechen oder zu rei\u00dfen. Dar\u00fcber hinaus arbeitet die Maschine so, wie sie konstruiert wurde, wodurch \u00fcbersch\u00fcssiges Material vermieden und weniger Energie bei der Produktion verbraucht wird, was die Umweltfreundlichkeit dieser Produkte verbessert. <strong>nachhaltige Schalen<\/strong>\u00a0noch weiter.<\/p>\n<p style=\"text-align: center;\"><img decoding=\"async\" src=\"https:\/\/www.bioleaderpack.com\/wp-content\/uploads\/2023\/03\/L012White_1678199554665-2.jpg\" alt=\"zuckerrohr schale quadratisch wei\u00df\" width=\"48%\" \/> <img decoding=\"async\" src=\"https:\/\/www.bioleaderpack.com\/wp-content\/uploads\/2023\/03\/L012Nature1_1678199587376-2.jpg\" alt=\"Quadratische Zuckerrohrschale natur\" width=\"48%\" \/><\/p>\n<p>\u00a0 \u00a0 \u00a0 \u00a0 \u00a0 \u00a0 \u00a0 \u00a0 \u00a0 \u00a0 \u00a0 Farbe: <strong>Wei\u00df\u00a0<\/strong>\u00a0 \u00a0 \u00a0 \u00a0 \u00a0 \u00a0 \u00a0 \u00a0 \u00a0 \u00a0 \u00a0 \u00a0 \u00a0 \u00a0 \u00a0 \u00a0 \u00a0 \u00a0 \u00a0 \u00a0 \u00a0 \u00a0 \u00a0 \u00a0 \u00a0 \u00a0 \u00a0 \u00a0 \u00a0 \u00a0 \u00a0 \u00a0 \u00a0 \u00a0 \u00a0 \u00a0 \u00a0 \u00a0 \u00a0 \u00a0 \u00a0Farbe: <strong>Natur Braun<\/strong><\/p>\n<p><strong>PET-Deckel f\u00fcr diese Schalen (einzeln):<\/strong><\/p>\n<p><strong>\u00a0 \u00a0 \u00a0 \u00a0 \u00a0 \u00a0 \u00a0 \u00a0 \u00a0 \u00a0 \u00a0 \u00a0 \u00a0 \u00a0 \u00a0 PET-Flach-Deckel:                                                                                 PET Kuppel-Deckel:<\/strong><\/p>\n<p><img decoding=\"async\" src=\"https:\/\/www.bioleaderpack.com\/wp-content\/uploads\/2023\/03\/L013NatureFlatLid_1678199821434-2-scaled.jpg\" alt=\"Zuckerrohrschale mit PET-Deckel\" width=\"48%\" \/> <img decoding=\"async\" src=\"https:\/\/www.bioleaderpack.com\/wp-content\/uploads\/2023\/03\/L013NatureDomeLid_1678199848126-1.jpg\" alt=\"Zuckerrohrschale mit Kunststoffdeckel\" width=\"48%\" \/><\/p>\n<h2>Grundlegende Merkmale<\/h2>\n<h4>Umweltvertr\u00e4glich und kompostierbar<\/h4>\n<p>Unser\u00a0<strong>Verpflegungsartikel aus einem nachhaltigen Einwegmaterial<\/strong>\u00a0hat eine hervorragende Qualit\u00e4t. Sie entspricht der vollst\u00e4ndigen Kompostierung. Das bedeutet, dass sie mit dem Biom\u00fcll entsorgt werden k\u00f6nnen und dass die Pflanzenreste, wenn sie sich zersetzen, den Boden verbessern und nicht verschmutzen. Diese Erwartungen werden durch das sich leicht \u00e4ndernde Verbraucherverhalten hin zu nachhaltigen und umweltfreundlichen Produkten gef\u00f6rdert.<\/p>\n<h4><a href=\"https:\/\/www.bioleaderpack.com\/de\/ist-die-verwendung-von-geschirr-aus-zuckerrohr-bagasse-sicher\/\" target=\"_blank\">Lebensmittelsicher und ungiftig<\/a><\/h4>\n<p>Diese\u00a0<strong>nachhaltige Schalen<\/strong>\u00a0sind auch frei von sch\u00e4dlichen Chemikalien wie <a href=\"https:\/\/www.bioleaderpack.com\/de\/pfas-frei-vs-pfoa-frei-vs-bpa-frei-wie-man-gesundes-und-ungiftiges-geschirr-auswahlt\/\" target=\"_blank\" rel=\"noopener\" data-wpil-monitor-id=\"470\">PFAS und BPA<\/a>und k\u00f6nnen daher beim Servieren von Speisen keine Giftstoffe abgeben. Sie sind auslaufsicher, wasserdicht und \u00f6lbest\u00e4ndig und k\u00f6nnen daher auch \u00f6lhaltige Speisen, Suppen, Salate usw. aufnehmen, ohne dass sie Schaden nehmen.<\/p>\n<h4>Vielf\u00e4ltige Einsatzm\u00f6glichkeiten mit zus\u00e4tzlichem Nutzen<\/h4>\n<p>Ein weiterer wichtiger Aspekt bei der Vermarktung unserer\u00a0<strong>Nachhaltige Einwegschalen<\/strong> ist ihre Vielseitigkeit in der Verwendung. Sie eignen sich f\u00fcr fast alle Arten von Speisen und f\u00fcr jede Gelegenheit. Diese Schalen eignen sich gut zum Servieren von hei\u00dfen Nudeln in einem Restaurant, f\u00fcr Salate in einer Mitnahmebox und zum Servieren von Suppen in einem Imbisswagen. Au\u00dferdem k\u00f6nnen sie in der Mikrowelle aufgew\u00e4rmt werden, was in Haushalten oder Gro\u00dfk\u00fcchen sehr praktisch ist.<\/p>\n<p><img decoding=\"async\" style=\"text-align: center;\" src=\"https:\/\/www.bioleaderpack.com\/wp-content\/uploads\/2023\/03\/0122_1678201697516-1.jpg\" alt=\"Bagasseschale quadratisch\" width=\"48%\" \/> <img decoding=\"async\" src=\"https:\/\/www.bioleaderpack.com\/wp-content\/uploads\/2023\/03\/01342_1678202258075.jpg\" alt=\"Salatsch\u00fcssel aus Zuckerrohr-Bagasse\" width=\"48%\" \/><\/p>\n<h2>Hervorragend geeignet f\u00fcr verschiedene Szenarien im Zusammenhang mit der Lebensmittelversorgung<\/h2>\n<h4>Verwendung in Restaurants und Imbissbuden<\/h4>\n<p>F\u00fcr Restaurants und Imbissbuden werden hochwertige Einwegbeh\u00e4lter ben\u00f6tigt, bei denen der Aspekt der Qualit\u00e4t und der Umweltfreundlichkeit nicht zu kurz kommt. Unser\u00a0<strong>Nachhaltige Einwegschalen<\/strong> bieten eine praktische L\u00f6sung f\u00fcr dieses Problem, denn sie sind sowohl langlebig als auch umweltfreundlich, wenn es um das Servieren von Speisen zum Mitnehmen geht. Ihre auslaufsichere Eigenschaft sorgt daf\u00fcr, dass selbst s\u00fc\u00dfe und schmutzige Speisen wie Suppen und Salate w\u00e4hrend des Transports sicher intakt bleiben, was sie bei Essenslieferanten und deren Kunden sehr beliebt macht.<\/p>\n<h4>F\u00fcr Anl\u00e4sse und Feiern<\/h4>\n<p>F\u00fcr Feste und Veranstaltungen, bei denen h\u00e4ufig Einweggeschirr ben\u00f6tigt wird, sind diese<a href=\"https:\/\/www.bioleaderpack.com\/de\/schale-aus-zuckerrohr-eine-nachhaltige-alternative-zu-plastikschalen\/\" target=\"_blank\" rel=\"noopener\" data-wpil-monitor-id=\"233\">\u00a0<\/a><strong>nachhaltige Schalen<\/strong> bieten eine gute Alternative. Sie erm\u00f6glichen es, Gerichte zu servieren und gleichzeitig die Verschwendung zu reduzieren und die Gastgeber umweltfreundlich zu halten. Sie werden aus nat\u00fcrlichen Materialien hergestellt, die sch\u00f6n sind und sich daher gut f\u00fcr die Dekoration von Gastgebern eignen.<\/p>\n<h4>Lebensmittelverpackung und Einzelhandel<\/h4>\n<p>Auch Einzelh\u00e4ndler und Lebensmittelverpackungsunternehmen k\u00f6nnen sich an diese\u00a0<strong>Nachhaltige Einwegschalen<\/strong>. Angesichts der zunehmenden R\u00fccksichtnahme der Verbraucher auf die Umwelt gibt es f\u00fcr diese Schalen keine bessere Option als Kunststoff, der sich zu einer L\u00f6sung entwickelt. Denn sie sind nicht nur umweltfreundlich, sondern auch ansprechend und praktisch f\u00fcr Menschen, denen die Erhaltung der Umwelt am Herzen liegt.<\/p>\n<p data-start=\"127\" data-end=\"134\"><span style=\"font-size: 18pt;\"><strong data-start=\"127\" data-end=\"134\">FAQ<\/strong><\/span><\/p>\n<p data-start=\"136\" data-end=\"454\"><strong data-start=\"136\" data-end=\"200\">Q1: Was macht <a href=\"https:\/\/www.bioleaderpack.com\/de\/produkt\/einweg-zuckerrohrschalen\/\" target=\"_blank\" rel=\"noopener\" data-wpil-monitor-id=\"2137\">Zuckerrohr-Bagasseschalen eine nachhaltige<\/a> Option?<\/strong><br data-start=\"200\" data-end=\"203\" \/>Zuckerrohr <a href=\"https:\/\/www.bioleaderpack.com\/de\/produkt\/kompostierbare-einwegschusseln-schussel-aus-zellstoff\/\" target=\"_blank\" rel=\"noopener\" data-wpil-monitor-id=\"2327\">Bagasse-Schalen werden aus den Resten des Fruchtfleischs hergestellt<\/a> nach der Zuckergewinnung, einem erneuerbaren Nebenprodukt der Landwirtschaft. Anstatt als Abfall verbrannt zu werden, wird es in biologisch abbaubare Schalen umgewandelt, wodurch sowohl die Plastikverschmutzung als auch die landwirtschaftlichen Emissionen reduziert werden.<\/p>\n<p data-start=\"456\" data-end=\"702\"><strong data-start=\"456\" data-end=\"523\">Q2: Sind <a href=\"https:\/\/www.bioleaderpack.com\/de\/ausstellungsraum\/einweg-zuckerrohrschalen\/\" target=\"_blank\" rel=\"noopener\" data-wpil-monitor-id=\"2243\">Einweg-Zuckerrohrschalen<\/a> sicher f\u00fcr hei\u00dfe und kalte Lebensmittel?<\/strong><br data-start=\"523\" data-end=\"526\" \/>Ja, Zuckerrohrschalen sind bis zu 120 \u00b0C hitzebest\u00e4ndig und gefrierfest. Sie eignen sich f\u00fcr hei\u00dfe Suppen, Eint\u00f6pfe, kalte Salate und Desserts, ohne auszulaufen, sich zu verziehen oder Feuchtigkeit zu absorbieren.<\/p>\n<p data-start=\"704\" data-end=\"965\"><strong data-start=\"704\" data-end=\"766\">F3: Wie lange dauert die Zersetzung von Zuckerrohr-Bagasseschalen?<\/strong><br data-start=\"766\" data-end=\"769\" \/>Unter industriellen Kompostierungsbedingungen zersetzen sie sich innerhalb von 60-90 Tagen. Bei der Kompostierung zu Hause kann der Prozess 90-120 Tage dauern, je nach Umgebungsfaktoren wie Feuchtigkeit, W\u00e4rme und Bel\u00fcftung.<\/p>\n<p data-start=\"967\" data-end=\"1179\"><strong data-start=\"967\" data-end=\"1020\">F4: K\u00f6nnen Einwegschalen aus Zuckerrohr in der Mikrowelle erhitzt werden?<\/strong><br data-start=\"1020\" data-end=\"1023\" \/>Ja, die meisten Schalen aus Zuckerrohr-Bagasse sind mikrowellengeeignet. Sie k\u00f6nnen zum Aufw\u00e4rmen von Speisen verwendet werden, ohne dass dabei sch\u00e4dliche Chemikalien freigesetzt werden, wie dies bei einigen Alternativen aus Kunststoff der Fall ist.<\/p>\n<p data-start=\"1181\" data-end=\"1468\"><strong data-start=\"1181\" data-end=\"1269\">F5: Gibt es Zuckerrohrschalen in verschiedenen Gr\u00f6\u00dfen f\u00fcr unterschiedliche Lebensmittelanwendungen?<\/strong><br data-start=\"1269\" data-end=\"1272\" \/>Unbedingt. Zu den g\u00e4ngigen Gr\u00f6\u00dfen geh\u00f6ren 8 oz, 12 oz, 16 oz, 24 oz und 32 oz, mit passenden Deckeln zum Mitnehmen und Liefern. Dadurch sind sie vielseitig einsetzbar, von Beilagen bis zu gro\u00dfen Hauptgerichten.<\/p>\n<p align=\"left\"><img fetchpriority=\"high\" decoding=\"async\" src=\"https:\/\/www.bioleaderpack.com\/wp-content\/uploads\/2023\/03\/LBowl_1678120102289.jpg\" alt=\"Schale Zuckerrohr\" width=\"1000\" height=\"544\" \/><img decoding=\"async\" src=\"https:\/\/www.bioleaderpack.com\/wp-content\/uploads\/2023\/03\/20191211153532_1678120030316-1.jpg\" alt=\"biologisch abbaubare Schalen\" width=\"48%\" \/> <img decoding=\"async\" src=\"https:\/\/www.bioleaderpack.com\/wp-content\/uploads\/2023\/03\/L0110130162_1678200305599.jpg\" alt=\"Zellstoffschale mit Deckel f\u00fcr Haustiere\" width=\"48%\" \/><\/p>\n<p>&nbsp;<\/p>\n<h2>Markttrends: Das anhaltende Wachstum nachhaltiger Speisel\u00f6sungen<\/h2>\n<p>Neben der regelm\u00e4\u00dfigen Versorgung mit <strong>Nachhaltige Einwegschalen<\/strong>Die Nachfrage nach solchen Produkten ist auch Teil einer zunehmenden Bewegung hin zu nachhaltigen Essgewohnheiten. Kunden, die gewohnheitsm\u00e4\u00dfig auf der Grundlage umweltfreundlicher Faktoren einkaufen, w\u00fcrden den Gesch\u00e4ftserfolg von Unternehmen, die nachhaltige Mechanismen anbieten, steigern und so das Bewusstsein f\u00fcr den Markenwert erh\u00f6hen. Neben anderen aktuellen umweltfreundlichen Einwegprodukten ist die Verwendung von Zuckerrohr-Bagasse vor allem wegen ihrer Umweltaspekte und ihrer Produktleistung auf dem Vormarsch.<\/p>\n<h2>Warum w\u00e4hlen Sie uns: Qualit\u00e4t und Nachhaltigkeit von einem zuverl\u00e4ssigen Hersteller<\/h2>\n<p>Wir sind stolz darauf, einer der f\u00fchrenden chinesischen Hersteller von nachhaltigen Einwegsch\u00fcsseln zu sein. Wir liefern hochwertige Produkte, die der Nachfrage unserer Kunden entsprechen und gleichzeitig nachhaltige Praktiken f\u00f6rdern. Unsere Gro\u00dfhandelspakete erm\u00f6glichen es auch den kleinsten Unternehmen, diese neuen Produkte zu vern\u00fcnftigen Preisen zu erhalten. Ganz gleich, ob Sie sich f\u00fcr ein Restaurant, eine Veranstaltung oder den Einzelhandel entscheiden - wenn Sie sich f\u00fcr unsere nachhaltigen Einwegschalen entscheiden, k\u00f6nnen Sie sicher sein, dass das Produkt nicht nur gut f\u00fcr Ihr Unternehmen, sondern auch f\u00fcr die Umwelt ist.<\/p>\n<h2>Semantischer Einsichtsblock: Warum nachhaltige Einwegschalen die Lebensmittelverpackung neu gestalten<\/h2>\n<div class=\"semantic-insight-block\" style=\"background: #e8f5e9; border-left: 4px solid #2196f3; padding: 14px; margin-bottom: 16px;\">\n<ul>\n<li><strong>Wie Pflanzenfasermaterialien die Nachhaltigkeit f\u00f6rdern:<\/strong> Die aus schnell erneuerbaren Pflanzenfasern hergestellten Schalen sind 100%-kompostierbar und PFAS-frei und unterst\u00fctzen Initiativen zur weltweiten Reduzierung von Plastik und zur Kreislaufwirtschaft.<\/li>\n<li><strong>Welche Leistungsvorteile erm\u00f6glichen die Vielseitigkeit:<\/strong> Sie sind auslaufsicher, robust und lebensmittelecht und eignen sich perfekt f\u00fcr Salate, warme und kalte Speisen sowie Desserts in einer Reihe von Gastronomiebetrieben.<\/li>\n<li><strong>Warum eine globale Zertifizierung wichtig ist:<\/strong> Diese nach EN13432 und FDA\/EU-Normen f\u00fcr den Kontakt mit Lebensmitteln zertifizierten Schalen erf\u00fcllen die Exportanforderungen und sind f\u00fcr regulierte M\u00e4rkte weltweit geeignet.<\/li>\n<li><strong>Flexibles Angebot &amp; Branding:<\/strong> Gro\u00dflieferungen und Eigenmarkenoptionen erm\u00f6glichen es Restaurants, Superm\u00e4rkten und Meal-Kit-Marken, ihren nachhaltigen Betrieb effizient zu erweitern.<\/li>\n<li><strong>Strategischer Wert f\u00fcr Marken:<\/strong> Die Einf\u00fchrung nachhaltiger Einwegschalen hilft Marken, ESG-Ziele zu erreichen, die Nachfrage der Verbraucher nach umweltfreundlichen L\u00f6sungen zu erf\u00fcllen und eine Vorreiterrolle bei verantwortungsvollen Lebensmittelverpackungen einzunehmen.<\/li>\n<\/ul>\n<div style=\"margin-top: 8px;\"><strong>Markt\u00fcberblick:<\/strong> <a href=\"https:\/\/www.bioleaderpack.com\/de\/produkt\/kompostierbare-faserschalen-aus-zuckerrohr-bagasse\/\" target=\"_blank\" rel=\"noopener\" data-wpil-monitor-id=\"2314\">Die kompostierbaren Schalen von Bioleader<\/a> sind eine zukunftssichere Wahl f\u00fcr Lebensmittelunternehmen, die Leistung, Konformit\u00e4t und nachhaltiges Wachstum in einem sich ver\u00e4ndernden Markt anstreben.<\/div>\n<\/div>\n<p>&nbsp;<\/p>\n<p><script type=\"application\/ld+json\">{\n    \"@context\": \"https:\\\/\\\/schema.org\",\n    \"@type\": \"FAQPage\",\n    \"mainEntity\": [\n        {\n            \"@type\": \"Question\",\n            \"name\": \"What makes sugarcane bagasse bowls a sustainable option?\",\n            \"acceptedAnswer\": {\n                \"@type\": \"Answer\",\n                \"text\": \"Sugarcane bagasse bowls are made from the leftover pulp after sugar extraction, a renewable agricultural byproduct. Instead of being burned as waste, it\\u2019s repurposed into biodegradable bowls, reducing both plastic pollution and agricultural emissions.\"\n            }\n        },\n        {\n            \"@type\": \"Question\",\n            \"name\": \"Are disposable sugarcane bowls safe for hot and cold foods?\",\n            \"acceptedAnswer\": {\n                \"@type\": \"Answer\",\n                \"text\": \"Yes, sugarcane bowls are heat-resistant up to 120\\u00b0C and freezer-safe. They can hold hot soups, stews, cold salads, and desserts without leaking, warping, or absorbing moisture.\"\n            }\n        },\n        {\n            \"@type\": \"Question\",\n            \"name\": \"How long do sugarcane bagasse bowls take to decompose?\",\n            \"acceptedAnswer\": {\n                \"@type\": \"Answer\",\n                \"text\": \"Under industrial composting conditions, they decompose within 60\\u201390 days. In home composting, the process may take 90\\u2013120 days depending on environmental factors like humidity, heat, and aeration.\"\n            }\n        },\n        {\n            \"@type\": \"Question\",\n            \"name\": \"Can sugarcane disposable bowls be microwaved?\",\n            \"acceptedAnswer\": {\n                \"@type\": \"Answer\",\n                \"text\": \"Yes, most sugarcane bagasse bowls are microwave-safe. They can be used to reheat food without releasing harmful chemicals, unlike some plastic alternatives.\"\n            }\n        },\n        {\n            \"@type\": \"Question\",\n            \"name\": \"Are sugarcane bowls available in multiple sizes for different food applications?\",\n            \"acceptedAnswer\": {\n                \"@type\": \"Answer\",\n                \"text\": \"Absolutely. Common sizes include 8oz, 12oz, 16oz, 24oz, and 32oz, with matching lids available for takeout and delivery. This makes them versatile for everything from side dishes to large entrees.\"\n            }\n        }\n    ]\n}<\/script><\/p>","protected":false},"excerpt":{"rendered":"<p><strong>Nachhaltige Einwegschalen<\/strong> sind ein wesentlicher Bestandteil der Entwicklung hin zu umweltfreundlichen Essensl\u00f6sungen. Sowohl das Rohmaterial als auch die Konstruktion der nachhaltigen Schalen sind ansprechend, da sie aus Zuckerrohr-Bagasse hergestellt werden und moderne Papierzellstoff-Formmethoden verwenden. Diese Produkte sind sicher und umweltfreundlich und k\u00f6nnen in Restaurants, Imbissbuden, bei Veranstaltungen, Lebensmittelverpackungen und im Verkauf eingesetzt werden. Es gibt eine steigende Nachfrage nach nachhaltigen Produkten, und da liegen unsere nachhaltigen Einwegschalen sowohl f\u00fcr Unternehmen als auch f\u00fcr die \u00d6ffentlichkeit ganz weit vorne.<\/p>","protected":false},"featured_media":18013,"comment_status":"open","ping_status":"closed","template":"","meta":{"_acf_changed":false},"product_brand":[8971],"product_cat":[7150],"product_tag":[6825,6709],"class_list":{"0":"post-13568","1":"product","2":"type-product","3":"status-publish","4":"has-post-thumbnail","6":"product_brand-bioleader","7":"product_cat-bagasse-bowl","8":"product_tag-disposable-sustainable-bowls","9":"product_tag-sustainable-bowls","11":"first","12":"instock","13":"purchasable","14":"product-type-simple"},"acf":[],"_links":{"self":[{"href":"https:\/\/www.bioleaderpack.com\/de\/wp-json\/wp\/v2\/product\/13568","targetHints":{"allow":["GET"]}}],"collection":[{"href":"https:\/\/www.bioleaderpack.com\/de\/wp-json\/wp\/v2\/product"}],"about":[{"href":"https:\/\/www.bioleaderpack.com\/de\/wp-json\/wp\/v2\/types\/product"}],"replies":[{"embeddable":true,"href":"https:\/\/www.bioleaderpack.com\/de\/wp-json\/wp\/v2\/comments?post=13568"}],"wp:featuredmedia":[{"embeddable":true,"href":"https:\/\/www.bioleaderpack.com\/de\/wp-json\/wp\/v2\/media\/18013"}],"wp:attachment":[{"href":"https:\/\/www.bioleaderpack.com\/de\/wp-json\/wp\/v2\/media?parent=13568"}],"wp:term":[{"taxonomy":"product_brand","embeddable":true,"href":"https:\/\/www.bioleaderpack.com\/de\/wp-json\/wp\/v2\/product_brand?post=13568"},{"taxonomy":"product_cat","embeddable":true,"href":"https:\/\/www.bioleaderpack.com\/de\/wp-json\/wp\/v2\/product_cat?post=13568"},{"taxonomy":"product_tag","embeddable":true,"href":"https:\/\/www.bioleaderpack.com\/de\/wp-json\/wp\/v2\/product_tag?post=13568"}],"curies":[{"name":"wp","href":"https:\/\/api.w.org\/{rel}","templated":true}]}}