{"id":13567,"date":"2023-03-07T15:09:35","date_gmt":"2023-03-07T07:09:35","guid":{"rendered":"https:\/\/www.bioleaderpack.com\/product\/biodegradable-salad-containers-bowls\/"},"modified":"2026-04-30T13:52:24","modified_gmt":"2026-04-30T05:52:24","slug":"biologisch-abbaubare-salatbehalter-schalen","status":"publish","type":"product","link":"https:\/\/www.bioleaderpack.com\/de\/produkt\/biologisch-abbaubare-salatbehalter-schalen\/","title":{"rendered":"Biologisch abbaubare Salatbeh\u00e4lter und -schalen"},"content":{"rendered":"<div class=\"adweb-template-19 adweb-table-container\">\n<table style=\"border-collapse: collapse; width: 100%; height: 72px;\">\n<tbody>\n<tr style=\"height: 24px;\">\n<td style=\"width: 50%; height: 24px;\"><img fetchpriority=\"high\" decoding=\"async\" class=\"\" src=\"https:\/\/www.bioleaderpack.com\/wp-content\/uploads\/2023\/03\/L012Size_1678201580462-2.jpg\" alt=\"Bagasseschale quadratisch\" width=\"527\" height=\"527\" \/><\/td>\n<td style=\"width: 50%; height: 24px;\"><img decoding=\"async\" class=\"\" src=\"https:\/\/www.bioleaderpack.com\/wp-content\/uploads\/2023\/03\/L0121_1678201606959.jpg\" alt=\"Einweg-Bagasseschale quadratisch \" width=\"559\" height=\"559\" \/><\/td>\n<\/tr>\n<tr style=\"height: 24px;\">\n<td style=\"width: 50%; height: 24px;\"><img decoding=\"async\" class=\"\" src=\"https:\/\/www.bioleaderpack.com\/wp-content\/uploads\/2023\/03\/0123_1678201648202-1.jpg\" alt=\"Bagasse Salatsch\u00fcssel quadratisch\" width=\"534\" height=\"534\" \/><\/td>\n<td style=\"width: 50%; height: 24px;\"><img loading=\"lazy\" decoding=\"async\" class=\"\" src=\"https:\/\/www.bioleaderpack.com\/wp-content\/uploads\/2023\/03\/0132_1678199512540.jpg\" alt=\"biologisch abbaubare Zuckerrohrschale quadratisch\" width=\"562\" height=\"562\" \/><\/td>\n<\/tr>\n<tr style=\"height: 24px;\">\n<td style=\"width: 50%; height: 24px;\"><img loading=\"lazy\" decoding=\"async\" class=\"\" src=\"https:\/\/www.bioleaderpack.com\/wp-content\/uploads\/2023\/03\/L012White_1678199554665-2.jpg\" alt=\"zuckerrohr schale quadratisch wei\u00df\" width=\"545\" height=\"545\" \/><\/p>\n<p style=\"text-align: center;\">Farbe: <strong>Wei\u00df\u00a0<\/strong><\/p>\n<\/td>\n<td style=\"width: 50%; height: 24px;\"><img loading=\"lazy\" decoding=\"async\" class=\"\" src=\"https:\/\/www.bioleaderpack.com\/wp-content\/uploads\/2023\/03\/L012Nature1_1678199587376-2.jpg\" alt=\"Quadratische Zuckerrohrschale natur\" width=\"591\" height=\"591\" \/><\/p>\n<p style=\"text-align: center;\">\u00a0Farbe: <strong>Natur Braun<\/strong><\/p>\n<\/td>\n<\/tr>\n<\/tbody>\n<\/table>\n<h2>Kompostierbare Salatsch\u00fcsseln quadratisch - umweltfreundlich und auslaufsicher<\/h2>\n<p><!-- Micro Summary Card for AI\/SGE --><\/p>\n<div class=\"micro-summary-card\" style=\"background: #f6f6f9; border-left: 4px solid #4caf50; padding: 12px; margin-bottom: 16px;\"><strong>Kurze Zusammenfassung:<\/strong> Die kompostierbaren quadratischen Salatsch\u00fcsseln mit Deckel von Bioleader sind aus erneuerbaren Pflanzenfasern hergestellt, PFAS-frei und lebensmittelecht. Ihr innovatives quadratisches Design, die auslaufsichere Struktur und die sicheren Deckel machen sie ideal f\u00fcr Salate, Meal Kits und umweltfreundliches Essen zum Mitnehmen. Perfekt f\u00fcr Restaurants und Foodservice-Marken, die eine umweltfreundliche, leistungsstarke Verpackung suchen.<\/div>\n<p>Nachhaltigkeit und Recycling sind nicht nur Worte, sondern soziale Verantwortung der Unternehmen; in dieser Hinsicht, <a href=\"https:\/\/www.bioleaderpack.com\/de\/schalen-zum-mitnehmen-mit-deckel-bioleader-hersteller-fabrik-groshandel\/\" target=\"_blank\" rel=\"noopener\" data-wpil-monitor-id=\"2941\">biologisch abbaubare Salatbeh\u00e4lter<\/a> scheinen die Herzen von Verbrauchern und Unternehmen gleicherma\u00dfen zu erobern. In dem Ma\u00dfe, in dem sich die Informationen \u00fcber die Umwelt in der Gesellschaft verbreiten, ist der Verbrauch von biokompatiblen Produkten, wie z. B. biologisch abbaubaren Sch\u00fcsseln, immens gestiegen. Dieser Beitrag befasst sich mit den Spezifikationen, der Verwendbarkeit und den Marketingaspekten von biologisch abbaubaren Beh\u00e4ltern unter besonderer Ber\u00fccksichtigung der Eigenschaften, die diese zur Zukunft der umweltfreundlichen Mahlzeiten au\u00dferhalb des Hauses machen, einschlie\u00dflich der Gr\u00fcnde, warum sie als die Zukunft angesehen werden.<\/p>\n<h2>Werkstoff-Innovation: Zuckerrohr-Bagasse<\/h2>\n<p>Einer der Rohstoffe, die f\u00fcr die Herstellung dieser biologisch abbaubaren Salatsch\u00fcsseln verwendet werden, ist der Abfall aus der Zuckerrohrverarbeitung, die sogenannte Zuckerrohrbagasse. Plastik oder andere biologisch nicht abbaubare Ressourcen k\u00f6nnen nicht ersetzt werden, und wenn sie aufgebraucht sind, ist es aus. Es handelt sich um Kunststoff aus Zuckerrohrbagasse, der umweltfreundlich ist und nicht wie andere Gegenst\u00e4nde produziert oder entsorgt werden muss. Die Verwendung eines solchen Materials wird Volvo-Elemente in die Produktion von biologisch abbaubaren Salatcontainern einbringen.<\/p>\n<p>&nbsp;<\/p>\n<table style=\"border-collapse: collapse; width: 100%;\">\n<tbody>\n<tr>\n<td style=\"width: 50%;\"><img loading=\"lazy\" decoding=\"async\" class=\"\" src=\"https:\/\/www.bioleaderpack.com\/wp-content\/uploads\/2023\/03\/L013NatureFlatLid_1678199821434-2-scaled.jpg\" alt=\"Zuckerrohrschale mit PET-Deckel\" width=\"590\" height=\"590\" \/><\/p>\n<p style=\"text-align: center;\"><strong>PET-Flachdeckel<\/strong><\/p>\n<\/td>\n<td style=\"width: 50%;\"><img loading=\"lazy\" decoding=\"async\" class=\"\" src=\"https:\/\/www.bioleaderpack.com\/wp-content\/uploads\/2023\/03\/L013NatureDomeLid_1678199848126-1.jpg\" alt=\"Zuckerrohrschale mit Kunststoffdeckel\" width=\"576\" height=\"576\" \/><\/p>\n<p style=\"text-align: center;\"><strong>PET-Kuppel-Deckel<\/strong><\/p>\n<\/td>\n<\/tr>\n<\/tbody>\n<\/table>\n<p>&nbsp;<\/p>\n<h2>Fortgeschrittene Produktionstechniken: <a href=\"https:\/\/www.bioleaderpack.com\/de\/was-ist-das-zellstoff-formverfahren-fur-geformte-zellstoffverpackungen\/\" target=\"_blank\">Papierzellstoff-Formenbau<\/a><\/h2>\n<p>Unser\u00a0<strong>biologisch abbaubare Salatverpackung<\/strong>\u00a0Inkorporation ist mit den weltweit neuesten\u00a0<strong>Papierzellstoff-Formenbau<\/strong> Technologie. Bei diesem Verfahren wird die Zuckerrohrbagasse in einen Brei umgewandelt, der in verschiedene Formen und Gr\u00f6\u00dfen geformt werden kann, um\u00a0<strong>biologisch abbaubare Schalen<\/strong>. Diese Technik erm\u00f6glicht auch die\u00a0<strong>Salatsch\u00fcssel biologisch abbaubar<\/strong> Die Produkte m\u00fcssen sowohl stabil als auch ergonomisch gestaltet sein, damit sie nicht nur f\u00fcr Salate, sondern auch f\u00fcr andere Lebensmittel wie Suppen und Nudeln geeignet sind.<\/p>\n<h2>Hauptmerkmale und Vorteile<\/h2>\n<h3>1. Verwendung von gr\u00fcnen Materialien: Umweltfreundliche, kompostierbare Schale<\/h3>\n<p>Der gr\u00f6\u00dfte Vorteil dieser Kunststoffabdeckungen f\u00fcr Futtern\u00e4pfe ist ihre Umweltfreundlichkeit. Diese Schalen sind vollst\u00e4ndig kompostierbar, d. h. alle zur Herstellung der Verpackung verwendeten Materialien zersetzen sich, ohne die Umwelt zu verschmutzen. Dies ist besonders f\u00fcr Menschen geeignet, die die Auswirkungen ihrer T\u00e4tigkeit auf die Umwelt verringern wollen.<\/p>\n<h3>2.\u00a0<a href=\"https:\/\/www.bioleaderpack.com\/de\/ist-die-verwendung-von-geschirr-aus-zuckerrohr-bagasse-sicher\/\" target=\"_blank\">Lebensmittelecht<\/a> und chemisch sichere Produkte<\/h3>\n<p>Bei der Gestaltung unserer Produkte gibt es \u00dcberlegungen\u00a0<strong>Salatbeh\u00e4lter aus Kunststoff<\/strong>\u00a0die auf die Sicherheit der Verbraucher ausgerichtet sind. Sie sind frei von sch\u00e4dlichen Substanzen wie <a href=\"https:\/\/www.bioleaderpack.com\/de\/pfas-frei-vs-pfoa-frei-vs-bpa-frei-wie-man-gesundes-und-ungiftiges-geschirr-auswahlt\/\" target=\"_blank\" rel=\"noopener\" data-wpil-monitor-id=\"469\">PFAS und BPA<\/a>So bleiben Ihre Lebensmittel unversehrt. Dadurch eignet er sich f\u00fcr verschiedene Lebensmittel, einschlie\u00dflich hei\u00dfer Suppen und fettiger Gerichte.<\/p>\n<h3>3. Auslaufsicher und stark<\/h3>\n<p>Feuchtigkeitsableitende Kleidung ist in der Regel feuchtigkeits- und schwei\u00dfresistent, was dazu f\u00fchrt, dass man bei diesen Kleidungsst\u00fccken h\u00e4ufig nicht \u00fcber ihre Leistung, sondern \u00fcber ihre Langlebigkeit spricht. Dennoch haben wir daf\u00fcr gesorgt, dass unsere <strong>Salatsch\u00fcsseln aus Biokunststoff<\/strong> sind auslaufsicher, wasserdicht und auch \u00f6lfest. Das bedeutet, dass die Salatsch\u00fcsseln bequem jede Art von Essen aufnehmen k\u00f6nnen, sei es ein dampfendes Nudelgericht oder ein Salat.<\/p>\n<h3>4.\u00a0<a href=\"https:\/\/www.bioleaderpack.com\/de\/sind-die-behalter-zum-mitnehmen-im-restaurant-mikrowellensicher\/\" target=\"_blank\">Mikrowellengeeignet<\/a> und Mehrzweck<\/h3>\n<p>Einfaches Design in seiner besten Form, das Salatverpackungen enth\u00e4lt, die fast alle mikrowellengeeignet sind und von fast jedem verwendet werden k\u00f6nnen. Wenn man zum Beispiel bereits zubereitete und im K\u00fchlschrank befindliche Speisen erw\u00e4rmt oder Lebensmittel verpackt, die keine Komplikationen erfordern, werden diese biologisch abbaubaren Schalen daf\u00fcr sorgen.<\/p>\n<table style=\"border-collapse: collapse; width: 100%;\">\n<tbody>\n<tr>\n<td style=\"width: 50%;\"><img loading=\"lazy\" decoding=\"async\" class=\"\" style=\"text-align: center;\" src=\"https:\/\/www.bioleaderpack.com\/wp-content\/uploads\/2023\/03\/0122_1678201697516-1.jpg\" alt=\"Bagasseschale quadratisch\" width=\"524\" height=\"524\" \/><\/td>\n<td style=\"width: 50%;\"><img loading=\"lazy\" decoding=\"async\" class=\"\" src=\"https:\/\/www.bioleaderpack.com\/wp-content\/uploads\/2023\/03\/0134_1678201719946-1.jpg\" alt=\"Salatsch\u00fcssel aus Bagasse\" width=\"522\" height=\"522\" \/><\/td>\n<\/tr>\n<\/tbody>\n<\/table>\n<h2>Vielseitige Anwendungsf\u00e4lle: Vom Imbiss bis zur gehobenen K\u00fcche<\/h2>\n<p><strong>Biologisch abbaubare Containerschalen<\/strong> sind nicht nur f\u00fcr den gelegentlichen Imbiss geeignet. Sie werden zunehmend von gehobenen Restaurants und der Catering-Branche verwendet. Diese elegant geformten Beh\u00e4lter haben aufgrund ihrer Umweltfreundlichkeit bei der Verpackung von Lebensmitteln bei Veranstaltungen, Partys und sogar in Restaurants an Beliebtheit gewonnen. Es wurde beobachtet, dass diese biologisch abbaubaren Salatbeh\u00e4lter f\u00fcr Take-Out-Gesch\u00e4fte zu einem sehr guten Verkaufsargument f\u00fcr umweltbewusste Kunden geworden sind.<\/p>\n<h3>Beispiel 1: Salate zum Mitnehmen mit Schwerpunkt auf biologisch abbaubaren Salatbeh\u00e4ltern.<\/h3>\n<p>F\u00fcr Salatbars und Take-out-Restaurants ist unser\u00a0<strong>biologisch abbaubare Salatbeh\u00e4lter<\/strong> l\u00f6sen das Problem, frische, n\u00e4hrstoffreiche Lebensmittel zu servieren, ohne das Umweltbewusstsein des Restaurants zu beeintr\u00e4chtigen. Sie sind robust genug, um verschiedenen Zutaten standzuhalten und fl\u00fcssigkeitsfrei zu bleiben; daher eignen sie sich hervorragend f\u00fcr Salate mit Dressings oder anderen fl\u00fcssigen Toppings.<\/p>\n<h3>Beispiel 2: Suppen und Nudeln<\/h3>\n<p>Aufgrund ihrer auslaufsicheren und hitzebest\u00e4ndigen Eigenschaften sind diese\u00a0<strong>biologisch abbaubare Schalen<\/strong> k\u00f6nnen auch zum Servieren von warmen Speisen wie Suppen und Nudelgerichten verwendet werden. Ob f\u00fcr ein schnelles Mittagessen auf der Flucht oder eine gelieferte Mahlzeit, solche Schalen gehen keine Kompromisse ein, so dass der Inhalt nicht versch\u00fcttet wird.<\/p>\n<h3>Beispiel 3: Event-Catering, bei dem das biologisch abbaubare Sch\u00fcssel-Set von Byow im Mittelpunkt steht.<\/h3>\n<p>Wenn es um Event-Catering geht, bei dem Pr\u00e4sentation und \u00f6kologische Nachhaltigkeit Hand in Hand gehen m\u00fcssen, ist unser\u00a0<strong>biologisch abbaubare Containerschalen<\/strong> passen perfekt in die Rechnung. Mit ihnen k\u00f6nnen zahlreiche G\u00e4nge von der Vorspeise bis zum Hauptgericht serviert werden, so dass das Kernziel der Veranstaltung, n\u00e4mlich gr\u00fcn zu sein, auch optisch erreicht wird.<\/p>\n<p align=\"left\"><img loading=\"lazy\" decoding=\"async\" src=\"https:\/\/www.bioleaderpack.com\/wp-content\/uploads\/2023\/03\/LBowl_1678120102289.jpg\" alt=\"Schale Zuckerrohr\" width=\"1000\" height=\"544\" \/><img decoding=\"async\" src=\"https:\/\/www.bioleaderpack.com\/wp-content\/uploads\/2023\/03\/20191211153532_1678120030316-1.jpg\" alt=\"biologisch abbaubare Schalen\" width=\"48%\" \/> <img decoding=\"async\" src=\"https:\/\/www.bioleaderpack.com\/wp-content\/uploads\/2023\/03\/L0110130162_1678200305599.jpg\" alt=\"Zellstoffschale mit Deckel f\u00fcr Haustiere\" width=\"48%\" \/><\/p>\n<h2>Die j\u00fcngste Kultivierung von biologisch abbaubaren Beh\u00e4ltern<\/h2>\n<p>Die Transformation in Richtung\u00a0<strong>biologisch abbaubare Salatsch\u00fcsseln<\/strong> ist keine isolierte Klasse im Modeph\u00e4nomen, sondern ein weiterer Schritt auf dem Weg zu einem nachhaltigen Leben. Da das Bewusstsein f\u00fcr die Folgen der Verbraucherentscheidungen gestiegen ist, w\u00e4chst auch der Bedarf an <strong>biologisch abbaubare Salatbeh\u00e4lter<\/strong>. Dieser Trend wird durch die zunehmenden regulatorischen Ma\u00dfnahmen, die die Verwendung umweltfreundlicher Materialien f\u00fcr Lebensmittelverpackungen beg\u00fcnstigen, weiter unterst\u00fctzt.<\/p>\n<h2>Marktnachfrage und Verbraucherpr\u00e4ferenzen<\/h2>\n<p>In den letzten Jahren hat die Nachfrage nach\u00a0<strong>Salatsch\u00fcssel biologisch abbaubar<\/strong> Produkte auf den verf\u00fcgbaren E-Commerce-Websites und in Einzelhandelsgesch\u00e4ften. Die Verbraucher suchen aktiv nach umweltfreundlicheren Optionen, und\u00a0<strong>biologisch abbaubare Salatbeh\u00e4lter<\/strong>\u00a0stehen bei dieser Suche an vorderster Front. Dieses ver\u00e4nderte Verhalten der Verbraucher l\u00e4sst sich sowohl auf das wachsende Umweltbewusstsein als auch auf den zunehmenden Wunsch nach ges\u00fcnderen Lebensmittelverpackungen ohne Chemikalien zur\u00fcckf\u00fchren.<\/p>\n<h3>Die Wahl des richtigen Lieferanten: Streik und W\u00f6rterb\u00fccher Die Aufmerksamkeit der Fabrik<\/h3>\n<p><strong>Biologisch abbaubare Salatbeh\u00e4lter<\/strong> positionieren sich unter den besten chinesischen Herstellern solcher Produkte, da sie erschwingliche Qualit\u00e4tsprodukte verbessern. Der Grund daf\u00fcr ist, dass unsere Fabrik in moderne Anlagen investiert hat. <strong>Zellstoff geformt<\/strong>\u00a0Technologie, so dass jeder\u00a0<strong>biologisch abbaubare Containerschale<\/strong>\u00a0Die von uns hergestellten Produkte entsprechen den Anforderungen an Haltbarkeit und \u00f6kologische Vertr\u00e4glichkeit. Auch Unternehmen k\u00f6nnen sich unter dem Dach des Nachhaltigkeitstrends einrichten, indem sie unsere Produktpalette verwenden, da sie den Kundenbed\u00fcrfnissen bei Lebensmittelverpackungen entsprechen.<\/p>\n<p data-start=\"111\" data-end=\"118\"><span style=\"font-size: 18pt;\"><strong data-start=\"111\" data-end=\"118\">FAQ<\/strong><\/span><\/p>\n<p data-start=\"120\" data-end=\"473\"><strong data-start=\"120\" data-end=\"196\">F1: Welche Materialien werden in biologisch abbaubaren Salatbeh\u00e4ltern und -schalen verwendet?<\/strong><br data-start=\"196\" data-end=\"199\" \/>Biologisch abbaubare Salatbeh\u00e4lter und -schalen werden in der Regel aus erneuerbaren pflanzlichen Materialien wie Zuckerrohrbagasse, Biokunststoff aus Maisst\u00e4rke (PLA) oder Bambusfasern hergestellt. Diese Materialien sind kompostierbar und so konzipiert, dass sie sich auf nat\u00fcrliche Weise abbauen, ohne die Umwelt zu belasten.<\/p>\n<p data-start=\"475\" data-end=\"788\"><strong data-start=\"475\" data-end=\"552\">F2: Sind biologisch abbaubare Salatsch\u00fcsseln sowohl f\u00fcr kalte als auch f\u00fcr warme Gerichte geeignet?<\/strong><br data-start=\"552\" data-end=\"555\" \/>Ja, hochwertige biologisch abbaubare Schalen eignen sich sowohl f\u00fcr kalte Salate als auch f\u00fcr warme Speisen. Sie sind \u00f6l- und auslaufsicher, und viele halten Temperaturen von bis zu 120 \u00b0C stand, was sie ideal f\u00fcr Feinkostl\u00e4den, Restaurants und Imbissbetriebe macht.<\/p>\n<p data-start=\"790\" data-end=\"1101\"><strong data-start=\"790\" data-end=\"867\">F3: K\u00f6nnen biologisch abbaubare Salatbeh\u00e4lter zum Mitnehmen und f\u00fcr den Versand verwendet werden?<\/strong><br data-start=\"867\" data-end=\"870\" \/>Auf jeden Fall. Diese Beh\u00e4lter sind mit sicher schlie\u00dfenden Deckeln (aus Fasern oder durchsichtigem kompostierbarem Kunststoff) ausgestattet, um Frische und Auslaufschutz zu gew\u00e4hrleisten, und eignen sich daher perfekt f\u00fcr Take-away-, Liefer-, Essensvorbereitungs- und Mitnahmeprogramme.<\/p>\n<p data-start=\"1103\" data-end=\"1391\"><strong data-start=\"1103\" data-end=\"1181\">F4: Wie lange dauert es, bis sich biologisch abbaubare Salatbeh\u00e4lter zersetzen?<\/strong><br data-start=\"1181\" data-end=\"1184\" \/>Unter industriellen Kompostierungsbedingungen zersetzen sich diese Beh\u00e4lter normalerweise innerhalb von 60 bis 90 Tagen. Bei der Heimkompostierung kann der Prozess je nach Feuchtigkeit, W\u00e4rme und mikrobieller Aktivit\u00e4t 90 bis 120 Tage dauern.<\/p>\n<p data-start=\"1393\" data-end=\"1707\"><strong data-start=\"1393\" data-end=\"1472\">F5: Gibt es biologisch abbaubare Salatsch\u00fcsseln in gro\u00dfen Mengen f\u00fcr den Gro\u00dfhandel?<\/strong><br data-start=\"1472\" data-end=\"1475\" \/>Ja. Hersteller und H\u00e4ndler bieten Gro\u00dfhandelsoptionen mit verschiedenen Gr\u00f6\u00dfen wie 16 oz, 24 oz und 32 oz an, zusammen mit kundenspezifischen Dienstleistungen wie Branding, Pr\u00e4gung und Private Labeling f\u00fcr Foodservice-Unternehmen.<\/p>\n<h2>Schlussfolgerung<\/h2>\n<p>Dieses Papier unterst\u00fctzt die These, dass biologisch abbaubare Salatbeh\u00e4lter in absehbarer Zeit die einzige L\u00f6sung f\u00fcr Lebensmittelverpackungen sind. Dank der umweltfreundlichen Rohstoffe werden die modernen Ph\u00e4nomene der Herstellung moderner biologisch abbaubarer Sch\u00fcsseln ihren Platz in der Bev\u00f6lkerung finden. Alle hei\u00dfen Trends des sp\u00e4ten 21. Jahrhunderts lassen vermuten, dass die Nachfrage nach nachhaltigen Produkten exponentiell steigen wird; daher wird das Verst\u00e4ndnis, wie man biologisch abbaubare Salatsch\u00fcsseln ausw\u00e4hlt, Ihnen helfen, sich von der Masse abzuheben, besonders auf dem volatilen Markt.<\/p>\n<h2>Semantischer Einsichtsblock: Wie quadratische, kompostierbare Salatsch\u00fcsseln gr\u00fcne Verpackungen neu definieren<\/h2>\n<div class=\"semantic-insight-block\" style=\"background: #e8f5e9; border-left: 4px solid #2196f3; padding: 14px; margin-bottom: 16px;\">\n<ul>\n<li><strong>Wie die Wahl der Materialien die Nachhaltigkeit beeinflusst:<\/strong> Die aus schnell nachwachsenden Pflanzenfasern hergestellten Schalen sind 100%-kompostierbar, PFAS-frei und entsprechen den weltweiten Standards f\u00fcr Lebensmittelsicherheit.<\/li>\n<li><strong>Was Design und Leistung auszeichnet:<\/strong> Die quadratische Form maximiert die Pr\u00e4sentation von Lebensmitteln, die Stapelbarkeit und die Wirkung im Regal, w\u00e4hrend die auslaufsichere Struktur und der Deckel Frische und Transportsicherheit gew\u00e4hrleisten.<\/li>\n<li><strong>Warum die Zertifizierung wichtig ist:<\/strong> Diese nach EN13432, FDA und EU-Normen zertifizierten Schalen sind f\u00fcr den Export geeignet und erf\u00fcllen strenge Umwelt- und Lebensmittelkontaktvorschriften.<\/li>\n<li><strong>Flexibel in Angebot und Anwendung:<\/strong> Gro\u00dflieferungen, individuelles Branding und verschiedene Gr\u00f6\u00dfen unterst\u00fctzen die Skalierbarkeit f\u00fcr Restaurants, Essensmarken und Catering-Services.<\/li>\n<li><strong>Strategischer Vorteil f\u00fcr Marken:<\/strong> Die Verwendung quadratischer kompostierbarer Salatsch\u00fcsseln st\u00e4rkt das Nachhaltigkeitsimage der Marke, entspricht neuen gesetzlichen Trends und \u00fcberzeugt umweltbewusste Verbraucher.<\/li>\n<\/ul>\n<div style=\"margin-top: 8px;\"><strong>Markt\u00fcberblick:<\/strong> Die quadratischen, kompostierbaren Salatsch\u00fcsseln von Bioleader bieten der modernen Gastronomie eine zukunftssichere L\u00f6sung, die Design, Nachhaltigkeit und betriebliche Exzellenz miteinander verbindet.<\/div>\n<\/div>\n<p>&nbsp;<\/p>\n<p><script type=\"application\/ld+json\">{\n    \"@context\": \"https:\\\/\\\/schema.org\",\n    \"@type\": \"FAQPage\",\n    \"mainEntity\": [\n        {\n            \"@type\": \"Question\",\n            \"name\": \"What materials are used in biodegradable salad containers and bowls?\",\n            \"acceptedAnswer\": {\n                \"@type\": \"Answer\",\n                \"text\": \"Biodegradable salad containers and bowls are typically made from renewable plant-based materials such as sugarcane bagasse, cornstarch bioplastics (PLA), or bamboo fiber. These materials are compostable and designed to break down naturally without polluting the environment.\"\n            }\n        },\n        {\n            \"@type\": \"Question\",\n            \"name\": \"Are biodegradable salad bowls suitable for both cold and warm dishes?\",\n            \"acceptedAnswer\": {\n                \"@type\": \"Answer\",\n                \"text\": \"Yes, high-quality biodegradable bowls can handle both cold salads and warm meals. They are oil- and leak-resistant, and many can withstand temperatures up to 120\\u00b0C, making them ideal for deli shops, restaurants, and takeout services.\"\n            }\n        },\n        {\n            \"@type\": \"Question\",\n            \"name\": \"Can biodegradable salad containers be used for takeaway and delivery?\",\n            \"acceptedAnswer\": {\n                \"@type\": \"Answer\",\n                \"text\": \"Absolutely. These containers are designed with secure-fitting lids (fiber or clear compostable plastic) to ensure freshness and spill prevention, making them perfect for takeaway, delivery, meal prep, and grab-and-go food programs.\"\n            }\n        },\n        {\n            \"@type\": \"Question\",\n            \"name\": \"How long does it take for biodegradable salad containers to decompose?\",\n            \"acceptedAnswer\": {\n                \"@type\": \"Answer\",\n                \"text\": \"Under industrial composting conditions, these containers typically decompose within 60 to 90 days. In home composting, the process may take 90 to 120 days depending on moisture, heat, and microbial activity.\"\n            }\n        },\n        {\n            \"@type\": \"Question\",\n            \"name\": \"Are biodegradable salad bowls available in bulk for wholesale purchase?\",\n            \"acceptedAnswer\": {\n                \"@type\": \"Answer\",\n                \"text\": \"Yes. Manufacturers and distributors offer bulk wholesale options with various size capacities like 16oz, 24oz, and 32oz, along with customization services such as branding, embossing, and private labeling for foodservice businesses.\"\n            }\n        }\n    ]\n}<\/script><\/p>\n<\/div>","protected":false},"excerpt":{"rendered":"<p><strong>Biologisch abbaubare Salatbeh\u00e4lter<\/strong> werden auf dem derzeitigen umweltfreundlichen Markt immer wichtiger. Sie sind nicht nur umweltfreundlich, sondern auch robust, auslaufsicher und mikrowellengeeignet. Sie k\u00f6nnen f\u00fcr verschiedene Lebensmittel verwendet werden und eignen sich daher sowohl f\u00fcr Imbissbuden als auch f\u00fcr gehobene Restaurants. Angesichts des zunehmenden Bedarfs an biologisch abbaubaren Beh\u00e4lterschalen k\u00f6nnen Unternehmen diesen neuen Trend zu ihrem Vorteil nutzen. Unsere Fabrik in China ist auf die Herstellung hochwertiger, biologisch abbaubarer Salatsch\u00fcsseln spezialisiert, die sowohl \u00f6kologische Nachhaltigkeit als auch Kundenzufriedenheit gew\u00e4hrleisten.<\/p>","protected":false},"featured_media":17724,"comment_status":"open","ping_status":"closed","template":"","meta":{"_acf_changed":false},"product_brand":[8971],"product_cat":[7150],"product_tag":[6769,6819,6788,6820,6821,6822,6823],"class_list":{"0":"post-13567","1":"product","2":"type-product","3":"status-publish","4":"has-post-thumbnail","6":"product_brand-bioleader","7":"product_cat-bagasse-bowl","8":"product_tag-biodegradable-bowls","9":"product_tag-biodegradable-container-bowls","10":"product_tag-biodegradable-salad-bowls","11":"product_tag-biodegradable-salad-containers","12":"product_tag-salad-bowl-biodegradable","13":"product_tag-salad-container-biodegradable","14":"product_tag-salad-containers","16":"first","17":"instock","18":"purchasable","19":"product-type-simple"},"acf":[],"_links":{"self":[{"href":"https:\/\/www.bioleaderpack.com\/de\/wp-json\/wp\/v2\/product\/13567","targetHints":{"allow":["GET"]}}],"collection":[{"href":"https:\/\/www.bioleaderpack.com\/de\/wp-json\/wp\/v2\/product"}],"about":[{"href":"https:\/\/www.bioleaderpack.com\/de\/wp-json\/wp\/v2\/types\/product"}],"replies":[{"embeddable":true,"href":"https:\/\/www.bioleaderpack.com\/de\/wp-json\/wp\/v2\/comments?post=13567"}],"wp:featuredmedia":[{"embeddable":true,"href":"https:\/\/www.bioleaderpack.com\/de\/wp-json\/wp\/v2\/media\/17724"}],"wp:attachment":[{"href":"https:\/\/www.bioleaderpack.com\/de\/wp-json\/wp\/v2\/media?parent=13567"}],"wp:term":[{"taxonomy":"product_brand","embeddable":true,"href":"https:\/\/www.bioleaderpack.com\/de\/wp-json\/wp\/v2\/product_brand?post=13567"},{"taxonomy":"product_cat","embeddable":true,"href":"https:\/\/www.bioleaderpack.com\/de\/wp-json\/wp\/v2\/product_cat?post=13567"},{"taxonomy":"product_tag","embeddable":true,"href":"https:\/\/www.bioleaderpack.com\/de\/wp-json\/wp\/v2\/product_tag?post=13567"}],"curies":[{"name":"wp","href":"https:\/\/api.w.org\/{rel}","templated":true}]}}