{"id":13566,"date":"2023-03-07T14:46:48","date_gmt":"2023-03-07T06:46:48","guid":{"rendered":"https:\/\/www.bioleaderpack.com\/product\/compostable-salad-bowls-square-from-sugarcane-bagasse\/"},"modified":"2026-04-30T14:33:36","modified_gmt":"2026-04-30T06:33:36","slug":"kompostierbare-salatschusseln-quadratisch","status":"publish","type":"product","link":"https:\/\/www.bioleaderpack.com\/de\/produkt\/kompostierbare-salatschusseln-quadratisch\/","title":{"rendered":"Kompostierbare Salatsch\u00fcsseln Square aus Zuckerrohr-Bagasse"},"content":{"rendered":"<table style=\"border-collapse: collapse; width: 100%;\">\n<tbody>\n<tr>\n<td style=\"width: 50%;\"><img fetchpriority=\"high\" decoding=\"async\" class=\"\" src=\"https:\/\/www.bioleaderpack.com\/wp-content\/uploads\/2023\/03\/L011Size_1678199354306.jpg\" alt=\"Zuckerrohrschale quadratisch\" width=\"560\" height=\"560\" \/><\/td>\n<td style=\"width: 50%;\"><img decoding=\"async\" class=\"\" src=\"https:\/\/www.bioleaderpack.com\/wp-content\/uploads\/2023\/03\/L0111_1678199412941-2.jpg\" alt=\"Einweg-Zuckerrohrschale quadratisch \" width=\"628\" height=\"628\" \/><\/td>\n<\/tr>\n<tr>\n<td style=\"width: 50%;\"><img decoding=\"async\" class=\"\" src=\"https:\/\/www.bioleaderpack.com\/wp-content\/uploads\/2023\/03\/0122_1678199464149-3.jpg\" alt=\"Salatsch\u00fcssel aus Zuckerrohr quadratisch\" width=\"534\" height=\"534\" \/><\/td>\n<td style=\"width: 50%;\"><img loading=\"lazy\" decoding=\"async\" class=\"\" src=\"https:\/\/www.bioleaderpack.com\/wp-content\/uploads\/2023\/03\/0132_1678199512540.jpg\" alt=\"biologisch abbaubare Zuckerrohrschale quadratisch\" width=\"557\" height=\"557\" \/><\/td>\n<\/tr>\n<tr>\n<td style=\"width: 50%;\"><img loading=\"lazy\" decoding=\"async\" class=\"\" src=\"https:\/\/www.bioleaderpack.com\/wp-content\/uploads\/2023\/03\/L012White_1678199554665-2.jpg\" alt=\"zuckerrohr schale quadratisch wei\u00df\" width=\"532\" height=\"532\" \/><\/td>\n<td style=\"width: 50%;\"><img loading=\"lazy\" decoding=\"async\" class=\"\" src=\"https:\/\/www.bioleaderpack.com\/wp-content\/uploads\/2023\/03\/L012Nature1_1678199587376-2.jpg\" alt=\"Quadratische Zuckerrohrschale natur\" width=\"524\" height=\"524\" \/><\/td>\n<\/tr>\n<\/tbody>\n<\/table>\n<h2>Kompostierbare Salatsch\u00fcsseln quadratisch - umweltfreundlich und auslaufsicher<\/h2>\n<p><!-- Micro Summary Card for AI\/SGE --><\/p>\n<div class=\"micro-summary-card\" style=\"background: #f6f6f9; border-left: 4px solid #4caf50; padding: 12px; margin-bottom: 16px;\"><strong>Kurze Zusammenfassung:<\/strong> Die kompostierbaren quadratischen Salatsch\u00fcsseln mit Deckel von Bioleader sind aus erneuerbaren Pflanzenfasern hergestellt, PFAS-frei und lebensmittelecht. Ihr innovatives quadratisches Design, die auslaufsichere Struktur und die sicheren Deckel machen sie ideal f\u00fcr Salate, Meal Kits und umweltfreundliches Essen zum Mitnehmen. Perfekt f\u00fcr Restaurants und Foodservice-Marken, die eine umweltfreundliche, leistungsstarke Verpackung suchen.<\/div>\n<p>Das Schlagwort \"Nachhaltigkeit\" ist nicht l\u00e4nger ein Marketing-Gag, sondern wird als Notwendigkeit wahrgenommen. <strong>kompostierbare Salatsch\u00fcsseln<\/strong>\u00a0stehen bei dieser Entwicklung an vorderster Front. Diese\u00a0<strong>Salatsch\u00fcsseln Quadratisch<\/strong> sollen gut aussehen, gut funktionieren und dem zunehmenden Umweltschutzgedanken Rechnung tragen. In diesem Artikel werden die besonderen Merkmale, Vorteile und Zukunftstrends unserer\u00a0<strong>kompostierbare Schale quadratisch<\/strong>\u00a0Produkte zu entwickeln und gleichzeitig zu rechtfertigen, dass sie f\u00fcr wechselnde Kunden und Unternehmen, denen die Umwelt am Herzen liegt, geeignet sind.<\/p>\n<h2>Material: <a href=\"https:\/\/www.bioleaderpack.com\/de\/geschirr-aus-zuckerrohr-bagasse-umweltfreundlich-und-praktisch\/\" target=\"_blank\">Zuckerrohr-Bagasse - umweltfreundliches Material<\/a><\/h2>\n<p>Der Hauptrohstoff, der f\u00fcr die Herstellung unserer\u00a0<strong><a href=\"https:\/\/www.bioleaderpack.com\/de\/produkt\/32oz-kompostierbare-schalen-mit-deckeln\/\" target=\"_blank\" rel=\"noopener\" data-wpil-monitor-id=\"2145\">kompostierbare Salatsch\u00fcsseln<\/a><\/strong> ist Zuckerrohrbagasse, der Faserr\u00fcckstand nach der Extraktion von Zuckerrohrsaft. Dieses Material ist nicht nur erneuerbar, sondern auch 100% kompostierbar und biologisch abbaubar, was es zu einer besseren Option als Polystyrol oder Kunststoff macht. Mit der Verwendung von Zuckerrohrbagasse ist ein effektives Abfallmanagement m\u00f6glich, da wir abfallverursachende Rohstoffe zur Herstellung der ben\u00f6tigten Waren verwenden. Dies verdeutlicht unsere Verantwortung als Hersteller gegen\u00fcber der Leistung und der \u00f6kologischen Nachhaltigkeit der Produktion.<\/p>\n<table style=\"border-collapse: collapse; width: 100%;\">\n<tbody>\n<tr>\n<td style=\"width: 50%;\"><img loading=\"lazy\" decoding=\"async\" class=\"\" src=\"https:\/\/www.bioleaderpack.com\/wp-content\/uploads\/2023\/03\/L013NatureFlatLid_1678199821434-2-scaled.jpg\" alt=\"Zuckerrohrschale mit PET-Deckel\" width=\"510\" height=\"510\" \/><\/p>\n<p style=\"text-align: center;\"><strong>PET-Flachdeckel<\/strong><\/p>\n<\/td>\n<td style=\"width: 50%;\"><img loading=\"lazy\" decoding=\"async\" class=\"\" src=\"https:\/\/www.bioleaderpack.com\/wp-content\/uploads\/2023\/03\/L013NatureDomeLid_1678199848126-1.jpg\" alt=\"Zuckerrohrschale mit Kunststoffdeckel\" width=\"527\" height=\"527\" \/><\/p>\n<p style=\"text-align: center;\"><strong>PET-Kuppel-Deckel<\/strong><\/p>\n<\/td>\n<\/tr>\n<\/tbody>\n<\/table>\n<h2>Produktionsmethodik: Perfektion mit <a href=\"https:\/\/www.bioleaderpack.com\/de\/was-ist-das-zellstoff-formverfahren-fur-geformte-zellstoffverpackungen\/\" target=\"_blank\">Papierzellstoff-Formenbau<\/a><\/h2>\n<p>Die\u00a0<strong>Quadratische Salatsch\u00fcsseln<\/strong>\u00a0geh\u00f6ren zu der neuen Generation von Produkten, die von der\u00a0<strong><a href=\"https:\/\/www.bioleaderpack.com\/de\/uber-zellstoffformen\/\" target=\"_blank\" rel=\"noopener\" data-wpil-monitor-id=\"2222\">Papierzellstoff-Formenbau<\/a><\/strong>\u00a0Industrie. Diese Technik umfasst die Verarbeitung und den Aufschluss <a href=\"https:\/\/www.bioleaderpack.com\/de\/umfassender-leitfaden-fur-quadratische-bagasseprodukte\/\" target=\"_blank\" rel=\"noopener\" data-wpil-monitor-id=\"1157\">Zuckerrohrbagasse und deren Formgebung zu einem Quadrat<\/a>. Diese Produktionsmethode garantiert, dass jedes\u00a0<strong>kompostierbare Schale quadratisch<\/strong>\u00a0ist nicht nur robust, sondern auch einheitlich in der Dichte.<\/p>\n<p>Das Pulp-Moulding-Verfahren ist pr\u00e4zise genug, um leichte und haltbare Schalen herzustellen, die sich f\u00fcr viele Bereiche der Lebensmittelindustrie eignen. Au\u00dferdem werden bei dieser Technik w\u00e4hrend der Herstellung nur wenige Rohstoffe verschwendet, was die Umweltvertr\u00e4glichkeit der Produkte weiter verbessert.<\/p>\n<h2>Wichtigste Highlights und Merkmale<\/h2>\n<h3>1. Erdfreundlich und vollst\u00e4ndig biologisch abbaubar<\/h3>\n<p>Wenn es darum geht <strong>kompostierbare Salatsch\u00fcsseln<\/strong>Der wichtigste Aspekt, der den Verkauf ankurbelt, ist die Tatsache, dass sie \"gr\u00fcn\" ist. Wenn diese Schalen in einer Kompostzone aufgestellt werden, zersetzen sie sich gr\u00fcndlich und geben n\u00fctzliche N\u00e4hrstoffe an den Boden ab, ohne Giftstoffe zu hinterlassen. Daher sind sie sowohl f\u00fcr Unternehmen als auch f\u00fcr Verbraucher, die sich umweltbewusst verhalten wollen, ideal.<\/p>\n<h3>2. Biologisch abbaubar und frei von sch\u00e4dlichen Chemikalien<\/h3>\n<p>Deshalb ist ihre <a href=\"https:\/\/www.bioleaderpack.com\/de\/pfas-frei-vs-pfoa-frei-vs-bpa-frei-wie-man-gesundes-und-ungiftiges-geschirr-auswahlt\/\" target=\"_blank\" rel=\"noopener\" data-wpil-monitor-id=\"468\">PFAS oder BPA<\/a> Gehalt ist gleich null. Daher bleiben die Lebensmittel unbelastet, so dass diese Schalen f\u00fcr alle Arten von Lebensmitteln verwendet werden k\u00f6nnen, einschlie\u00dflich hei\u00dfer, \u00f6liger und saurer Lebensmittel. Der chemikalienfreie Aspekt dieser Artikel macht sie sowohl f\u00fcr gesundheitsbewusste Verbraucher als auch f\u00fcr Unternehmen, die saubere Verpackungsalternativen f\u00fcr Lebensmittel anbieten wollen, sehr attraktiv.<\/p>\n<h3>3. Vollst\u00e4ndig <a href=\"https:\/\/www.bioleaderpack.com\/de\/wie-kann-die-wasser-und-olbestandigkeit-von-zuckerrohrbagassemehlboxen-erreicht-werden\/\" target=\"_blank\">Wasserdicht, auslaufsicher und \u00f6lbest\u00e4ndig<\/a><\/h3>\n<p>Einer der positiven Aspekte unserer... ist, dass sie mehrere Tage h\u00e4lt, ohne dass sie ausl\u00e4uft und Wasser oder \u00d6l einsickert. Dank dieser Eigenschaften eignen sich unsere Sch\u00fcsseln f\u00fcr verschiedene Arten von Speisen, von frischen Bl\u00e4ttern und Suppe bis hin zu gebratenen Nudeln und Currys. Diese Schalen sind sehr robust, so dass selbst die Verwendung von schweren und \u00f6ligen Lebensmitteln kein Risiko f\u00fcr sie darstellt, was sowohl f\u00fcr das Essen drinnen als auch drau\u00dfen praktisch ist.<\/p>\n<h3>4. <a href=\"https:\/\/www.bioleaderpack.com\/de\/sind-die-behalter-zum-mitnehmen-im-restaurant-mikrowellensicher\/\" target=\"_blank\">Mikrowellengeeignet<\/a> und vielseitig<\/h3>\n<p>Unsere kompostierbaren Einweg-Salatsch\u00fcsseln sind mikrowellengeeignet, was den Verbrauchern das Aufw\u00e4rmen ihrer Speisen erleichtert. Dank dieser Eigenschaften und der Vielseitigkeit des Materials eignen sie sich f\u00fcr ein breites Spektrum von Lebensmitteldienstleistungen, einschlie\u00dflich Lieferungen zum Mitnehmen und Catering. Diese Schalen k\u00f6nnen die neuen Bed\u00fcrfnisse der Kunden erf\u00fcllen, sei es das Aufw\u00e4rmen einer Mahlzeit zu Hause oder die Zubereitung einer Mahlzeit, wenn man gerade zur T\u00fcr hinausgeht.<\/p>\n<table style=\"border-collapse: collapse; width: 100%;\">\n<tbody>\n<tr>\n<td style=\"width: 50%;\"><img loading=\"lazy\" decoding=\"async\" class=\"\" style=\"text-align: center;\" src=\"https:\/\/www.bioleaderpack.com\/wp-content\/uploads\/2023\/03\/013_1678199919421.jpg\" alt=\"Zuckerrohrschale quadratisch\" width=\"558\" height=\"558\" \/><\/td>\n<td style=\"width: 50%;\"><img loading=\"lazy\" decoding=\"async\" class=\"\" src=\"https:\/\/www.bioleaderpack.com\/wp-content\/uploads\/2023\/03\/01342_1678199935648.jpg\" alt=\"Salatsch\u00fcssel aus Zuckerrohr\" width=\"506\" height=\"506\" \/><\/td>\n<\/tr>\n<\/tbody>\n<\/table>\n<h2>Verwendungsszenarien: Vielseitigkeit bei jeder Mahlzeit<\/h2>\n<h3>Beispiel 1: Mitnahme und Lieferung<\/h3>\n<p>F\u00fcr Restaurants und Caf\u00e9s, die ein Mitnahme- und Liefersystem anbieten, sind unsere Produkte umweltfreundlich und praktisch - die richtige Verpackung von SCM Solution. Diese Schalen eignen sich hervorragend f\u00fcr die Aufnahme von Salaten, Suppen und anderen Speisen und gew\u00e4hrleisten, dass das Essen sicher und unversehrt geliefert wird. Da die Nachfrage auf dem Markt weitgehend von diesen traditionellen, mit Thermoplasten verst\u00e4rkten Biokunststoff-Servierschalen bestimmt wird, besteht kein Zweifel daran, dass Abfall in dieser Branche immer noch gr\u00fcner ist.<\/p>\n<h3>Beispiel 2: Catering und Veranstaltungen<\/h3>\n<p>Solche Dienstleistungen wie Catering k\u00f6nnten mit unseren quadratischen, kompostierbaren Stola-Schalen sehr gut bedient werden. Stilvoll in der Form und modern im Aussehen, sind diese Schalen eine gro\u00dfartige L\u00f6sung f\u00fcr das Servieren von Speisen und versch\u00f6nern jeden Teller. F\u00fcr eine Firmenfeier, eine Hochzeit oder eine andere zwanglose Veranstaltung bringen diese Schalen Klasse in die Veranstaltung, ohne dabei auf umweltfreundliche Ma\u00dfnahmen zu verzichten.<\/p>\n<h3>Beispiel 3: In-Store-Dining<\/h3>\n<p>Sogar f\u00fcr den Verzehr im Laden sind unsere Salatsch\u00fcsseln kompostierbar und daher f\u00fcr diesen Zweck geeignet. Sie dienen als \u00f6kologischer Ersatz f\u00fcr Einweg-Plastik- oder Keramikschalen. In solchen Restaurants k\u00f6nnen diese Schalen zum Servieren von Salaten, Nudeln oder sogar Desserts verwendet werden, ohne dass dabei die Umweltfreundlichkeit beeintr\u00e4chtigt wird.<\/p>\n<h2>Markttrends: Der Aufstieg der kompostierbaren Verpackungen<\/h2>\n<p>Die Nachfrage nach solchen kompostierbaren Salatsch\u00fcsseln steigt in der Tat, was auf den weltweiten Nachhaltigkeitstrend zur\u00fcckzuf\u00fchren ist. Heutzutage achten die Verbraucher bei ihren Kaufentscheidungen verst\u00e4rkt auf Nachhaltigkeit und suchen nach solchen Produkten. Das l\u00e4sst sich auch an der Zunahme des Kaufs von Salatsch\u00fcsseln Square ablesen, vor allem auf E-Commerce-Websites und in Einzelhandelsgesch\u00e4ften, wo solche Produkte als gr\u00fcne Premiumprodukte gelten.<\/p>\n<h3>Verbraucherpr\u00e4ferenzen und Reaktion der Industrie<\/h3>\n<p>Da die Verbraucher weiterhin umweltbewusst sind, holen die Unternehmen auf und integrieren dringend ben\u00f6tigte\u00a0<strong>kompostierbare Schale quadratisch<\/strong> Produkte in ihr Sortiment aufnehmen. Bei dieser Umstellung geht es nicht nur darum, den Wunsch der Verbraucher nach Energie zu nutzen, sondern auch um die Dynamik der Gesetzgebung, die die Verwendung kompostierbarer Produkte f\u00f6rdert. Unser\u00a0<strong>Salatsch\u00fcsseln Quadratisch<\/strong>\u00a0ist eines der f\u00fchrenden Produkte, das den Verbrauchern sichere L\u00f6sungen bietet, ohne ihre Gesch\u00e4ftsabl\u00e4ufe zu beeintr\u00e4chtigen.<\/p>\n<h2>Warum w\u00e4hlen Sie uns: Exzellenz in Produktion und Nachhaltigkeit<\/h2>\n<p>Als eines der f\u00fchrenden chinesischen Unternehmen haben wir vielen Kunden beim Kauf der besten\u00a0<strong>kompostierbare Salatsch\u00fcsseln,<\/strong>\u00a0immer zu stabfreien Gro\u00dfhandelspreisen. Die fabrikm\u00e4\u00dfige Herstellung\u00a0<strong>kompostierbare Schale quadratisch<\/strong>\u00a0ist ausgestattet mit einer modernen <strong>Papierzellstoff-Formenbau<\/strong> Maschine sowie die Gew\u00e4hrleistung, dass jedes der hergestellten Produkte die erforderliche Qualit\u00e4t aufweist. Die Wahl unserer Produkte stellt sicher, dass die Organisationen die Erwartungen der Kunden erf\u00fcllen, die umweltfreundliche Verpackungen w\u00fcnschen, da sie auch eine Organisation unterst\u00fctzen, die sich um die Umwelt k\u00fcmmert.<\/p>\n<hr \/>\n<p><span style=\"font-size: 18pt;\"><strong>FAQ<\/strong><\/span><\/p>\n<p><strong>F1: Woraus bestehen die quadratischen kompostierbaren Salatsch\u00fcsseln?<\/strong><br \/>\nDiese Schalen werden aus Zuckerrohrbagasse hergestellt, einem faserigen Nebenprodukt der Zuckerproduktion. Es ist ein erneuerbares, kompostierbares Material, das zu haltbaren Beh\u00e4ltern geformt wird, die sich f\u00fcr umweltfreundliche Lebensmittelverpackungen eignen.<\/p>\n<p><strong>F2: Sind quadratische <a href=\"https:\/\/www.bioleaderpack.com\/de\/produkt\/salatschusseln-zum-mitnehmen-aus-zuckerrohrbagasse\/\" target=\"_blank\" rel=\"noopener\" data-wpil-monitor-id=\"2221\">Salatsch\u00fcsseln aus Zuckerrohr<\/a> sicher f\u00fcr frische und warme Lebensmittel?<\/strong><br \/>\nJa, sie sind lebensmittelecht und k\u00f6nnen sowohl kalte Salate als auch warme Speisen aufnehmen. Sie sind \u00f6lbest\u00e4ndig, auslaufsicher und k\u00f6nnen Temperaturen von bis zu 120 \u00b0C standhalten, was sie ideal f\u00fcr eine Vielzahl von Anwendungen in der Gastronomie macht.<\/p>\n<p><strong>F3: Gibt es die quadratischen Bagasseschalen mit Deckel zum Mitnehmen?<\/strong><br \/>\nAm meisten Platz <a href=\"https:\/\/www.bioleaderpack.com\/de\/produkt\/salatschussel-aus-zuckerrohrbagasse-mit-deckel\/\" target=\"_blank\" rel=\"noopener\" data-wpil-monitor-id=\"2163\">Bagasse-Salatschalen sind mit kompatiblen Deckeln ausgestattet<\/a> aus Fasern oder PLA-Biokunststoff. Dank der sicher sitzenden Deckel eignen sich die Schalen ideal zum Mitnehmen, f\u00fcr den Lieferservice und zum Mitnehmen von Mahlzeiten.<\/p>\n<p><strong>F4: Kann ich quadratische Salatsch\u00fcsseln aus Zuckerrohr zu Hause kompostieren?<\/strong><br \/>\nJa, diese Schalen sind unter geeigneten Bedingungen zu Hause kompostierbar. In der Heimkompostierung zersetzen sie sich in der Regel in 90 bis 120 Tagen, w\u00e4hrend sie in der industriellen Kompostierung innerhalb von 60 bis 90 Tagen abgebaut werden.<\/p>\n<p><strong>F5: Sind quadratische <a href=\"https:\/\/www.bioleaderpack.com\/de\/produkt\/kompostierbare-biologisch-abbaubare-teller-und-schusseln\/\" target=\"_blank\" rel=\"noopener\" data-wpil-monitor-id=\"2223\">Kompostierbare Schalen in gro\u00dfen Mengen erh\u00e4ltlich<\/a> f\u00fcr den Gro\u00dfhandel?<\/strong><br \/>\nEindeutig. Die Lieferanten bieten Gro\u00dfhandelsoptionen f\u00fcr quadratische Schalen mit 16, 24 und 32 Unzen, mit oder ohne Deckel. Sie sind beliebt bei Restaurants, Salatbars, Lebensmittel-Lieferdiensten und umweltbewussten Einzelh\u00e4ndlern.<\/p>\n<p>&nbsp;<\/p>\n<table style=\"border-collapse: collapse; width: 100%;\">\n<tbody>\n<tr>\n<td style=\"width: 100%;\"><img loading=\"lazy\" decoding=\"async\" src=\"https:\/\/www.bioleaderpack.com\/wp-content\/uploads\/2023\/03\/LBowl_1678120102289.jpg\" alt=\"Schale Zuckerrohr Kompostierbare Einweg-Salatsch\u00fcsseln\" width=\"1000\" height=\"544\" \/><\/td>\n<\/tr>\n<\/tbody>\n<\/table>\n<table style=\"border-collapse: collapse; width: 100%;\">\n<tbody>\n<tr>\n<td style=\"width: 50%;\"><img loading=\"lazy\" decoding=\"async\" class=\"\" src=\"https:\/\/www.bioleaderpack.com\/wp-content\/uploads\/2023\/03\/20191211153532_1678120030316-1.jpg\" alt=\"biologisch abbaubare Schalen\" width=\"513\" height=\"513\" \/><\/td>\n<td style=\"width: 50%;\"><img loading=\"lazy\" decoding=\"async\" class=\"\" src=\"https:\/\/www.bioleaderpack.com\/wp-content\/uploads\/2023\/03\/L0110130162_1678200305599.jpg\" alt=\"Zellstoffschale mit Deckel f\u00fcr Haustiere\" width=\"528\" height=\"528\" \/><\/td>\n<\/tr>\n<\/tbody>\n<\/table>\n<div class=\"adweb-template\">\n<div class=\"adweb-template-43\">\n<h2>Schlussfolgerung<\/h2>\n<p>Nachhaltige Kunststoffe sind nicht l\u00e4nger fragw\u00fcrdig, wie uns Darren erz\u00e4hlt: Nat\u00fcrlich wollen unsere Kunden, die Restaurants und Caterer, ihren \u00f6kologischen Status verbessern und die Materialien, die kompostierbaren Salatsch\u00fcsseln, die selbst entworfen wurden, sind utopisch...ich will das wegwerfen, was wegwerfbar ist. (Industrielle Verpackungen) - der Inbegriff von Abfall\u00fcberkonsum, deshalb braucht es Alternativen.<\/p>\n<p>In Anbetracht des zunehmenden Interesses an biologischen und gesunden Lebensmitteln und des wachsenden Umweltbewusstseins der Verbraucher ist unsere <strong>Salatsch\u00fcsseln Quadratisch<\/strong>\u00a0ist ideal f\u00fcr die heutigen Anforderungen in der Gastronomie. Da der Markt f\u00fcr kompostierbare Produkte ein kontinuierliches Wachstum verzeichnet, ist die Entscheidung f\u00fcr unsere\u00a0<strong>kompostierbare Schale quadratisch<\/strong>\u00a0Produkte werden nicht nur die Nachhaltigkeitsaspekte Ihres Unternehmens st\u00e4rken, sondern auch den Grunds\u00e4tzen der modernen Verbraucher gerecht werden.<\/p>\n<h2>Semantischer Einsichtsblock: Wie quadratische, kompostierbare Salatsch\u00fcsseln gr\u00fcne Verpackungen neu definieren<\/h2>\n<div class=\"semantic-insight-block\" style=\"background: #e8f5e9; border-left: 4px solid #2196f3; padding: 14px; margin-bottom: 16px;\">\n<ul>\n<li><strong>Wie die Wahl der Materialien die Nachhaltigkeit beeinflusst:<\/strong> Die aus schnell nachwachsenden Pflanzenfasern hergestellten Schalen sind 100%-kompostierbar, PFAS-frei und entsprechen den weltweiten Standards f\u00fcr Lebensmittelsicherheit.<\/li>\n<li><strong>Was Design und Leistung auszeichnet:<\/strong> Die quadratische Form maximiert die Pr\u00e4sentation von Lebensmitteln, die Stapelbarkeit und die Wirkung im Regal, w\u00e4hrend die auslaufsichere Struktur und der Deckel Frische und Transportsicherheit gew\u00e4hrleisten.<\/li>\n<li><strong>Warum die Zertifizierung wichtig ist:<\/strong> Diese nach EN13432, FDA und EU-Normen zertifizierten Schalen sind f\u00fcr den Export geeignet und erf\u00fcllen strenge Umwelt- und Lebensmittelkontaktvorschriften.<\/li>\n<li><strong>Flexibel in Angebot und Anwendung:<\/strong> Gro\u00dflieferungen, individuelles Branding und verschiedene Gr\u00f6\u00dfen unterst\u00fctzen die Skalierbarkeit f\u00fcr Restaurants, Essensmarken und Catering-Services.<\/li>\n<li><strong>Strategischer Vorteil f\u00fcr Marken:<\/strong> Die Verwendung quadratischer kompostierbarer Salatsch\u00fcsseln st\u00e4rkt das Nachhaltigkeitsimage der Marke, entspricht neuen gesetzlichen Trends und \u00fcberzeugt umweltbewusste Verbraucher.<\/li>\n<\/ul>\n<div style=\"margin-top: 8px;\"><strong>Markt\u00fcberblick:<\/strong> <a href=\"https:\/\/www.bioleaderpack.com\/de\/produkt\/kompostierbare-faserschalen-aus-zuckerrohr-bagasse\/\" target=\"_blank\" rel=\"noopener\" data-wpil-monitor-id=\"2313\">Die quadratischen kompostierbaren Salatsch\u00fcsseln von Bioleader<\/a> bieten dem modernen Foodservice eine zukunftssichere L\u00f6sung, die Design, Nachhaltigkeit und betriebliche Exzellenz miteinander verbindet.<\/div>\n<\/div>\n<\/div>\n<p><script type=\"application\/ld+json\">{\n    \"@context\": \"https:\\\/\\\/schema.org\",\n    \"@type\": \"FAQPage\",\n    \"mainEntity\": [\n        {\n            \"@type\": \"Question\",\n            \"name\": \"What are square compostable salad bowls made from?\",\n            \"acceptedAnswer\": {\n                \"@type\": \"Answer\",\n                \"text\": \"These bowls are made from sugarcane bagasse, a fibrous byproduct of sugar production. It's a renewable, compostable material molded into durable containers suitable for eco-friendly food packaging.\"\n            }\n        },\n        {\n            \"@type\": \"Question\",\n            \"name\": \"Are square sugarcane salad bowls safe for fresh and warm foods?\",\n            \"acceptedAnswer\": {\n                \"@type\": \"Answer\",\n                \"text\": \"Yes, they are food-safe and can hold both cold salads and warm meals. They are oil-resistant, leak-proof, and can withstand temperatures up to 120\\u00b0C, making them ideal for a variety of foodservice applications.\"\n            }\n        },\n        {\n            \"@type\": \"Question\",\n            \"name\": \"Do square bagasse bowls come with lids for takeaway?\",\n            \"acceptedAnswer\": {\n                \"@type\": \"Answer\",\n                \"text\": \"Most square bagasse salad bowls are designed with compatible lids made from either fiber or PLA bioplastic. These secure-fit lids make the bowls ideal for takeaway, delivery, and grab-and-go meals.\"\n            }\n        },\n        {\n            \"@type\": \"Question\",\n            \"name\": \"Can I compost square sugarcane salad bowls at home?\",\n            \"acceptedAnswer\": {\n                \"@type\": \"Answer\",\n                \"text\": \"Yes, these bowls are home compostable under suitable conditions. In home composting, they typically decompose in 90 to 120 days, while in industrial composting they break down within 60 to 90 days.\"\n            }\n        },\n        {\n            \"@type\": \"Question\",\n            \"name\": \"Are square compostable bowls available in bulk for wholesale?\",\n            \"acceptedAnswer\": {\n                \"@type\": \"Answer\",\n                \"text\": \"Definitely. Suppliers offer bulk wholesale options for 16oz, 24oz, and 32oz square bowls, with or without lids. They are popular among restaurants, salad bars, food delivery services, and eco-conscious retailers.\"\n            }\n        }\n    ]\n}<\/script><\/p>\n<\/div>","protected":false},"excerpt":{"rendered":"<p><strong>Kompostierbare Salatsch\u00fcsseln<\/strong> bieten eine nachhaltige L\u00f6sung f\u00fcr die moderne Gastronomie, indem sie die umweltfreundlichen Materialien der Zuckerrohrbagasse mit fortschrittlichen Produktionstechniken kombinieren. Unser <strong>Salatsch\u00fcsseln Quadratisch<\/strong> sind langlebig, auslaufsicher und vielseitig einsetzbar und eignen sich f\u00fcr eine Vielzahl von Anwendungen in der Gastronomie, von der Mitnahme und Lieferung bis hin zur Bewirtung in Gesch\u00e4ften und Catering. Da die Zahl der Verbraucher, die solche Bestellungen aufgeben, weiter steigt, w\u00e4chst auch unser\u00a0<strong>kompostierbare Schale quadratisch<\/strong>\u00a0Die Produkte entsprechen den Anforderungen des Unternehmensmarktes. Die Unternehmen k\u00f6nnen sich darauf verlassen, dass sie <a href=\"https:\/\/www.bioleaderpack.com\/de\/ausstellungsraum\/umweltfreundliche-lebensmittelverpackungen-2\/\" target=\"_blank\" rel=\"noopener\" data-wpil-monitor-id=\"2220\">umweltfreundliche Lebensmittelverpackungen<\/a> L\u00f6sungen ohne Kompromisse bei der Qualit\u00e4t ihrer Produkte.<\/p>\n<div id=\"whale-data-ext\" data-event=\"v2\" data-version=\"2.2.7\"><\/div>","protected":false},"featured_media":17871,"comment_status":"open","ping_status":"closed","template":"","meta":{"_acf_changed":false},"product_brand":[8971],"product_cat":[7150],"product_tag":[6816,6817,6818],"class_list":{"0":"post-13566","1":"product","2":"type-product","3":"status-publish","4":"has-post-thumbnail","6":"product_brand-bioleader","7":"product_cat-bagasse-bowl","8":"product_tag-compostable-bowl-square","9":"product_tag-compostable-salad-bowls","10":"product_tag-salad-bowls-square","12":"first","13":"instock","14":"purchasable","15":"product-type-simple"},"acf":[],"_links":{"self":[{"href":"https:\/\/www.bioleaderpack.com\/de\/wp-json\/wp\/v2\/product\/13566","targetHints":{"allow":["GET"]}}],"collection":[{"href":"https:\/\/www.bioleaderpack.com\/de\/wp-json\/wp\/v2\/product"}],"about":[{"href":"https:\/\/www.bioleaderpack.com\/de\/wp-json\/wp\/v2\/types\/product"}],"replies":[{"embeddable":true,"href":"https:\/\/www.bioleaderpack.com\/de\/wp-json\/wp\/v2\/comments?post=13566"}],"wp:featuredmedia":[{"embeddable":true,"href":"https:\/\/www.bioleaderpack.com\/de\/wp-json\/wp\/v2\/media\/17871"}],"wp:attachment":[{"href":"https:\/\/www.bioleaderpack.com\/de\/wp-json\/wp\/v2\/media?parent=13566"}],"wp:term":[{"taxonomy":"product_brand","embeddable":true,"href":"https:\/\/www.bioleaderpack.com\/de\/wp-json\/wp\/v2\/product_brand?post=13566"},{"taxonomy":"product_cat","embeddable":true,"href":"https:\/\/www.bioleaderpack.com\/de\/wp-json\/wp\/v2\/product_cat?post=13566"},{"taxonomy":"product_tag","embeddable":true,"href":"https:\/\/www.bioleaderpack.com\/de\/wp-json\/wp\/v2\/product_tag?post=13566"}],"curies":[{"name":"wp","href":"https:\/\/api.w.org\/{rel}","templated":true}]}}