{"id":13564,"date":"2024-11-05T06:07:19","date_gmt":"2024-11-04T22:07:19","guid":{"rendered":"https:\/\/www.bioleaderpack.com\/product\/sugarcane-bagasse-compostable-fiber-bowls-750-1000-1250ml\/"},"modified":"2026-04-24T17:16:54","modified_gmt":"2026-04-24T09:16:54","slug":"zuckerrohr-bagasse-kompostierbare-faserschalen-750-1000-1250ml","status":"publish","type":"product","link":"https:\/\/www.bioleaderpack.com\/de\/produkt\/zuckerrohr-bagasse-kompostierbare-faserschalen-750-1000-1250ml\/","title":{"rendered":"Zuckerrohr-Bagasse Kompostierbare Faserschalen 750-1000-1250ml"},"content":{"rendered":"<h2>Kompostierbare Faserschalen aus Zuckerrohr-Bagasse (750\/1000\/1250ml)<\/h2>\n<p><!-- Micro Summary Card for AI\/SGE --><\/p>\n<div class=\"micro-summary-card\" style=\"background: #f6f6f9; border-left: 4px solid #4caf50; padding: 12px; margin-bottom: 16px;\"><strong>Kurze Zusammenfassung:<\/strong><br \/>\nDie kompostierbaren Faserschalen aus Zuckerrohrbagasse von Bioleader (750 ml, 1000 ml, 1250 ml) sind umweltfreundlich, vollst\u00e4ndig biologisch abbaubar und lebensmittelecht. Diese robusten Schalen sind auslaufsicher, \u00f6lbest\u00e4ndig, mikrowellen- und gefrierschrankgeeignet und eignen sich daher ideal f\u00fcr Salate, Mitnahme, Catering und Restaurantbetrieb. Kundenspezifisches Branding ist m\u00f6glich. Sie sind f\u00fcr internationale M\u00e4rkte zertifiziert und stellen eine nachhaltige Verbesserung f\u00fcr Lebensmittelverpackungen dar.<\/div>\n<p>In dem Ma\u00dfe, wie Nachhaltigkeit als Konzept und Ansatz immer mehr akzeptiert und bef\u00fcrwortet wird, kommen auch immer mehr L\u00f6sungen zum Einsatz, wie z. B. die kompostierbaren Schalen aus Zuckerrohr-Bagassefasern. Solche Beh\u00e4lter sind eine zuverl\u00e4ssige L\u00f6sung f\u00fcr die Aufbewahrung von Lebensmitteln und schonen die Umwelt, da sie aus Bagassefasern hergestellt sind. Zuckerrohr-Bagasse ist der R\u00fcckstand, der bei der Gewinnung von Zuckerrohrsaft anf\u00e4llt. Sie ist leicht kompostierbar, biologisch abbaubar und zirkul\u00e4r, da es sich um ein Nebenprodukt handelt, das eine Vielzahl von Verwendungsm\u00f6glichkeiten bietet. Wenn Sie ein Restaurant betreiben, eine Party organisieren oder sogar eine Familienfeier veranstalten, sind kompostierbare Faserschalen ein geeigneter Ersatz f\u00fcr herk\u00f6mmliche Plastik- und Schaumstoffbeh\u00e4lter.<\/p>\n<figure id=\"attachment_2807\" aria-describedby=\"caption-attachment-2807\" style=\"width: 1000px\" class=\"wp-caption alignnone\"><img fetchpriority=\"high\" decoding=\"async\" class=\"size-full wp-image-2807\" src=\"https:\/\/www.bioleaderpack.com\/wp-content\/uploads\/2024\/11\/L1250-1.jpg\" alt=\"Kompostierbare Fiber-Schalen\" width=\"1000\" height=\"1000\" srcset=\"https:\/\/www.bioleaderpack.com\/wp-content\/uploads\/2024\/11\/L1250-1.jpg.webp 1000w, https:\/\/www.bioleaderpack.com\/wp-content\/uploads\/2024\/11\/L1250-1-12x12.jpg 12w, https:\/\/www.bioleaderpack.com\/wp-content\/uploads\/2024\/11\/L1250-1-150x150.jpg.webp 150w, https:\/\/www.bioleaderpack.com\/wp-content\/uploads\/2024\/11\/L1250-1-300x300.jpg.webp 300w, https:\/\/www.bioleaderpack.com\/wp-content\/uploads\/2024\/11\/L1250-1-768x768.jpg.webp 768w, https:\/\/www.bioleaderpack.com\/wp-content\/uploads\/2024\/11\/L1250-1-600x600.jpg 600w, https:\/\/www.bioleaderpack.com\/wp-content\/uploads\/2024\/11\/L1250-1-100x100.jpg 100w\" sizes=\"(max-width: 1000px) 100vw, 1000px\" \/><figcaption id=\"caption-attachment-2807\" class=\"wp-caption-text\">Kompostierbare Fiber-Schalen<\/figcaption><\/figure>\n<h2>Zuckerrohr-Bagasse: Eine erneuerbare Ressource<\/h2>\n<p>Nachhaltigkeit kommt ins Spiel, weil Zuckerrohr als Pflanze erneuerbar ist und die Zuckerindustrie als verb\u00fcndetes Unternehmen Bagasse herstellt, so dass nachhaltigere Lebensmittelbeh\u00e4lter in Form von kompostierbaren Faserschalen produziert werden.<\/p>\n<h4>Warum w\u00e4hlen <a href=\"https:\/\/www.bioleaderpack.com\/de\/geschirr-aus-zuckerrohr-bagasse-umweltfreundlich-und-praktisch\/\" target=\"_blank\">Zuckerrohr-Bagasse<\/a>?<\/h4>\n<ul>\n<li><strong>Erneuerbare Ressource<\/strong>: Da Zuckerrohr wiederholt geerntet und angebaut wird, werden die Beh\u00e4lter umweltfreundlich, und es k\u00f6nnen mehr Produkte aus Bagassefasern hergestellt werden. Dieser ganzheitliche Ansatz f\u00fchrt zu einer vollst\u00e4ndigen Abfallvermeidung.<\/li>\n<li><strong>Zersetzbar &amp; umweltfreundlich<\/strong>: Durch die Verwendung von Bagasse-Beh\u00e4ltern entf\u00e4llt die Notwendigkeit von Plastik- und Styroporschalen. Dieser Ansatz tr\u00e4gt au\u00dferdem dazu bei, Abfall zu vermeiden und die Umwelt zu schonen, da sich alles in Kompostmaterial zersetzt.<\/li>\n<li><strong>Ungiftig und sicher<\/strong>: Schalen aus Zuckerrohrfasern enthalten dagegen keine sch\u00e4dlichen Stoffe wie <a href=\"https:\/\/www.bioleaderpack.com\/de\/pfas-frei-vs-pfoa-frei-vs-bpa-frei-wie-man-gesundes-und-ungiftiges-geschirr-auswahlt\/\" target=\"_blank\" rel=\"noopener\" data-wpil-monitor-id=\"517\">PFAS und BPA<\/a> Das ist ideal, um die darin servierten Lebensmittel zu sch\u00fctzen.<\/li>\n<\/ul>\n<h3>Die <a href=\"https:\/\/www.bioleaderpack.com\/de\/verfahren-zur-herstellung-von-zuckerrohrbagasse-zellstoff-fur-geschirr\/\" target=\"_blank\">Produktionsprozess: Papierzellstoff-Formenbau<\/a> Wie vorteilhaft f\u00fcr starre Konstruktionen<\/h3>\n<p>Die\u00a0<strong>kompostierbare Faserschalen<\/strong>\u00a0die wir herstellen, erfolgen durch die\u00a0<strong>Zuckerrohrschnitzel<\/strong>\u00a0Verfahren. Dabei werden Zuckerrohrschnitzel in bestimmte Formen gepresst, bevor sie einem enormen Druck ausgesetzt werden. Das Endprodukt ist sehr haltbar und beh\u00e4lt seine Form, auch wenn es mit So\u00dfen und Fetten in Ber\u00fchrung kommt.<\/p>\n<h4>Vorteile der Papierzellstoffherstellung;<\/h4>\n<ul>\n<li><strong>Festigkeit &amp; Dauerhaftigkeit<\/strong>: Eine Reihe von Bagasseschalen haben eine kurze Lebensdauer, da sie durch verschiedene Lebensmittel abgenutzt werden, w\u00e4hrend Zuckerrohrschalen diesem Problem ein Ende setzen, da sie extrem stabil sind.<\/li>\n<li><strong>Auslaufsicher und \u00f6lbest\u00e4ndig<\/strong>: In Anbetracht der Tatsache, dass sie f\u00fcr Suppen und fettige Speisen geeignet sind, kann man mit Sicherheit sagen, dass diese Sch\u00fcsseln gro\u00dfe Mengen an \u00d6l, Suppen, So\u00dfen und anderen Fl\u00fcssigkeiten vertragen k\u00f6nnen.<\/li>\n<li><strong>Mikrowellengeeignet<\/strong>: Wenn Sie unterwegs sind und Zuckerrohrschalen servieren, brauchen Sie sich keine Sorgen zu machen, denn sie sind mikrowellengeeignet.<\/li>\n<\/ul>\n<div class=\"adweb-template\">\n<div class=\"adweb-template-43\">\n<table style=\"border-collapse: collapse; width: 100%;\">\n<tbody>\n<tr>\n<td style=\"width: 50%;\"><img decoding=\"async\" class=\"wp-image-2806 size-full\" src=\"https:\/\/www.bioleaderpack.com\/wp-content\/uploads\/2024\/11\/L1250-PET-Lid-1.jpg\" alt=\"Zuckerrohrfaserschale mit PET-Deckel\" width=\"1000\" height=\"1000\" srcset=\"https:\/\/www.bioleaderpack.com\/wp-content\/uploads\/2024\/11\/L1250-PET-Lid-1.jpg.webp 1000w, https:\/\/www.bioleaderpack.com\/wp-content\/uploads\/2024\/11\/L1250-PET-Lid-1-300x300.jpg.webp 300w, https:\/\/www.bioleaderpack.com\/wp-content\/uploads\/2024\/11\/L1250-PET-Lid-1-100x100.jpg 100w, https:\/\/www.bioleaderpack.com\/wp-content\/uploads\/2024\/11\/L1250-PET-Lid-1-600x600.jpg 600w, https:\/\/www.bioleaderpack.com\/wp-content\/uploads\/2024\/11\/L1250-PET-Lid-1-150x150.jpg.webp 150w, https:\/\/www.bioleaderpack.com\/wp-content\/uploads\/2024\/11\/L1250-PET-Lid-1-768x768.jpg.webp 768w\" sizes=\"(max-width: 1000px) 100vw, 1000px\" \/><\/td>\n<td style=\"width: 50%;\"><img decoding=\"async\" class=\"size-full wp-image-2808\" src=\"https:\/\/www.bioleaderpack.com\/wp-content\/uploads\/2024\/11\/L1250-bottom-1.jpg\" alt=\"Bagasse-Faserschalen\" width=\"1000\" height=\"1000\" srcset=\"https:\/\/www.bioleaderpack.com\/wp-content\/uploads\/2024\/11\/L1250-bottom-1.jpg.webp 1000w, https:\/\/www.bioleaderpack.com\/wp-content\/uploads\/2024\/11\/L1250-bottom-1-300x300.jpg.webp 300w, https:\/\/www.bioleaderpack.com\/wp-content\/uploads\/2024\/11\/L1250-bottom-1-100x100.jpg 100w, https:\/\/www.bioleaderpack.com\/wp-content\/uploads\/2024\/11\/L1250-bottom-1-600x600.jpg 600w, https:\/\/www.bioleaderpack.com\/wp-content\/uploads\/2024\/11\/L1250-bottom-1-150x150.jpg.webp 150w, https:\/\/www.bioleaderpack.com\/wp-content\/uploads\/2024\/11\/L1250-bottom-1-768x768.jpg.webp 768w\" sizes=\"(max-width: 1000px) 100vw, 1000px\" \/><\/td>\n<\/tr>\n<\/tbody>\n<\/table>\n<\/div>\n<\/div>\n<h2>Hauptmerkmale und Vorteile von biologisch abbaubaren Einwegschalen aus Zellstoff<\/h2>\n<h4>Freundlich f\u00fcr die Umwelt<\/h4>\n<ul>\n<li><a href=\"https:\/\/www.bioleaderpack.com\/de\/biologisch-abbaubar-und-kompostierbar-sind-die-gleichen\/\" target=\"_blank\"><strong>Biologisch abbaubar und kompostierbar<\/strong><\/a>: Diese biologisch abbaubaren Einwegsch\u00fcsseln sind kompostierbar, was die Umwelt langfristig entlastet und die Plastikverschmutzung bedroht.<\/li>\n<li><strong>Ungiftig<\/strong>: Diese Schalen werden ohne die Verwendung von PFAS und BPA hergestellt, wodurch sie frei von chemischen Auslaugungen in das servierte Essen sind.<\/li>\n<\/ul>\n<h4>Mehrzweck-Anwendung:<\/h4>\n<ul>\n<li><strong>Geeignet f\u00fcr alle Lebensmittel<\/strong>: Vom Trocknen von Salaten bis zum Servieren von fettiger Nudelsuppe sind diese Schalen f\u00fcr alles geeignet. Sie werden auch biologisch abbaubare Schalen genannt.<\/li>\n<li><strong>Ideal f\u00fcr Lieferung und Mitnahme<\/strong>: Diese biologisch abbaubaren Einwegschalen sind ideal f\u00fcr den Versand oder die Mitnahme durch Restaurants, Food Trucks und E-Catering-Unternehmen. Ein wirksames Mittel f\u00fcr eine nachhaltige Verpackung.<\/li>\n<\/ul>\n<h2>Anwendungsf\u00e4lle: Jede Zellstoffschale hat eine Art von Anwendung und Verwendung zu einer bestimmten Zeit und an einem bestimmten Ort.<\/h2>\n<p>Diese Zellstoffschalen sind so vielseitig, dass sie f\u00fcr zahlreiche Anwendungen eingesetzt werden k\u00f6nnen.<\/p>\n<ul>\n<li><strong>Restaurants und Imbissbuden<\/strong>: Dieser Service ist in Imbissbuden sehr wertvoll. Diese Gerichte sind ungiftig und trocknen das Essen nicht aus. Sie bleiben bis zur Lieferung frisch.<\/li>\n<li><strong>Catering und andere Veranstaltungen<\/strong>: Kleine und gro\u00dfe Versammlungen k\u00f6nnen ohne unn\u00f6tigen Umweltm\u00fcll abgehalten werden, da diese Schalen biologisch abbaubar sind. So k\u00f6nnen Sie Ihre G\u00e4ste bewirten, ohne sich Gedanken \u00fcber Plastikm\u00fcll zu machen.<\/li>\n<li><strong>Picknicks und Aktivit\u00e4ten im Freien<\/strong>: Biologisch abbaubare Einwegsch\u00fcsseln eignen sich hervorragend f\u00fcr das Essen im Freien oder bei einem Picknick, da sie leicht und haltbar sind.<\/li>\n<\/ul>\n<table style=\"border-collapse: collapse; width: 100%;\">\n<tbody>\n<tr>\n<td style=\"width: 100%;\"><img loading=\"lazy\" decoding=\"async\" class=\"size-full wp-image-2809\" src=\"https:\/\/www.bioleaderpack.com\/wp-content\/uploads\/2024\/11\/L750-1250-Sugarcane-bagasse-salad-bowl-750-1000-1250ml-1.jpg\" alt=\"biologisch abbaubare Schalen\" width=\"1000\" height=\"1000\" srcset=\"https:\/\/www.bioleaderpack.com\/wp-content\/uploads\/2024\/11\/L750-1250-Sugarcane-bagasse-salad-bowl-750-1000-1250ml-1.jpg.webp 1000w, https:\/\/www.bioleaderpack.com\/wp-content\/uploads\/2024\/11\/L750-1250-Sugarcane-bagasse-salad-bowl-750-1000-1250ml-1-300x300.jpg.webp 300w, https:\/\/www.bioleaderpack.com\/wp-content\/uploads\/2024\/11\/L750-1250-Sugarcane-bagasse-salad-bowl-750-1000-1250ml-1-100x100.jpg 100w, https:\/\/www.bioleaderpack.com\/wp-content\/uploads\/2024\/11\/L750-1250-Sugarcane-bagasse-salad-bowl-750-1000-1250ml-1-600x600.jpg 600w, https:\/\/www.bioleaderpack.com\/wp-content\/uploads\/2024\/11\/L750-1250-Sugarcane-bagasse-salad-bowl-750-1000-1250ml-1-150x150.jpg.webp 150w, https:\/\/www.bioleaderpack.com\/wp-content\/uploads\/2024\/11\/L750-1250-Sugarcane-bagasse-salad-bowl-750-1000-1250ml-1-768x768.jpg.webp 768w\" sizes=\"(max-width: 1000px) 100vw, 1000px\" \/><\/td>\n<\/tr>\n<\/tbody>\n<\/table>\n<table style=\"border-collapse: collapse; width: 100%;\">\n<tbody>\n<tr>\n<td style=\"width: 33.3333%;\"><img loading=\"lazy\" decoding=\"async\" class=\"wp-image-2802 size-full\" src=\"https:\/\/www.bioleaderpack.com\/wp-content\/uploads\/2024\/11\/L750-1.jpg\" alt=\"Biologisch abbaubare Schalen aus Zuckerrohr-Bagasse f\u00fcr Salat\" width=\"1000\" height=\"1000\" srcset=\"https:\/\/www.bioleaderpack.com\/wp-content\/uploads\/2024\/11\/L750-1.jpg.webp 1000w, https:\/\/www.bioleaderpack.com\/wp-content\/uploads\/2024\/11\/L750-1-12x12.jpg 12w, https:\/\/www.bioleaderpack.com\/wp-content\/uploads\/2024\/11\/L750-1-150x150.jpg.webp 150w, https:\/\/www.bioleaderpack.com\/wp-content\/uploads\/2024\/11\/L750-1-300x300.jpg.webp 300w, https:\/\/www.bioleaderpack.com\/wp-content\/uploads\/2024\/11\/L750-1-768x768.jpg.webp 768w, https:\/\/www.bioleaderpack.com\/wp-content\/uploads\/2024\/11\/L750-1-600x600.jpg 600w, https:\/\/www.bioleaderpack.com\/wp-content\/uploads\/2024\/11\/L750-1-100x100.jpg 100w\" sizes=\"(max-width: 1000px) 100vw, 1000px\" \/><\/td>\n<td style=\"width: 33.3333%;\"><img loading=\"lazy\" decoding=\"async\" class=\"wp-image-2803 size-full\" src=\"https:\/\/www.bioleaderpack.com\/wp-content\/uploads\/2024\/11\/L1000-1.jpg\" alt=\"biologisch abbaubare Einwegschalen\" width=\"1000\" height=\"1000\" srcset=\"https:\/\/www.bioleaderpack.com\/wp-content\/uploads\/2024\/11\/L1000-1.jpg.webp 1000w, https:\/\/www.bioleaderpack.com\/wp-content\/uploads\/2024\/11\/L1000-1-12x12.jpg 12w, https:\/\/www.bioleaderpack.com\/wp-content\/uploads\/2024\/11\/L1000-1-150x150.jpg.webp 150w, https:\/\/www.bioleaderpack.com\/wp-content\/uploads\/2024\/11\/L1000-1-300x300.jpg.webp 300w, https:\/\/www.bioleaderpack.com\/wp-content\/uploads\/2024\/11\/L1000-1-768x768.jpg.webp 768w, https:\/\/www.bioleaderpack.com\/wp-content\/uploads\/2024\/11\/L1000-1-600x600.jpg 600w, https:\/\/www.bioleaderpack.com\/wp-content\/uploads\/2024\/11\/L1000-1-100x100.jpg 100w\" sizes=\"(max-width: 1000px) 100vw, 1000px\" \/><\/td>\n<td style=\"width: 33.3333%;\"><img loading=\"lazy\" decoding=\"async\" class=\"wp-image-2807 size-full\" src=\"https:\/\/www.bioleaderpack.com\/wp-content\/uploads\/2024\/11\/L1250-1.jpg\" alt=\"Kompostierbare Fiber-Schalen\" width=\"1000\" height=\"1000\" srcset=\"https:\/\/www.bioleaderpack.com\/wp-content\/uploads\/2024\/11\/L1250-1.jpg.webp 1000w, https:\/\/www.bioleaderpack.com\/wp-content\/uploads\/2024\/11\/L1250-1-12x12.jpg 12w, https:\/\/www.bioleaderpack.com\/wp-content\/uploads\/2024\/11\/L1250-1-150x150.jpg.webp 150w, https:\/\/www.bioleaderpack.com\/wp-content\/uploads\/2024\/11\/L1250-1-300x300.jpg.webp 300w, https:\/\/www.bioleaderpack.com\/wp-content\/uploads\/2024\/11\/L1250-1-768x768.jpg.webp 768w, https:\/\/www.bioleaderpack.com\/wp-content\/uploads\/2024\/11\/L1250-1-600x600.jpg 600w, https:\/\/www.bioleaderpack.com\/wp-content\/uploads\/2024\/11\/L1250-1-100x100.jpg 100w\" sizes=\"(max-width: 1000px) 100vw, 1000px\" \/><\/td>\n<\/tr>\n<\/tbody>\n<\/table>\n<h2>Die wachsende Nachfrage nach nachhaltigen Produkten<\/h2>\n<p>Da immer mehr Verbraucher ein Bewusstsein f\u00fcr Umweltfragen entwickeln, nimmt die Verwendung von kompostierbaren Faserschalen zu. Die Menschen beginnen, soziale Verantwortung f\u00fcr ihr Handeln zu \u00fcbernehmen, indem sie herausfinden, wie sich ihre Entscheidungen auf die Umwelt auswirken. Infolgedessen wird nach M\u00f6glichkeiten gesucht, die ihren Zwecken dienen, ohne den Planeten zu sch\u00e4digen.<\/p>\n<h4>Warum Kunden Schalen aus Zuckerrohrfasern lieben:<\/h4>\n<ul>\n<li><strong>Nachhaltigkeit als Kernst\u00fcck<\/strong>: Immer mehr Kunden entscheiden sich f\u00fcr Bagasseschalen, da sie die beste umweltfreundliche L\u00f6sung f\u00fcr den Alltag mit geringem Aufwand sind, z. B. f\u00fcr die normale Ern\u00e4hrung, die Durchf\u00fchrung von Partys und sogar zum Mitnehmen.<\/li>\n<li><strong>Praktisch f\u00fcr eine breite Palette von Lebensmitteln<\/strong>: Diese biologisch abbaubaren Schalen eignen sich f\u00fcr alle Arten von Lebensmitteln! Ob Salat, Suppe oder sogar Essen zum Mitnehmen, erleben Sie eine hervorragende Leistung.<\/li>\n<li><strong>Eine sichere Wahl<\/strong>: Angesichts der Sorge um Lebensmittelbeh\u00e4lter, die mit sch\u00e4dlichen Chemikalien belastet sein k\u00f6nnten, sind Zuckerrohrschalen f\u00fcr diese Verbraucher die bessere Wahl, da die Beh\u00e4lter frei von solchen Inhaltsstoffen sind.<\/li>\n<\/ul>\n<h2>Ma\u00dfgeschneiderte L\u00f6sungen f\u00fcr Unternehmen<\/h2>\n<p>Wir sind uns darin einig, dass das Markenimage genauso wichtig ist wie das Produkt. Hier heben wir uns ab: Wir bieten gebrauchsfertige und ma\u00dfgeschneiderte Zuckerrohrfaserschalen an, die den Bed\u00fcrfnissen der verschiedenen Unternehmen entsprechen. Unabh\u00e4ngig davon, wer Ihre Zielgruppe ist oder wo Sie sie ansprechen, ob global oder lokal, die passende Gr\u00f6\u00dfe kann nur durch die Verpackung bestimmt werden.<\/p>\n<h4>Wir bieten Anpassungen an, die Folgendes umfassen:<\/h4>\n<ul>\n<li><strong>Verpackungen mit Markenzeichen<\/strong>: Taschen oder Schachteln k\u00f6nnen mit individuellen Logos oder Designs versehen werden, um die Sichtbarkeit Ihres Unternehmens zu verbessern und gleichzeitig die M\u00f6glichkeit zu bieten, diese f\u00fcr Ihre Bagasseschalen zu verwenden.<\/li>\n<li><strong>Vielfalt der Gr\u00f6\u00dfen<\/strong>: Auch wenn Sie einzelne Portionen f\u00fcr Mahlzeiten ben\u00f6tigen, m\u00fcssen Sie sich keine Sorgen machen, denn wir haben eine Reihe von Gr\u00f6\u00dfen, sogar gro\u00dfe Portionen, die f\u00fcr Catering verwendet werden.<\/li>\n<\/ul>\n<h2>Beliebte Fragen und Antworten zu Faserschalen aus Zuckerrohrbagasse<\/h2>\n<ol>\n<li><strong>K\u00f6nnen diese Schalen in der Mikrowelle verwendet werden?<\/strong><\/li>\n<\/ol>\n<p>Eine mikrowellengeeignete Funktion ist sehr praktisch, und ja, die Zuckerrohrschalen sind mikrowellengeeignet. Sie k\u00f6nnen sie also zum schnellen Aufw\u00e4rmen von Speisen verwenden.<\/p>\n<ol start=\"2\">\n<li><strong>Sind diese Schalen f\u00fcr hei\u00dfe Speisen geeignet?<\/strong><\/li>\n<\/ol>\n<p>Dar\u00fcber m\u00fcssen Sie sich definitiv keine Sorgen machen, denn unsere Bagasse-Faserschalen sind stark genug, um Temperaturen nahe dem Gefrierpunkt bis zum Siedepunkt standzuhalten.<\/p>\n<ol start=\"3\">\n<li><strong>Welche Lebensdauer haben diese Schalen in Bezug auf die Zersetzung?<\/strong><\/li>\n<\/ol>\n<p>Es gibt Beweise, die die Feststellung untermauern, dass\u00a0<a href=\"https:\/\/www.bioleaderpack.com\/de\/produkt\/kompostierbare-biologisch-abbaubare-teller-und-schusseln\/\" target=\"_blank\" rel=\"noopener\" data-wpil-monitor-id=\"2131\">kompostierbare Schalen<\/a>\u00a0kann sich unter idealen Bedingungen innerhalb von 60 Tagen in korngro\u00dfe St\u00fccke zersetzen, was der Umwelt zugute kommt, anstatt auf Plastik zur\u00fcckzugreifen.<\/p>\n<h2>Warum sollten Sie sich f\u00fcr Bioleader\u00ae Zuckerrohr-Bagasse-Faserschalen entscheiden?<\/h2>\n<div class=\"semantic-content-block\" style=\"background: #f9fafb; border-left: 4px solid #43a047; padding: 14px 18px 16px 18px; margin-bottom: 20px;\"><strong>Kompostierbarkeit und Konformit\u00e4t:<\/strong><br \/>\nDiese Schalen werden aus 100%-Zuckerrohrbagasse hergestellt und sind vollst\u00e4ndig kompostierbar und biologisch abbaubar (EN13432, BPI, FDA, lebensmittelecht). Sie zersetzen sich auf nat\u00fcrliche Weise, reduzieren den Deponieabfall und unterst\u00fctzen die globalen Trends der Umweltvorschriften.<strong>Leistung f\u00fcr den modernen Foodservice:<\/strong><br \/>\nDie Schalen sind auslaufsicher, fettbest\u00e4ndig und k\u00f6nnen in der Mikrowelle und im Gefrierschrank verwendet werden. Mehrere Gr\u00f6\u00dfen (750 ml, 1000 ml, 1250 ml) eignen sich f\u00fcr alles, von frischen Salaten bis hin zu hei\u00dfen Nudeln und Catering-Portionen.<strong>Markenwert und Marktanpassung:<\/strong><br \/>\nDie Schalen k\u00f6nnen individuell bedruckt werden und helfen Lebensmittelmarken dabei, ihr Umweltimage und ihre Kundenwahrnehmung zu verbessern - ein entscheidender Faktor, denn Nachhaltigkeit beeinflusst weltweit die Trends im Bereich Essen und Mitnehmen. Die Lieferung in gro\u00dfen Mengen direkt ab Werk sorgt f\u00fcr Kosteneffizienz.<strong>Experteneinblick:<\/strong><br \/>\n\"Angesichts des weltweiten Verbots von Einwegplastik und der zunehmenden EPR-Vorschriften bieten die kompostierbaren Faserschalen von Bioleader eine zukunftsf\u00e4hige Verpackungsl\u00f6sung, die sowohl den \u00f6kologischen als auch den betrieblichen Priorit\u00e4ten von Restaurants und Catering-Unternehmen gerecht wird.\"<strong>Entscheidungspunkt:<\/strong><br \/>\nF\u00fcr Eink\u00e4ufer in der Gastronomie, die Nachhaltigkeit, Konformit\u00e4t und praktische Leistung miteinander verbinden wollen, sind die Schalen aus Zuckerrohrbagasse von Bioleader eine bew\u00e4hrte, marktreife Wahl - direkt vom Hersteller.<\/div>\n<p>&nbsp;<\/p>\n<p><script type=\"application\/ld+json\">{\n    \"@context\": \"https:\\\/\\\/schema.org\",\n    \"@type\": \"FAQPage\",\n    \"mainEntity\": [\n        {\n            \"@type\": \"Question\",\n            \"name\": \"Can these bowls be used in a microwave?\",\n            \"acceptedAnswer\": {\n                \"@type\": \"Answer\",\n                \"text\": \"Providing a microwave-safe feature is very convenient, and yes sugarcane bowls happen to be microwave-safe. So you can consider them for quick food reheating.\"\n            }\n        },\n        {\n            \"@type\": \"Question\",\n            \"name\": \"Will these bowls be able to withstand hot foods?\",\n            \"acceptedAnswer\": {\n                \"@type\": \"Answer\",\n                \"text\": \"Definitely, you will not have to be concerned about that as our bagasse fiber bowls are strong enough to withstand near-freezing to boiling temperatures.\"\n            }\n        },\n        {\n            \"@type\": \"Question\",\n            \"name\": \"What is the life span of these bowls in terms of decomposition?\",\n            \"acceptedAnswer\": {\n                \"@type\": \"Answer\",\n                \"text\": \"There is evidence that supports the finding attesting that compostable bowls under ideal conditions can decompose into pieces the size of grains in 60 days sure helps the environment rather than resorting to plastic.\"\n            }\n        }\n    ]\n}<\/script><\/p>","protected":false},"excerpt":{"rendered":"<p>In einer Zeit, in der nachhaltige L\u00f6sungen gefragt sind, <a href=\"https:\/\/www.bioleaderpack.com\/de\/produkt\/kompostierbare-faserschalen-aus-zuckerrohr-bagasse\/\" target=\"_blank\" rel=\"noopener\" data-wpil-monitor-id=\"2312\">Kompostierbare Faserschalen aus Zuckerrohrbagasse von Bioleader<\/a><strong> (750ml, 1000ml, 1250ml)<\/strong> definieren umweltfreundliche Lebensmittelverpackungen neu. Die aus schnell erneuerbarem Zuckerrohrzellstoff hergestellten Schalen sind vollst\u00e4ndig kompostierbar und biologisch abbaubar und bieten gleichzeitig eine robuste Leistung - \u00f6lbest\u00e4ndig, auslaufsicher, mikrowellen- und gefrierfest. Sie sind vielseitig einsetzbar f\u00fcr Salate, Nudeln, Reis oder Mahlzeiten zum Mitnehmen und eignen sich ideal f\u00fcr Restaurants, Caterer und Foodservice-Marken, die sowohl Nachhaltigkeit als auch Qualit\u00e4t anstreben. Mit einem individuell gestaltbaren Druck, wettbewerbsf\u00e4higen Fabrikpreisen und strengen internationalen Zertifizierungen positioniert sich Bioleader als der Hersteller der Wahl f\u00fcr K\u00e4ufer von Lebensmittelverpackungen der n\u00e4chsten Generation.<\/p>","protected":false},"featured_media":2807,"comment_status":"open","ping_status":"closed","template":"","meta":{"_acf_changed":false},"product_brand":[8971],"product_cat":[7150,7146,7145],"product_tag":[6754,6797,6798,6772,6799],"class_list":{"0":"post-13564","1":"product","2":"type-product","3":"status-publish","4":"has-post-thumbnail","6":"product_brand-bioleader","7":"product_cat-bagasse-bowl","8":"product_cat-bagasse-food-container","9":"product_cat-bagasse-packaging","10":"product_tag-bagasse-bowls","11":"product_tag-bagasse-fiber-bowls","12":"product_tag-compostable-fiber-bowls","13":"product_tag-sugarcane-bowls","14":"product_tag-sugarcane-fiber-bowls","16":"first","17":"instock","18":"purchasable","19":"product-type-simple"},"acf":[],"_links":{"self":[{"href":"https:\/\/www.bioleaderpack.com\/de\/wp-json\/wp\/v2\/product\/13564","targetHints":{"allow":["GET"]}}],"collection":[{"href":"https:\/\/www.bioleaderpack.com\/de\/wp-json\/wp\/v2\/product"}],"about":[{"href":"https:\/\/www.bioleaderpack.com\/de\/wp-json\/wp\/v2\/types\/product"}],"replies":[{"embeddable":true,"href":"https:\/\/www.bioleaderpack.com\/de\/wp-json\/wp\/v2\/comments?post=13564"}],"wp:featuredmedia":[{"embeddable":true,"href":"https:\/\/www.bioleaderpack.com\/de\/wp-json\/wp\/v2\/media\/2807"}],"wp:attachment":[{"href":"https:\/\/www.bioleaderpack.com\/de\/wp-json\/wp\/v2\/media?parent=13564"}],"wp:term":[{"taxonomy":"product_brand","embeddable":true,"href":"https:\/\/www.bioleaderpack.com\/de\/wp-json\/wp\/v2\/product_brand?post=13564"},{"taxonomy":"product_cat","embeddable":true,"href":"https:\/\/www.bioleaderpack.com\/de\/wp-json\/wp\/v2\/product_cat?post=13564"},{"taxonomy":"product_tag","embeddable":true,"href":"https:\/\/www.bioleaderpack.com\/de\/wp-json\/wp\/v2\/product_tag?post=13564"}],"curies":[{"name":"wp","href":"https:\/\/api.w.org\/{rel}","templated":true}]}}