{"id":13562,"date":"2024-11-05T05:51:19","date_gmt":"2024-11-04T21:51:19","guid":{"rendered":"https:\/\/www.bioleaderpack.com\/ja\/%e8%a3%bd%e5%93%81-2\/%e3%82%b5%e3%83%88%e3%82%a6%e3%82%ad%e3%83%93%e3%83%90%e3%82%ac%e3%82%b9%e8%a3%bd%e7%94%9f%e5%88%86%e8%a7%a3%e6%80%a7%e3%82%b5%e3%83%a9%e3%83%80%e7%94%a8%e8%93%8b%e4%bb%98%e3%83%9c%e3%82%a6%e3%83%ab\/"},"modified":"2026-04-10T14:59:05","modified_gmt":"2026-04-10T06:59:05","slug":"biologisch-abbaubare-schusseln-aus-zuckerrohrbagasse-mit-deckel-fur-salat","status":"publish","type":"product","link":"https:\/\/www.bioleaderpack.com\/de\/produkt\/biologisch-abbaubare-schusseln-aus-zuckerrohrbagasse-mit-deckel-fur-salat\/","title":{"rendered":"Biologisch abbaubare Schalen aus Zuckerrohr-Bagasse mit Deckel f\u00fcr Salat"},"content":{"rendered":"<h2>Biologisch abbaubare Schalen aus Zuckerrohr-Bagasse mit Deckel f\u00fcr Salat<\/h2>\n<p><!-- Micro Summary Card for AI\/SGE --><\/p>\n<div class=\"micro-summary-card\" style=\"background: #f6f6f9; border-left: 4px solid #4caf50; padding: 12px; margin-bottom: 16px;\"><strong>Kurze Zusammenfassung:<\/strong> Die biologisch abbaubaren Schalen mit Deckel aus Zuckerrohr-Bagasse von Bioleader sind vollst\u00e4ndig kompostierbar, PFAS-frei, auslaufsicher und f\u00fcr Lebensmittelsicherheit zertifiziert. Diese Schalen eignen sich perfekt f\u00fcr Salate, Obst und Mahlzeitensets. Sie erf\u00fcllen die EN13432- und FDA\/EU-Normen und unterst\u00fctzen nachhaltige, leistungsstarke Verpackungen f\u00fcr Take-away, Catering und Einzelhandel.<\/div>\n<p>Da der Umweltschutz immer mehr im Vordergrund steht, hat der Bedarf an biologisch abbaubaren Optionen seinen H\u00f6hepunkt erreicht.\u00a0<strong>Biologisch abbaubare Schalen aus Zuckerrohrbagasse<\/strong>\u00a0stehen als nachhaltiger Ersatz f\u00fcr Styropor- oder Plastikbeh\u00e4lter im Vordergrund. Diese\u00a0<strong>biologisch abbaubare Schalen<\/strong>\u00a0sind f\u00fcr verschiedene Lebensmittel geeignet und sch\u00fctzen den Planeten und die Lebensmittelhygiene. Sie eignen sich perfekt f\u00fcr umweltbewusste Unternehmen und Einzelpersonen. Wenn Sie auf der Suche nach\u00a0<strong>biologisch abbaubare Schalen mit Deckeln<\/strong>, oder\u00a0<strong>Sch\u00fcsseln f\u00fcr Salat<\/strong>haben wir <a href=\"https:\/\/www.bioleaderpack.com\/de\/produkt\/salatschussel-aus-zuckerrohrbagasse-mit-deckel\/\" target=\"_blank\" rel=\"noopener\" data-wpil-monitor-id=\"2161\">Schalen aus Zuckerrohrbagasse<\/a> die uns helfen, unsere nachhaltigen Ziele zu erreichen.<\/p>\n<figure id=\"attachment_2802\" aria-describedby=\"caption-attachment-2802\" style=\"width: 1000px\" class=\"wp-caption alignnone\"><img fetchpriority=\"high\" decoding=\"async\" class=\"size-full wp-image-2802\" src=\"https:\/\/www.bioleaderpack.com\/wp-content\/uploads\/2024\/11\/L750-1.jpg\" alt=\"Biologisch abbaubare Schalen aus Zuckerrohr-Bagasse f\u00fcr Salat\" width=\"1000\" height=\"1000\" srcset=\"https:\/\/www.bioleaderpack.com\/wp-content\/uploads\/2024\/11\/L750-1.jpg.webp 1000w, https:\/\/www.bioleaderpack.com\/wp-content\/uploads\/2024\/11\/L750-1-12x12.jpg 12w, https:\/\/www.bioleaderpack.com\/wp-content\/uploads\/2024\/11\/L750-1-150x150.jpg.webp 150w, https:\/\/www.bioleaderpack.com\/wp-content\/uploads\/2024\/11\/L750-1-300x300.jpg.webp 300w, https:\/\/www.bioleaderpack.com\/wp-content\/uploads\/2024\/11\/L750-1-768x768.jpg.webp 768w, https:\/\/www.bioleaderpack.com\/wp-content\/uploads\/2024\/11\/L750-1-600x600.jpg 600w, https:\/\/www.bioleaderpack.com\/wp-content\/uploads\/2024\/11\/L750-1-100x100.jpg 100w\" sizes=\"(max-width: 1000px) 100vw, 1000px\" \/><figcaption id=\"caption-attachment-2802\" class=\"wp-caption-text\">Biologisch abbaubare Schalen aus Zuckerrohr-Bagasse f\u00fcr Salat<\/figcaption><\/figure>\n<h2>Auf das Material kommt es an: Die Vorteile von Zuckerrohrbagasse<\/h2>\n<p>Da das aus der Zuckerrohrsaftextraktion gewonnene Fruchtfleisch, die sogenannte Bagasse, eine erhebliche Gefahr f\u00fcr die Umwelt darstellt, ist seine Verwendung in Lebensmittelverpackungen eine gute Idee. Im Gegensatz zu Kunststoff, der Jahrhunderte braucht, um zu verrotten,\u00a0<strong>Bagasse-Schalen<\/strong>\u00a0dauert nur wenige Monate oder Jahre, da sie leicht zersetzbar sind und ohne Umweltverschmutzung zu Kompost recycelt werden k\u00f6nnen.<\/p>\n<h3>Warum Bagasse aus Zuckerrohr?<\/h3>\n<ul>\n<li><strong>Umweltfreundlich und kompostierbar<\/strong>: <a href=\"https:\/\/www.bioleaderpack.com\/de\/produkt\/zuckerrohr-bagasse-kompostierbare-faserschalen-750-1000-1250ml\/\" target=\"_blank\" rel=\"noopener\" data-wpil-monitor-id=\"2255\">Schalen aus Zuckerrohr-Bagasse sind biologisch abbaubar und kompostierbar<\/a> Das macht sie zu einer biologisch abbaubaren Ressource, die nach dem Wegwerfen den Boden n\u00e4hrt.<\/li>\n<li><strong><a href=\"https:\/\/www.bioleaderpack.com\/de\/enthalt-zuckerrohrbagasse-geschirr-pfas-bpa-frei\/\" target=\"_blank\">PFAS- und BPA-frei<\/a> Materialien<\/strong>: Durch die Verwendung von Zuckerrohrbagasse zur Herstellung von Sch\u00fcsseln wird der Einsatz lebensmittelgef\u00e4hrlicher Chemikalien, insbesondere PFAS und BPA, vermieden, sodass diese Sch\u00fcsseln lebensmittelecht und sicher in der Anwendung sind.<\/li>\n<li><strong>\u00d6kologische Verantwortung<\/strong>: Wenn Sie Zuckerrohrbagasse als Produkt verwenden, verwenden Sie etwas, das vom Anfang bis zum Ende seines Lebenszyklus eine nachhaltige Wirkung hinterl\u00e4sst.<\/li>\n<\/ul>\n<h2>Vorteilhafte Produktionstechnik: Papierzellstoffformung<\/h2>\n<p>Unser\u00a0<strong>Schalen aus Zuckerrohrbagasse<\/strong>\u00a0werden mit einer revolution\u00e4ren Technik namens\u00a0<strong>Schalen aus Zuckerrohrbagasse<\/strong>Bei diesem Verfahren wird Zuckerrohrbagasse verwendet, um eine stabile und haltbare Form zu gew\u00e4hrleisten, die als Sch\u00fcssel verwendet werden kann.<\/p>\n<h3>Warum <a href=\"https:\/\/www.bioleaderpack.com\/de\/uber-zellstoffformen\/\" target=\"_blank\">Papierzellstoff-Formenbau<\/a>?<\/h3>\n<ul>\n<li><strong>W\u00e4hrend der Zubereitung von Suppe oder Salat<\/strong>: Diese Technologie ist so effizient, dass sie sowohl warme als auch kalte Speisen verarbeiten kann und somit vielseitig einsetzbar ist. Und hinterl\u00e4sst sogar keine Fettflecken vom \u00d6l<\/li>\n<li><strong>Legen Sie sie in die Mikrowelle<\/strong>: Dank der robusten Konstruktion dieser Sch\u00fcsseln m\u00fcssen Sie sich keine Sorgen um Qualit\u00e4tsverluste bei den Lebensmitteln machen, da Sie diese in der Mikrowelle erw\u00e4rmen oder direkt essen k\u00f6nnen.<\/li>\n<li><strong>Gut f\u00fcr Suppen, Nudeln und Salat<\/strong>: All dies ist dank des Produktionsprozesses m\u00f6glich, der die Abnutzungsgefahr minimiert und die Sch\u00fcssel gleichzeitig wasserdicht macht, was wiederum zu einem erstklassigen Speiseerlebnis f\u00fchrt.<\/li>\n<\/ul>\n<div class=\"adweb-template\">\n<div class=\"adweb-template-43\">\n<table style=\"border-collapse: collapse; width: 100%;\">\n<tbody>\n<tr>\n<td style=\"width: 50%;\"><img decoding=\"async\" class=\"wp-image-2805 size-full\" src=\"https:\/\/www.bioleaderpack.com\/wp-content\/uploads\/2024\/11\/L1000-PET-Lid-1.jpg\" alt=\"biologisch abbaubare Sch\u00fcsseln mit PET-Deckel\" width=\"1000\" height=\"1000\" srcset=\"https:\/\/www.bioleaderpack.com\/wp-content\/uploads\/2024\/11\/L1000-PET-Lid-1.jpg.webp 1000w, https:\/\/www.bioleaderpack.com\/wp-content\/uploads\/2024\/11\/L1000-PET-Lid-1-300x300.jpg.webp 300w, https:\/\/www.bioleaderpack.com\/wp-content\/uploads\/2024\/11\/L1000-PET-Lid-1-100x100.jpg 100w, https:\/\/www.bioleaderpack.com\/wp-content\/uploads\/2024\/11\/L1000-PET-Lid-1-600x600.jpg 600w, https:\/\/www.bioleaderpack.com\/wp-content\/uploads\/2024\/11\/L1000-PET-Lid-1-150x150.jpg.webp 150w, https:\/\/www.bioleaderpack.com\/wp-content\/uploads\/2024\/11\/L1000-PET-Lid-1-768x768.jpg.webp 768w\" sizes=\"(max-width: 1000px) 100vw, 1000px\" \/><\/td>\n<td style=\"width: 50%;\"><img decoding=\"async\" class=\"size-full wp-image-2801\" src=\"https:\/\/www.bioleaderpack.com\/wp-content\/uploads\/2024\/11\/L750-bottom-1.jpg\" alt=\"Sch\u00fcsseln f\u00fcr Salat\" width=\"1000\" height=\"1000\" srcset=\"https:\/\/www.bioleaderpack.com\/wp-content\/uploads\/2024\/11\/L750-bottom-1.jpg.webp 1000w, https:\/\/www.bioleaderpack.com\/wp-content\/uploads\/2024\/11\/L750-bottom-1-300x300.jpg.webp 300w, https:\/\/www.bioleaderpack.com\/wp-content\/uploads\/2024\/11\/L750-bottom-1-100x100.jpg 100w, https:\/\/www.bioleaderpack.com\/wp-content\/uploads\/2024\/11\/L750-bottom-1-600x600.jpg 600w, https:\/\/www.bioleaderpack.com\/wp-content\/uploads\/2024\/11\/L750-bottom-1-150x150.jpg.webp 150w, https:\/\/www.bioleaderpack.com\/wp-content\/uploads\/2024\/11\/L750-bottom-1-768x768.jpg.webp 768w\" sizes=\"(max-width: 1000px) 100vw, 1000px\" \/><\/td>\n<\/tr>\n<\/tbody>\n<\/table>\n<\/div>\n<\/div>\n<h2>Wichtige Merkmale und Vorteile: Gr\u00fcnde, sich f\u00fcr Zuckerrohrschalen zu entscheiden<\/h2>\n<h4>Umweltfreundlich<\/h4>\n<ul>\n<li><a href=\"https:\/\/www.bioleaderpack.com\/de\/biologisch-abbaubar-und-kompostierbar-sind-die-gleichen\/\" target=\"_blank\"><strong>Kompostierbar &amp; biologisch abbaubar<\/strong><\/a>: Durch die Nutzung des Zuckerrohrs\u00a0<strong>biologisch abbaubare Schalen<\/strong>k\u00f6nnen wir sicherstellen, dass Kompost- und Landabf\u00e4lle reduziert und die Umwelt geschont werden, da diese Schalen garantiert auf nat\u00fcrliche Weise zerfallen und keinen dauerhaften Abfall erzeugen.<\/li>\n<li><strong>Lebensmittelsicher<\/strong>: Durch die Verwendung sicherer und ungiftiger Materialien bei der Herstellung dieser Schalen ist gew\u00e4hrleistet, dass die Lebensmittel unverunreinigt sind, sodass ein sicheres Servieren und Verzehren m\u00f6glich ist.<\/li>\n<li><a href=\"https:\/\/www.bioleaderpack.com\/de\/wie-kann-die-wasser-und-olbestandigkeit-von-zuckerrohrbagassemehlboxen-erreicht-werden\/\" target=\"_blank\"><strong>Auslaufsicher und \u00f6lbest\u00e4ndig<\/strong><\/a>Wenn Sie fettige Gerichte wie Pasta oder Dressing servieren m\u00f6chten, sind diese Sch\u00fcsseln nicht nur \u00f6l-, sondern auch auslaufsicher. Sie eignen sich perfekt f\u00fcr alle Arten von Speisen, insbesondere f\u00fcr Suppen.<\/li>\n<\/ul>\n<h4>Mehrere Nutzungsszenarien<\/h4>\n<ul>\n<li><strong>F\u00fcr Salat<\/strong>: Das sind nicht nur\u00a0<strong>Sch\u00fcsseln f\u00fcr Salat<\/strong>\u00a0Sie haben die ideale Form und Gr\u00f6\u00dfe, eignen sich aber auch hervorragend f\u00fcr einen einfachen gr\u00fcnen Salat oder eine Mischung aus Getreide und Gem\u00fcse.<\/li>\n<li><strong>Restaurants und Imbissbuden<\/strong>: Diese\u00a0<strong>biologisch abbaubare Schalen mit Deckeln<\/strong>\u00a0eignen sich hervorragend zum Mitnehmen und Liefern f\u00fcr Restaurants, da sie den N\u00e4hrwert der Lebensmittel w\u00e4hrend der Lieferung und des Transports bewahren k\u00f6nnen.<\/li>\n<li><strong>Party- und Eventnutzung<\/strong>: Sie haben Sch\u00fcsseln oder Futtereimer f\u00fcr Partys und Catering-Events? Diese Zuckerrohrschalen sind angenehm in der Handhabung und machen auch bei Buffets und Picknicks eine gute Figur.<\/li>\n<li>\n<table style=\"border-collapse: collapse; width: 100%;\">\n<tbody>\n<tr>\n<td style=\"width: 100%;\"><img loading=\"lazy\" decoding=\"async\" class=\"size-full wp-image-2809\" src=\"https:\/\/www.bioleaderpack.com\/wp-content\/uploads\/2024\/11\/L750-1250-Sugarcane-bagasse-salad-bowl-750-1000-1250ml-1.jpg\" alt=\"biologisch abbaubare Schalen\" width=\"1000\" height=\"1000\" srcset=\"https:\/\/www.bioleaderpack.com\/wp-content\/uploads\/2024\/11\/L750-1250-Sugarcane-bagasse-salad-bowl-750-1000-1250ml-1.jpg.webp 1000w, https:\/\/www.bioleaderpack.com\/wp-content\/uploads\/2024\/11\/L750-1250-Sugarcane-bagasse-salad-bowl-750-1000-1250ml-1-300x300.jpg.webp 300w, https:\/\/www.bioleaderpack.com\/wp-content\/uploads\/2024\/11\/L750-1250-Sugarcane-bagasse-salad-bowl-750-1000-1250ml-1-100x100.jpg 100w, https:\/\/www.bioleaderpack.com\/wp-content\/uploads\/2024\/11\/L750-1250-Sugarcane-bagasse-salad-bowl-750-1000-1250ml-1-600x600.jpg 600w, https:\/\/www.bioleaderpack.com\/wp-content\/uploads\/2024\/11\/L750-1250-Sugarcane-bagasse-salad-bowl-750-1000-1250ml-1-150x150.jpg.webp 150w, https:\/\/www.bioleaderpack.com\/wp-content\/uploads\/2024\/11\/L750-1250-Sugarcane-bagasse-salad-bowl-750-1000-1250ml-1-768x768.jpg.webp 768w\" sizes=\"(max-width: 1000px) 100vw, 1000px\" \/><\/td>\n<\/tr>\n<\/tbody>\n<\/table>\n<\/li>\n<\/ul>\n<div class=\"mceTemp\"><\/div>\n<table style=\"border-collapse: collapse; width: 100%;\">\n<tbody>\n<tr>\n<td style=\"width: 33.3333%;\"><img loading=\"lazy\" decoding=\"async\" class=\"wp-image-2802 size-full\" src=\"https:\/\/www.bioleaderpack.com\/wp-content\/uploads\/2024\/11\/L750-1.jpg\" alt=\"Biologisch abbaubare Schalen aus Zuckerrohr-Bagasse f\u00fcr Salat\" width=\"1000\" height=\"1000\" srcset=\"https:\/\/www.bioleaderpack.com\/wp-content\/uploads\/2024\/11\/L750-1.jpg.webp 1000w, https:\/\/www.bioleaderpack.com\/wp-content\/uploads\/2024\/11\/L750-1-12x12.jpg 12w, https:\/\/www.bioleaderpack.com\/wp-content\/uploads\/2024\/11\/L750-1-150x150.jpg.webp 150w, https:\/\/www.bioleaderpack.com\/wp-content\/uploads\/2024\/11\/L750-1-300x300.jpg.webp 300w, https:\/\/www.bioleaderpack.com\/wp-content\/uploads\/2024\/11\/L750-1-768x768.jpg.webp 768w, https:\/\/www.bioleaderpack.com\/wp-content\/uploads\/2024\/11\/L750-1-600x600.jpg 600w, https:\/\/www.bioleaderpack.com\/wp-content\/uploads\/2024\/11\/L750-1-100x100.jpg 100w\" sizes=\"(max-width: 1000px) 100vw, 1000px\" \/><\/td>\n<td style=\"width: 33.3333%;\"><img loading=\"lazy\" decoding=\"async\" class=\"wp-image-2803 size-full\" src=\"https:\/\/www.bioleaderpack.com\/wp-content\/uploads\/2024\/11\/L1000-1.jpg\" alt=\"biologisch abbaubare Einwegschalen\" width=\"1000\" height=\"1000\" srcset=\"https:\/\/www.bioleaderpack.com\/wp-content\/uploads\/2024\/11\/L1000-1.jpg.webp 1000w, https:\/\/www.bioleaderpack.com\/wp-content\/uploads\/2024\/11\/L1000-1-12x12.jpg 12w, https:\/\/www.bioleaderpack.com\/wp-content\/uploads\/2024\/11\/L1000-1-150x150.jpg.webp 150w, https:\/\/www.bioleaderpack.com\/wp-content\/uploads\/2024\/11\/L1000-1-300x300.jpg.webp 300w, https:\/\/www.bioleaderpack.com\/wp-content\/uploads\/2024\/11\/L1000-1-768x768.jpg.webp 768w, https:\/\/www.bioleaderpack.com\/wp-content\/uploads\/2024\/11\/L1000-1-600x600.jpg 600w, https:\/\/www.bioleaderpack.com\/wp-content\/uploads\/2024\/11\/L1000-1-100x100.jpg 100w\" sizes=\"(max-width: 1000px) 100vw, 1000px\" \/><\/td>\n<td style=\"width: 33.3333%;\"><img loading=\"lazy\" decoding=\"async\" class=\"wp-image-2807 size-full\" src=\"https:\/\/www.bioleaderpack.com\/wp-content\/uploads\/2024\/11\/L1250-1.jpg\" alt=\"Kompostierbare Fiber-Schalen\" width=\"1000\" height=\"1000\" srcset=\"https:\/\/www.bioleaderpack.com\/wp-content\/uploads\/2024\/11\/L1250-1.jpg.webp 1000w, https:\/\/www.bioleaderpack.com\/wp-content\/uploads\/2024\/11\/L1250-1-12x12.jpg 12w, https:\/\/www.bioleaderpack.com\/wp-content\/uploads\/2024\/11\/L1250-1-150x150.jpg.webp 150w, https:\/\/www.bioleaderpack.com\/wp-content\/uploads\/2024\/11\/L1250-1-300x300.jpg.webp 300w, https:\/\/www.bioleaderpack.com\/wp-content\/uploads\/2024\/11\/L1250-1-768x768.jpg.webp 768w, https:\/\/www.bioleaderpack.com\/wp-content\/uploads\/2024\/11\/L1250-1-600x600.jpg 600w, https:\/\/www.bioleaderpack.com\/wp-content\/uploads\/2024\/11\/L1250-1-100x100.jpg 100w\" sizes=\"(max-width: 1000px) 100vw, 1000px\" \/><\/td>\n<\/tr>\n<\/tbody>\n<\/table>\n<h2>Ein neuer Schwerpunkt: Steigende Nachfrage nach umweltfreundlichen Lebensmittelverpackungen<\/h2>\n<p>Mit der wachsenden Sorge um die Umwelt, der Umstellung auf\u00a0<strong>biologisch abbaubare Lebensmittelbeh\u00e4lter<\/strong>\u00a0scheint auf dem Vormarsch zu sein. Neue Marktstudien deuten darauf hin, dass die Nachfrage nach\u00a0<strong>Zuckerrohrschalen<\/strong>\u00a0denn immer mehr Unternehmen und Menschen entscheiden sich f\u00fcr solche umweltfreundlichen Optionen. Unsere Schalen mit Deckel sind die beste Option f\u00fcr alle, die mit den Markttrends Schritt halten und umweltbewusste Kunden bedienen wollen.<\/p>\n<h2>Kundenempfehlungen: Die Vision und Vorteile von Sugarcane Bowls<\/h2>\n<p>Die heutigen Kunden haben ihren Fokus auf qualitativ hochwertige Produkte verlagert, die ihrem idealen Selbst entsprechen und\u00a0<strong>biologisch abbaubare Sch\u00fcsseln aus Zuckerrohr<\/strong>\u00a0erm\u00f6glichen dieses Selbstverst\u00e4ndnis. Unsere Schale ist stabil, langlebig und einfach zu benutzen. Au\u00dferdem ist sie umweltfreundlich. Die Schalen k\u00f6nnen f\u00fcr eine Vielzahl von Gerichten verwendet werden, darunter Salate, Nudeln oder Suppe, und das Kundenfeedback in Bezug auf Waschbest\u00e4ndigkeit, Mikrowellenf\u00e4higkeit und biologische Abbaubarkeit war fantastisch.<\/p>\n<h2>Top-Fragen und -Antworten:<\/h2>\n<ul>\n<li><strong>Sind diese Schalen mikrowellengeeignet?<\/strong><\/li>\n<\/ul>\n<p>Ja, die Schalen sind mikrowellengeeignet. Sie k\u00f6nnen zum Erw\u00e4rmen von Speisen verwendet werden.<\/p>\n<ul>\n<li><strong>K\u00f6nnen sie f\u00fcr hei\u00dfe Speisen verwendet werden? <\/strong><\/li>\n<\/ul>\n<p>Ja! Diese Schalen zeichnen sich unter anderem dadurch aus, dass sie hitzebest\u00e4ndig sind und somit auch f\u00fcr warme Speisen geeignet sind.<\/p>\n<ul>\n<li><strong>Sind f\u00fcr diese Sch\u00fcsseln Deckel dabei?<\/strong><\/li>\n<\/ul>\n<p>Selbstverst\u00e4ndlich bieten wir f\u00fcr diese biologisch abbaubare Schale einen PET-Deckel an, so dass ein Versch\u00fctten w\u00e4hrend des Transports ausgeschlossen ist.<\/p>\n<h2>Semantischer Einsichtsblock: Wie kompostierbare Salatsch\u00fcsseln umweltfreundlichere Lebensmittelverpackungen erm\u00f6glichen<\/h2>\n<div class=\"semantic-insight-block\" style=\"background: #e8f5e9; border-left: 4px solid #2196f3; padding: 14px; margin-bottom: 16px;\">\n<ul>\n<li><strong>Wie Zuckerrohrfasern die Nachhaltigkeit f\u00f6rdern:<\/strong> Diese aus 100% erneuerbarer Bagasse hergestellten Schalen werden in kommerziellen und privaten Kompostierungssystemen effizient biologisch abgebaut, wodurch Deponieabf\u00e4lle reduziert werden und der Kreislauf bei Lebensmittelverpackungen geschlossen wird.<\/li>\n<li><strong>Was Leistung auszeichnet:<\/strong> Auslaufsicher, robust und mit einem sicheren, transparenten Deckel versehen, halten sie Salate und kalte Mahlzeiten frisch - ideal f\u00fcr Take-away, Salatbars, Superm\u00e4rkte und Mahlzeitensets.<\/li>\n<li><strong>Warum die Zertifizierung das Vertrauen in den Markt st\u00e4rkt:<\/strong> Die Einhaltung der Normen EN13432, ASTM D6400 und FDA\/EU f\u00fcr den Kontakt mit Lebensmitteln gew\u00e4hrleistet Lebensmittelsicherheit, Exportf\u00e4higkeit und zukunftssichere Lieferketten.<\/li>\n<li><strong>Anwendungsflexibilit\u00e4t und Versorgung:<\/strong> Erh\u00e4ltlich in verschiedenen Gr\u00f6\u00dfen und Gro\u00dfpackungen mit individuellem Branding, die eine skalierbare Einf\u00fchrung f\u00fcr Foodservice, Catering und gesunde Mahlzeitenl\u00f6sungen unterst\u00fctzen.<\/li>\n<li><strong>Vorteile in Bezug auf Marke und Vorschriften:<\/strong> Die Wahl zertifizierter biologisch abbaubarer Schalen unterst\u00fctzt ESG-Ziele und Plastikverbote und schafft Vertrauen bei Verbrauchern, die von Lebensmittelmarken echte Nachhaltigkeit erwarten.<\/li>\n<\/ul>\n<div style=\"margin-top: 8px;\"><strong>Markt\u00fcberblick:<\/strong> Die Bagasse-Salatschalen mit Deckel von Bioleader bieten betriebliche Effizienz, die Einhaltung gesetzlicher Vorschriften und einen echten gr\u00fcnen Wert - und erm\u00f6glichen es Lebensmittelunternehmen, beim \u00dcbergang zu Kreislaufverpackungen eine F\u00fchrungsrolle zu \u00fcbernehmen.<\/div>\n<\/div>\n<p>&nbsp;<\/p>\n<p><script type=\"application\/ld+json\">{\n    \"@context\": \"https:\\\/\\\/schema.org\",\n    \"@type\": \"FAQPage\",\n    \"mainEntity\": [\n        {\n            \"@type\": \"Question\",\n            \"name\": \"Are these bowls microwave-safe?\",\n            \"acceptedAnswer\": {\n                \"@type\": \"Answer\",\n                \"text\": \"Yes, the bowls are microwave-safe. They can be used to heat food.\"\n            }\n        },\n        {\n            \"@type\": \"Question\",\n            \"name\": \"Can they be used for hot food?\",\n            \"acceptedAnswer\": {\n                \"@type\": \"Answer\",\n                \"text\": \"Yes! One of the features of these bowls is that they are heat resistant and can be used for hot food.\"\n            }\n        },\n        {\n            \"@type\": \"Question\",\n            \"name\": \"Are lids provided for these bowls?\",\n            \"acceptedAnswer\": {\n                \"@type\": \"Answer\",\n                \"text\": \"Most certainly, we provide PET Lid for this biodegradable bowl, so that there is no likelihood of spillage while in transit.\"\n            }\n        }\n    ]\n}<\/script><\/p>","protected":false},"excerpt":{"rendered":"<p><a href=\"https:\/\/www.bioleaderpack.com\/de\/produkt\/biologisch-abbaubare-salatbehalter-schalen\/\" target=\"_blank\" rel=\"noopener\" data-wpil-monitor-id=\"2233\">Biologisch abbaubare Schalen mit Deckel aus Zuckerrohr-Bagasse von Bioleader<\/a> for Salad vereinen nat\u00fcrliche Nachhaltigkeit und moderne Foodservice-Anforderungen. Die aus 100%-Bagassefasern auf Pflanzenbasis hergestellten Schalen sind vollst\u00e4ndig kompostierbar, PFAS-frei und f\u00fcr den sicheren Kontakt mit Lebensmitteln zertifiziert. Das robuste, auslaufsichere Design - gepaart mit einem transparenten Deckel - h\u00e4lt Salate, Obst und Fertiggerichte zum Mitnehmen, im Catering und in Superm\u00e4rkten frisch. Sie erf\u00fcllen die EN13432- und FDA\/EU-Normen und sind eine umweltfreundliche, kosteng\u00fcnstige Alternative zu Kunststoffbeh\u00e4ltern, die es Marken erm\u00f6glicht, sowohl betriebliche Effizienz als auch Nachhaltigkeitsziele zu erreichen.<\/p>","protected":false},"featured_media":2802,"comment_status":"open","ping_status":"closed","template":"","meta":{"_acf_changed":false},"product_brand":[8971],"product_cat":[7150,7146],"product_tag":[6754,6769,6787,6796,6772],"class_list":{"0":"post-13562","1":"product","2":"type-product","3":"status-publish","4":"has-post-thumbnail","6":"product_brand-bioleader","7":"product_cat-bagasse-bowl","8":"product_cat-bagasse-food-container","9":"product_tag-bagasse-bowls","10":"product_tag-biodegradable-bowls","11":"product_tag-biodegradable-bowls-with-lids","12":"product_tag-bowls-for-salad","13":"product_tag-sugarcane-bowls","15":"first","16":"instock","17":"purchasable","18":"product-type-simple"},"acf":[],"_links":{"self":[{"href":"https:\/\/www.bioleaderpack.com\/de\/wp-json\/wp\/v2\/product\/13562","targetHints":{"allow":["GET"]}}],"collection":[{"href":"https:\/\/www.bioleaderpack.com\/de\/wp-json\/wp\/v2\/product"}],"about":[{"href":"https:\/\/www.bioleaderpack.com\/de\/wp-json\/wp\/v2\/types\/product"}],"replies":[{"embeddable":true,"href":"https:\/\/www.bioleaderpack.com\/de\/wp-json\/wp\/v2\/comments?post=13562"}],"wp:featuredmedia":[{"embeddable":true,"href":"https:\/\/www.bioleaderpack.com\/de\/wp-json\/wp\/v2\/media\/2802"}],"wp:attachment":[{"href":"https:\/\/www.bioleaderpack.com\/de\/wp-json\/wp\/v2\/media?parent=13562"}],"wp:term":[{"taxonomy":"product_brand","embeddable":true,"href":"https:\/\/www.bioleaderpack.com\/de\/wp-json\/wp\/v2\/product_brand?post=13562"},{"taxonomy":"product_cat","embeddable":true,"href":"https:\/\/www.bioleaderpack.com\/de\/wp-json\/wp\/v2\/product_cat?post=13562"},{"taxonomy":"product_tag","embeddable":true,"href":"https:\/\/www.bioleaderpack.com\/de\/wp-json\/wp\/v2\/product_tag?post=13562"}],"curies":[{"name":"wp","href":"https:\/\/api.w.org\/{rel}","templated":true}]}}