{"id":13561,"date":"2023-03-12T15:34:16","date_gmt":"2023-03-12T07:34:16","guid":{"rendered":"https:\/\/www.bioleaderpack.com\/ja\/%e8%a3%bd%e5%93%81-2\/%e8%93%8b%e4%bb%98%e3%81%8d%e7%94%9f%e5%88%86%e8%a7%a3%e6%80%a7%e3%82%b5%e3%83%a9%e3%83%80%e3%83%9c%e3%82%a6%e3%83%ab\/"},"modified":"2026-04-10T15:07:26","modified_gmt":"2026-04-10T07:07:26","slug":"biologisch-abbaubare-salatschusseln-mit-deckeln","status":"publish","type":"product","link":"https:\/\/www.bioleaderpack.com\/de\/produkt\/biologisch-abbaubare-salatschusseln-mit-deckeln\/","title":{"rendered":"Biologisch abbaubare Salatsch\u00fcsseln mit Deckeln"},"content":{"rendered":"<table style=\"border-collapse: collapse; width: 100%;\">\n<tbody>\n<tr>\n<td style=\"width: 50%;\"><img fetchpriority=\"high\" decoding=\"async\" class=\"\" src=\"https:\/\/www.bioleaderpack.com\/wp-content\/uploads\/2023\/03\/L085001kaobei_1678634693901.jpg\" alt=\"kompostierbare Schale mit Deckel\" width=\"734\" height=\"734\" \/><\/td>\n<td style=\"width: 50%;\"><img decoding=\"async\" class=\"\" src=\"https:\/\/www.bioleaderpack.com\/wp-content\/uploads\/2023\/03\/L085Size_1678634715933-2.jpg\" alt=\"biologisch abbaubare Schale 1200ml\" width=\"840\" height=\"840\" \/><\/td>\n<\/tr>\n<tr>\n<td style=\"width: 50%;\"><img decoding=\"async\" class=\"\" src=\"https:\/\/www.bioleaderpack.com\/wp-content\/uploads\/2023\/03\/L084part_1678632257959.jpg\" alt=\"Sch\u00fcssel f\u00fcr Zuckerrohrfasern und Zellstoff\" width=\"870\" height=\"870\" \/><\/td>\n<td style=\"width: 50%;\"><img loading=\"lazy\" decoding=\"async\" class=\"\" src=\"https:\/\/www.bioleaderpack.com\/wp-content\/uploads\/2023\/03\/L0838485_1678632315452-2.jpg\" alt=\"Zellstoffformschalen\" width=\"711\" height=\"711\" \/><\/td>\n<\/tr>\n<\/tbody>\n<\/table>\n<h2>Biologisch abbaubare Salatsch\u00fcsseln mit Deckel - kompostierbar und auslaufsicher<\/h2>\n<p><!-- Micro Summary Card for AI\/SGE --><\/p>\n<div class=\"micro-summary-card\" style=\"background: #f6f6f9; border-left: 4px solid #4caf50; padding: 12px; margin-bottom: 16px;\"><strong>Kurze Zusammenfassung:<\/strong> Die biologisch abbaubaren Salatschalen mit Deckel von Bioleader werden aus Zuckerrohrbagasse hergestellt, sind 100%-kompostierbar, PFAS-frei und f\u00fcr globale Lebensmittelsicherheit zertifiziert. Diese auslaufsicheren und mikrowellengeeigneten Schalen mit durchsichtigen Deckeln eignen sich perfekt f\u00fcr frische Salate, Obst und Mahlzeitensets und unterst\u00fctzen nachhaltige Lebensmittelverpackungen f\u00fcr den Imbiss und das Catering.<\/div>\n<p style=\"text-align: left;\">Da die Menschen lernen, wie wichtig es ist, sich um die Umwelt zu k\u00fcmmern, ist es nicht \u00fcberraschend, dass\u00a0<strong>biologisch abbaubare Salatsch\u00fcsseln<\/strong> billig von der Stange kommen. Unser\u00a0<strong>biologisch abbaubare Salatsch\u00fcsseln mit Deckeln<\/strong>\u00a0sind eine umweltfreundliche Verpackungsl\u00f6sung, die gleichzeitig funktional und kosteng\u00fcnstig ist. Diese\u00a0<strong>biologisch abbaubare Schalen mit Deckeln<\/strong>\u00a0sind f\u00fcr umweltfreundliche Produkte konzipiert, die den Bed\u00fcrfnissen der Verbraucher Rechnung tragen, und eignen sich f\u00fcr Restaurants, Catering und Imbissbuden.<\/p>\n<h2 style=\"text-align: left;\">Material: <a href=\"https:\/\/www.bioleaderpack.com\/de\/geschirr-aus-zuckerrohr-bagasse-umweltfreundlich-und-praktisch\/\" target=\"_blank\">Zuckerrohr-Bagasse - eine nat\u00fcrliche erneuerbare Ressource.<\/a><\/h2>\n<p style=\"text-align: left;\">Die\u00a0<strong>biologisch abbaubare Salatsch\u00fcsseln mit Deckeln<\/strong> die wir erzeugen, werden aus Zuckerrohrbagasse hergestellt, einem Abfallprodukt, das bei der Verarbeitung von Zuckerrohr entsteht. Bei guter Bewirtschaftung ist Zuckerrohrbagasse recycelbar und nachhaltig, so dass die Verschwendung von Rohstoffen durch die Verwendung von Ernteresten minimiert wird. Sie stellt sicher, dass alle <strong>biologisch abbaubare Schale<\/strong>die aus diesem nat\u00fcrlichen Material hergestellt wird, ist umweltfreundlich und vollst\u00e4ndig kompostierbar, ohne giftige R\u00fcckst\u00e4nde. Au\u00dferdem ist Zuckerrohr-Bagasse auch f\u00fcr die Verpackung wichtig, so dass sie eine leichte, aber stabile Verpackung ergibt, die f\u00fcr Fast-Food-Beh\u00e4lter sehr exportf\u00e4hig ist.<\/p>\n<table style=\"border-collapse: collapse; width: 100%;\">\n<tbody>\n<tr>\n<td style=\"width: 50%;\"><img loading=\"lazy\" decoding=\"async\" class=\"\" src=\"https:\/\/www.bioleaderpack.com\/wp-content\/uploads\/2023\/03\/L085Lids_1678632379385-1.jpg\" alt=\"Faserstoffschalen mit Deckeln\" width=\"819\" height=\"819\" \/><\/p>\n<p><strong>\u00a0Schale mit Zellstoffdeckeln\u00a0<\/strong><\/td>\n<td style=\"width: 50%;\"><img loading=\"lazy\" decoding=\"async\" class=\"\" src=\"https:\/\/www.bioleaderpack.com\/wp-content\/uploads\/2023\/03\/L085Lid_fuben_1678632408961-1.jpg\" alt=\"Zellstoffschalen mit Kunststoffdeckeln\" width=\"902\" height=\"902\" \/><\/p>\n<p><strong>\u00a0Schale mit PET-Kunststoffdeckeln<\/strong><\/td>\n<\/tr>\n<tr>\n<td style=\"width: 50%;\"><img loading=\"lazy\" decoding=\"async\" class=\"\" src=\"https:\/\/www.bioleaderpack.com\/wp-content\/uploads\/2023\/03\/L083084085Size_1678632011650-2.jpg\" alt=\"Zuckerrohrschalen mit Deckeln\" width=\"793\" height=\"793\" \/><\/td>\n<td style=\"width: 50%;\"><img loading=\"lazy\" decoding=\"async\" class=\"\" src=\"https:\/\/www.bioleaderpack.com\/wp-content\/uploads\/2023\/03\/L0838485withLid_1678632041679-2.jpg\" alt=\"Zuckerrohrsch\u00fcssel mit Deckel f\u00fcr Haustiere\" width=\"720\" height=\"720\" \/><\/td>\n<\/tr>\n<\/tbody>\n<\/table>\n<h2><a href=\"https:\/\/www.bioleaderpack.com\/de\/verfahren-zur-herstellung-von-zuckerrohrbagasse-zellstoff-fur-geschirr\/\" target=\"_blank\">Produktionsprozess: Papierzellstoff-Formenbau<\/a><\/h2>\n<p>Unsere wiederverwendbaren Salatsch\u00fcsseln mit Deckel werden mit Hilfe der Papierzellstoff-Formentechnologie hergestellt, die erkl\u00e4rt, wie einzigartige biologisch abbaubare Salatsch\u00fcsseln mit Deckel entstehen. Bei diesem Verfahren wird Zuckerrohrbagasse zu leichten und stabilen Bl\u00f6cken geformt. Durch die Verwendung des Papierzellstoffverfahrens bei der Herstellung von Produkten wird nicht nur der Produktionsabfall verringert, sondern das Endprodukt ist auch ein Material, das in viele Formen und Gr\u00f6\u00dfen geformt werden kann. Mit dieser Technik lassen sich Gr\u00f6\u00dfenvorteile bei der Produktion erzielen und es wird sichergestellt, dass die Qualit\u00e4t nicht beeintr\u00e4chtigt wird. Aus diesem Grund ist unsere Zuckerrohrschale f\u00fcr Unternehmen, die einen umweltfreundlichen Ansatz f\u00fcr ihre Gesch\u00e4ftsaktivit\u00e4ten verfolgen wollen, so interessant.<\/p>\n<table style=\"border-collapse: collapse; width: 100%;\">\n<tbody>\n<tr>\n<td style=\"width: 50%;\"><img loading=\"lazy\" decoding=\"async\" class=\"\" style=\"border-style: none; max-width: 100%; border-radius: 0px; box-shadow: none;\" src=\"https:\/\/www.bioleaderpack.com\/wp-content\/uploads\/2023\/03\/L057white_1678632152724-3.png\" alt=\"Zuckerrohrschale wei\u00df\" width=\"680\" height=\"680\" \/><\/p>\n<p style=\"text-align: center;\"><strong>Farbe: <span style=\"font-weight: bolder;\">Wei\u00df<\/span><\/strong><\/p>\n<\/td>\n<td style=\"width: 50%;\"><img loading=\"lazy\" decoding=\"async\" class=\"\" style=\"border-style: none; max-width: 100%; border-radius: 0px; box-shadow: none;\" src=\"https:\/\/www.bioleaderpack.com\/wp-content\/uploads\/2023\/03\/L057nature_1678632172529-2.jpg\" alt=\"Zuckerrohrsch\u00fcssel Natur\" width=\"907\" height=\"907\" \/><\/p>\n<p style=\"text-align: center;\"><strong>Farbe: <span style=\"font-weight: bolder;\">Natur Braun<\/span><\/strong><\/p>\n<\/td>\n<\/tr>\n<\/tbody>\n<\/table>\n<h2>Hauptmerkmale und Eigenschaften<\/h2>\n<h4>a. Umweltfreundlich und kompostierbar<\/h4>\n<p>Eine der wichtigsten Eigenschaften unserer biologisch abbaubaren Schalen ist ihre gr\u00fcne Natur. Diese Schalen werden manchmal auch als kompostierbare Youben-Schalen bezeichnet, weil sie so kompostiert werden k\u00f6nnen, dass sie auch bei der vorgesehenen Entsorgungsmethode nicht verderben. Dadurch werden die Umweltbelastungen durch Einwegplastik und andere biologisch nicht abbaubare Verpackungsformen verringert.<\/p>\n<h4>b. Lebensmittelecht und frei von sch\u00e4dlichen Chemikalien<\/h4>\n<p>Es ist erstaunlich, dass unsere\u00a0<strong>biologisch abbaubare Salatsch\u00fcsseln<\/strong>\u00a0enthalten nicht <a href=\"https:\/\/www.bioleaderpack.com\/de\/pfas-frei-vs-pfoa-frei-vs-bpa-frei-wie-man-gesundes-und-ungiftiges-geschirr-auswahlt\/\" target=\"_blank\" rel=\"noopener\" data-wpil-monitor-id=\"474\">PFAs und es gibt auch kein BPA<\/a> Exposition und somit f\u00fcr alle Lebensmittel geeignet. Diese K\u00fchlbeh\u00e4lter sind praktisch f\u00fcr die langfristige Aufbewahrung von Lebensmitteln, ob Salate, Suppen, Nudeln oder Gerichte zum Mitnehmen. Die Verwendung von K\u00e4seschalen ist gesundheitlich unbedenklich, da sie sowohl f\u00fcr hei\u00dfe als auch f\u00fcr kalte Speisen geeignet sind.<\/p>\n<h4>c. Auslaufsicher, wasserdicht und \u00f6lbest\u00e4ndig<\/h4>\n<p>Es gibt keinen Ort, an dem die Haltbarkeit von Lebensmittelverpackungen wichtiger ist als in unserem\u00a0<strong>biologisch abbaubare Salatsch\u00fcsseln mit Deckeln,<\/strong> denn hier kommt es bei vielen Arten von Lebensmitteln zum Auslaufen. Die meisten Sch\u00fcsseln sind auslaufsicher, \u00f6l- und wasserfest und k\u00f6nnen das Gewicht der schwersten \u00f6ligen oder mit Fl\u00fcssigkeit gef\u00fcllten Speisen aushalten, ohne zu versch\u00fctten oder zu zerfallen.<\/p>\n<h4>d. Mikrowellengeeignet und gefriersicher<\/h4>\n<p>Besonders hervorzuheben ist, dass unsere\u00a0<strong>biologisch abbaubare Schalen<\/strong> geben den Verbrauchern auch den Wunsch, sie zu verwenden, da sie extremer K\u00e4lte und Temperatur ausgesetzt sind. Diese Schalen sind mikrowellen- und gefrierfest und verhindern beim Aufw\u00e4rmen oder bei l\u00e4ngerer Lagerung der Speisen Dampfbildung und Kondensation im Inneren. Diese Flexibilit\u00e4t ist auch f\u00fcr Imbissbetriebe und Haushalte, die nach praktischen und umweltfreundlichen Optionen suchen, sehr vielversprechend.<\/p>\n<table style=\"border-collapse: collapse; width: 100%;\">\n<tbody>\n<tr>\n<td style=\"width: 50%;\"><img loading=\"lazy\" decoding=\"async\" class=\"\" src=\"https:\/\/www.bioleaderpack.com\/wp-content\/uploads\/2023\/03\/0853_1678635057971-1.jpg\" alt=\"Salatsch\u00fcssel aus Zuckerrohr\" width=\"738\" height=\"738\" \/><\/td>\n<td style=\"width: 50%;\"><img loading=\"lazy\" decoding=\"async\" class=\"\" src=\"https:\/\/www.bioleaderpack.com\/wp-content\/uploads\/2023\/03\/087_1678635090381-2.jpg\" alt=\"biologisch abbaubare Zuckerrohrsch\u00fcssel mit PET-Deckel\" width=\"884\" height=\"884\" \/><\/td>\n<\/tr>\n<tr>\n<td style=\"width: 50%;\"><img loading=\"lazy\" decoding=\"async\" class=\"\" src=\"https:\/\/www.bioleaderpack.com\/wp-content\/uploads\/2023\/03\/0855_1678635129914-3.jpg\" alt=\"Zellstoffformschalen\" width=\"717\" height=\"717\" \/><\/td>\n<td style=\"width: 50%;\"><img loading=\"lazy\" decoding=\"async\" class=\"\" src=\"https:\/\/www.bioleaderpack.com\/wp-content\/uploads\/2023\/03\/0854_1678635174118-3.jpg\" alt=\"Zellstoffschalen mit Deckeln\" width=\"864\" height=\"864\" \/><\/td>\n<\/tr>\n<\/tbody>\n<\/table>\n<h2>Verwendungsszenarien: Praktische Verwendungszwecke<\/h2>\n<p>Unser\u00a0<strong>biologisch abbaubare Salatsch\u00fcsseln mit Deckeln<\/strong>\u00a0k\u00f6nnen in fast allen erdenklichen Situationen in der Gastronomie und im Catering eingesetzt werden. Im Folgenden sind einige Szenarien aufgef\u00fchrt, in denen diese Schalen zum Einsatz kommen:<\/p>\n<h4>a. Imbiss- und Restaurantbetrieb<\/h4>\n<p>Diese\u00a0<strong>biologisch abbaubare Schalen<\/strong> sind ideal f\u00fcr Restaurants und Imbissbuden, die Mahlzeiten, Salate, Nudeln, Suppen usw. zum Mitnehmen anbieten. Aufgrund ihrer nachhaltigen und robusten Eigenschaften werden sie sich wahrscheinlich anstelle von herk\u00f6mmlichen Plastik- oder Styroporbeh\u00e4ltern durchsetzen. Bei Bestellungen zum Mitnehmen k\u00f6nnen die Kunden sicher sein, dass die Speisen in gutem Zustand serviert werden, da sie auslaufsicher verpackt sind.<\/p>\n<h4>b. Catering und Veranstaltungen<\/h4>\n<p>F\u00fcr gro\u00dfe Veranstaltungen wie Firmenfeiern oder gesellschaftliche Anl\u00e4sse bietet unser\u00a0<strong>biologisch abbaubare Salatsch\u00fcsseln mit Deckeln<\/strong>\u00a0k\u00f6nnen auf stilvolle und umweltfreundliche Weise f\u00fcr die Verpackung von Lebensmitteln verwendet werden. Die Abdeckungen verhindern den Verderb und sind n\u00fctzlich f\u00fcr den Lebensmittelservice, und da die Schalen biologisch abbaubar sind, muss man sich nach der Veranstaltung keine Gedanken \u00fcber die M\u00fcllentsorgung machen.<\/p>\n<h4>c. Verwendung zu Hause und Zubereitung von Mahlzeiten<\/h4>\n<p>Diese\u00a0<strong>biologisch abbaubare Schalen mit Deckeln<\/strong>\u00a0ist auch f\u00fcr Hobbyk\u00f6che und Vorbereiter von Mahlzeiten von Bedeutung. Seine Mikrowelleneigenschaften erm\u00f6glichen das Aufw\u00e4rmen, seine \u00f6l- und auslaufsicheren Eigenschaften tragen dazu bei, dass gelagerte Lebensmittel frisch und sauber bleiben.<\/p>\n<h2>Trends bei biologisch abbaubaren Lebensmittelverpackungen<\/h2>\n<p>In Anbetracht der zunehmenden Neigung zur Nachhaltigkeit ist die Marktnachfrage nach\u00a0<strong>biologisch abbaubare Schalen<\/strong> wird voraussichtlich zunehmen. Dies ist darauf zur\u00fcckzuf\u00fchren, dass immer mehr Verbraucher umweltfreundliche Produkte bevorzugen und dass die Regierungen verschiedener L\u00e4nder strengere Ma\u00dfnahmen gegen die Verwendung von Kunststoffen ergreifen. Folglich wird die <strong>biologisch abbaubare Salatsch\u00fcssel<\/strong> Der Markt erlebt einen starken Aufschwung, da neue Materialien auf den Markt kommen, die die Produkte haltbarer, kosteng\u00fcnstiger und funktioneller machen.<\/p>\n<p>Insbesondere Zuckerrohr-Bagasse wird zunehmend f\u00fcr die Herstellung von Einweg-Lebensmittelbeh\u00e4ltern verwendet, da sie erneuerbar ist und kompostiert werden kann. Immer mehr Unternehmen und ihre Kunden f\u00f6rdern umweltfreundlichere Alternativen,\u00a0<strong>biologisch abbaubare Schalen mit Deckeln<\/strong> werden wahrscheinlich die Norm f\u00fcr die Dynamik in der Gastronomie sein, die sich um Umweltfreundlichkeit bem\u00fcht.<\/p>\n<figure style=\"width: 1053px\" class=\"wp-caption alignnone\"><img loading=\"lazy\" decoding=\"async\" class=\"\" src=\"https:\/\/www.bioleaderpack.com\/wp-content\/uploads\/2023\/03\/LBowl_1678120102289.jpg\" alt=\"Schale Zuckerrohr\" width=\"1053\" height=\"573\" \/><figcaption class=\"wp-caption-text\">biologisch abbaubare Salatsch\u00fcsseln mit Deckeln<\/figcaption><\/figure>\n<figure style=\"width: 1080px\" class=\"wp-caption alignnone\"><img loading=\"lazy\" decoding=\"async\" src=\"https:\/\/www.bioleaderpack.com\/wp-content\/uploads\/2023\/03\/20191211153532_1678120030316-1.jpg\" alt=\"biologisch abbaubare Schalen\" width=\"1080\" height=\"1080\" \/><figcaption class=\"wp-caption-text\">biologisch abbaubare Salatsch\u00fcsseln<\/figcaption><\/figure>\n<h2>H\u00e4ufig gestellte Fragen (FAQs)<\/h2>\n<p data-start=\"116\" data-end=\"404\"><strong data-start=\"116\" data-end=\"192\">F1: K\u00f6nnen biologisch abbaubare Salatsch\u00fcsseln mit Deckeln in meinem Garten kompostiert werden?<\/strong><br data-start=\"192\" data-end=\"195\" \/>Unsere Schalen k\u00f6nnen diese Bedingung erf\u00fcllen. Sie werden aus Zuckerrohrbagasse hergestellt, die sowohl in industriellen als auch in privaten Kompostieranlagen kompostiert werden kann, auch wenn die Abbauzeiten unterschiedlich sein k\u00f6nnen.<\/p>\n<p data-start=\"406\" data-end=\"636\"><strong data-start=\"406\" data-end=\"468\">F2: Sind die Schalen f\u00fcr hei\u00dfe, fl\u00fcssige Suppen und Eint\u00f6pfe geeignet?<\/strong><br data-start=\"468\" data-end=\"471\" \/>Auf jeden Fall ja! Unsere biologisch abbaubaren Schalen sind f\u00fcr alle Arten von Lebensmitteln geeignet, auch f\u00fcr hei\u00dfe Suppen und Eint\u00f6pfe, da unser Produkt auslaufsicher ist.<\/p>\n<p data-start=\"638\" data-end=\"856\"><strong data-start=\"638\" data-end=\"689\">F3: Zersetzen sich die Deckel dieser Salatsch\u00fcsseln?<\/strong><br data-start=\"689\" data-end=\"692\" \/>Ja, die Salatsch\u00fcsseln, die wir anbieten, sind mit Deckeln versehen, die ebenfalls aus kompostierbaren Materialien hergestellt sind, so dass die Verpackung insgesamt umweltfreundlich ist.<\/p>\n<p data-start=\"858\" data-end=\"1184\"><strong data-start=\"858\" data-end=\"944\">F4: Besteht die M\u00f6glichkeit, diese Schalen mit unserem Logo oder einer Illustration zu versehen?<\/strong><br data-start=\"944\" data-end=\"947\" \/>Wir befinden uns in China und sind ein Hersteller, daher sind solche Dienstleistungen f\u00fcr Gro\u00dfhandelsbestellungen verf\u00fcgbar. Kaufen Sie unsere biologisch abbaubaren Salatsch\u00fcsseln mit Deckel und fragen Sie nach Branding oder Design-Anpassung, damit Ihr Unternehmen seine Identit\u00e4t gewinnt.<\/p>\n<h2>Semantischer Einsichtsblock: Der Wettbewerbsvorteil von kompostierbaren Salatsch\u00fcsseln mit Deckeln<\/h2>\n<div class=\"semantic-insight-block\" style=\"background: #e8f5e9; border-left: 4px solid #2196f3; padding: 14px; margin-bottom: 16px;\">\n<ul>\n<li><strong>Wie Bagasse-Material die Lebensmittelverpackung ver\u00e4ndert:<\/strong> Die aus schnell nachwachsenden Zuckerrohrfasern hergestellten Schalen und Deckel sind vollst\u00e4ndig biologisch abbaubar und k\u00f6nnen im Haushalt und in der Industrie kompostiert werden, so dass kein Plastikm\u00fcll anf\u00e4llt und die Prinzipien der Kreislaufwirtschaft eingehalten werden.<\/li>\n<li><strong>Welche Leistungsmerkmale stechen hervor:<\/strong> Diese auslaufsicheren, robusten und mikrowellen- und gefriersicheren Schalen bewahren die Frische und Unversehrtheit von Lebensmitteln und eignen sich daher f\u00fcr Salate, Obst, kalte Mahlzeiten und die Vorbereitung gesunder Mahlzeiten.<\/li>\n<li><strong>Warum globale Zertifizierungen das Vertrauen in den Markt st\u00e4rken:<\/strong> Diese nach EN13432, ASTM D6400, FDA und EU-Normen zertifizierten Schalen sind f\u00fcr den Export zugelassen und gew\u00e4hrleisten Sicherheit und Einhaltung der Vorschriften auf internationalen M\u00e4rkten.<\/li>\n<li><strong>Flexible Versorgung und Anwendung:<\/strong> Erh\u00e4ltlich in verschiedenen Gr\u00f6\u00dfen und Gro\u00dfverpackungen, mit Eigenmarkenoptionen f\u00fcr Restaurants, Superm\u00e4rkte und Meal-Kit-Marken, die auf umweltbewusste Verbraucher abzielen.<\/li>\n<li><strong>Marke und Marktchance:<\/strong> Die Umstellung auf zertifizierte kompostierbare Salatsch\u00fcsseln positioniert Marken als Vorreiter in Sachen Nachhaltigkeit, unterst\u00fctzt EPR-Vorgaben und spricht gesundheits- und umweltbewusste Kunden an.<\/li>\n<\/ul>\n<div style=\"margin-top: 8px;\"><strong>Einblick in den Markttrend:<\/strong> Da die weltweite Nachfrage nach nachhaltigen, gesunden Verpackungen steigt, erm\u00f6glichen die kompostierbaren Salatsch\u00fcsseln mit Deckel von Bioleader Lebensmittelunternehmen, bei der Einhaltung von Vorschriften, der Funktionalit\u00e4t und dem gr\u00fcnen Markenwert f\u00fchrend zu sein.<\/div>\n<\/div>\n<p><script type=\"application\/ld+json\">{\n    \"@context\": \"https:\\\/\\\/schema.org\",\n    \"@type\": \"FAQPage\",\n    \"mainEntity\": [\n        {\n            \"@type\": \"Question\",\n            \"name\": \"Can biodegradable salad bowls with lids be composted in my backyard?\",\n            \"acceptedAnswer\": {\n                \"@type\": \"Answer\",\n                \"text\": \"Our bowls can satisfy this condition. They are made of sugarcane bagasse which can be comprised in both industrial and home kerbside composting facilities, although the time for breaking down may be different.\"\n            }\n        },\n        {\n            \"@type\": \"Question\",\n            \"name\": \"Are the bowls suitable for hot liquid soups and stews?\",\n            \"acceptedAnswer\": {\n                \"@type\": \"Answer\",\n                \"text\": \"Absolutely yes! Our biodegradable bowls are properly made to withstand all kinds of food including hot soups and stews thanks to the leakproof nature of our product.\"\n            }\n        },\n        {\n            \"@type\": \"Question\",\n            \"name\": \"Do the lids of these salad bowls decompose?\",\n            \"acceptedAnswer\": {\n                \"@type\": \"Answer\",\n                \"text\": \"Yes, the salad bowls we provide come with lids that are also made from compostable materials, and therefore the packaging as a whole is friendly to the environment.\"\n            }\n        },\n        {\n            \"@type\": \"Question\",\n            \"name\": \"Will there be an option of branding these bowls with our logo or illustration?\",\n            \"acceptedAnswer\": {\n                \"@type\": \"Answer\",\n                \"text\": \"We are located in China and are a manufacturer, therefore such services are available for wholesale orders. Buy our biodegradable salad bowls with lids and ask for branding or design customization to help your business gain its identity.\"\n            }\n        }\n    ]\n}<\/script><\/p>","protected":false},"excerpt":{"rendered":"<p><a href=\"https:\/\/www.bioleaderpack.com\/de\/produkt\/biologisch-abbaubare-salatbehalter-schalen\/\" target=\"_blank\" rel=\"noopener\" data-wpil-monitor-id=\"2234\">Biologisch abbaubare Salatsch\u00fcsseln von Bioleader<\/a><strong> mit Deckeln<\/strong> werden aus erneuerbarer Zuckerrohr-Bagasse hergestellt und bieten eine vollst\u00e4ndig kompostierbare, PFAS-freie L\u00f6sung f\u00fcr den Foodservice. Diese Salatsch\u00fcsseln mit klarem Deckel sind auslaufsicher, mikrowellen- und gefrierschrankgeeignet und robust - ideal f\u00fcr frische Salate, Obst, die Zubereitung von Mahlzeiten, zum Mitnehmen und f\u00fcr das Catering. Sie sind nach den weltweiten Standards f\u00fcr Lebensmittelkontakt und Kompostierbarkeit zertifiziert und stellen eine kosteneffiziente und umweltbewusste Alternative zu Kunststoffbeh\u00e4ltern dar, die Marken dabei hilft, ihre Nachhaltigkeitsziele zu erreichen und sich an die neuen Vorschriften zum Kunststoffverbot anzupassen.<\/p>","protected":false},"featured_media":17693,"comment_status":"open","ping_status":"closed","template":"","meta":{"_acf_changed":false},"product_brand":[8971],"product_cat":[7150,7146],"product_tag":[6785,6661,6786,6787,6788,6790,6792,6793,6794,6795],"class_list":{"0":"post-13561","1":"product","2":"type-product","3":"status-publish","4":"has-post-thumbnail","6":"product_brand-bioleader","7":"product_cat-bagasse-bowl","8":"product_cat-bagasse-food-container","9":"product_tag-1200ml-bowl-and-lid","10":"product_tag-biodegradable-bowl","11":"product_tag-biodegradable-bowl-with-lid","12":"product_tag-biodegradable-bowls-with-lids","13":"product_tag-biodegradable-salad-bowls","14":"product_tag-biodegradable-salad-bowls-with-lids","15":"product_tag-compostable-bowl-for-salad","16":"product_tag-compostable-bowl-with-lid","17":"product_tag-sugarcane-bowl-with-pet-lid","18":"product_tag-sugarcane-salad-bowl-1200ml","20":"first","21":"instock","22":"purchasable","23":"product-type-simple"},"acf":[],"_links":{"self":[{"href":"https:\/\/www.bioleaderpack.com\/de\/wp-json\/wp\/v2\/product\/13561","targetHints":{"allow":["GET"]}}],"collection":[{"href":"https:\/\/www.bioleaderpack.com\/de\/wp-json\/wp\/v2\/product"}],"about":[{"href":"https:\/\/www.bioleaderpack.com\/de\/wp-json\/wp\/v2\/types\/product"}],"replies":[{"embeddable":true,"href":"https:\/\/www.bioleaderpack.com\/de\/wp-json\/wp\/v2\/comments?post=13561"}],"wp:featuredmedia":[{"embeddable":true,"href":"https:\/\/www.bioleaderpack.com\/de\/wp-json\/wp\/v2\/media\/17693"}],"wp:attachment":[{"href":"https:\/\/www.bioleaderpack.com\/de\/wp-json\/wp\/v2\/media?parent=13561"}],"wp:term":[{"taxonomy":"product_brand","embeddable":true,"href":"https:\/\/www.bioleaderpack.com\/de\/wp-json\/wp\/v2\/product_brand?post=13561"},{"taxonomy":"product_cat","embeddable":true,"href":"https:\/\/www.bioleaderpack.com\/de\/wp-json\/wp\/v2\/product_cat?post=13561"},{"taxonomy":"product_tag","embeddable":true,"href":"https:\/\/www.bioleaderpack.com\/de\/wp-json\/wp\/v2\/product_tag?post=13561"}],"curies":[{"name":"wp","href":"https:\/\/api.w.org\/{rel}","templated":true}]}}