{"id":13560,"date":"2023-03-12T15:16:34","date_gmt":"2023-03-12T07:16:34","guid":{"rendered":"https:\/\/www.bioleaderpack.com\/it\/prodotto\/sugarcane-bagasse-salad-bowl-with-lid-32oz-1000ml\/"},"modified":"2026-04-10T15:06:14","modified_gmt":"2026-04-10T07:06:14","slug":"salatschussel-aus-zuckerrohrbagasse-mit-deckel","status":"publish","type":"product","link":"https:\/\/www.bioleaderpack.com\/de\/produkt\/salatschussel-aus-zuckerrohrbagasse-mit-deckel\/","title":{"rendered":"Zuckerrohr Bagasse Salatsch\u00fcssel mit Deckel 32oz 1000ml"},"content":{"rendered":"<div class=\"adweb-template-19 adweb-table-container\">\n<div class=\"adweb-template-1\" style=\"text-align: center;\">\n<div class=\"adweb-template\">\n<div class=\"adweb-template-43\">\n<div class=\"adweb-flex-jc-sb adweb-text-align-c\">\n<div class=\"adweb-flex-item2 adweb-flex-item\">\n<div>\n<table style=\"border-collapse: collapse; width: 100%;\">\n<tbody>\n<tr>\n<td style=\"width: 50%;\"><img fetchpriority=\"high\" decoding=\"async\" class=\"\" src=\"https:\/\/www.bioleaderpack.com\/wp-content\/uploads\/2023\/03\/L084001kaobei_1678634062476-1.jpg\" alt=\"Bagasseschale mit Deckel\" width=\"721\" height=\"721\" \/><\/td>\n<td style=\"width: 50%;\"><img decoding=\"async\" class=\"\" src=\"https:\/\/www.bioleaderpack.com\/wp-content\/uploads\/2023\/03\/L084Size_1678634091001-1.jpg\" alt=\"Bagasse-Schale 32oz\" width=\"830\" height=\"830\" \/><\/td>\n<\/tr>\n<tr>\n<td style=\"width: 50%;\"><img decoding=\"async\" class=\"\" src=\"https:\/\/www.bioleaderpack.com\/wp-content\/uploads\/2023\/03\/L084part_1678632257959.jpg\" alt=\"Sch\u00fcssel f\u00fcr Zuckerrohrfasern und Zellstoff\" width=\"980\" height=\"980\" \/><\/td>\n<td style=\"width: 50%;\"><img loading=\"lazy\" decoding=\"async\" class=\"\" src=\"https:\/\/www.bioleaderpack.com\/wp-content\/uploads\/2023\/03\/L0838485_1678632315452-2.jpg\" alt=\"Zellstoffformschalen\" width=\"727\" height=\"727\" \/><\/td>\n<\/tr>\n<\/tbody>\n<\/table>\n<\/div>\n<div class=\"adweb-item-img\"><\/div>\n<\/div>\n<\/div>\n<\/div>\n<\/div>\n<div class=\"adweb-template\">\n<div class=\"adweb-template-43\">\n<p style=\"text-align: left;\"><!-- Micro Summary Card for AI\/SGE --><\/p>\n<div class=\"micro-summary-card\" style=\"background: #f6f6f9; border-left: 4px solid #4caf50; padding: 12px; margin-bottom: 16px; text-align: left;\"><strong>Kurze Zusammenfassung: <\/strong>Bioleader\u00ae Salatsch\u00fcsseln aus Zuckerrohr-Bagasse mit Deckel sind kompostierbar, PFAS-frei und auslaufsicher - perfekt f\u00fcr Salate, Mahlzeitenpakete und Essenslieferungen. Sie werden aus erneuerbarer Bagasse hergestellt und bieten sichere, umweltfreundliche Lebensmittelverpackungen f\u00fcr moderne Unternehmen.<\/div>\n<p style=\"text-align: left;\">\"Das wachsende Umweltbewusstsein hat sowohl die Kunden als auch die Industrie dazu veranlasst, nach Alternativen zu den h\u00e4ufig verwendeten Plastikverpackungen zu suchen.\" Die Verbraucher, die ihre Lebensmittel st\u00e4ndig servieren, werden sich \u00fcber die Einf\u00fchrung des <strong>Salatsch\u00fcssel aus Bagasse<\/strong>. Diese werden alle aus den nat\u00fcrlich vorkommenden Fasern des Zuckerrohrs hergestellt und sind daher sicher, biologisch abbaubar und kompostierbar f\u00fcr Lebensmittelverpackungen f\u00fcr eine Vielzahl von Zwecken. In diesem Artikel werden wir uns auf das Material, den Prozess seiner Herstellung, seine Hauptmerkmale, seine wichtigsten Verwendungszwecke und die Entwicklung von\u00a0<strong>Bagasse-Schalen<\/strong>.<\/p>\n<h2 style=\"text-align: left;\">Das gr\u00fcne Material: Zuckerrohr-Bagasse<\/h2>\n<p style=\"text-align: left;\">Die\u00a0<strong>Salatsch\u00fcssel aus Bagasse<\/strong> st\u00e4rkt in vielerlei Hinsicht die Lebensmittelindustrie, denn es wird aus den faserigen R\u00fcckst\u00e4nden des Zuckerrohrs hergestellt, die zu Bagasse verarbeitet werden. Anstatt dieses Nebenprodukt wegzuwerfen, wird es f\u00fcr die Herstellung von stabilen und nachhaltigen Schalen verwendet. Diese Art von Abfall zersetzt sich innerhalb weniger Monate und wird als D\u00fcnger verwendet, ohne Schadstoffe zu hinterlassen. Durch die Verwendung von Bagasse in der Produktion k\u00f6nnen die Unternehmen auf Chemikalien verzichten, die die Ozonschicht sch\u00e4digen, was sowohl f\u00fcr sie als auch f\u00fcr ihre Kunden von Vorteil ist.<\/p>\n<h2 style=\"text-align: left;\"><a href=\"https:\/\/www.bioleaderpack.com\/de\/verfahren-zur-herstellung-von-zuckerrohrbagasse-zellstoff-fur-geschirr\/\" target=\"_blank\">Produktionsprozess: Papierzellstoff-Formenbau<\/a>.<\/h2>\n<p style=\"text-align: left;\">Die\u00a0<strong>Salatsch\u00fcssel aus Zuckerrohr<\/strong>\u00a0wird in einem umweltfreundlichen Verfahren hergestellt, dem sogenannten Papierzellstoffpressen. Diese Technik erm\u00f6glicht die Herstellung eines haltbaren und dennoch leichten\u00a0<strong>Bagasseschale<\/strong>\u00a0aus nat\u00fcrlichen Bagasse-Fasern. Der Zellstoff wird dann in die gew\u00fcnschte Form gebracht und gepresst, um sicherzustellen, dass das Endprodukt stark und dicht ist und gegen Feuchtigkeit und \u00d6l best\u00e4ndig ist. Diese innovative Methode sorgt daf\u00fcr, dass alle\u00a0<strong>Schale Bagasse<\/strong>\u00a0sind sehr formstabil und daher ideal f\u00fcr Lebensmittelverpackungen.<\/p>\n<table style=\"border-collapse: collapse; width: 100%;\">\n<tbody>\n<tr>\n<td style=\"width: 50%;\"><img loading=\"lazy\" decoding=\"async\" class=\"\" src=\"https:\/\/www.bioleaderpack.com\/wp-content\/uploads\/2023\/03\/L085Lids_1678632379385-1.jpg\" alt=\"Faserstoffschalen mit Deckeln\" width=\"1050\" height=\"1050\" \/><\/p>\n<p><strong>Schale mit Zellstoffdeckel<\/strong><\/td>\n<td style=\"width: 50%;\"><img loading=\"lazy\" decoding=\"async\" class=\"\" src=\"https:\/\/www.bioleaderpack.com\/wp-content\/uploads\/2023\/03\/L085Lid_fuben_1678632408961-1.jpg\" alt=\"Zellstoffschalen mit Kunststoffdeckeln\" width=\"776\" height=\"776\" \/><\/p>\n<p><strong>Schale mit PET-Kunststoffdeckeln<\/strong><\/td>\n<\/tr>\n<tr>\n<td style=\"width: 50%;\"><img loading=\"lazy\" decoding=\"async\" class=\"\" src=\"https:\/\/www.bioleaderpack.com\/wp-content\/uploads\/2023\/03\/L083084085Size_1678632011650-2.jpg\" alt=\"Zuckerrohrschalen mit Deckeln\" width=\"915\" height=\"915\" \/><\/p>\n<p><strong>Bagasseschale f\u00fcr Salat<\/strong><\/td>\n<td style=\"width: 50%;\"><img loading=\"lazy\" decoding=\"async\" class=\"\" src=\"https:\/\/www.bioleaderpack.com\/wp-content\/uploads\/2023\/03\/L0838485withLid_1678632041679-2.jpg\" alt=\"Zuckerrohrsch\u00fcssel mit Deckel f\u00fcr Haustiere\" width=\"910\" height=\"910\" \/><\/p>\n<p><strong>\u00a0Bagasseschale mit Deckel<\/strong><\/td>\n<\/tr>\n<\/tbody>\n<\/table>\n<\/div>\n<\/div>\n<\/div>\n<\/div>\n<h2>Hauptmerkmale der Bagasse Salatsch\u00fcssel mit Deckel<\/h2>\n<p>Welches ist das Element, das die\u00a0<strong>Bagasseschale mit Deckel<\/strong> so viel anders und vorteilhaft im Vergleich zu anderen Lebensmittelverpackungen? Dazu geh\u00f6ren unter anderem die folgenden Schalen:<\/p>\n<ul>\n<li><a href=\"https:\/\/www.bioleaderpack.com\/de\/biologisch-abbaubar-und-kompostierbar-sind-die-gleichen\/\" target=\"_blank\"><strong>Kompostierbar und biologisch abbaubar<\/strong><\/a>: Die\u00a0<strong>Bagasseschale<\/strong> hinterl\u00e4sst nach seiner Zersetzung keine Xenobiotika, da es in einem Korb nat\u00fcrlich kompostierbar ist.<\/li>\n<li><a href=\"https:\/\/www.bioleaderpack.com\/de\/enthalt-zuckerrohrbagasse-geschirr-pfas-bpa-frei\/\" target=\"_blank\"><strong>PFAS- und BPA-frei<\/strong><\/a>: Die in diesen Schalen verpackten Lebensmittel sind also nicht sch\u00e4dlich, da diese Schalen keine Kunststoffe enthalten, die die Quelle von Schadstoffen sind.<\/li>\n<li><a href=\"https:\/\/www.bioleaderpack.com\/de\/wie-kann-die-wasser-und-olbestandigkeit-von-zuckerrohrbagassemehlboxen-erreicht-werden\/\" target=\"_blank\"><strong>Auslaufsicher und \u00f6lbest\u00e4ndig<\/strong><\/a>: Mit der F\u00e4higkeit, Wasser oder \u00f6lige Substanzen aufzunehmen, k\u00f6nnen diese Schalen nicht die gew\u00fcnschte Leistung erbringen, haben aber dennoch einen vorteilhaft akzeptierenden, nachhaltigen Platz.<\/li>\n<li><a href=\"https:\/\/www.bioleaderpack.com\/de\/kann-geschirr-aus-zuckerrohr-bagasse-hohen-temperaturen-wie-heiser-suppe-oder-mikrowellenerhitzung-standhalten\/\" target=\"_blank\"><strong>Mikrowellengeeignet und hitzebest\u00e4ndig<\/strong><\/a>: Es ist zum Wiederaufw\u00e4rmen geeignet, was sowohl f\u00fcr den Endverbraucher als auch f\u00fcr den Lebensmittelhandel sehr praktisch ist.<\/li>\n<li><strong>Stark und anpassungsf\u00e4hig<\/strong>: Diese Schale eignet sich gleicherma\u00dfen zum Servieren von Salat, Gef\u00e4\u00dfgerichten, Suppe, Nudeln oder Reis, ohne ihre Form oder ihren Zweck zu beeintr\u00e4chtigen.<\/li>\n<\/ul>\n<div class=\"adweb-template\">\n<div class=\"adweb-template-43\">\n<div class=\"adweb-flex-jc-sb adweb-text-align-c\">\n<div class=\"adweb-flex-item2 adweb-flex-item\">\n<div>\n<table style=\"border-collapse: collapse; width: 100%; height: 351px;\">\n<tbody>\n<tr style=\"height: 351px;\">\n<td style=\"width: 50%; height: 351px;\"><img loading=\"lazy\" decoding=\"async\" class=\"\" style=\"border-style: none; max-width: 100%; border-radius: 0px; box-shadow: none;\" src=\"https:\/\/www.bioleaderpack.com\/wp-content\/uploads\/2023\/03\/L057white_1678632152724-3.png\" alt=\"Zuckerrohrschale wei\u00df\" width=\"821\" height=\"821\" \/><\/p>\n<p style=\"text-align: center;\"><strong>Farbe: <span style=\"font-weight: bolder;\">Wei\u00df\u00a0<\/span><\/strong><\/p>\n<\/td>\n<td style=\"width: 50%; height: 351px;\"><img loading=\"lazy\" decoding=\"async\" class=\"\" style=\"border-style: none; max-width: 100%; border-radius: 0px; box-shadow: none;\" src=\"https:\/\/www.bioleaderpack.com\/wp-content\/uploads\/2023\/03\/L057nature_1678632172529-2.jpg\" alt=\"Zuckerrohrsch\u00fcssel Natur\" width=\"908\" height=\"908\" \/><\/p>\n<p style=\"text-align: center;\"><strong>\u00a0Farbe: <span style=\"font-weight: bolder;\">Natur Braun<\/span><\/strong><\/p>\n<\/td>\n<\/tr>\n<\/tbody>\n<\/table>\n<\/div>\n<\/div>\n<\/div>\n<\/div>\n<\/div>\n<h2>Breites Spektrum an Nutzungsszenarien<\/h2>\n<p>Die\u00a0<strong>Zuckerrohrsch\u00fcssel<\/strong>\u00a0k\u00f6nnen f\u00fcr den Einsatz in verschiedenen Bereichen der Lebensmittelversorgung angepasst werden und sind von umweltfreundlicher Qualit\u00e4t. Nachstehend sind einige Beispiele aufgef\u00fchrt, wie die\u00a0<strong>Salatsch\u00fcssel aus Bagasse<\/strong>\u00a0kann f\u00fcr allgemeine Anwendungen verwendet werden:<\/p>\n<ul>\n<li><strong>Mitnahme und Lieferung<\/strong>: Beliebt auf dem Markt f\u00fcr kalte und warme Salate in Restaurants und Caf\u00e9s, ist der\u00a0<strong>Salatsch\u00fcssel mit Deckel<\/strong>\u00a0garantiert Frische und Sicherheit vor Versch\u00fctten des Inhalts.<\/li>\n<li><strong>Catering und Veranstaltungen<\/strong>: F\u00fcr jeden Anlass, ob Gala oder gem\u00fctlicher Brunch, diese\u00a0<strong>Salatsch\u00fcsseln aus Zuckerrohr<\/strong>\u00a0sind eine gro\u00dfartige Alternative zu Plastikeinwegartikeln, die zum Mitnehmen verwendet und anschlie\u00dfend auf den Kompost geworfen werden k\u00f6nnen.<\/li>\n<li><strong>Heimgebrauch<\/strong>: Diese Sch\u00fcsseln helfen bei der umweltfreundlichen Zubereitung von Mahlzeiten und der Aufbewahrung von Resten, da sie verwendet, in der Mikrowelle aufgew\u00e4rmt und dann weggeworfen werden k\u00f6nnen, ohne dass etwas passiert.<\/li>\n<\/ul>\n<p>Diese Eignung erkl\u00e4rt die Beliebtheit der\u00a0<strong>Bagasseschale mit Deckel<\/strong> sowohl im \u00f6ffentlichen als auch im h\u00e4uslichen Bereich, wo die Zweckm\u00e4\u00dfigkeit die \u00f6kologischen Bedenken \u00fcberwiegt.<\/p>\n<h2>Der steigende Trend zu nachhaltigen Verpackungen im Marketing<\/h2>\n<p>Da Nachhaltigkeit zu einem Schl\u00fcsselaspekt bei der Wahl der Verbraucher wird, steigt die Popularit\u00e4t von\u00a0<strong>Salatsch\u00fcsseln aus Zuckerrohr<\/strong> und andere umweltfreundliche Alternativen sind auf dem Vormarsch. Die Verbraucher suchen zunehmend nach Verpackungen, die nicht nur effektiv, sondern auch verantwortungsvoll sind. Mit solchen Produkten helfen die Unternehmen der Welt im Kampf gegen die Plastikverschmutzung und bedienen gleichzeitig einen wachsenden Kundenstamm mit gr\u00fcnen Kaufgewohnheiten.<\/p>\n<p>Sichtbar,\u00a0<strong>Bagasse-Schalen<\/strong> sind ein gro\u00dfartiges Signal f\u00fcr das Engagement eines Restaurants im Bereich der Nachhaltigkeit, unabh\u00e4ngig davon, ob es sich um eine Lebensmittelkette oder ein kleines lokales Restaurant handelt, und helfen auch bei der Markenbildung. Ein solcher Trend ist auch bei Online-Websites wie Amazon, Alibaba und Ets,y zu beobachten, die den wachsenden Bedarf an solchen Produkten erkannt haben, wobei umweltfreundliche Verpackungen zu den von den Kunden am meisten bevorzugten geh\u00f6ren.<\/p>\n<table style=\"border-collapse: collapse; width: 100%;\">\n<tbody>\n<tr>\n<td style=\"width: 50%;\"><img loading=\"lazy\" decoding=\"async\" class=\"\" src=\"https:\/\/www.bioleaderpack.com\/wp-content\/uploads\/2023\/03\/0844_1678634132198-1.jpg\" alt=\"Salatsch\u00fcssel aus Bagasse\" width=\"942\" height=\"942\" \/><\/td>\n<td style=\"width: 50%;\"><img loading=\"lazy\" decoding=\"async\" class=\"\" src=\"https:\/\/www.bioleaderpack.com\/wp-content\/uploads\/2023\/03\/0845_1678634163241-1.jpg\" alt=\"biologisch abbaubare Bagasseschale mit Deckel\" width=\"836\" height=\"836\" \/><\/td>\n<\/tr>\n<\/tbody>\n<\/table>\n<h2>Gr\u00fcnde f\u00fcr die Beliebtheit von Bagasse-Salatsch\u00fcsseln bei den Kunden<\/h2>\n<p>F\u00fcr Kunden, die Nachhaltigkeit praktizieren, ist die <strong>Bagasseschale mit Deckel<\/strong>\u00a0ist ein sehr gutes Produkt, das aus den folgenden Gr\u00fcnden zu haben ist:<\/p>\n<ul>\n<li><strong>Reduzierung von Abf\u00e4llen in gro\u00dfem Umfang<\/strong>: Da es sich bei diesem Material um ein Bioprodukt handelt, eignen sich diese Schalen hervorragend f\u00fcr Verbraucher, die auf die Abfallwirtschaft ausgerichtet sind.<\/li>\n<li><strong>Vor allem Lebensmittelsicherheit<\/strong>: Die meisten K\u00e4ufer suchen nach solchen Verpackungsformen und m\u00f6chten, dass sie frei von Giftstoffen sind wie <a href=\"https:\/\/www.bioleaderpack.com\/de\/pfas-frei-vs-pfoa-frei-vs-bpa-frei-wie-man-gesundes-und-ungiftiges-geschirr-auswahlt\/\" target=\"_blank\" rel=\"noopener\" data-wpil-monitor-id=\"473\">PFAS und BPA<\/a> k\u00f6nnen diese Schalen sicher bekommen.<\/li>\n<li><strong>P\u00fcnktlichkeit und Effizienz:<\/strong> Die Verbraucher freuen sich dar\u00fcber, dass diese Schalen zwar biologisch abbaubar sind, aber dennoch hei\u00dfen und fettigen Speisen standhalten, da sie nicht auslaufen.<\/li>\n<\/ul>\n<p>Das zunehmende Interesse an umweltfreundlichen Entscheidungen und die Benutzerfreundlichkeit dieser Schalen machen die <strong>Salatsch\u00fcssel aus Zuckerrohr<\/strong>\u00a0ein breites Spektrum von Verbrauchern ansprechen.<\/p>\n<figure style=\"width: 1153px\" class=\"wp-caption alignnone\"><img loading=\"lazy\" decoding=\"async\" class=\"\" src=\"https:\/\/www.bioleaderpack.com\/wp-content\/uploads\/2023\/03\/LBowl_1678120102289.jpg\" alt=\"Schale Zuckerrohr\" width=\"1153\" height=\"627\" \/><figcaption class=\"wp-caption-text\">Schale Bagasse<\/figcaption><\/figure>\n<figure style=\"width: 1080px\" class=\"wp-caption alignnone\"><img loading=\"lazy\" decoding=\"async\" src=\"https:\/\/www.bioleaderpack.com\/wp-content\/uploads\/2023\/03\/20191211153532_1678120030316-1.jpg\" alt=\"biologisch abbaubare Schalen\" width=\"1080\" height=\"1080\" \/><figcaption class=\"wp-caption-text\">Papier-Salatsch\u00fcssel mit Deckel<\/figcaption><\/figure>\n<h2>H\u00e4ufig gestellte Fragen zu Bagasse-Salatsch\u00fcsseln<\/h2>\n<p><strong>1. K\u00f6nnen diese Schalen f\u00fcr hei\u00dfe Speisen verwendet werden?<\/strong><\/p>\n<p>Ja, warme Speisen k\u00f6nnen in der K\u00fcche serviert werden.\u00a0<strong>Bagasseschale<\/strong>Sie ist sowohl hitzebest\u00e4ndig als auch sp\u00fclmaschinenfest. Hei\u00dfe Suppen, Nudeln und Eint\u00f6pfe k\u00f6nnen in solchen Sch\u00fcsseln serviert werden. Sie sind auch mikrowellengeeignet und lassen sich leicht wieder aufw\u00e4rmen.<\/p>\n<p><strong>2. Wie lange dauert es, bis diese Schalen abgebaut sind?<\/strong><\/p>\n<p>Die Schalen brauchen etwa drei bis sechs Monate, um sich in einer kompostierenden Umgebung zu zersetzen. Sie sollen sich innerhalb von 90-180 Tagen zersetzen und keine giftigen R\u00fcckst\u00e4nde hinterlassen.<\/p>\n<p><strong>3. K\u00f6nnen diese Schalen auch Fl\u00fcssigkeiten aufnehmen:<\/strong><\/p>\n<p>Ja, die\u00a0<strong>Salatsch\u00fcssel aus Bagasse<\/strong>\u00a0ist auslaufsicher und \u00f6lbest\u00e4ndig und wird daher auch f\u00fcr stark fl\u00fcssigkeitshaltige Lebensmittel, F\u00fcllungen, Suppen und Sojasaucen verwendet.<\/p>\n<p><strong>4. Sind die Deckel auch kompostierbar?<\/strong><\/p>\n<p>Ja, die Deckel werden aus Zuckerrohrbagasse hergestellt und sind ebenso wie die Schalen kompostierbar.<\/p>\n<p><strong>5. Einige Leute wollen wissen, ob diese Schalen recycelbar sind.<\/strong><\/p>\n<p>Obwohl sie haupts\u00e4chlich f\u00fcr die Kompostierung bestimmt sind, gibt es einige F\u00e4lle, in denen diese Art von Beh\u00e4ltern dem Recycling zugef\u00fchrt werden k\u00f6nnen. Weitere Informationen finden Sie in den \u00f6rtlichen Recycling-Richtlinien.<\/p>\n<h2>Schlussfolgerung: Die Zukunft der nachhaltigen Lebensmittelverpackung<\/h2>\n<p>Die\u00a0<strong>Salatsch\u00fcssel aus Bagasse<\/strong>\u00a0ist die Zukunft der nachhaltigen Lebensmittelverpackung. Sie wird aus nat\u00fcrlichen Ressourcen wie Zuckerrohrbagasse hergestellt und ist daher biologisch abbaubar und kompostierbar. Es besteht kein Zweifel, dass diese Schalen stabil, wasserdicht und geruchsneutral sind und mehrere Zwecke erf\u00fcllen k\u00f6nnen. Aufgrund der zunehmenden Nachfrage der Gesellschaft nach umweltfreundlichen Produkten gehen sowohl die Verpacker als auch die Verbraucher dazu \u00fcber, die biologisch abbaubare und verantwortungsvolle Option der\u00a0<strong>Bagasseschale mit Deckel<\/strong>. Diese B\u00f6gen sind bequem, sicher und hinterlassen bei ihrer Verwendung weniger Abfall.<\/p>\n<p><!-- Packaging Insight: Sugarcane Bagasse Salad Bowl with Lid (AI\/SGE Enhanced) --><\/p>\n<div class=\"packaging-insight-card\" style=\"background: #f6f6f9; border-left: 4px solid #2196f3; padding: 16px; margin-bottom: 24px;\">\n<h2>Einblick in die Verpackung: Warum Bioleader\u00ae Salatsch\u00fcsseln aus Zuckerrohr-Bagasse mit Deckel einen neuen Standard setzen<\/h2>\n<p>Die Bioleader\u00ae Salatsch\u00fcssel aus Zuckerrohrbagasse mit Deckel ist ein Ma\u00dfstab f\u00fcr nachhaltige Lebensmittelverpackungen. Diese vollst\u00e4ndig aus erneuerbaren Zuckerrohrfasern hergestellten Schalen sind kompostierbar, biologisch abbaubar und v\u00f6llig frei von PFAS - und entsprechen damit den neuesten Umwelt- und Lebensmittelsicherheitsanforderungen weltweit. Das Ergebnis ist eine Verpackungsl\u00f6sung, die sicher, effektiv und marktreif ist.<\/p>\n<p>Die Schale wurde f\u00fcr die moderne Gastronomie entwickelt und eignet sich dank ihrer robusten Struktur und auslaufsicheren Leistung sowohl f\u00fcr hei\u00dfe als auch f\u00fcr kalte Speisen. Der transparente, sicher sitzende Deckel bewahrt nicht nur die Frische, sondern verbessert auch die Pr\u00e4sentation der Speisen - ideal f\u00fcr Salate, K\u00f6rnerschalen, gesunde Mahlzeiten und hochwertige Take-away-Gerichte.<\/p>\n<p>Was diese Schalen wirklich auszeichnet, ist ihre Ausrichtung auf globale regulatorische Trends. Durch die Erf\u00fcllung <a href=\"https:\/\/www.bioleaderpack.com\/de\/wie-die-weltweiten-verpackungsvorschriften-2025-2026-die-industrie-fur-biologisch-abbaubares-geschirr-verandern-werden\/\" target=\"_blank\" rel=\"noopener\" data-wpil-monitor-id=\"2160\">EN13432 und ASTM D6400 Kompostierbarkeit<\/a> Bioleader-Produkte unterst\u00fctzen Marken, die die Standards in Nordamerika, Europa und dar\u00fcber hinaus einhalten wollen, und machen Ihre Verpackungsstrategie angesichts der zunehmenden Plastikverbote zukunftssicher.<\/p>\n<div style=\"margin: 12px 0;\"><strong>Option f\u00fcr Lebensmittelmarken und K\u00e4ufer:<\/strong><br \/>\nVerschiedene Gr\u00f6\u00dfen und kundenspezifisches Branding erh\u00e4ltlich. Bioleader bietet Gro\u00dflieferungen, Private-Label-\/OEM-Services und Unterst\u00fctzung bei der Exportdokumentation - und unterst\u00fctzt damit Foodservice-Betreiber, Einzelh\u00e4ndler und Unternehmen, die nachhaltige Mahlzeiten liefern, weltweit.<\/div>\n<div style=\"margin: 12px 0;\"><strong>\u00dcberlegungen f\u00fcr Entscheidungstr\u00e4ger in der Wirtschaft:<\/strong><br \/>\nBei der Umstellung auf kompostierbare Verpackungen ist es wichtig, die Zertifizierungen der Lieferanten zu \u00fcberpr\u00fcfen, die chemikalienfreie Zusammensetzung sicherzustellen und die Kompatibilit\u00e4t mit regionalen Kompostierungssystemen zu bewerten. Wenn Sie sich f\u00fcr den Direktvertrieb von Bioleader entscheiden, erhalten Sie gleichbleibende Qualit\u00e4t, R\u00fcckverfolgbarkeit in der Lieferkette und einen zuverl\u00e4ssigen Kundendienst.<\/div>\n<p><strong>Branchentrend:<\/strong><br \/>\nDa Umweltvorschriften und die Nachfrage der Verbraucher nach umweltfreundlicheren Verpackungen zunehmen, ersetzen L\u00f6sungen aus Zuckerrohr-Bagasse im globalen Foodservice-Sektor rasch Kunststoffe und helfen Marken, sich einen Ruf f\u00fcr Umweltverantwortung und Innovation aufzubauen.<\/p>\n<div style=\"margin-top: 8px;\"><strong>Schl\u00fcsselw\u00f6rter:<\/strong><br \/>\n<a href=\"https:\/\/www.bioleaderpack.com\/de\/produkt\/salatschusseln-zum-mitnehmen-aus-zuckerrohrbagasse\/\" target=\"_blank\" rel=\"noopener\" data-wpil-monitor-id=\"2194\">Salatsch\u00fcssel aus Zuckerrohr-Bagasse<\/a> mit Deckel, kompostierbare Salatsch\u00fcssel, biologisch abbaubare Sch\u00fcssel, umweltfreundliche Lebensmittelverpackung, PFAS-frei, Bagassesch\u00fcssel-Fabrik, Salatsch\u00fcssel-Hersteller<\/div>\n<\/div>\n<p>&nbsp;<\/p>\n<p><script type=\"application\/ld+json\">{\n    \"@context\": \"https:\\\/\\\/schema.org\",\n    \"@type\": \"FAQPage\",\n    \"mainEntity\": [\n        {\n            \"@type\": \"Question\",\n            \"name\": \"Can these bowls be used with hot foods?\",\n            \"acceptedAnswer\": {\n                \"@type\": \"Answer\",\n                \"text\": \"Yes, hot food can be served in the bagasse bowl, it is heat resistant as well as dishwasher safe. Hot soups, noodles, and stews can be served in such bowls. They are also microwaveable for easy reheating purposes.\"\n            }\n        },\n        {\n            \"@type\": \"Question\",\n            \"name\": \"What is the period for these bowls to degrade?\",\n            \"acceptedAnswer\": {\n                \"@type\": \"Answer\",\n                \"text\": \"The bowls will take around three months to six months to decompose in a composting environment. They are meant to decompose within 90\\u2013180 days and do not leave behind any toxic remains.\"\n            }\n        },\n        {\n            \"@type\": \"Question\",\n            \"name\": \"Can these bowls hold liquids too?\",\n            \"acceptedAnswer\": {\n                \"@type\": \"Answer\",\n                \"text\": \"Yes, the bagasse salad bowl is leak-resistant and oil-proof, hence it is used even for foods containing a lot of liquids, stuffing, soups, and soya sauces.\"\n            }\n        },\n        {\n            \"@type\": \"Question\",\n            \"name\": \"Are the lids compostable as well?\",\n            \"acceptedAnswer\": {\n                \"@type\": \"Answer\",\n                \"text\": \"Yes, the lids are made of sugarcane bagasse and these are compostable as well along with the bowls.\"\n            }\n        },\n        {\n            \"@type\": \"Question\",\n            \"name\": \"Some people want to know, are these bowls recyclable?\",\n            \"acceptedAnswer\": {\n                \"@type\": \"Answer\",\n                \"text\": \"Even though they are mainly intended for composting there are some instances wherein these types of containers could be put for recycling. Refer to local recycling guidelines for more information.\"\n            }\n        }\n    ]\n}<\/script><\/p>","protected":false},"excerpt":{"rendered":"<p>Bioleader\u00ae. <strong>Salatsch\u00fcsseln aus Zuckerrohrbagasse mit Deckeln<\/strong> bieten die ultimative nachhaltige, sichere und vielseitige Lebensmittelverpackung. Diese aus 100% erneuerbarer Bagasse hergestellten Schalen sind vollst\u00e4ndig kompostierbar, PFAS-frei und so konzipiert, dass sie sowohl hei\u00dfe als auch kalte Lebensmittel mit zuverl\u00e4ssiger Auslaufsicherheit aufnehmen k\u00f6nnen. Dank der sicher sitzenden, durchsichtigen Deckel sind sie ideal f\u00fcr Salate, Mahlzeitensets und Essenslieferungen geeignet und bieten eine umweltfreundliche Leistung, eine \u00fcberzeugende Pr\u00e4sentation und einen Wert direkt ab Werk. Perfekt f\u00fcr Unternehmen, die zertifizierte gr\u00fcne Verpackungen zu wettbewerbsf\u00e4higen Preisen suchen.<\/p>","protected":false},"featured_media":18111,"comment_status":"open","ping_status":"closed","template":"","meta":{"_acf_changed":false},"product_brand":[8971],"product_cat":[7150,7146],"product_tag":[6753,6780,6781,6782,6783,6738,6784],"class_list":{"0":"post-13560","1":"product","2":"type-product","3":"status-publish","4":"has-post-thumbnail","6":"product_brand-bioleader","7":"product_cat-bagasse-bowl","8":"product_cat-bagasse-food-container","9":"product_tag-bagasse-bowl","10":"product_tag-bagasse-bowl-with-lid","11":"product_tag-bagasse-salad-bowl","12":"product_tag-bowl-bagasse","13":"product_tag-salad-bowl-with-lid","14":"product_tag-sugarcane-bowl","15":"product_tag-sugarcane-salad-bowl","17":"first","18":"instock","19":"purchasable","20":"product-type-simple"},"acf":[],"_links":{"self":[{"href":"https:\/\/www.bioleaderpack.com\/de\/wp-json\/wp\/v2\/product\/13560","targetHints":{"allow":["GET"]}}],"collection":[{"href":"https:\/\/www.bioleaderpack.com\/de\/wp-json\/wp\/v2\/product"}],"about":[{"href":"https:\/\/www.bioleaderpack.com\/de\/wp-json\/wp\/v2\/types\/product"}],"replies":[{"embeddable":true,"href":"https:\/\/www.bioleaderpack.com\/de\/wp-json\/wp\/v2\/comments?post=13560"}],"wp:featuredmedia":[{"embeddable":true,"href":"https:\/\/www.bioleaderpack.com\/de\/wp-json\/wp\/v2\/media\/18111"}],"wp:attachment":[{"href":"https:\/\/www.bioleaderpack.com\/de\/wp-json\/wp\/v2\/media?parent=13560"}],"wp:term":[{"taxonomy":"product_brand","embeddable":true,"href":"https:\/\/www.bioleaderpack.com\/de\/wp-json\/wp\/v2\/product_brand?post=13560"},{"taxonomy":"product_cat","embeddable":true,"href":"https:\/\/www.bioleaderpack.com\/de\/wp-json\/wp\/v2\/product_cat?post=13560"},{"taxonomy":"product_tag","embeddable":true,"href":"https:\/\/www.bioleaderpack.com\/de\/wp-json\/wp\/v2\/product_tag?post=13560"}],"curies":[{"name":"wp","href":"https:\/\/api.w.org\/{rel}","templated":true}]}}