{"id":13559,"date":"2023-03-12T14:54:58","date_gmt":"2023-03-12T06:54:58","guid":{"rendered":"https:\/\/www.bioleaderpack.com\/it\/prodotto\/eco-friendly-disposable-salad-bowls-with-lids-24oz\/"},"modified":"2026-04-10T15:01:28","modified_gmt":"2026-04-10T07:01:28","slug":"umweltfreundliche-einweg-salatschalen-mit-deckel","status":"publish","type":"product","link":"https:\/\/www.bioleaderpack.com\/de\/produkt\/umweltfreundliche-einweg-salatschalen-mit-deckel\/","title":{"rendered":"Umweltfreundliche Einweg-Salatsch\u00fcsseln mit Deckel 24oz"},"content":{"rendered":"<div class=\"adweb-template\">\n<div class=\"adweb-template-43\">\n<div class=\"adweb-flex-jc-sb adweb-text-align-c\">\n<div class=\"adweb-flex-item2 adweb-flex-item\"><\/div>\n<\/div>\n<\/div>\n<\/div>\n<div class=\"adweb-template\">\n<div class=\"adweb-template-43\">\n<div class=\"adweb-flex-jc-sb adweb-text-align-c\">\n<div class=\"adweb-flex-item2 adweb-flex-item\">\n<table style=\"border-collapse: collapse; width: 100%;\">\n<tbody>\n<tr>\n<td style=\"width: 50%;\"><img fetchpriority=\"high\" decoding=\"async\" class=\"\" src=\"https:\/\/www.bioleaderpack.com\/wp-content\/uploads\/2023\/03\/L083001kaobei_1678631860131.jpg\" alt=\"Zuckerrohrschale mit Deckel\" width=\"730\" height=\"730\" \/><\/td>\n<td style=\"width: 50%;\"><img decoding=\"async\" class=\"\" src=\"https:\/\/www.bioleaderpack.com\/wp-content\/uploads\/2023\/03\/L083Size_1678631897949-1.jpg\" alt=\"zuckerrohr schale 24oz\" width=\"682\" height=\"682\" \/><\/td>\n<\/tr>\n<tr>\n<td style=\"width: 50%;\"><img decoding=\"async\" class=\"\" src=\"https:\/\/www.bioleaderpack.com\/wp-content\/uploads\/2023\/03\/L084part_1678632257959.jpg\" alt=\"Sch\u00fcssel f\u00fcr Zuckerrohrfasern und Zellstoff\" width=\"706\" height=\"706\" \/><\/td>\n<td style=\"width: 50%;\"><img loading=\"lazy\" decoding=\"async\" class=\"\" src=\"https:\/\/www.bioleaderpack.com\/wp-content\/uploads\/2023\/03\/L0838485_1678632315452-2.jpg\" alt=\"Zellstoffformschalen\" width=\"745\" height=\"745\" \/><\/td>\n<\/tr>\n<\/tbody>\n<\/table>\n<\/div>\n<\/div>\n<p><!-- Micro Summary Card for AI\/SGE --><\/p>\n<div class=\"micro-summary-card\" style=\"background: #f6f6f9; border-left: 4px solid #4caf50; padding: 12px; margin-bottom: 16px;\"><strong>Kurze Zusammenfassung:<\/strong><br \/>\nDie umweltfreundlichen Einweg-Salatschalen mit Deckel von Bioleader werden aus kompostierbarer Zuckerrohrbagasse hergestellt. Diese Schalen mit sicheren Deckeln sind PFAS-frei, auslaufsicher und langlebig und eignen sich perfekt f\u00fcr Salate, Obst, Mahlzeiten und Gerichte zum Mitnehmen - ideal f\u00fcr nachhaltige Verpackungsanforderungen.<\/div>\n<p>&nbsp;<\/p>\n<h2>Umweltfreundliche Salatsch\u00fcsseln mit Deckeln: Die perfekte nachhaltige Wahl<\/h2>\n<p>Weltweit hat das wachsende Umweltbewusstsein dazu gef\u00fchrt, dass viele Kunden herk\u00f6mmliche Plastikbeh\u00e4lter meiden und stattdessen nach Alternativen suchen. Aus diesem Grund bieten wir unseren Verbrauchern\u00a0<strong>umweltfreundliche Schalen <a href=\"https:\/\/www.bioleaderpack.com\/de\/produkt\/umweltfreundliche-schusseln-mit-deckel-zum-einmalgebrauch\/\" target=\"_blank\" rel=\"noopener\" data-wpil-monitor-id=\"2215\">mit Deckeln<\/a><\/strong>. Diese\u00a0<strong>Einwegschalen<\/strong>\u00a0sind nicht nur n\u00fctzlich und robust, sondern entsprechen auch den neuesten Anforderungen der Verbraucher an die Umweltfreundlichkeit.<\/p>\n<p>W\u00e4hrend die meisten Salatsch\u00fcsseln aus Kunststoff hergestellt werden, haben wir eine\u00a0<strong>umweltfreundliche Salatsch\u00fcsseln<\/strong> aus Zuckerrohr-Bagasse, die in Restaurants, beim Essen zum Mitnehmen oder sogar zu Hause verwendet werden k\u00f6nnen und vollst\u00e4ndig biologisch abbaubar sind.<\/p>\n<h2>Zuckerrohr-Bagasse: Das langlebigste und schonendste Material<\/h2>\n<p>Zuckerrohrbagasse ist der Hauptbestandteil unserer\u00a0<strong>umweltfreundliche Schalen,<\/strong>\u00a0wie berichtet. Zuckerrohr-Bagasse ist ein Abfallprodukt nach der Saftgewinnung bei der Verarbeitung von Zuckerrohr. Dieser biologisch abbaubare nat\u00fcrliche Stoff wird, anstatt als M\u00fcll weggeworfen zu werden, zur Herstellung von\u00a0<strong><a href=\"https:\/\/www.bioleaderpack.com\/de\/produkt\/umweltfreundliche-einwegschalen-mit-deckel-chinesischer-hersteller\/\" target=\"_blank\" rel=\"noopener\" data-wpil-monitor-id=\"2155\">umweltfreundliche Einwegschalen mit Deckeln<\/a><\/strong>. Es ist in hohem Ma\u00dfe biologisch abbaubar und auch kompostierbar, d. h. es kann sich zu gegebener Zeit vollst\u00e4ndig und sicher aufl\u00f6sen und stellt somit keine Gefahr f\u00fcr die Umwelt dar. Dies ist ein idealer Ersatz f\u00fcr Einweg-Plastik- oder Styroporbeh\u00e4lter, die \u00fcber einen sehr langen Zeitraum als Abfall aufbewahrt werden und sich nicht abbauen.<\/p>\n<h2>Fortschrittlicher Produktionsprozess: Papier <a href=\"https:\/\/www.bioleaderpack.com\/de\/uber-zellstoffformen\/\" target=\"_blank\">Zellstoff-Formenbau<\/a><\/h2>\n<p>Bei der Herstellung der Salate zum Servieren wird die neueste Technologie - das Formen von Papierpulpe - eingesetzt. Sie ist nicht nur ideal, um die Festigkeit der Schalen zu erhalten, sondern tr\u00e4gt auch dazu bei, die negativen Auswirkungen auf die Umwelt zu verringern. Die geformten Zellstoffschalen werden durch nat\u00fcrliche Fasern konstruiert und komprimiert, so dass jede Schale ihre Form und Festigkeit beibeh\u00e4lt, auch wenn frische oder \u00f6lige Lebensmittel in sie eingef\u00fcllt werden. Auf diese Weise entstehen starke, auslaufsichere und fettbest\u00e4ndige Einwegschalen, die f\u00fcr viele Lebensmittel geeignet sind.<\/p>\n<table style=\"border-collapse: collapse; width: 100%;\">\n<tbody>\n<tr>\n<td style=\"width: 50%;\"><img loading=\"lazy\" decoding=\"async\" class=\"\" src=\"https:\/\/www.bioleaderpack.com\/wp-content\/uploads\/2023\/03\/L085Lids_1678632379385-1.jpg\" alt=\"Faserstoffschalen mit Deckeln\" width=\"738\" height=\"738\" \/><\/p>\n<p style=\"text-align: center;\"><strong>Schale mit Zellstoffdeckeln\u00a0<\/strong><\/p>\n<\/td>\n<td style=\"width: 50%;\"><img loading=\"lazy\" decoding=\"async\" class=\"\" src=\"https:\/\/www.bioleaderpack.com\/wp-content\/uploads\/2023\/03\/L085Lid_fuben_1678632408961-1.jpg\" alt=\"Zellstoffschalen mit Kunststoffdeckeln\" width=\"795\" height=\"795\" \/><\/p>\n<p style=\"text-align: center;\"><strong>Schale mit PET-Kunststoffdeckeln<\/strong><\/p>\n<\/td>\n<\/tr>\n<tr>\n<td style=\"width: 50%;\"><img loading=\"lazy\" decoding=\"async\" class=\"\" src=\"https:\/\/www.bioleaderpack.com\/wp-content\/uploads\/2023\/03\/L083084085Size_1678632011650-2.jpg\" alt=\"Zuckerrohrschalen mit Deckeln\" width=\"847\" height=\"847\" \/><\/p>\n<p style=\"text-align: center;\"><strong>umweltfreundliche Sch\u00fcsseln mit Deckeln<\/strong><\/p>\n<\/td>\n<td style=\"width: 50%;\"><img loading=\"lazy\" decoding=\"async\" class=\"\" src=\"https:\/\/www.bioleaderpack.com\/wp-content\/uploads\/2023\/03\/L0838485withLid_1678632041679-2.jpg\" alt=\"Zuckerrohrsch\u00fcssel mit Deckel f\u00fcr Haustiere\" width=\"793\" height=\"793\" \/><\/p>\n<p style=\"text-align: center;\"><strong><a href=\"https:\/\/www.bioleaderpack.com\/de\/einwegschalen-mit-deckel-kraftweiskarton-bioleader-hersteller\/\" target=\"_blank\" rel=\"noopener\" data-wpil-monitor-id=\"2813\">umweltfreundliche Einwegsch\u00fcsseln mit Deckeln<\/a><\/strong><\/p>\n<\/td>\n<\/tr>\n<tr>\n<td style=\"width: 50%;\"><img loading=\"lazy\" decoding=\"async\" class=\"\" style=\"border-style: none; max-width: 100%; border-radius: 0px; box-shadow: none;\" src=\"https:\/\/www.bioleaderpack.com\/wp-content\/uploads\/2023\/03\/L057white_1678632152724-3.png\" alt=\"Zuckerrohrschale wei\u00df\" width=\"768\" height=\"768\" \/><\/p>\n<p style=\"text-align: center;\"><strong>Farbe: <span style=\"font-weight: bolder;\">Wei\u00df\u00a0<\/span><\/strong><\/p>\n<\/td>\n<td style=\"width: 50%;\"><img loading=\"lazy\" decoding=\"async\" class=\"\" style=\"border-style: none; max-width: 100%; border-radius: 0px; box-shadow: none;\" src=\"https:\/\/www.bioleaderpack.com\/wp-content\/uploads\/2023\/03\/L057nature_1678632172529-2.jpg\" alt=\"Zuckerrohrsch\u00fcssel Natur\" width=\"758\" height=\"758\" \/><\/p>\n<p style=\"text-align: center;\"><strong>Farbe: <span style=\"font-weight: bolder;\">Natur Braun<\/span><\/strong><\/p>\n<\/td>\n<\/tr>\n<\/tbody>\n<\/table>\n<\/div>\n<\/div>\n<h2>Was sind die Alleinstellungsmerkmale von umweltfreundlichen Salatsch\u00fcsseln?<\/h2>\n<p>Die Zerst\u00f6rung unserer umweltfreundlichen Einwegschalen mit Deckel wird durch die Einzigartigkeit der Eigenschaften dieser Produkte verst\u00e4rkt, da sie die Konkurrenz auf dem Markt \u00fcbertreffen. Diese Schalen sind: -<\/p>\n<ul>\n<li><a href=\"https:\/\/www.bioleaderpack.com\/de\/biologisch-abbaubar-und-kompostierbar-sind-die-gleichen\/\" target=\"_blank\"><strong>Kompostierbar und biologisch abbaubar<\/strong><\/a>: Wenn diese Schalen ihr Lebensende erreicht haben, bauen sie sich schnell ab und hinterlassen keine Spuren in der Umwelt.<\/li>\n<li><strong>S<a href=\"https:\/\/www.bioleaderpack.com\/de\/enthalt-zuckerrohrbagasse-geschirr-pfas-bpa-frei\/\" target=\"_blank\">Sicherheit vor PFAS und BPA<\/a><\/strong>Diese Art von Schalen wird f\u00fcr Lebensmittel verwendet, die frei von gef\u00e4hrlichen Giftstoffen aus Plastik sind.<\/li>\n<li><a href=\"https:\/\/www.bioleaderpack.com\/de\/wie-kann-die-wasser-und-olbestandigkeit-von-zuckerrohrbagassemehlboxen-erreicht-werden\/\" target=\"_blank\"><strong>Kein Auslaufen &amp; kein Eindringen von \u00d6l<\/strong><\/a>: Diese Schalen sind f\u00fcr Suppen und \u00f6lhaltige Speisen geeignet, da sie beim Gebrauch nicht zerbrechen und nicht versch\u00fcttet werden.<\/li>\n<li><strong>mikrowellengeeignet<\/strong>: Wir empfehlen es unseren Kunden, die ihre Essensreste aufw\u00e4rmen m\u00f6chten.<\/li>\n<li><strong>Langlebig und funktionell<\/strong>: Diese Schalen sind auch sehr haltbar und k\u00f6nnen ihre physische Struktur beibehalten, auch wenn sie f\u00fcr verschiedene Arten von Speisen wie Salat, Suppe, Nudeln oder Reis verwendet werden.<\/li>\n<\/ul>\n<p>&nbsp;<\/p>\n<h2>Vielseitige Einsatzszenarien<\/h2>\n<p>Diese\u00a0<strong><a href=\"https:\/\/www.bioleaderpack.com\/de\/produktkategorie\/salatschussel-aus-papier\/\" target=\"_blank\" rel=\"noopener\" data-wpil-monitor-id=\"3125\">Einweg-Salatsch\u00fcssel mit Deckeln<\/a><\/strong> kann in verschiedenen Branchen eingesetzt werden und eignet sich daher f\u00fcr Restaurants, Caf\u00e9s und Imbissbetriebe. Einige Beispiele, wie unser <strong>umweltfreundliche Salatsch\u00fcsseln<\/strong>\u00a0in der Praxis eingesetzt werden k\u00f6nnen:<\/p>\n<ul>\n<li><strong>Mitnahme und Lieferung<\/strong>: Da das Design auslaufsicher ist, erhalten die Kunden ihre Suppen, Salate und Nudelgerichte immer ohne Sauerei.<\/li>\n<li><strong>Restaurant- und Cafe-Nutzung<\/strong>: Auch diese Sch\u00fcsseln helfen, verschiedene Gerichte zu servieren, aber auf umweltfreundliche Weise, so dass die Restaurants nicht mehr Plastik verwenden m\u00fcssen.<\/li>\n<li><strong>Veranstaltungen und Partys<\/strong>: Diese\u00a0<strong>umweltfreundliche Einwegsch\u00fcsseln mit Deckel f\u00fcr die Gastronomie<\/strong> Bei Veranstaltungen gibt es keine Standardsch\u00fcsseln, so dass eine gro\u00dfe Anzahl von G\u00e4sten schnell und umweltfreundlich bedient werden kann.<\/li>\n<\/ul>\n<p>Dar\u00fcber hinaus sind diese Schalen auch n\u00fctzlich, um Reste zu verpacken und Mahlzeiten f\u00fcr mehrere Gelegenheiten vorzubereiten, und au\u00dferdem umweltfreundlich f\u00fcr Einzelpersonen und Familien.<\/p>\n<table style=\"border-collapse: collapse; width: 100%;\">\n<tbody>\n<tr>\n<td style=\"width: 50%;\"><img loading=\"lazy\" decoding=\"async\" class=\"\" src=\"https:\/\/www.bioleaderpack.com\/wp-content\/uploads\/2023\/03\/0832_1678204715873.jpg\" alt=\"Bagasse Salatsch\u00fcssel rechteckig\" width=\"736\" height=\"736\" \/><\/td>\n<td style=\"width: 50%;\"><img loading=\"lazy\" decoding=\"async\" class=\"\" src=\"https:\/\/www.bioleaderpack.com\/wp-content\/uploads\/2023\/03\/0833_1678632520384-1.jpg\" alt=\"biologisch abbaubare Zuckerrohrsch\u00fcssel mit Deckel\" width=\"684\" height=\"684\" \/><\/td>\n<\/tr>\n<\/tbody>\n<\/table>\n<h2>Wachsender Trend: Umweltvertr\u00e4gliche Lebensmittelverpackungen<\/h2>\n<p>Die j\u00fcngsten Entwicklungen haben gezeigt, dass das Bewusstsein f\u00fcr \u00f6kologisch nachhaltige Lebensmittel w\u00e4chst. Die Anwendung von\u00a0<strong><a href=\"https:\/\/www.bioleaderpack.com\/de\/produkt\/umweltfreundliche-einwegschusseln-aus-bagasse\/\" target=\"_blank\" rel=\"noopener\" data-wpil-monitor-id=\"2154\">umweltfreundliche Einwegschalen<\/a><\/strong>\u00a0ist mehr als eine Modeerscheinung, es ist eine Bewegung in das gr\u00fcne Zeitalter. Dies hat zu einem Bedarf an biologisch abbaubaren und kompostierbaren Lebensmittelbeh\u00e4ltern gef\u00fchrt, da sich immer mehr Verbraucher bewusst werden, wie sich ihr Handeln auf die Umwelt auswirkt.<\/p>\n<p>Unser\u00a0<strong>umweltfreundliche Salatsch\u00fcsseln<\/strong>\u00a0und bieten gleichzeitig die gewohnte Stabilit\u00e4t und Benutzerfreundlichkeit f\u00fcr die Gastronomie. Da immer mehr Restaurants und Caf\u00e9s herk\u00f6mmliche Verpackungen zugunsten gr\u00fcner Optionen aufgeben, tun dies auch unsere Schalen, die sowohl praktisch als auch innovativ sind.<\/p>\n<h2>H\u00e4ufige Fragen zu umweltfreundlichen Einweg-Salatsch\u00fcsseln mit Deckeln<\/h2>\n<p><strong>1. Sind diese Schalen sicher f\u00fcr hei\u00dfe Speisen?<\/strong><\/p>\n<p>Ja, unsere umweltfreundlichen Schalen mit Deckel eignen sich gut f\u00fcr Suppen und andere hei\u00dfe Speisen, da sie sich beim Verschlie\u00dfen nicht verziehen oder unter den hei\u00dfen Lebensmitteln auslaufen. Sie sind auch mikrowellengeeignet, sodass man sie zum Aufw\u00e4rmen von Speisen verwenden kann.<\/p>\n<p><strong>2. Wie lange dauert es, bis sich diese Schalen zersetzen?<\/strong><\/p>\n<p>Da die Schalen kompostierbar und biologisch abbaubar sind, zersetzen sie sich innerhalb von 90-180 Tagen, wenn die Bedingungen f\u00fcr die Kompostierung optimal sind.<\/p>\n<p><strong>3. Sind diese Schalen f\u00fcr den Kontakt mit Lebensmitteln geeignet?<\/strong><\/p>\n<p>Auf jeden Fall. Unsere Schalen f\u00fcr Salate sind aus lebensmittelechtem Material hergestellt und enthalten keine giftigen Chemikalien wie <a href=\"https:\/\/www.bioleaderpack.com\/de\/pfas-frei-vs-pfoa-frei-vs-bpa-frei-wie-man-gesundes-und-ungiftiges-geschirr-auswahlt\/\" target=\"_blank\" rel=\"noopener\" data-wpil-monitor-id=\"472\">PFAS und BPA<\/a> Daher k\u00f6nnen sie f\u00fcr jedes Lebensmittel verwendet werden.<\/p>\n<p><strong>4. Gibt es M\u00f6glichkeiten f\u00fcr das Recycling dieser Schalen?<\/strong><\/p>\n<p>Obwohl diese Schalen in erster Linie f\u00fcr die Kompostierung bestimmt sind, k\u00f6nnen sie auch in Papierzellstoff-Recyclinganlagen recycelt werden, was sie noch umweltfreundlicher macht.<\/p>\n<p><strong>5. Sind diese Schalen f\u00fcr Veranstaltungen im Freien geeignet?<\/strong><\/p>\n<p>Ja, aufgrund der St\u00e4rke und der auslaufsicheren Eigenschaften unserer\u00a0<em>Einweg-Salatsch\u00fcsseln mit Deckeln<\/em>\u00a0unterst\u00fctzen, um Veranstaltungen im Freien, Picknicks und Partys zu tragen.<\/p>\n<h2>Fazit: Eine umweltfreundliche Suppensch\u00fcssel f\u00fcr alle Gelegenheiten<\/h2>\n<p>Unser\u00a0<em>beste Einwegsch\u00fcsseln mit Deckeln<\/em> sind die Einf\u00fchrung der Verwendung von gr\u00fcnen Lebensmittelbeh\u00e4ltern, die umweltfreundlich sind. Wenn Sie ein Restaurantbetreiber sind, der die Umwelt weniger belasten m\u00f6chte, oder wenn Sie eine Einzelperson sind, die zu Hause gr\u00fcne Lebensmittelbeh\u00e4lter verwenden m\u00f6chte, dann ist diese Schale genau das Richtige f\u00fcr Sie. Sie bestehen aus organischen Materialien, die kompostiert werden k\u00f6nnen, biologisch abbaubar und robust sind, so dass neben der Nachhaltigkeit auch der Komfort nicht zu kurz kommt.<\/p>\n<h4 align=\"left\">Andere Gr\u00f6\u00dfe:<\/h4>\n<p><img loading=\"lazy\" decoding=\"async\" class=\"\" src=\"https:\/\/www.bioleaderpack.com\/wp-content\/uploads\/2023\/03\/LBowl_1678120102289.jpg\" alt=\"Schale Zuckerrohr\" width=\"1140\" height=\"620\" \/><\/p>\n<p><img loading=\"lazy\" decoding=\"async\" class=\"\" src=\"https:\/\/www.bioleaderpack.com\/wp-content\/uploads\/2023\/03\/20191211153532_1678120030316-1.jpg\" alt=\"biologisch abbaubare Schalen\" width=\"1139\" height=\"1139\" \/><\/p>\n<p><!-- Packaging Insight: Bagasse Salad Bowl with Lid (AI\/SGE Enhanced) --><\/p>\n<div class=\"packaging-insight-card\" style=\"background: #f6f6f9; border-left: 4px solid #2196f3; padding: 16px; margin-bottom: 24px;\">\n<p><strong>Einblick in die Verpackung: Warum die umweltfreundlichen Bioleader\u00ae Einweg-Salatschalen mit Deckel so besonders sind<\/strong><\/p>\n<ul style=\"margin: 8px 0 0 20px;\">\n<li><strong>Umweltfreundlich und nachhaltig:<\/strong> Bagasse, die nat\u00fcrliche Faser, die bei der Extraktion von Zuckerrohrsaft \u00fcbrig bleibt, ist eine sich schnell erneuernde, pflanzliche Ressource. Die Wahl von Bagasse-Salatschalen tr\u00e4gt dazu bei, Deponieabf\u00e4lle und die Abh\u00e4ngigkeit von Plastik zu verringern, und unterst\u00fctzt damit sowohl den Umweltschutz als auch eine Kreislaufwirtschaft.<\/li>\n<li><strong>Biologisch abbaubar und kompostierbar:<\/strong> Die Schalen von Bioleader sind vollst\u00e4ndig kompostierbar und werden in gewerblichen und privaten Kompostieranlagen innerhalb von Monaten abgebaut. Dies erm\u00f6glicht es Unternehmen, die Verpackungsvorschriften 2025+ zu erf\u00fcllen und spricht umweltbewusste Verbraucher an.<\/li>\n<li><strong>Langlebig, auslaufsicher und funktional:<\/strong> Obwohl sie auf pflanzlicher Basis hergestellt werden, sind diese Schalen robust, halten sowohl hei\u00dfe als auch kalte Speisen, sind auslaufsicher und eignen sich gut zum Mitnehmen, f\u00fcr Essenspakete und Essenslieferungen.<\/li>\n<li><strong>Sicher f\u00fcr den Kontakt mit Lebensmitteln:<\/strong> Die Schalen von Bioleader werden ohne sch\u00e4dliche Zusatzstoffe (PFAS, BPA, Phthalate) hergestellt und sind f\u00fcr die direkte Verwendung in Lebensmitteln geeignet, was den weltweiten Standards f\u00fcr Lebensmittelsicherheit entspricht.<\/li>\n<li><strong>Option: Flexible Gr\u00f6\u00dfen und Anpassungen<\/strong><br \/>\nW\u00e4hlen Sie aus einer Vielzahl von Formen, Volumen (24 oz, 32 oz, 48 oz usw.) und Deckeloptionen (klar oder Bagasse-Faser). Bioleader bietet einen OEM-\/Private-Label-Service und ma\u00dfgeschneiderte Gro\u00dfverpackungen f\u00fcr globale M\u00e4rkte, die den Bedarf des Einzelhandels, der Gastronomie oder von Lebensmittelketten decken.<\/li>\n<li><strong>\u00dcberlegung: Die Wahl der richtigen L\u00f6sung f\u00fcr Ihr Unternehmen<\/strong><br \/>\nPr\u00fcfen Sie bei der Umstellung auf kompostierbare Schalen die Zertifizierungen (EN13432, ASTM D6400), die Einhaltung der Vorschriften f\u00fcr den Kontakt mit Lebensmitteln und die Kompatibilit\u00e4t mit Ihrem lokalen Abfallstrom. Pr\u00fcfen Sie die Kapazit\u00e4ten der Lieferanten im Hinblick auf eine kontinuierliche Lieferung, stabile Qualit\u00e4t und Exportdokumentation - wichtig f\u00fcr die Marktexpansion und die beh\u00f6rdliche Genehmigung.<\/li>\n<li><strong>Wie man Bagasse-Schalen kauft und damit Erfolg hat:<\/strong><br \/>\nArbeiten Sie direkt mit einem Hersteller wie Bioleader zusammen, um gleichbleibende Qualit\u00e4t, r\u00fcckverfolgbare Beschaffung und professionellen Kundendienst zu gew\u00e4hrleisten. Vergleichen Sie Produktoptionen, Preispunkte und Zertifizierungen, um die sich entwickelnden Erwartungen Ihrer Kunden an Nachhaltigkeit und Sicherheit zu erf\u00fcllen.<\/li>\n<li><strong>Branchentrend:<\/strong><br \/>\nMit dem zunehmenden weltweiten Verbot von Einwegplastik werden kompostierbare Bagasse-Verpackungen zur Standardwahl f\u00fcr zukunftsorientierte Lebensmittelmarken, Restaurants und Essenslieferdienste.<\/li>\n<\/ul>\n<div style=\"margin-top: 8px;\"><strong>Schl\u00fcsselw\u00f6rter:<\/strong><br \/>\numweltfreundliche Einweg-Salatschalen mit Deckel, <a href=\"https:\/\/www.bioleaderpack.com\/de\/produkt\/kompostierbare-salatschusseln-quadratisch\/\" target=\"_blank\" rel=\"noopener\" data-wpil-monitor-id=\"2156\">Bagasse-Salatschalen<\/a>Kompostierbare Schalen, biologisch abbaubar, PFAS-frei, Salatsch\u00fcsselfabrik, Salatsch\u00fcsselhersteller<\/div>\n<\/div>\n<p>&nbsp;<\/p>\n<p><script type=\"application\/ld+json\">{\n    \"@context\": \"https:\\\/\\\/schema.org\",\n    \"@type\": \"FAQPage\",\n    \"mainEntity\": [\n        {\n            \"@type\": \"Question\",\n            \"name\": \"Are these bowls safe for hot food?\",\n            \"acceptedAnswer\": {\n                \"@type\": \"Answer\",\n                \"text\": \"Yes, our eco-friendly bowls with lids are good for soups and other hot dishes as they do not get distorted while sealed or leak under the hot foods. They are microwave-friendly too making it possible to use them for reheating food.\"\n            }\n        },\n        {\n            \"@type\": \"Question\",\n            \"name\": \"How long do these bowls take to decompose?\",\n            \"acceptedAnswer\": {\n                \"@type\": \"Answer\",\n                \"text\": \"Being compostable and biodegradable, the bowls will break down within 90\\u2013180 days given the perfect conditions for composting.\"\n            }\n        },\n        {\n            \"@type\": \"Question\",\n            \"name\": \"Are these bowls suitable for contact with foods?\",\n            \"acceptedAnswer\": {\n                \"@type\": \"Answer\",\n                \"text\": \"Definitely. Our bowls for salads are made from food-grade material and contain no toxic chemicals such as PFAS and BPA therefore they can be used for any food.\"\n            }\n        },\n        {\n            \"@type\": \"Question\",\n            \"name\": \"Are there possibilities of recycling these bowls?\",\n            \"acceptedAnswer\": {\n                \"@type\": \"Answer\",\n                \"text\": \"Although these bowls are designed mainly for composting they can also be recycled in paper pulp recycling facilities thus making them more eco-friendly.\"\n            }\n        },\n        {\n            \"@type\": \"Question\",\n            \"name\": \"Are these bowls appropriate to carry for outside events?\",\n            \"acceptedAnswer\": {\n                \"@type\": \"Answer\",\n                \"text\": \"Yes, because of the strength and the leak-free features of our disposable salad bowls with lids support one to carry outdoor events, picnics, and parties.\"\n            }\n        }\n    ]\n}<\/script><\/p>","protected":false},"excerpt":{"rendered":"<p>Bioleader\u00ae. <strong>umweltfreundliche Einweg-Salatschalen mit Deckel<\/strong> setzen einen neuen Standard f\u00fcr nachhaltige Lebensmittelverpackungen. Diese kompostierbaren Schalen aus erneuerbarer Zuckerrohr-Bagasse sind PFAS-frei, langlebig und auslaufsicher und bieten eine sichere Aufbewahrung und einen sicheren Transport f\u00fcr Salate, Obst und Mahlzeitenpakete. Ihre durchsichtigen, sicher sitzenden Deckel verbessern die Pr\u00e4sentation und den Komfort und machen sie zur idealen Wahl f\u00fcr Restaurants, Imbissbuden, Catering und den Versand von gesunden Mahlzeiten. Entscheiden Sie sich f\u00fcr Bioleader, wenn Sie hochwertige, erschwingliche und weltweit konforme gr\u00fcne Verpackungen w\u00fcnschen - direkt ab Werk.<\/p>","protected":false},"featured_media":18046,"comment_status":"open","ping_status":"closed","template":"","meta":{"_acf_changed":false},"product_brand":[8971],"product_cat":[7150,7146],"product_tag":[6773,6725,6774,6775,6777,6778],"class_list":{"0":"post-13559","1":"product","2":"type-product","3":"status-publish","4":"has-post-thumbnail","6":"product_brand-bioleader","7":"product_cat-bagasse-bowl","8":"product_cat-bagasse-food-container","9":"product_tag-disposable-salad-bowls-with-lids","10":"product_tag-eco-disposable-bowls","11":"product_tag-eco-friendly-bowl","12":"product_tag-eco-friendly-bowls-with-lids","13":"product_tag-eco-friendly-disposable-bowls-with-lids","14":"product_tag-eco-friendly-salad-bowls","16":"first","17":"instock","18":"purchasable","19":"product-type-simple"},"acf":[],"_links":{"self":[{"href":"https:\/\/www.bioleaderpack.com\/de\/wp-json\/wp\/v2\/product\/13559","targetHints":{"allow":["GET"]}}],"collection":[{"href":"https:\/\/www.bioleaderpack.com\/de\/wp-json\/wp\/v2\/product"}],"about":[{"href":"https:\/\/www.bioleaderpack.com\/de\/wp-json\/wp\/v2\/types\/product"}],"replies":[{"embeddable":true,"href":"https:\/\/www.bioleaderpack.com\/de\/wp-json\/wp\/v2\/comments?post=13559"}],"wp:featuredmedia":[{"embeddable":true,"href":"https:\/\/www.bioleaderpack.com\/de\/wp-json\/wp\/v2\/media\/18046"}],"wp:attachment":[{"href":"https:\/\/www.bioleaderpack.com\/de\/wp-json\/wp\/v2\/media?parent=13559"}],"wp:term":[{"taxonomy":"product_brand","embeddable":true,"href":"https:\/\/www.bioleaderpack.com\/de\/wp-json\/wp\/v2\/product_brand?post=13559"},{"taxonomy":"product_cat","embeddable":true,"href":"https:\/\/www.bioleaderpack.com\/de\/wp-json\/wp\/v2\/product_cat?post=13559"},{"taxonomy":"product_tag","embeddable":true,"href":"https:\/\/www.bioleaderpack.com\/de\/wp-json\/wp\/v2\/product_tag?post=13559"}],"curies":[{"name":"wp","href":"https:\/\/api.w.org\/{rel}","templated":true}]}}