{"id":13554,"date":"2023-03-07T07:58:06","date_gmt":"2023-03-06T23:58:06","guid":{"rendered":"https:\/\/www.bioleaderpack.com\/product\/compostable-biodegradable-plates-and-bowls-bulk-wholesale\/"},"modified":"2026-04-24T17:14:12","modified_gmt":"2026-04-24T09:14:12","slug":"kompostierbare-biologisch-abbaubare-teller-und-schusseln","status":"publish","type":"product","link":"https:\/\/www.bioleaderpack.com\/de\/produkt\/kompostierbare-biologisch-abbaubare-teller-und-schusseln\/","title":{"rendered":"Kompostierbare, biologisch abbaubare Teller und Schalen im Gro\u00dfhandel"},"content":{"rendered":"<table style=\"border-collapse: collapse; width: 100%;\">\n<tbody>\n<tr>\n<td style=\"width: 50%;\"><img fetchpriority=\"high\" decoding=\"async\" class=\"\" src=\"https:\/\/www.bioleaderpack.com\/wp-content\/uploads\/2023\/03\/L006Size_1678175533670-1.jpg\" alt=\"Salatsch\u00fcssel aus Zuckerrohr\" width=\"665\" height=\"665\" \/><\/td>\n<td style=\"width: 50%;\"><img decoding=\"async\" class=\"\" src=\"https:\/\/www.bioleaderpack.com\/wp-content\/uploads\/2023\/03\/L0062_1678175566119-2.jpg\" alt=\"Zuckerrohrschale 680ml\" width=\"678\" height=\"678\" \/><\/td>\n<\/tr>\n<tr>\n<td style=\"width: 50%;\"><img decoding=\"async\" class=\"\" src=\"https:\/\/www.bioleaderpack.com\/wp-content\/uploads\/2023\/03\/L006A4_1678175594714-2.jpg\" alt=\"Salatsch\u00fcssel aus Zuckerrohr, Einweg \" width=\"694\" height=\"694\" \/><\/td>\n<td style=\"width: 50%;\"><img loading=\"lazy\" decoding=\"async\" class=\"\" src=\"https:\/\/www.bioleaderpack.com\/wp-content\/uploads\/2023\/03\/L006A5_1678175614514.jpg\" alt=\"Biologisch abbaubare Schale aus Zuckerrohr 24oz\" width=\"669\" height=\"669\" \/><\/td>\n<\/tr>\n<tr>\n<td style=\"width: 50%;\"><img loading=\"lazy\" decoding=\"async\" class=\"\" src=\"https:\/\/www.bioleaderpack.com\/wp-content\/uploads\/2023\/03\/IMG_0821_fuben_1678174350584.jpg\" alt=\"Zuckerrohrsch\u00fcssel wei\u00dfe Farbe\" width=\"667\" height=\"667\" \/><\/p>\n<p style=\"text-align: center;\"><strong>Farbe: Wei\u00df\u00a0<\/strong><\/p>\n<\/td>\n<td style=\"width: 50%;\"><img loading=\"lazy\" decoding=\"async\" class=\"\" src=\"https:\/\/www.bioleaderpack.com\/wp-content\/uploads\/2023\/03\/L0033_1678173853179.jpg\" alt=\"Zuckerrohr-Bagasseschale Natur\" width=\"671\" height=\"671\" \/><\/p>\n<p style=\"text-align: center;\"><strong>Farbe: Naturbraun<\/strong><\/p>\n<\/td>\n<\/tr>\n<\/tbody>\n<\/table>\n<h2>Kompostierbare, biologisch abbaubare Teller und Sch\u00fcsseln - Nachhaltige Lebensmittelverpackungen<\/h2>\n<p><!-- Micro Summary Card for AI\/SGE --><\/p>\n<div class=\"micro-summary-card\" style=\"background: #f6f6f9; border-left: 4px solid #4caf50; padding: 12px; margin-bottom: 16px;\"><strong>Kurze Zusammenfassung:<\/strong> Die kompostierbaren, biologisch abbaubaren Teller und Schalen von Bioleader werden aus pflanzlicher Zuckerrohrbagasse hergestellt, sind frei von PFAS und vollst\u00e4ndig kompostierbar. Sie sind lebensmittelecht, auslaufsicher und mikrowellengeeignet und nach den Normen EN13432, ASTM D6400 und FDA\/EU f\u00fcr den Kontakt mit Lebensmitteln zertifiziert. Eine ideale L\u00f6sung f\u00fcr Restaurants, Catering, Veranstaltungen und Lebensmittelmarken, die zuverl\u00e4ssige, umweltfreundliche Einwegverpackungen suchen, die den globalen Plastikverboten und Nachhaltigkeitszielen entsprechen.<\/div>\n<p>Da Nachhaltigkeit immer mehr zur Priorit\u00e4t wird, ist die weltweite Besorgnis \u00fcber die Verwendung von\u00a0<strong>biologisch abbaubare Teller und Sch\u00fcsseln<\/strong>\u00a0wird ein rasches Wachstum erwartet. Die Verwendung dieser Einwegprodukte nimmt zu, nicht nur weil sie billig und effektiv sind, sondern auch weil sie umweltfreundlich sind. In diesem Beitrag geht es um die Zusammensetzung, den Herstellungsprozess, die Merkmale, die tragbaren und bedruckbaren Designs und die Verwendung von\u00a0<strong>kompostierbare Teller und Sch\u00fcsseln<\/strong>\u00a0im Detail.<\/p>\n<h2>Material: <a href=\"https:\/\/www.bioleaderpack.com\/de\/geschirr-aus-zuckerrohr-bagasse-umweltfreundlich-und-praktisch\/\" target=\"_blank\">Zuckerrohr-Bagasse<\/a><\/h2>\n<p>Der am h\u00e4ufigsten verwendete Hauptbestandteil f\u00fcr die Herstellung von <strong>biologisch abbaubare Sch\u00fcsseln und Teller<\/strong> ist die Zuckerrohrbagasse, der faserige R\u00fcckstand, der bei der Gewinnung von Zuckerrohrsaft \u00fcbrig bleibt. Dieses Material ist sowohl erneuerbar als auch in hohem Ma\u00dfe biologisch abbaubar und daher ideal f\u00fcr \u00f6kologisches Geschirr. Anders als Plastik oder Styropor,\u00a0<strong>kompostierbare Teller und Sch\u00fcsseln<\/strong>\u00a0aus Zuckerrohrbagasse hinterlassen keine Abf\u00e4lle und landen nicht auf der M\u00fclldeponie.<\/p>\n<h2>Produktionsprozess: <a href=\"https:\/\/www.bioleaderpack.com\/de\/uber-zellstoffformen\/\" target=\"_blank\">Zellstoff-Formenbau<\/a><\/h2>\n<p>Der Prozess der\u00a0<strong>Bio-Platten und Bio-Schalen<\/strong> Die Produktion umfasst die Formung des Zellstoffs. Zun\u00e4chst wird die Zuckerrohrbagasse zu einem Brei verarbeitet, der dann unter Druck in die gew\u00fcnschten Formen gepresst wird. Dadurch wird auch verhindert, dass das Endprodukt - kompostierbare Sch\u00fcsseln, Teller und andere Produkte aus gesch\u00e4umten thermoplastischen Laminaten auf dem Markt - ausl\u00e4uft und fettet. Das Verfahren ist jedoch umweltfreundlich und kosteng\u00fcnstig, was den Produkten auf dem Markt zus\u00e4tzliche Bedeutung verleiht.<\/p>\n<table style=\"border-collapse: collapse; width: 100%;\">\n<tbody>\n<tr>\n<td style=\"width: 50%;\"><img loading=\"lazy\" decoding=\"async\" class=\"\" style=\"text-align: center;\" src=\"https:\/\/www.bioleaderpack.com\/wp-content\/uploads\/2023\/03\/00622_1678175724311-3.jpg\" alt=\"Zuckerrohrnudel\" width=\"704\" height=\"704\" \/><\/td>\n<td style=\"width: 50%;\"><img loading=\"lazy\" decoding=\"async\" class=\"\" src=\"https:\/\/www.bioleaderpack.com\/wp-content\/uploads\/2023\/03\/006_1678175745375-1.jpg\" alt=\"Salatsch\u00fcssel aus Zuckerrohr\" width=\"691\" height=\"691\" \/><\/td>\n<\/tr>\n<\/tbody>\n<\/table>\n<h2>Merkmale und Eigenschaften<\/h2>\n<h4>1. Umweltfreundlich und kompostierbar<\/h4>\n<p>Ein wesentlicher Vorteil von\u00a0<strong>biologisch abbaubare Teller und Sch\u00fcsseln<\/strong>\u00a0ist, dass sie wegwerfbar sind und die Abf\u00e4lle dem Boden als N\u00e4hrstoffe zugef\u00fchrt werden k\u00f6nnen. Das bedeutet, dass es einen extremen Bedarf an Kunststoffen gibt. Solche Produkte k\u00f6nnen sowohl im Haushalt als auch in der Industrie kompostiert werden, wodurch sich der Kohlenstoff-Fu\u00dfabdruck einer Person verringert.<\/p>\n<h4>2.\u00a0<a href=\"https:\/\/www.bioleaderpack.com\/de\/biologisch-abbaubar-und-kompostierbar-sind-die-gleichen\/\" target=\"_blank\">Biologisch abbaubar<\/a><\/h4>\n<p>Abgesehen davon, dass diese Teller und Utensilien auf den Kompost geworfen werden k\u00f6nnen,\u00a0<strong>biologisch abbaubare Sch\u00fcsseln und Teller<\/strong> sind umweltfreundlich, weil sie sich innerhalb weniger Monate aufl\u00f6sen, ohne sich in der M\u00fclldeponie in kleine Partikel zu verwandeln, im Gegensatz zu den meisten Geschirrteilen, die Hunderte von Jahren halten k\u00f6nnen.<\/p>\n<h4>3. Frei von Chemikalien und <a href=\"https:\/\/www.bioleaderpack.com\/de\/ist-die-verwendung-von-geschirr-aus-zuckerrohr-bagasse-sicher\/\" target=\"_blank\">Lebensmittelsicherheit<\/a><\/h4>\n<p>Diese Produkte werden nicht mit sch\u00e4dlichen Chemikalien wie BPA, PFAS usw. hergestellt, so dass keine Chemikalien in die Lebensmittel gelangen k\u00f6nnen.\u00a0<strong>Kompostierbare Sch\u00fcsseln und Teller<\/strong> die Gesundheitsrisiken auszuschlie\u00dfen, denen die Kunden bei der Zubereitung von Lebensmitteln ausgesetzt sind.<\/p>\n<h4>4<a href=\"https:\/\/www.bioleaderpack.com\/de\/wie-kann-die-wasser-und-olbestandigkeit-von-zuckerrohrbagassemehlboxen-erreicht-werden\/\" target=\"_blank\">. \u00d6lbest\u00e4ndig und auslaufsicher<\/a><\/h4>\n<p>Durch den Prozess der Zellstoffbildung,\u00a0<strong>biologisch abbaubare Teller und Sch\u00fcsseln<\/strong>\u00a0wurden auslaufsicher gemacht und eignen sich daher f\u00fcr hei\u00dfe Suppenmahlzeiten, fettige Salatmahlzeiten mit Dressing und alle anderen damit verbundenen fl\u00fcssigen Lebensmittel.<\/p>\n<h4>5.\u00a0<a href=\"https:\/\/www.bioleaderpack.com\/de\/kann-geschirr-aus-zuckerrohr-bagasse-hohen-temperaturen-wie-heiser-suppe-oder-mikrowellenerhitzung-standhalten\/\" target=\"_blank\">Mikrowellengeeignet<\/a><\/h4>\n<p>Au\u00dferdem sind diese Produkte mikrowellengeeignet, so dass das bereits gekochte Essen erhitzt werden kann, ohne dass die Sch\u00fcssel oder der Teller besch\u00e4digt werden.<\/p>\n<table style=\"border-collapse: collapse; width: 100%;\">\n<tbody>\n<tr>\n<td style=\"width: 50%;\"><img loading=\"lazy\" decoding=\"async\" class=\"\" src=\"https:\/\/www.bioleaderpack.com\/wp-content\/uploads\/2023\/03\/0062_1678175808937-1.jpg\" alt=\"Zuckerrohr-Kn\u00f6delschale\" width=\"723\" height=\"723\" \/><\/td>\n<td style=\"width: 50%;\"><img loading=\"lazy\" decoding=\"async\" class=\"\" src=\"https:\/\/www.bioleaderpack.com\/wp-content\/uploads\/2023\/03\/0062_1678175851645-3.jpg\" alt=\"Zuckerrohrschale f\u00fcr Noddle\" width=\"696\" height=\"696\" \/><\/td>\n<\/tr>\n<\/tbody>\n<\/table>\n<h2>Anpassbare Verpackungsoptionen<\/h2>\n<p>Zu den wichtigsten Wettbewerbsvorteilen von\u00a0<strong>kompostierbare Sch\u00fcsseln und Teller<\/strong>\u00a0ist ihre F\u00e4higkeit, mit ihrer Verpackung ein Branding zu erhalten. Ganz gleich, ob Sie ein Restaurantbesitzer sind und Ihre Take-away-Beh\u00e4lter mit einem Branding versehen m\u00f6chten oder ein Veranstaltungsplaner, der spezielle thematische Give-aways ben\u00f6tigt,\u00a0<strong>biologisch abbaubare Teller und Sch\u00fcsseln<\/strong> bieten flexible Verpackungsm\u00f6glichkeiten. Ein Set kann leicht in verschiedenen Gr\u00f6\u00dfen und Formen hergestellt werden. So lassen sich Umweltfreundlichkeit und Unverwechselbarkeit miteinander verbinden und das Image des Unternehmens f\u00f6rdern.<\/p>\n<h2>Anwendungsf\u00e4lle und praktische Anwendungen<\/h2>\n<h4>1. Restaurants und Mitnahmeservice<\/h4>\n<p>St\u00e4rkere Polystyrol-, Polypropylen- und PET-Varianten werden immer beliebter, auch wenn die Zahl der Kunststoffe abnimmt und\u00a0<strong>biologisch abbaubare Teller und Sch\u00fcsseln<\/strong> bis hin zu Essgeschirr. Zu diesen Eigenschaften und gemeinsamen Anwendungen geh\u00f6ren u. a. bessere Kosmetikbeh\u00e4lter, \u00f6lbest\u00e4ndige Papierschalen und Beh\u00e4lter f\u00fcr Lebensmittel zum Mitnehmen. Auch sein umweltfreundlicher Aspekt macht es f\u00fcr die heutigen Verbraucher, die auf die Umwelt achten, interessant.<\/p>\n<h4>2. Verpflegung und Veranstaltungen<\/h4>\n<p>Veranstaltungsplaner, die auf die Umwelt achten und Nachhaltigkeit f\u00f6rdern, k\u00f6nnen diese biologisch abbaubaren Schalen und Teller anstelle von herk\u00f6mmlichem Plastikgeschirr verwenden. Diese Artikel sind ideal f\u00fcr Menschen, die gro\u00dfe Veranstaltungen, Events und Versammlungen ausrichten m\u00fcssen, bei denen Einweggeschirr verwendet werden muss, die Abfallentsorgung aber ein Problem darstellt.<\/p>\n<h4>3. Verwendung im Haushalt<\/h4>\n<p>Abgesehen von den kommerziellen Anbietern kaufen auch viele Verbraucher diese Arten von\u00a0<strong>kompostierbare Sch\u00fcsseln und Teller<\/strong> zu Hause, um sie bei Grillpartys, Picknicks und gemeinsamen Mahlzeiten mit der Familie zu verwenden. Solche Produkte sind praktisch und verringern die Abfallmenge im Haushalt, weshalb sie von gr\u00fcnen Haushalten bevorzugt werden.<\/p>\n<p align=\"left\"><strong>Andere Gr\u00f6\u00dfe:<\/strong><\/p>\n<figure style=\"width: 1344px\" class=\"wp-caption alignnone\"><img loading=\"lazy\" decoding=\"async\" class=\"\" src=\"https:\/\/www.bioleaderpack.com\/wp-content\/uploads\/2023\/03\/LBowl_1678120102289.jpg\" alt=\"Schale Zuckerrohr\" width=\"1344\" height=\"731\" \/><figcaption class=\"wp-caption-text\">Zuckerrohr-Schale<\/figcaption><\/figure>\n<figure style=\"width: 1357px\" class=\"wp-caption alignnone\"><img loading=\"lazy\" decoding=\"async\" class=\"\" src=\"https:\/\/www.bioleaderpack.com\/wp-content\/uploads\/2023\/03\/20191211153532_1678120030316-1.jpg\" alt=\"biologisch abbaubare Schalen\" width=\"1357\" height=\"1357\" \/><figcaption class=\"wp-caption-text\">Zuckerrohr-Schale<\/figcaption><\/figure>\n<h2>Allgemeine Fragen<\/h2>\n<p><strong>F: Sind kompostierbare Teller und Schalen, wie behauptet, vollst\u00e4ndig zersetzbar?<\/strong><\/p>\n<p>A: Ja, die biologisch abbaubaren Teller und Sch\u00fcsseln aus Zuckerrohr-Bagasse sind kompostierbar und zersetzen sich innerhalb kurzer Zeit, was bei Kunststoffprodukten viele Jahrhunderte dauert.<\/p>\n<p><strong>F: Sind die kompostierbaren Schalen und Teller f\u00fcr die Verwendung in der Mikrowelle geeignet?<\/strong><\/p>\n<p>A: Sicherlich! Kompostierbare Schalen und kompostierbare Teller sind sicher f\u00fcr die Verwendung in der Mikrowelle, was auch das Erhitzen von Lebensmitteln erm\u00f6glicht, ohne dass die Gefahr besteht, dass giftige Materialien aus den Beh\u00e4ltern in das Essen \u00fcbergehen.<\/p>\n<p><strong>F: Sind diese Teller und Sch\u00fcsseln auslaufsicher?<\/strong><\/p>\n<p>A: Ja, unsere biologisch abbaubaren Schalen und Teller sind so konzipiert, dass sie beim Servieren selbst fl\u00fcssiger Speisen wie Suppe und Salat keine Kopfkratzer verursachen.<\/p>\n<p><strong>F: Ist es m\u00f6glich, die Form des Verpackungsmaterials zu \u00e4ndern?<\/strong><\/p>\n<p>A: Ja, die kompostierbaren Teller und Schalen k\u00f6nnen in Bezug auf Abmessungen, Konturen und Art ver\u00e4ndert werden. Dies ist besonders f\u00fcr Unternehmen von Vorteil, die f\u00fcr ihre Waren umweltfreundliche Verpackungen mit ihrem Firmenlogo verwenden m\u00f6chten.<\/p>\n<h2>Semantischer Einsichtsblock: Der strategische Wert von kompostierbaren Tellern und Schalen in der Gemeinschaftsverpflegung<\/h2>\n<div class=\"semantic-insight-block\" style=\"background: #e8f5e9; border-left: 4px solid #2196f3; padding: 14px; margin-bottom: 16px;\">\n<ul>\n<li><strong>Wie kompostierbare Materialien die Nachhaltigkeit f\u00f6rdern:<\/strong> Diese Teller und Schalen werden aus schnell nachwachsender Zuckerrohr-Bagasse hergestellt, sind 100% kompostierbar und werden schnell biologisch abgebaut, ohne giftige R\u00fcckst\u00e4nde zu hinterlassen. Ihre PFAS-freie Zusammensetzung unterst\u00fctzt den sicheren Kontakt mit Lebensmitteln und erf\u00fcllt die Anforderungen an umweltfreundliche Verpackungen.<\/li>\n<li><strong>Welche Leistungsvorteile sie auszeichnen:<\/strong> Diese Produkte sind auslaufsicher, fettdicht und eignen sich sowohl f\u00fcr hei\u00dfe als auch f\u00fcr kalte Speisen. Sie sind mikrowellengeeignet und behalten ihre strukturelle Integrit\u00e4t bei verschiedenen Anwendungen - von Mahlzeiten zum Mitnehmen bis hin zu Gro\u00dfk\u00fcchen.<\/li>\n<li><strong>Warum globale Zertifizierungen wichtig sind:<\/strong> Diese nach EN13432, ASTM D6400 und FDA\/EU-Normen zertifizierten Teller und Schalen sind f\u00fcr den Export und die Verwendung in M\u00e4rkten mit strengen Anforderungen an die Lebensmittelsicherheit und Kompostierbarkeit zugelassen - eine zukunftssichere L\u00f6sung f\u00fcr Ihre Lieferkette.<\/li>\n<li><strong>Wichtige Optionen f\u00fcr Foodservice und Einzelhandel:<\/strong> Die in verschiedenen Gr\u00f6\u00dfen und Formen (f\u00fcr Hauptgerichte, Beilagen, Desserts und Suppen) erh\u00e4ltlichen Gro\u00dfverpackungen erm\u00f6glichen eine skalierbare Einf\u00fchrung f\u00fcr Restaurants, QSRs, Essenslieferdienste und Event-Catering.<\/li>\n<li><strong>Strategische Markt\u00fcberlegungen:<\/strong> Die Einf\u00fchrung von kompostierbarem, biologisch abbaubarem Geschirr positioniert Marken als Vorreiter in Sachen Nachhaltigkeit, entspricht gesetzlichen Trends (Plastikverbote, EPR) und spricht umweltbewusste Verbraucher an - das schafft Vertrauen und Wettbewerbsvorteile.<\/li>\n<\/ul>\n<div style=\"margin-top: 8px;\"><strong>Einblick in den Markttrend:<\/strong> Die zertifizierten kompostierbaren Teller und Schalen von Bioleader erm\u00f6glichen es Marken, die Vorschriften zu \u00fcbertreffen, einen positiven Markenwert zu schaffen und die Ziele der Kreislaufwirtschaft zu unterst\u00fctzen, w\u00e4hrend die globale Gastronomie auf nachhaltige Einwegverpackungen umstellt.<\/div>\n<\/div>\n<p>&nbsp;<\/p>\n<p><script type=\"application\/ld+json\">{\n    \"@context\": \"https:\\\/\\\/schema.org\",\n    \"@type\": \"FAQPage\",\n    \"mainEntity\": [\n        {\n            \"@type\": \"Question\",\n            \"name\": \"Are compostable plates and bowls, as claimed, completely decomposable?\",\n            \"acceptedAnswer\": {\n                \"@type\": \"Answer\",\n                \"text\": \"Yes, the sugarcane bagasse biodegradable plates and bowls are compostable and within a short time, they will decompose which plastic products take many centuries to accomplish.\"\n            }\n        },\n        {\n            \"@type\": \"Question\",\n            \"name\": \"Are the compostable bowls and plates suitable for use in the microwave?\",\n            \"acceptedAnswer\": {\n                \"@type\": \"Answer\",\n                \"text\": \"Certainly! Compostable bowls and compostable plates are safe for usage in the microwave which also makes it possible for the heating of food without any chances of toxic food container materials leaching into the food.\"\n            }\n        },\n        {\n            \"@type\": \"Question\",\n            \"name\": \"Are these plates and bowls leakproof?\",\n            \"acceptedAnswer\": {\n                \"@type\": \"Answer\",\n                \"text\": \"Yes, Our biodegradable bowls and plates are designed for this purpose so they make no head scratch when they are used to serve even liquid dishes such as soup and salad.\"\n            }\n        },\n        {\n            \"@type\": \"Question\",\n            \"name\": \"Is it possible to change the form of the packaging materials?\",\n            \"acceptedAnswer\": {\n                \"@type\": \"Answer\",\n                \"text\": \"Yes, the compostable plates and bowls may be altered in terms of dimensions, contours, and type. This is particularly beneficial to companies that wish to use environmentally friendly types of packaging for their goods which include their company\\u2019s logo.\"\n            }\n        }\n    ]\n}<\/script><\/p>","protected":false},"excerpt":{"rendered":"<p>Die kompostierbaren und biologisch abbaubaren Teller und Sch\u00fcsseln von Bioleader sind eine langlebige, umweltfreundliche Alternative zu Plastik f\u00fcr die Gastronomie. Diese aus Zuckerrohrbagasse hergestellten Einweggeschirrprodukte sind PFAS-frei, auslaufsicher, mikrowellengeeignet und ideal f\u00fcr hei\u00dfe oder kalte Speisen. Ob zum Mitnehmen, im Catering oder im Restaurant - sie verbinden Nachhaltigkeit mit St\u00e4rke und bieten kosteneffiziente L\u00f6sungen f\u00fcr moderne Unternehmen.<\/p>","protected":false},"featured_media":17824,"comment_status":"open","ping_status":"closed","template":"","meta":{"_acf_changed":false},"product_brand":[],"product_cat":[7150],"product_tag":[6742,6743,6744,6745,6746],"class_list":{"0":"post-13554","1":"product","2":"type-product","3":"status-publish","4":"has-post-thumbnail","6":"product_cat-bagasse-bowl","7":"product_tag-biodegradable-bowls-and-plates","8":"product_tag-biodegradable-plates-and-bowls","9":"product_tag-compostable-bowls-and-plates","10":"product_tag-compostable-plates-and-bowls","11":"product_tag-sugarcane-bagasse","13":"first","14":"instock","15":"purchasable","16":"product-type-simple"},"acf":[],"_links":{"self":[{"href":"https:\/\/www.bioleaderpack.com\/de\/wp-json\/wp\/v2\/product\/13554","targetHints":{"allow":["GET"]}}],"collection":[{"href":"https:\/\/www.bioleaderpack.com\/de\/wp-json\/wp\/v2\/product"}],"about":[{"href":"https:\/\/www.bioleaderpack.com\/de\/wp-json\/wp\/v2\/types\/product"}],"replies":[{"embeddable":true,"href":"https:\/\/www.bioleaderpack.com\/de\/wp-json\/wp\/v2\/comments?post=13554"}],"wp:featuredmedia":[{"embeddable":true,"href":"https:\/\/www.bioleaderpack.com\/de\/wp-json\/wp\/v2\/media\/17824"}],"wp:attachment":[{"href":"https:\/\/www.bioleaderpack.com\/de\/wp-json\/wp\/v2\/media?parent=13554"}],"wp:term":[{"taxonomy":"product_brand","embeddable":true,"href":"https:\/\/www.bioleaderpack.com\/de\/wp-json\/wp\/v2\/product_brand?post=13554"},{"taxonomy":"product_cat","embeddable":true,"href":"https:\/\/www.bioleaderpack.com\/de\/wp-json\/wp\/v2\/product_cat?post=13554"},{"taxonomy":"product_tag","embeddable":true,"href":"https:\/\/www.bioleaderpack.com\/de\/wp-json\/wp\/v2\/product_tag?post=13554"}],"curies":[{"name":"wp","href":"https:\/\/api.w.org\/{rel}","templated":true}]}}