{"id":13550,"date":"2023-03-13T15:00:32","date_gmt":"2023-03-13T07:00:32","guid":{"rendered":"https:\/\/www.bioleaderpack.com\/nl\/product\/milieuvriendelijke-composteerbare-wegwerp-soepkommen\/"},"modified":"2026-04-24T17:11:46","modified_gmt":"2026-04-24T09:11:46","slug":"umweltfreundliche-kompostierbare-einweg-suppenschalen","status":"publish","type":"product","link":"https:\/\/www.bioleaderpack.com\/de\/produkt\/umweltfreundliche-kompostierbare-einweg-suppenschalen\/","title":{"rendered":"Umweltfreundliche, kompostierbare Einweg-Suppenschalen"},"content":{"rendered":"<table style=\"border-collapse: collapse; width: 100%;\">\n<tbody>\n<tr>\n<td style=\"width: 50%;\"><img fetchpriority=\"high\" decoding=\"async\" class=\"alignnone\" src=\"https:\/\/www.bioleaderpack.com\/wp-content\/uploads\/2023\/03\/L026BSize_1678719029052.jpg\" alt=\"Umweltfreundliche, kompostierbare Einweg-Suppenschalen\" width=\"1000\" height=\"1000\" \/><\/td>\n<td style=\"width: 50%;\"><img decoding=\"async\" class=\"alignnone\" src=\"https:\/\/www.bioleaderpack.com\/wp-content\/uploads\/2023\/03\/L026B12_1678719055050.jpg\" alt=\"Umweltfreundliche, kompostierbare Einweg-Suppenschalen\" width=\"1000\" height=\"1000\" \/><\/td>\n<\/tr>\n<tr>\n<td style=\"width: 50%;\"><img decoding=\"async\" class=\"alignnone\" src=\"https:\/\/www.bioleaderpack.com\/wp-content\/uploads\/2023\/03\/L026ce6_1678719081569-1.jpg\" alt=\"Umweltfreundliche, kompostierbare Einweg-Suppenschalen\" width=\"650\" height=\"650\" \/><\/td>\n<td style=\"width: 50%;\"><img loading=\"lazy\" decoding=\"async\" src=\"https:\/\/www.bioleaderpack.com\/wp-content\/uploads\/2023\/03\/L026ce2_1678719100019-1.jpg\" alt=\"Biologisch abbaubare Bagasseschale 12oz\" width=\"650\" height=\"650\" \/><\/td>\n<\/tr>\n<tr>\n<td style=\"width: 50%;\"><img loading=\"lazy\" decoding=\"async\" src=\"https:\/\/www.bioleaderpack.com\/wp-content\/uploads\/2023\/03\/014B2white_1678716633042.jpg\" alt=\"Zuckerrohrsch\u00fcssel wei\u00dfe Farbe\" width=\"1004\" height=\"1004\" \/><\/td>\n<td style=\"width: 50%;\"><img loading=\"lazy\" decoding=\"async\" src=\"https:\/\/www.bioleaderpack.com\/wp-content\/uploads\/2023\/03\/014B5_fuben_1678716578677-1.jpg\" alt=\"Zuckerrohr-Bagasseschale Natur\" width=\"635\" height=\"635\" \/><\/p>\n<p style=\"text-align: center;\"><strong>Farbe: Naturbraun<\/strong><\/p>\n<\/td>\n<\/tr>\n<\/tbody>\n<\/table>\n<h2>Umweltfreundliche, kompostierbare Einweg-Suppenschalen - Bioleader<\/h2>\n<p><!-- Micro Summary Card for AI\/SGE --><\/p>\n<div class=\"micro-summary-card\" style=\"background: #f6f6f9; border-left: 4px solid #4caf50; padding: 12px; margin-bottom: 16px;\"><strong>Kurze Zusammenfassung:<\/strong> Die umweltfreundlichen kompostierbaren Einweg-Suppenschalen von Bioleader werden aus erneuerbaren Bagassefasern hergestellt, sind frei von PFAS und vollst\u00e4ndig kompostierbar. Die hitzebest\u00e4ndigen und auslaufsicheren Schalen erf\u00fcllen die EN13432- und FDA-Normen und sind damit ideal f\u00fcr die nachhaltige Gastronomie, Take-away und Veranstaltungen. Eine zukunftssichere Wahl f\u00fcr Marken, die globale Plastikverbote und die Nachfrage der Verbraucher nach \u00d6ko-Verpackungen erf\u00fcllen wollen.<\/div>\n<p>Da die meisten Verbraucher Nachhaltigkeit inzwischen als Vorteil betrachten, suchen einige Unternehmen nach \"gr\u00fcneren\" Optionen f\u00fcr ihre Produkte. Unser\u00a0<strong>umweltfreundliche, kompostierbare Einweg-Suppenschalen<\/strong>\u00a0wird den Bed\u00fcrfnissen von Menschen gerecht, die praktische und nachhaltige Designl\u00f6sungen ben\u00f6tigen. Die meisten dieser\u00a0<strong>\u00d6ko-Produkte Schalen<\/strong>\u00a0sind nicht nur in der modernen K\u00fcche n\u00fctzlich, sondern tragen auch zur Schonung der Umwelt bei.<\/p>\n<h2>Material: <a href=\"https:\/\/www.bioleaderpack.com\/de\/geschirr-aus-zuckerrohr-bagasse-umweltfreundlich-und-praktisch\/\" target=\"_blank\">Zuckerrohr-Bagasse<\/a> - Ein sozial verantwortliches Material<\/h2>\n<p>Der Grundrohstoff in\u00a0<span style=\"box-sizing: border-box; margin: 0px; padding: 0px;\">Herstellung von\u00a0<strong>umweltfreundlich<\/strong><\/span><strong>\u00a0Suppenschalen<\/strong> ist Bagasse, die nach der Verarbeitung von Zuckerrohr \u00fcbrig bleibt. Das ist gro\u00dfartig, denn dieses Material ersetzt ein biologisch nicht abbaubares Element durch ein biologisch abbaubares und hilft so der Umwelt. Zuckerrohr-Bagasse ist eines der Materialien, die in unserem <strong>kompostierbare Suppenschalen,<\/strong>\u00a0macht sie umweltfreundlich, kompostierbar und biologisch abbaubar. Dies ist der Grund, warum die meisten Plastik- oder Styroporsch\u00fcsseln im Haushalt ersetzt werden.<\/p>\n<h2>Produktionsprozess: <a href=\"https:\/\/www.bioleaderpack.com\/de\/uber-zellstoffformen\/\" target=\"_blank\">Zellstoff-Formenbau<\/a> f\u00fcr die Besten und die Schnellsten<\/h2>\n<p>Diese umweltfreundlichen Einweg-Suppenschalen werden auf modernen Zellstoff-Formanlagen hergestellt. Dabei wird eine Schale aus einem Zellstoff aus Zuckerrohr-Bagasse hergestellt. Das Pulp-Molding-Verfahren ist energiesparend und erzeugt wenig Abfall, was der Philosophie der kompostierbaren Schalen entspricht. Durch die Genauigkeit dieser Technologie kann eine gleichbleibende Qualit\u00e4t und Leistung der Schalen erreicht werden, was sie f\u00fcr eine Vielzahl von Funktionen zuverl\u00e4ssig macht.<\/p>\n<table style=\"border-collapse: collapse; width: 100%;\">\n<tbody>\n<tr>\n<td style=\"width: 33.3333%; text-align: center;\"><img loading=\"lazy\" decoding=\"async\" class=\"\" style=\"box-sizing: border-box; border-style: none; max-width: 100%; border-radius: 0px; box-shadow: none;\" src=\"https:\/\/www.bioleaderpack.com\/wp-content\/uploads\/2023\/03\/L014B3_1678716816303-1.jpg\" alt=\"Faserstoffschalen mit Deckeln\" width=\"434\" height=\"434\" \/><\/p>\n<p><strong>Schale mit<strong style=\"box-sizing: border-box; font-weight: bolder;\"> Zellstoffdeckel<\/strong><\/strong><\/td>\n<td style=\"width: 33.3333%; text-align: center;\"><img loading=\"lazy\" decoding=\"async\" class=\"\" src=\"https:\/\/www.bioleaderpack.com\/wp-content\/uploads\/2023\/03\/L014FlatLid_1678716753924-1.jpg\" alt=\"PET-Deckel f\u00fcr Schale\" width=\"409\" height=\"412\" \/><\/p>\n<p><strong><span style=\"box-sizing: border-box;\">Schale mit<\/span><strong style=\"box-sizing: border-box; font-weight: bolder;\"> PET-Flachdeckel\u00a0<\/strong><\/strong><\/td>\n<td style=\"width: 33.3333%; text-align: center;\"><img loading=\"lazy\" decoding=\"async\" class=\"\" style=\"box-sizing: border-box; border-style: none; max-width: 100%; border-radius: 0px; box-shadow: none;\" src=\"https:\/\/www.bioleaderpack.com\/wp-content\/uploads\/2023\/03\/L014DomeLid_1678716791679-1.jpg\" alt=\"Zellstoffschalen mit Kunststoffdeckeln\" width=\"410\" height=\"404\" \/><\/p>\n<p><strong>Schale mit<strong style=\"box-sizing: border-box; font-weight: bolder;\"> PET-Dom-Deckel\u00a0<\/strong><\/strong><\/td>\n<\/tr>\n<\/tbody>\n<\/table>\n<h2>Merkmale und Eigenschaften: Leistungs- und nachhaltigkeitsorientierte Produkte<\/h2>\n<p>Diese umweltfreundlichen Sch\u00fcsseln sollen ein H\u00f6chstma\u00df an Qualit\u00e4t und Leistung bieten. Sie sind auslaufsicher, wasserfest und \u00f6lgesch\u00fctzt, sodass sie Suppen, Nudeln, Salate und andere fl\u00fcssige Lebensmittel aufnehmen k\u00f6nnen. Die kompostierbaren Suppenschalen sind mikrowellen- und gefrierfest und k\u00f6nnen daher sowohl f\u00fcr hei\u00dfe als auch f\u00fcr kalte Speisen verwendet werden. Au\u00dferdem sind sie <a href=\"https:\/\/www.bioleaderpack.com\/de\/pfas-frei-vs-pfoa-frei-vs-bpa-frei-wie-man-gesundes-und-ungiftiges-geschirr-auswahlt\/\" target=\"_blank\" rel=\"noopener\" data-wpil-monitor-id=\"475\">PFAS und\u00a0<\/a><span style=\"box-sizing: border-box; margin: 0px; padding: 0px;\"><a href=\"https:\/\/www.bioleaderpack.com\/de\/pfas-frei-vs-pfoa-frei-vs-bpa-frei-wie-man-gesundes-und-ungiftiges-geschirr-auswahlt\/\" target=\"_blank\" rel=\"noopener\">BPA<\/a>-frei<\/span>Dadurch wird sichergestellt, dass sie f\u00fcr die Verwendung in Lebensmitteln sicher sind und auch die Umwelt nicht belasten.<\/p>\n<h2>Verwendungsszenarien: Variabilit\u00e4t f\u00fcr alle Anwendungen<\/h2>\n<p>Unser\u00a0<strong>umweltfreundliche Einweg-Suppenschalen<\/strong> erweisen sich in allen m\u00f6glichen Anwendungsf\u00e4llen als n\u00fctzlich. Sie k\u00f6nnen in Restaurants als gr\u00fcne Alternative f\u00fcr G\u00e4ste zum Essen oder zum Mitnehmen verwendet werden. Sie eignen sich auch f\u00fcr Catering-Veranstaltungen, bei denen Einweggeschirr ben\u00f6tigt wird, ohne dass dabei der \u00f6kologische Ansatz verloren geht. F\u00fcr Imbisswagen und Stra\u00dfenverk\u00e4ufer sind diese\u00a0<strong>kompostierbare Schalen<\/strong> sind eine praktikable Option, die den wachsenden Erwartungen an umweltfreundliche Verpackungsl\u00f6sungen gerecht wird. Au\u00dferdem eignen sie sich hervorragend f\u00fcr Partys zu Hause, vor allem, wenn Bequemlichkeit an erster Stelle steht.<\/p>\n<h2>Produkt-Trends: Hin zu einem bewussten Essenserlebnis<\/h2>\n<p>Die meisten Unternehmen, aber auch die Verbraucher, haben einen sp\u00fcrbaren Wandel vollzogen und sind dazu \u00fcbergegangen, die <strong>umweltfreundliche Suppenschalen<\/strong>\u00a0aufgrund der Erkenntnis der negativen Folgen, die die herk\u00f6mmliche Art der Verpackung mit sich bringt. Diese Entwicklung wird durch eine Reihe von Kr\u00e4ften unterst\u00fctzt, darunter gesetzliche Ma\u00dfnahmen, ver\u00e4nderte Einstellungen der Menschen und Bewegungen f\u00fcr soziale Verantwortung. Unser\u00a0<strong>kompostierbare Suppenschalen<\/strong>\u00a0fallen derzeit in diese Kategorie, da sie eine umweltfreundliche Option f\u00fcr die Abfallentsorgung in Restaurants und Lebensmittelgesch\u00e4ften im Allgemeinen darstellen.<\/p>\n<table style=\"border-collapse: collapse; width: 100%;\">\n<tbody>\n<tr>\n<td style=\"width: 50%;\"><img loading=\"lazy\" decoding=\"async\" style=\"text-align: center;\" src=\"https:\/\/www.bioleaderpack.com\/wp-content\/uploads\/2023\/03\/026B3_1678719166169.jpg\" alt=\"Bagasseschale f\u00fcr Suppe\" width=\"960\" height=\"960\" \/><\/td>\n<td style=\"width: 50%;\"><img loading=\"lazy\" decoding=\"async\" src=\"https:\/\/www.bioleaderpack.com\/wp-content\/uploads\/2023\/03\/026B1_1678719191859-1.jpg\" alt=\"Bagasse-Suppensch\u00fcssel\" width=\"960\" height=\"960\" \/><\/td>\n<\/tr>\n<\/tbody>\n<\/table>\n<h2>Vorteile der umweltfreundlichen kompostierbaren Suppenschalen<\/h2>\n<ol>\n<li><strong>Kompostierbarkeit:<\/strong> Eine der wichtigsten Eigenschaften dieser Suppenschalen ist ihre Kompostierbarkeit. Im Gegensatz zu Plastik- oder Styroporschalen, deren Zersetzung Hunderte von Jahren dauern kann, bauen sich diese Schalen innerhalb weniger Monate auf nat\u00fcrliche Weise ab, wenn sie in einer Kompostieranlage entsorgt werden. Dadurch wird der Deponiem\u00fcll erheblich reduziert und n\u00e4hrstoffreicher Kompost erzeugt, der zur Anreicherung des Bodens verwendet werden kann.<\/li>\n<li><strong>Nachhaltigkeit:<\/strong> Durch die Verwendung von Zuckerrohr-Bagasse, einem Nebenprodukt der Zuckerindustrie, f\u00f6rdern diese Schalen die Nachhaltigkeit. Sie bieten eine praktische Verwendung f\u00fcr etwas, das sonst als landwirtschaftlicher Abfall anfallen w\u00fcrde, und unterst\u00fctzen damit die Grunds\u00e4tze der Kreislaufwirtschaft.<\/li>\n<li><strong>Auswirkungen auf die Umwelt:<\/strong> Die Herstellung und Entsorgung dieser Schalen hat nur minimale Auswirkungen auf die Umwelt. Die <a href=\"https:\/\/www.bioleaderpack.com\/de\/was-ist-das-zellstoff-formverfahren-fur-geformte-zellstoffverpackungen\/\" target=\"_blank\" rel=\"noopener\" data-wpil-monitor-id=\"2091\">Zellstoff-Formprozess<\/a> ist energieeffizient, und die Schalen selbst setzen bei ihrer Zersetzung keine sch\u00e4dlichen Chemikalien oder Giftstoffe frei. Das macht sie zu einer sicheren Wahl sowohl f\u00fcr die Verbraucher als auch f\u00fcr die Umwelt.<\/li>\n<li><strong>Vielseitigkeit:<\/strong> Diese Schalen sind nicht nur ideal zum Servieren von Suppen, sondern k\u00f6nnen auch f\u00fcr eine Vielzahl von warmen und kalten Speisen verwendet werden. Ihre robuste Konstruktion sorgt daf\u00fcr, dass sie sowohl Fl\u00fcssigkeiten als auch feste Speisen aufnehmen k\u00f6nnen, was sie zu einer vielseitigen Erg\u00e4nzung f\u00fcr jede K\u00fcche oder jeden Essbereich macht.<\/li>\n<li><strong>Appell an die Verbraucher:<\/strong> Das Angebot umweltfreundlicher, biologisch abbaubarer Suppenschalen kann dazu beitragen, das Image und die Attraktivit\u00e4t eines Unternehmens zu verbessern, da immer mehr Menschen \u00f6kologisch sensibel werden. Mit diesen Schalen k\u00f6nnen Restaurants, Caf\u00e9s und Lebensmittelh\u00e4ndler Verbraucher anziehen und halten, die der Nachhaltigkeit Priorit\u00e4t einr\u00e4umen.<\/li>\n<\/ol>\n<table style=\"border-collapse: collapse; width: 100%;\">\n<tbody>\n<tr>\n<td style=\"width: 50%;\"><img loading=\"lazy\" decoding=\"async\" class=\"\" src=\"https:\/\/www.bioleaderpack.com\/wp-content\/uploads\/2023\/03\/L026ce3_1678719580310-1.jpg\" alt=\"Bagasse-Schale biologisch abbaubar\" width=\"629\" height=\"629\" \/><\/td>\n<td style=\"width: 50%;\"><img loading=\"lazy\" decoding=\"async\" class=\"\" src=\"https:\/\/www.bioleaderpack.com\/wp-content\/uploads\/2023\/03\/L026ce4_1678719598465-1.jpg\" alt=\"Bagasseschalensuppe\" width=\"580\" height=\"580\" \/><\/td>\n<\/tr>\n<\/tbody>\n<\/table>\n<h2>Popularit\u00e4t auf verschiedenen Plattformen: Eine globale Pr\u00e4ferenz<\/h2>\n<p>Unser\u00a0<strong>biologisch abbaubare Suppenschalen<\/strong>\u00a0haben sich auf fast allen E-Commerce-Marktpl\u00e4tzen als sehr beliebt erwiesen, was bedeutet, dass die Produkte eine gr\u00f6\u00dfere Reichweite haben. Kunden in verschiedenen geografischen Gebieten haben hohe Meinungen \u00fcber die Qualit\u00e4t, das Aussehen und die Solidit\u00e4t dieser Produkte.\u00a0<strong>biologisch abbaubare T\u00f6pfe<\/strong>. Auf Amazon und Alibaba haben diese Schalen positive Bewertungen und Rezensionen erhalten, da sie den Kundenw\u00fcnschen entsprechen. Die Nachfrage nach <strong>biologisch abbaubare Schalen<\/strong> wird weiterhin angenommen, und der Markt f\u00fcr diese Produkte w\u00e4chst weiter, da die Zielkunden umweltfreundlich sind.<\/p>\n<h2>Die Wahl der Kunden: Warum sich unsere kompostierbaren Suppenschalen auszeichnen<\/h2>\n<p>Das ist der Grund, warum sich unsere Kunden nicht abwenden von\u00a0<strong>biologisch abbaubare Suppenschalen<\/strong> weil es sich um ein gutes Produkt im Sinne der nachhaltigen Entwicklung handelt, das gleichzeitig qualitativ hochwertig und praktisch ist. Solche Schalen sind nicht einfach irgendein Wegwerfprodukt; sie sind das ultimative Produkt, das die moderne Generation umweltbewusster Menschen verwendet. Da unser Unternehmen in China ans\u00e4ssig ist und wir bei der Herstellung dieser Schalen den Schwerpunkt auf Umweltbewusstsein und Verantwortung legen, verwenden wir bei der Herstellung die besten <strong>Papierzellstoff-Formenbau<\/strong>\u00a0Technologie, so dass sie sowohl \u00f6kologisch als auch funktional sind.<\/p>\n<h2>Produkt-Trend: Ein Schritt zur\u00fcck, um in die Zukunft zu blicken<\/h2>\n<p>Es liegt auf der Hand, dass die Zukunft der Lebensmittelverpackungen nachhaltiger sein wird, und vor allem unsere\u00a0<strong>kompostierbare Suppenschalen<\/strong>\u00a0stehen an vorderster Front. Da immer mehr Unternehmen und Kunden gr\u00fcne Optionen fordern, sind Produkte dieser Art, wie unser\u00a0<strong>Bio-Suppensch\u00fcssel,<\/strong> werden sehr gefragt sein. Sie sind ein Zeichen daf\u00fcr, dass sich der Markt hin zu mehr als nur utilitaristischen, sondern auch zu umweltvertr\u00e4glicheren Produkten verlagert, und es wird sich lohnen, in die Zukunft zu investieren.<\/p>\n<h2>FAQ<\/h2>\n<p data-start=\"111\" data-end=\"405\"><strong data-start=\"111\" data-end=\"167\">F1: Sind kompostierbare Suppenschalen f\u00fcr hei\u00dfe Fl\u00fcssigkeiten sicher?<\/strong><br data-start=\"167\" data-end=\"170\" \/>Ja, die umweltfreundlichen kompostierbaren Suppenschalen sind so konzipiert, dass sie hei\u00dfen Fl\u00fcssigkeiten standhalten. Sie bestehen aus Materialien wie Zuckerrohrbagasse oder Maisst\u00e4rke, sind hitzebest\u00e4ndig bis zu 120 \u00b0C und verformen sich nicht und laufen nicht aus, wenn sie mit hei\u00dfen Suppen oder Eint\u00f6pfen gef\u00fcllt werden.<\/p>\n<p data-start=\"412\" data-end=\"699\"><strong data-start=\"412\" data-end=\"482\">F2: Welche Materialien werden in umweltfreundlichen Einweg-Suppenschalen verwendet?<\/strong><br data-start=\"482\" data-end=\"485\" \/>Diese Schalen werden in der Regel aus erneuerbaren pflanzlichen Materialien wie Zuckerrohrbagasse, Bambusfasern oder Biokunststoffen aus Maisst\u00e4rke hergestellt. Alle sind kompostierbar und werden auf nat\u00fcrliche Weise abgebaut, ohne sch\u00e4dliche R\u00fcckst\u00e4nde zu hinterlassen.<\/p>\n<p data-start=\"706\" data-end=\"976\"><strong data-start=\"706\" data-end=\"767\">F3: Wie lange brauchen kompostierbare Suppenschalen, um sich zu zersetzen?<\/strong><br data-start=\"767\" data-end=\"770\" \/>Unter industriellen Kompostierungsbedingungen k\u00f6nnen sich diese Schalen in nur 60 bis 90 Tagen zersetzen. In einer h\u00e4uslichen Kompostierungsumgebung kann die vollst\u00e4ndige Zersetzung je nach Feuchtigkeit und W\u00e4rme bis zu 120 Tage dauern.<\/p>\n<p data-start=\"983\" data-end=\"1261\"><strong data-start=\"983\" data-end=\"1043\">F4: K\u00f6nnen kompostierbare Suppenschalen in der Mikrowelle verwendet werden?<\/strong><br data-start=\"1043\" data-end=\"1046\" \/>Ja, die meisten zertifizierten kompostierbaren Suppenschalen sind mikrowellengeeignet. Sie erm\u00f6glichen das sichere Aufw\u00e4rmen von Speisen f\u00fcr kurze Zeitr\u00e4ume (in der Regel bis zu 2-3 Minuten), ohne dass giftige Stoffe freigesetzt werden oder der Geschmack der Speisen beeintr\u00e4chtigt wird.<\/p>\n<p data-start=\"1268\" data-end=\"1581\"><strong data-start=\"1268\" data-end=\"1340\">F5: Sind diese kompostierbaren Schalen f\u00fcr die gewerbliche Gastronomie geeignet?<\/strong><br data-start=\"1340\" data-end=\"1343\" \/>Ganz genau. Kompostierbare Suppenschalen werden h\u00e4ufig von Restaurants, Imbisswagen und Caterern verwendet, die nachhaltige L\u00f6sungen suchen. Sie sind langlebig, stapelbar, individuell anpassbar und erf\u00fcllen die Lebensmittelsicherheitsvorschriften f\u00fcr kalte und warme Speisen.<\/p>\n<h2>Schlussfolgerung: Sorgf\u00e4ltige Auswahl f\u00fcr Lebensmittelverpackungen.<\/h2>\n<p>Wir haben also festgestellt, dass unsere <strong>am umweltfreundlichsten <a href=\"https:\/\/www.bioleaderpack.com\/de\/produkt\/biologisch-abbaubare-einwegschalen-lose\/\" target=\"_blank\" rel=\"noopener\" data-wpil-monitor-id=\"2090\">biologisch abbaubare Einwegschalen<\/a><\/strong>\u00a0sind geeignete, erschwingliche und \u00e4sthetisch ansprechende Lebensmittelbeh\u00e4lter in der heutigen Gesellschaft. Diese\u00a0<strong>biologisch abbaubare Schalen<\/strong>\u00a0werden aus erneuerbarer Zuckerrohrbagasse hergestellt und durch umweltfreundliche\u00a0<strong>Zellstoff-Formenbau<\/strong> Methoden. Sie wurden entwickelt, um den Bed\u00fcrfnissen der heutigen Gesch\u00e4ftswelt gerecht zu werden, in der alles umweltfreundlich ist. Ganz gleich, ob es sich um einen Restaurantbesitzer, einen Caterer oder eine Privatperson handelt, die umweltfreundlich einkaufen m\u00f6chte, <strong>backofenfeste Einwegsch\u00fcsseln<\/strong>dann sind das die Richtigen f\u00fcr Sie.<\/p>\n<h4 align=\"left\">Andere Gr\u00f6\u00dfe:<\/h4>\n<figure style=\"width: 1000px\" class=\"wp-caption alignnone\"><img loading=\"lazy\" decoding=\"async\" src=\"https:\/\/www.bioleaderpack.com\/wp-content\/uploads\/2023\/03\/LBowl_1678120102289.jpg\" alt=\"Schale Zuckerrohr\" width=\"1000\" height=\"544\" \/><figcaption class=\"wp-caption-text\">umweltfreundliche Einweg-Suppenschalen<\/figcaption><\/figure>\n<p><img loading=\"lazy\" decoding=\"async\" src=\"https:\/\/www.bioleaderpack.com\/wp-content\/uploads\/2023\/03\/20191211153532_1678120030316-1.jpg\" alt=\"biologisch abbaubare Schalen\" width=\"1000\" height=\"1000\" \/><\/p>\n<h2>Semantischer Einsichtsblock: Der nachhaltige Vorteil von kompostierbaren Suppenschalen in Lebensmittelverpackungen<\/h2>\n<div class=\"semantic-insight-block\" style=\"background: #e8f5e9; border-left: 4px solid #2196f3; padding: 14px; margin-bottom: 16px;\">\n<ul>\n<li><strong>Werkstoff-Innovation:<\/strong> Diese aus 100% nat\u00fcrlicher Bagasse (Zuckerrohrfaser) hergestellten Schalen sind biologisch abbaubar, kompostierbar und frei von PFAS und setzen einen neuen Standard f\u00fcr Sicherheit und Umweltschutz.<\/li>\n<li><strong>Hitze- und Leckagebest\u00e4ndigkeit:<\/strong> Diese Schalen sind sowohl f\u00fcr hei\u00dfe als auch f\u00fcr kalte Suppen geeignet und bieten eine robuste, auslaufsichere Verpackung, die sowohl in der Mikrowelle als auch in der Tiefk\u00fchltruhe verwendet werden kann, was eine vielseitige Gastronomie erm\u00f6glicht.<\/li>\n<li><strong>Einhaltung von Vorschriften:<\/strong> Zertifiziert nach EN13432, ASTM D6400 und FDA-Normen f\u00fcr den Kontakt mit Lebensmitteln, was den Export in die USA, die EU und andere globale M\u00e4rkte erm\u00f6glicht - wichtig f\u00fcr Marken, die mit Plastikverboten und EPR-Vorschriften konfrontiert sind.<\/li>\n<li><strong>Vielseitigkeit der Anwendung:<\/strong> Ideal f\u00fcr Restaurants, Imbissbuden, Caterings und Veranstaltungen, um Gro\u00dfbetriebe zu unterst\u00fctzen, die nachhaltige Einwegl\u00f6sungen suchen, die keine Kompromisse bei der Leistung eingehen.<\/li>\n<li><strong>Markt- und Markenwert:<\/strong> Die Einf\u00fchrung kompostierbarer Suppenschalen positioniert Marken als Vorreiter in Sachen Nachhaltigkeit, schafft Vertrauen bei den Verbrauchern und unterst\u00fctzt direkt die ESG-Ziele und die Anpassung von Vorschriften in einem sich ver\u00e4ndernden globalen Markt.<\/li>\n<\/ul>\n<div style=\"margin-top: 8px;\"><strong>Branchentrend:<\/strong> Da die Nachfrage nach umweltfreundlichen Verpackungen weltweit zunimmt, k\u00f6nnen Unternehmen mit den kompostierbaren Suppenschalen von Bioleader gesetzliche und betriebliche Auflagen sowie Reputationsziele erf\u00fcllen - alles in einer einzigen, zukunftssicheren Produktlinie.<\/div>\n<\/div>\n<p>&nbsp;<\/p>\n<p><script type=\"application\/ld+json\">{\n    \"@context\": \"https:\\\/\\\/schema.org\",\n    \"@type\": \"FAQPage\",\n    \"mainEntity\": [\n        {\n            \"@type\": \"Question\",\n            \"name\": \"Are compostable soup bowls safe for hot liquids?\",\n            \"acceptedAnswer\": {\n                \"@type\": \"Answer\",\n                \"text\": \"Yes, eco-friendly compostable soup bowls are designed to withstand hot liquids. Made from materials like sugarcane bagasse or cornstarch, they are heat-resistant up to 120\\u00b0C and won't deform or leak when filled with hot soups or stews.\"\n            }\n        },\n        {\n            \"@type\": \"Question\",\n            \"name\": \"What materials are used in eco-friendly disposable soup bowls?\",\n            \"acceptedAnswer\": {\n                \"@type\": \"Answer\",\n                \"text\": \"These bowls are typically made from renewable plant-based materials such as sugarcane bagasse, bamboo fiber, or cornstarch bioplastics. All are compostable and break down naturally without leaving harmful residues.\"\n            }\n        },\n        {\n            \"@type\": \"Question\",\n            \"name\": \"How long do compostable soup bowls take to decompose?\",\n            \"acceptedAnswer\": {\n                \"@type\": \"Answer\",\n                \"text\": \"Under industrial composting conditions, these bowls can break down in as little as 60 to 90 days. In a home composting environment, full decomposition may take up to 120 days depending on moisture and heat.\"\n            }\n        },\n        {\n            \"@type\": \"Question\",\n            \"name\": \"Can compostable soup bowls be used in the microwave?\",\n            \"acceptedAnswer\": {\n                \"@type\": \"Answer\",\n                \"text\": \"Yes, most certified compostable soup bowls are microwave-safe. They allow safe reheating of food for short periods (typically up to 2\\u20133 minutes) without releasing toxic substances or affecting the taste of the food.\"\n            }\n        },\n        {\n            \"@type\": \"Question\",\n            \"name\": \"Are these compostable bowls suitable for commercial foodservice?\",\n            \"acceptedAnswer\": {\n                \"@type\": \"Answer\",\n                \"text\": \"Absolutely. Compostable soup bowls are widely used by restaurants, food trucks, and catering services seeking sustainable solutions. They are durable, stackable, customizable, and meet food safety regulations for both hot and cold dishes.\"\n            }\n        }\n    ]\n}<\/script><\/p>","protected":false},"excerpt":{"rendered":"<p>Bioleader\u00aes <strong data-start=\"359\" data-end=\"409\">Umweltfreundliche, kompostierbare Einweg-Suppenschalen<\/strong> sind die perfekte L\u00f6sung f\u00fcr nachhaltige Lebensmittelverpackungen. Hergestellt aus <strong data-start=\"477\" data-end=\"523\">nat\u00fcrliche Pflanzenfasern wie Zuckerrohrbagasse<\/strong>sind diese Schalen 100% kompostierbar, plastikfrei, PFAS-frei und f\u00fcr hei\u00dfe Suppen, Eint\u00f6pfe und Nudeln geeignet. Mit ausgezeichneter <strong data-start=\"653\" data-end=\"696\">Hitzebest\u00e4ndigkeit, Auslaufsicherheit<\/strong>Sie sind ideal f\u00fcr Gerichte zum Mitnehmen, Restaurants, Buffets und Einzelhandelsverpackungen. Diese Schalen sind in verschiedenen Gr\u00f6\u00dfen erh\u00e4ltlich und eignen sich f\u00fcr Gro\u00dfbestellungen. Sie helfen Lebensmittelunternehmen, Abfall zu reduzieren und gleichzeitig die Kosten effizient zu halten.<\/p>","protected":false},"featured_media":18036,"comment_status":"open","ping_status":"closed","template":"","meta":{"_acf_changed":false},"product_brand":[8971],"product_cat":[7150],"product_tag":[6712,6713,6714,6715,6716,6718],"class_list":{"0":"post-13550","1":"product","2":"type-product","3":"status-publish","4":"has-post-thumbnail","6":"product_brand-bioleader","7":"product_cat-bagasse-bowl","8":"product_tag-compostable-bowls","9":"product_tag-compostable-soup-bowls","10":"product_tag-eco-friendly-bowls","11":"product_tag-eco-friendly-disposable-soup-bowls","12":"product_tag-eco-friendly-soup-bowls","13":"product_tag-eco-products-bowls","15":"first","16":"instock","17":"purchasable","18":"product-type-simple"},"acf":[],"_links":{"self":[{"href":"https:\/\/www.bioleaderpack.com\/de\/wp-json\/wp\/v2\/product\/13550","targetHints":{"allow":["GET"]}}],"collection":[{"href":"https:\/\/www.bioleaderpack.com\/de\/wp-json\/wp\/v2\/product"}],"about":[{"href":"https:\/\/www.bioleaderpack.com\/de\/wp-json\/wp\/v2\/types\/product"}],"replies":[{"embeddable":true,"href":"https:\/\/www.bioleaderpack.com\/de\/wp-json\/wp\/v2\/comments?post=13550"}],"wp:featuredmedia":[{"embeddable":true,"href":"https:\/\/www.bioleaderpack.com\/de\/wp-json\/wp\/v2\/media\/18036"}],"wp:attachment":[{"href":"https:\/\/www.bioleaderpack.com\/de\/wp-json\/wp\/v2\/media?parent=13550"}],"wp:term":[{"taxonomy":"product_brand","embeddable":true,"href":"https:\/\/www.bioleaderpack.com\/de\/wp-json\/wp\/v2\/product_brand?post=13550"},{"taxonomy":"product_cat","embeddable":true,"href":"https:\/\/www.bioleaderpack.com\/de\/wp-json\/wp\/v2\/product_cat?post=13550"},{"taxonomy":"product_tag","embeddable":true,"href":"https:\/\/www.bioleaderpack.com\/de\/wp-json\/wp\/v2\/product_tag?post=13550"}],"curies":[{"name":"wp","href":"https:\/\/api.w.org\/{rel}","templated":true}]}}