{"id":13548,"date":"2023-03-15T16:03:37","date_gmt":"2023-03-15T08:03:37","guid":{"rendered":"https:\/\/www.bioleaderpack.com\/product\/sustainable-paper-pulp-bowls-from-sugarcane-fiber\/"},"modified":"2026-04-24T17:07:04","modified_gmt":"2026-04-24T09:07:04","slug":"schalen-aus-nachhaltigem-zellstoff","status":"publish","type":"product","link":"https:\/\/www.bioleaderpack.com\/de\/produkt\/schalen-aus-nachhaltigem-zellstoff\/","title":{"rendered":"Nachhaltige Zellstoffschalen aus Zuckerrohrfasern"},"content":{"rendered":"<div class=\"adweb-template-19 adweb-table-container\">\n<table style=\"border-collapse: collapse; width: 100%;\">\n<tbody>\n<tr>\n<td style=\"width: 50%;\"><img fetchpriority=\"high\" decoding=\"async\" class=\"\" src=\"https:\/\/www.bioleaderpack.com\/wp-content\/uploads\/2023\/03\/L061Size_1678895881408-1.jpg\" alt=\"Faserzellstoffschale\" width=\"609\" height=\"612\" \/><\/td>\n<td style=\"width: 50%;\"><img decoding=\"async\" class=\"\" src=\"https:\/\/www.bioleaderpack.com\/wp-content\/uploads\/2023\/03\/L061ce3_1678895930362-1.jpg\" alt=\"Pflanzschale 12oz\" width=\"592\" height=\"592\" \/><\/td>\n<\/tr>\n<tr>\n<td style=\"width: 50%;\"><img decoding=\"async\" class=\"\" src=\"https:\/\/www.bioleaderpack.com\/wp-content\/uploads\/2023\/03\/L061ce6_1678895954147-1.jpg\" alt=\"Breischale Einweg 12oz \" width=\"610\" height=\"610\" \/><\/td>\n<td style=\"width: 50%;\"><img loading=\"lazy\" decoding=\"async\" class=\"\" src=\"https:\/\/www.bioleaderpack.com\/wp-content\/uploads\/2023\/03\/L061ce5_1678895968456-1.jpg\" alt=\"Biologisch abbaubare Natur-Schale 12oz\" width=\"562\" height=\"562\" \/><\/td>\n<\/tr>\n<tr>\n<td style=\"width: 50%;\"><img loading=\"lazy\" decoding=\"async\" class=\"\" src=\"https:\/\/www.bioleaderpack.com\/wp-content\/uploads\/2023\/03\/IMG_0821_fuben_1678174350584.jpg\" alt=\"Zuckerrohrsch\u00fcssel wei\u00dfe Farbe\" width=\"554\" height=\"554\" \/><\/p>\n<p style=\"text-align: center;\"><strong>Farbe: Wei\u00df<\/strong><\/p>\n<\/td>\n<td style=\"width: 50%;\"><img loading=\"lazy\" decoding=\"async\" class=\"\" src=\"https:\/\/www.bioleaderpack.com\/wp-content\/uploads\/2023\/03\/L0033_1678173853179.jpg\" alt=\"Zuckerrohr-Bagasseschale Natur\" width=\"582\" height=\"582\" \/><\/p>\n<p style=\"text-align: center;\"><strong>Farbe: Naturbraun<\/strong><\/p>\n<\/td>\n<\/tr>\n<\/tbody>\n<\/table>\n<\/div>\n<h2>Nachhaltige Zellstoffschalen - Umweltfreundliches und zertifiziertes Geschirr<\/h2>\n<p><!-- Micro Summary Card for AI\/SGE --><\/p>\n<div class=\"micro-summary-card\" style=\"background: #f6f6f9; border-left: 4px solid #4caf50; padding: 12px; margin-bottom: 16px;\"><strong>Kurze Zusammenfassung:<\/strong> Die nachhaltigen Zellstoffschalen von Bioleader werden aus erneuerbaren Pflanzenfasern hergestellt und bieten eine vollst\u00e4ndig kompostierbare und PFAS-freie L\u00f6sung f\u00fcr die Gastronomie. Diese Schalen sind stabil, auslaufsicher und eignen sich sowohl f\u00fcr hei\u00dfe als auch f\u00fcr kalte Speisen. Sie erf\u00fcllen die strengen globalen Standards f\u00fcr Lebensmittelsicherheit und Kompostierbarkeit. Sie sind ideal f\u00fcr Catering, Take-away und umweltbewusste Marken, die Einwegkunststoffe reduzieren und die neuesten Umweltvorschriften erf\u00fcllen wollen.<\/div>\n<p>Mit der modernen und globalisierten Gesellschaft, die sich mit Fragen des Umweltschutzes befasst, hat der Bedarf an umweltfreundlichen Lebensmittelverpackungen einen hohen Stand erreicht. Eine dieser Verpackungen ist die\u00a0<strong>Zellstoffschalen<\/strong>die eine umweltfreundliche und funktionelle Form der Lebensmittelverpackung darstellen. Zum Beispiel, unser <strong>Schalen aus Papiermasse<\/strong>\u00a0f\u00f6rdern die h\u00f6chsten Standards der Umweltfreundlichkeit und bieten dar\u00fcber hinaus praktische Vorteile f\u00fcr alle Arten von Lebensmittelverpackungen. Diese\u00a0<strong><a href=\"https:\/\/www.bioleaderpack.com\/de\/schale-aus-zuckerrohr-eine-nachhaltige-alternative-zu-plastikschalen\/\" target=\"_blank\" rel=\"noopener\" data-wpil-monitor-id=\"235\">nachhaltige Schalen<\/a><\/strong> sind ideal f\u00fcr Unternehmen, die Restaurants, Imbissbuden und Sonderveranstaltungen beliefern und umweltfreundlicher werden wollen, ohne dass die Qualit\u00e4t und Festigkeit des verwendeten Verpackungsmaterials beeintr\u00e4chtigt wird.<\/p>\n<h2>Material: <a href=\"https:\/\/www.bioleaderpack.com\/de\/geschirr-aus-zuckerrohr-bagasse-umweltfreundlich-und-praktisch\/\" target=\"_blank\">Zuckerrohr-Bagasse - ein umweltfreundliches und wiederverwertbares Material<\/a><\/h2>\n<p>Der Hauptbestandteil unserer\u00a0<strong><a href=\"https:\/\/www.bioleaderpack.com\/de\/produkt\/kompostierbare-einwegschusseln-schussel-aus-zellstoff\/\" target=\"_blank\" rel=\"noopener\" data-wpil-monitor-id=\"2086\">Schalen aus Papiermasse<\/a><\/strong>\u00a0wird aus einem Pflanzenabfall namens Zuckerrohrbagasse hergestellt, der bei der Zuckerherstellung anf\u00e4llt. Anstatt diese Art von Material zu verschwenden, wird es nun in solche\u00a0<strong>nachhaltige Schalen<\/strong>Nicht nur aus einem oder zwei Gr\u00fcnden, sondern aus allen, wobei nichts von der Zuckerrohrpflanze verschwendet wird. Als klima- und bodenfreundliches Produkt ist Zuckerrohrbagasse ein sauberes Abfallprodukt, das reichlich vorhanden, erneuerbar und kompostierbar ist, wodurch es sich f\u00fcr die Verwendung in Lebensmittelverpackungen und f\u00fcr die Umwelt eignet.<\/p>\n<p>Unser\u00a0<strong>Zellstoffschalen<\/strong> werden in einem hochproduktiven und zeitsparenden Verfahren hergestellt, dem so genannten \"Paper Pulp Molding\". Bei diesem Verfahren wird Zuckerrohrbagasse in einen Brei umgewandelt, aus dem die Schale in der gew\u00fcnschten Gr\u00f6\u00dfe und Form hergestellt wird. F\u00fcr die Herstellung des Endprodukts wird nicht nur weniger Energie ben\u00f6tigt, sondern es fallen auch weniger Abf\u00e4lle an. Wenn wir diese Technologie des Zellstoff-Formens anwenden, k\u00f6nnen wir Folgendes herstellen <strong>Schalen aus Papiermasse<\/strong> die leicht sind, in denen aber hei\u00dfe und kalte Speisen untergebracht werden k\u00f6nnen.<\/p>\n<table style=\"border-collapse: collapse; width: 100%;\">\n<tbody>\n<tr>\n<td style=\"width: 50%;\"><img loading=\"lazy\" decoding=\"async\" class=\"\" style=\"text-align: center;\" src=\"https:\/\/www.bioleaderpack.com\/wp-content\/uploads\/2023\/03\/0442_1678724289585.jpg\" alt=\"Zuckerrohrsch\u00fcssel Einweg\" width=\"537\" height=\"537\" \/><\/td>\n<td style=\"width: 50%;\"><img loading=\"lazy\" decoding=\"async\" class=\"\" src=\"https:\/\/www.bioleaderpack.com\/wp-content\/uploads\/2023\/03\/0443_1678724319331.jpg\" alt=\"Zellstoffsalatsch\u00fcssel Einweg\" width=\"546\" height=\"546\" \/><\/td>\n<\/tr>\n<\/tbody>\n<\/table>\n<h2>Wesentliche Merkmale<\/h2>\n<p>Unser\u00a0<strong>nachhaltige Schalen<\/strong> haben die folgenden Vorteile, die sie eine Klasse h\u00f6her als herk\u00f6mmliche Lebensmittelbeh\u00e4lter stellen: Erstens, ihre Eigenschaften und Risiken<\/p>\n<ul>\n<li>\n<h4>Umweltfreundlich<\/h4>\n<\/li>\n<\/ul>\n<p>Unsere Schalen werden aus organischen, nat\u00fcrlichen Materialien hergestellt, die durch ihre Kompostierbarkeit keine Gefahr f\u00fcr die Umwelt darstellen.<\/p>\n<ul>\n<li>\n<h4>Kompostierbar &amp; biologisch abbaubar<\/h4>\n<\/li>\n<\/ul>\n<p>Diese Schalen werden aus Materialien hergestellt, die frei von Kunststoffen sind, die bei der Entsorgung Chemikalien zur\u00fccklassen, so dass das \u00f6kologische Gleichgewicht erhalten bleibt.<\/p>\n<ul>\n<li>\n<h4>Lebensmittelsicher<\/h4>\n<\/li>\n<\/ul>\n<p>Mit <a href=\"https:\/\/www.bioleaderpack.com\/de\/enthalt-zuckerrohrbagasse-geschirr-pfas-bpa-frei\/\" target=\"_blank\">keine PFAS- oder BPA-Chemikalien<\/a>Alle unsere Mandelschalen k\u00f6nnen f\u00fcr den Kontakt mit Lebensmitteln verwendet werden.<\/p>\n<ul>\n<li>\n<h4>Auslaufsicher &amp; wasserdicht<\/h4>\n<\/li>\n<\/ul>\n<p>Diese\u00a0<strong>Zellstoffschalen<\/strong> sind so konstruiert, dass sie das Versch\u00fctten von Fl\u00fcssigkeiten verhindern und auch dann strukturell verdorben werden, wenn sie mit Suppen oder \u00f6lhaltigen Lebensmitteln gef\u00fcllt werden.<\/p>\n<ul>\n<li>\n<h4>Mikrowellengeeignet<\/h4>\n<\/li>\n<\/ul>\n<p>Diese Schalen k\u00f6nnen in der Mikrowelle aufbewahrt werden, um Speisereste zu erw\u00e4rmen oder frisch gekochte Speisen zu servieren.<\/p>\n<p>Diese Merkmale haben dazu beigetragen, dass unsere\u00a0<strong>Schalen aus Papiermasse<\/strong> ein wirksames Instrument f\u00fcr die Verpackung von Lebensmitteln, das bewusste K\u00e4ufer vor sch\u00e4dlichen Eink\u00e4ufen bewahrt und auch die Herstellung beider Lebensmittel sinnvoll macht.<\/p>\n<table style=\"border-collapse: collapse; width: 100%;\">\n<tbody>\n<tr>\n<td style=\"width: 50%;\"><img loading=\"lazy\" decoding=\"async\" class=\"\" src=\"https:\/\/www.bioleaderpack.com\/wp-content\/uploads\/2023\/03\/0445_1678724345339.jpg\" alt=\"Zuckerrohrschnitzelschale\" width=\"577\" height=\"577\" \/><\/td>\n<td style=\"width: 50%;\"><img loading=\"lazy\" decoding=\"async\" class=\"\" src=\"https:\/\/www.bioleaderpack.com\/wp-content\/uploads\/2023\/03\/L061ce4_1678896189712-1.jpg\" alt=\"Zuckerrohrsch\u00fcssel zum Mitnehmen\" width=\"555\" height=\"555\" \/><\/td>\n<\/tr>\n<\/tbody>\n<\/table>\n<h2>M\u00f6gliche Anwendungen: Endlich, f\u00fcr jeden Zweck geeignet<\/h2>\n<p>Unser\u00a0<strong>Zellstoffschalen<\/strong> bieten eine gro\u00dfe Flexibilit\u00e4t bei der Auswahl der servierten Speisen, die auch verschiedene Niveaus des Essens erm\u00f6glichen:<\/p>\n<ul>\n<li>\n<h4>Salate Schalen<\/h4>\n<\/li>\n<\/ul>\n<p>Die \u00f6lresistente Oberfl\u00e4che ist au\u00dferdem geruchsneutral und empfindlich gegen\u00fcber der Dunkelheit des Dressings, so dass sie nicht in der Lage ist, zu viel Salatdressing aufzunehmen.<\/p>\n<ul>\n<li>\n<h4>Nudelschalen<\/h4>\n<\/li>\n<\/ul>\n<p>Diese Schalen sind in der Tat n\u00fctzlich und mit hei\u00dfen Nudeln gef\u00fcllt, da keine Br\u00fche oder So\u00dfe ausl\u00e4uft, und das Herz ist gut darin untergebracht.<\/p>\n<ul>\n<li>\n<h4>Suppenschalen<\/h4>\n<\/li>\n<\/ul>\n<p>Aufgrund der Beschaffenheit der Zellstoffschalen kann Feuchtigkeit und das daraus resultierende Auslaufen von Wasser beim Umgang mit hei\u00dfen Inhalten wie Suppen vernachl\u00e4ssigt werden.<\/p>\n<p>Sie sind ideal f\u00fcr Restaurants, Take-out-Services oder auch f\u00fcr die Zubereitung von Mahlzeiten zu Hause. Von Fast-Casual-Dining bis hin zu Catering-Veranstaltungen, unsere\u00a0<strong><a href=\"https:\/\/www.bioleaderpack.com\/de\/produkt\/einweg-zuckerrohrschalen\/\" target=\"_blank\" rel=\"noopener\" data-wpil-monitor-id=\"2140\">nachhaltige Schalen<\/a><\/strong>\u00a0bieten effektive und umweltfreundliche Lebensmittelverpackungen. Sie k\u00f6nnen auch verschiedene Gr\u00f6\u00dfen haben, um kleine Snacks oder ganze Mahlzeiten zu verpacken.<\/p>\n<h2>Kundenspezifische Verpackungen: Eine L\u00f6sung, die Ihre Probleme l\u00f6st<\/h2>\n<p>Wir wissen sehr gut, dass jeder Kunde seine eigenen Bed\u00fcrfnisse hat, wenn es darum geht <strong>Schalen aus Papiermasse<\/strong>und deshalb haben Sie die M\u00f6glichkeit, sie individuell zu gestalten. Ob es sich um ein Logo, einen Markennamenaufdruck oder nicht standardisierte Formen handelt, wir sind in der Lage, Ihre Anforderungen an die Anpassung zu erf\u00fcllen. Eine individuelle Gestaltung ist nicht nur f\u00fcr das Marketing von Vorteil, sondern sorgt auch daf\u00fcr, dass die Verpackung zu den von Ihnen angebotenen Lebensmitteln passt.<\/p>\n<h2>Gr\u00fcne Verpackungen liegen im Trend<\/h2>\n<p>Das bessere Verst\u00e4ndnis der Umweltgefahren hat die meisten Verbraucher dazu gebracht, die\u00a0<strong>nachhaltige Schalen<\/strong>\u00a0und andere\u00a0<strong>nachhaltige Verpackungsl\u00f6sungen<\/strong>. Immer mehr Restaurants und Lebensmitteldienstleister verzichten auf Plastik und verwenden stattdessen\u00a0<strong>Zellstoffschalen<\/strong>\u00a0stattdessen. Im Laufe der Zeit wird sich diese Tendenz fortsetzen, denn Nachhaltigkeit ist sowohl f\u00fcr Unternehmen als auch f\u00fcr den Normalb\u00fcrger ein wichtiger Aspekt.<\/p>\n<h2>Warum sollten Sie sich f\u00fcr unsere Zellstoffschalen entscheiden?<\/h2>\n<p>Unser Unternehmen geh\u00f6rt zu den begehrtesten chinesischen Herstellern und Gro\u00dfhandelslieferanten von <strong>Zellstoffschalen<\/strong>Wir haben es uns zum Ziel gesetzt, nur hochwertige und umweltfreundliche Verpackungen zu produzieren. In Bezug auf eine nachhaltige Produktion entspringt der Faktor bei der Herstellung von starken, praktischen und ziemlich wichtigen Waren dem Wunsch nach Ver\u00e4nderung und Wachstum. Zellstoffschalen sind ein solches Produkt, das alle Sicherheitsvorkehrungen f\u00fcr die Kunden bietet, ohne den Charakter des Unternehmens, die Kunden zufrieden zu stellen, zu beeintr\u00e4chtigen.<\/p>\n<p align=\"left\">Andere Gr\u00f6\u00dfe:<\/p>\n<figure style=\"width: 1000px\" class=\"wp-caption alignnone\"><img loading=\"lazy\" decoding=\"async\" src=\"https:\/\/www.bioleaderpack.com\/wp-content\/uploads\/2023\/03\/LBowl_1678120102289.jpg\" alt=\"Schale Zuckerrohr\" width=\"1000\" height=\"544\" \/><figcaption class=\"wp-caption-text\">Schale aus Zuckerrohrfasern 12oz<\/figcaption><\/figure>\n<figure style=\"width: 1000px\" class=\"wp-caption alignnone\"><img loading=\"lazy\" decoding=\"async\" src=\"https:\/\/www.bioleaderpack.com\/wp-content\/uploads\/2023\/03\/20191211153532_1678120030316-1.jpg\" alt=\"biologisch abbaubare Schalen\" width=\"1000\" height=\"1000\" \/><figcaption class=\"wp-caption-text\">nachhaltige Papierschalen<\/figcaption><\/figure>\n<p>&nbsp;<\/p>\n<h2>H\u00e4ufig gestellte Fragen<\/h2>\n<p><strong>1. Sind Ihre Schalen aus Papierbrei mikrowellengeeignet?<\/strong><\/p>\n<p>Alle unsere Produkte sind mikrowellengeeignet und k\u00f6nnen daher auch zum Aufw\u00e4rmen von Speisen verwendet werden.<\/p>\n<p><strong>2. Ist es m\u00f6glich, mein Logo in das Paket aufzunehmen?<\/strong><\/p>\n<p>Ohne Frage. Es gibt Verpackungsl\u00f6sungen, die nicht nur den Druck der Logos, sondern auch Gr\u00f6\u00dfen\u00e4nderungen beinhalten.<\/p>\n<p><strong>3. Sind diese Sch\u00fcsseln mikrowellengeeignet und auslaufsicher?<\/strong><\/p>\n<p>Ja, die Schalen sind weder auslaufsicher noch hitzebest\u00e4ndig, so dass sie Suppen und andere hei\u00dfe feste Lebensmittel aufnehmen k\u00f6nnen.<\/p>\n<p><strong>4. Wie lange dauert es, bis sich der Gebrauch dieser Schalen zersetzt?<\/strong><\/p>\n<p>Diese T\u00f6pfe zersetzen sich innerhalb von Monaten unter Kompostierungsbedingungen und sind daher ein geeigneter Ersatz f\u00fcr Kunststoffbeh\u00e4lter als Verpackungsl\u00f6sung.<\/p>\n<h2>Semantischer Einsichtsblock: Die Rolle von nachhaltigen Zellstoffschalen in der Lebensmittelverpackung der n\u00e4chsten Generation<\/h2>\n<div class=\"semantic-insight-block\" style=\"background: #e8f5e9; border-left: 4px solid #2196f3; padding: 14px; margin-bottom: 16px;\">\n<ul>\n<li><strong>Material und Umweltauswirkungen:<\/strong> Die aus FSC-zertifiziertem, erneuerbarem Zellstoff hergestellten Schalen sind biologisch abbaubar, kompostierbar und frei von sch\u00e4dlichen PFAS-Chemikalien - und unterst\u00fctzen damit eine plastikfreie, abfallfreie Agenda.<\/li>\n<li><strong>Leistung und Vielseitigkeit:<\/strong> Sie sind auslaufsicher und temperaturstabil und eignen sich f\u00fcr hei\u00dfe Suppen, Salate, Reisgerichte, Desserts und kalte Speisen sowohl f\u00fcr die Gastronomie als auch zum Mitnehmen.<\/li>\n<li><strong>Zertifizierungen und Konformit\u00e4t:<\/strong> Sie entsprechen den Normen EN13432, ASTM D6400, FDA und den EU-Vorschriften f\u00fcr den Kontakt mit Lebensmitteln und sind somit f\u00fcr den Export und f\u00fcr M\u00e4rkte mit strengen Anforderungen an kompostierbare Verpackungen geeignet.<\/li>\n<li><strong>Markt und Verbraucherwert:<\/strong> Unternehmen, die sich f\u00fcr nachhaltige Zellstoffschalen entscheiden, zeigen nicht nur Verantwortung f\u00fcr die Umwelt, sondern gewinnen auch das Vertrauen der Verbraucher und erf\u00fcllen die sich weltweit entwickelnden EPR- und Plastikverbotsgesetze.<\/li>\n<li><strong>Strategischer Vorteil:<\/strong> Die Investition in zertifizierte kompostierbare Verpackungen macht Marken zukunftssicher, erf\u00fcllt ESG-Ziele und nutzt Markttrends zugunsten von umweltfreundlichem Einweggeschirr.<\/li>\n<\/ul>\n<div style=\"margin-top: 8px;\"><strong>Einblick in die Industrie:<\/strong> Im Zuge der Umstellung der globalen Gastronomie auf Nachhaltigkeit erweisen sich die Zellstoffschalen von Bioleader als konforme und leistungsstarke L\u00f6sung, die Marken an der Spitze der regulatorischen Trends und der Verbrauchernachfrage nach \u00d6ko-Verpackungen positioniert.<\/div>\n<\/div>\n<p>&nbsp;<\/p>\n<p><script type=\"application\/ld+json\">{\n    \"@context\": \"https:\\\/\\\/schema.org\",\n    \"@type\": \"FAQPage\",\n    \"mainEntity\": [\n        {\n            \"@type\": \"Question\",\n            \"name\": \"Are all of your products microwave-safe?\",\n            \"acceptedAnswer\": {\n                \"@type\": \"Answer\",\n                \"text\": \"All of our products are microwave-safe and hence can be used for warming up food.\"\n            }\n        },\n        {\n            \"@type\": \"Question\",\n            \"name\": \"Is it possible to have my logo included in the package?\",\n            \"acceptedAnswer\": {\n                \"@type\": \"Answer\",\n                \"text\": \"Without question. There are packaging solutions that are not only inclusive of printing of the logos but also size modifications.\"\n            }\n        },\n        {\n            \"@type\": \"Question\",\n            \"name\": \"Are these bowls microwave-safe and leak-proof?\",\n            \"acceptedAnswer\": {\n                \"@type\": \"Answer\",\n                \"text\": \"Yes, the bowls are neither leak nor heat resistant as such they can contain soups and other hot solid food.\"\n            }\n        },\n        {\n            \"@type\": \"Question\",\n            \"name\": \"How long does it take for the use of these bowls to decompose?\",\n            \"acceptedAnswer\": {\n                \"@type\": \"Answer\",\n                \"text\": \"These pots will within months decompose under composting conditions and are therefore an appropriate substitute for plastic containers as a packaging solution.\"\n            }\n        }\n    ]\n}<\/script><\/p>","protected":false},"excerpt":{"rendered":"<p data-start=\"181\" data-end=\"817\">Auf der Suche nach einem <strong data-start=\"195\" data-end=\"229\">nachhaltige, plastikfreie Schale<\/strong> das \u00f6kologische Verantwortung und praktische Leistung in Einklang bringt? Bioleader\u00ae's <strong data-start=\"304\" data-end=\"336\">Nachhaltige Schalen aus Papierzellstoff<\/strong> werden hergestellt aus <strong data-start=\"354\" data-end=\"385\">erneuerbare Zuckerrohr-Bagasse<\/strong>und bietet eine <strong data-start=\"398\" data-end=\"431\">biologisch abbaubar und kompostierbar<\/strong> L\u00f6sung f\u00fcr moderne Foodservice-Verpackungen. Diese Schalen sind sowohl f\u00fcr hei\u00dfe als auch f\u00fcr kalte Speisen geeignet und sind <strong data-start=\"529\" data-end=\"547\">mikrowellengeeignet<\/strong>, <strong data-start=\"549\" data-end=\"566\">\u00f6lbest\u00e4ndig<\/strong>und <strong data-start=\"572\" data-end=\"586\">auslaufsicher<\/strong>-Ideal f\u00fcr Mahlzeiten zum Mitnehmen, Catering und den umweltbewussten Einzelhandel. Mit ihrer klaren \u00c4sthetik und \u00fcberlegenen Funktionalit\u00e4t erf\u00fcllen sie globale Nachhaltigkeitsstandards und bieten gleichzeitig wettbewerbsf\u00e4hige Preise und die Verf\u00fcgbarkeit von Gro\u00dfmengen f\u00fcr Exportm\u00e4rkte.<\/p>","protected":false},"featured_media":18127,"comment_status":"open","ping_status":"closed","template":"","meta":{"_acf_changed":false},"product_brand":[8971],"product_cat":[7150],"product_tag":[6700,6672,6701,6702,6703,6704,6705,6706,6708,6709,6710],"class_list":{"0":"post-13548","1":"product","2":"type-product","3":"status-publish","4":"has-post-thumbnail","6":"product_brand-bioleader","7":"product_cat-bagasse-bowl","8":"product_tag-biodegradable-pulp-bowl-12oz","9":"product_tag-disposable-bowl-made-from-sugarcane","10":"product_tag-paper-bowl-sustainable","11":"product_tag-paper-pulp-bowls","12":"product_tag-plant-fiber-bowl-12oz","13":"product_tag-pulp-bowl-12oz","14":"product_tag-pulp-bowls","15":"product_tag-pulp-molding-bowls","16":"product_tag-sugarcane-fiber-bowl-12oz","17":"product_tag-sustainable-bowls","18":"product_tag-sustainable-paper-bowls","20":"first","21":"instock","22":"purchasable","23":"product-type-simple"},"acf":[],"_links":{"self":[{"href":"https:\/\/www.bioleaderpack.com\/de\/wp-json\/wp\/v2\/product\/13548","targetHints":{"allow":["GET"]}}],"collection":[{"href":"https:\/\/www.bioleaderpack.com\/de\/wp-json\/wp\/v2\/product"}],"about":[{"href":"https:\/\/www.bioleaderpack.com\/de\/wp-json\/wp\/v2\/types\/product"}],"replies":[{"embeddable":true,"href":"https:\/\/www.bioleaderpack.com\/de\/wp-json\/wp\/v2\/comments?post=13548"}],"wp:featuredmedia":[{"embeddable":true,"href":"https:\/\/www.bioleaderpack.com\/de\/wp-json\/wp\/v2\/media\/18127"}],"wp:attachment":[{"href":"https:\/\/www.bioleaderpack.com\/de\/wp-json\/wp\/v2\/media?parent=13548"}],"wp:term":[{"taxonomy":"product_brand","embeddable":true,"href":"https:\/\/www.bioleaderpack.com\/de\/wp-json\/wp\/v2\/product_brand?post=13548"},{"taxonomy":"product_cat","embeddable":true,"href":"https:\/\/www.bioleaderpack.com\/de\/wp-json\/wp\/v2\/product_cat?post=13548"},{"taxonomy":"product_tag","embeddable":true,"href":"https:\/\/www.bioleaderpack.com\/de\/wp-json\/wp\/v2\/product_tag?post=13548"}],"curies":[{"name":"wp","href":"https:\/\/api.w.org\/{rel}","templated":true}]}}