{"id":13545,"date":"2023-03-13T14:42:10","date_gmt":"2023-03-13T06:42:10","guid":{"rendered":"https:\/\/www.bioleaderpack.com\/product\/biodegradable-disposable-bowls-bulk\/"},"modified":"2026-04-24T17:05:32","modified_gmt":"2026-04-24T09:05:32","slug":"biologisch-abbaubare-einwegschalen-lose","status":"publish","type":"product","link":"https:\/\/www.bioleaderpack.com\/de\/produkt\/biologisch-abbaubare-einwegschalen-lose\/","title":{"rendered":"Biologisch abbaubare Einwegschalen Bulk"},"content":{"rendered":"<table style=\"border-collapse: collapse; width: 100%; height: 1103px;\">\n<tbody>\n<tr style=\"height: 329px;\">\n<td style=\"width: 50%; height: 329px;\"><img fetchpriority=\"high\" decoding=\"async\" class=\"alignnone wp-image-524 size-full\" src=\"https:\/\/www.bioleaderpack.com\/wp-content\/uploads\/2023\/03\/L015Size_1678717845975.jpg\" alt=\"Biologisch abbaubare Einwegschalen Bulk\" width=\"1005\" height=\"1000\" \/><\/td>\n<td style=\"width: 50%; height: 329px;\"><img decoding=\"async\" class=\"alignnone wp-image-17069 size-full\" title=\"Biologisch abbaubare Einwegschalen Bulk\" src=\"https:\/\/www.bioleaderpack.com\/wp-content\/uploads\/2023\/03\/L015-1-3.jpg\" alt=\"Biologisch abbaubare Einwegschalen Bulk\" width=\"1000\" height=\"1000\" srcset=\"https:\/\/www.bioleaderpack.com\/wp-content\/uploads\/2023\/03\/L015-1-3.jpg.webp 1000w, https:\/\/www.bioleaderpack.com\/wp-content\/uploads\/2023\/03\/L015-1-3-300x300.jpg.webp 300w, https:\/\/www.bioleaderpack.com\/wp-content\/uploads\/2023\/03\/L015-1-3-100x100.jpg.webp 100w, https:\/\/www.bioleaderpack.com\/wp-content\/uploads\/2023\/03\/L015-1-3-600x600.jpg.webp 600w, https:\/\/www.bioleaderpack.com\/wp-content\/uploads\/2023\/03\/L015-1-3-150x150.jpg.webp 150w, https:\/\/www.bioleaderpack.com\/wp-content\/uploads\/2023\/03\/L015-1-3-768x768.jpg.webp 768w, https:\/\/www.bioleaderpack.com\/wp-content\/uploads\/2023\/03\/L015-1-3-12x12.jpg.webp 12w\" sizes=\"(max-width: 1000px) 100vw, 1000px\" \/><\/td>\n<\/tr>\n<tr style=\"height: 24px;\">\n<td style=\"width: 50%; height: 24px;\"><img decoding=\"async\" class=\"alignnone wp-image-526 size-full\" title=\"Biologisch abbaubare Einwegschalen Bulk\" src=\"https:\/\/www.bioleaderpack.com\/wp-content\/uploads\/2025\/07\/L0155_1678717867254.jpg\" alt=\"Biologisch abbaubare Einwegschalen Bulk\" width=\"700\" height=\"700\" \/><\/td>\n<td style=\"width: 50%; height: 24px;\"><img loading=\"lazy\" decoding=\"async\" class=\"alignnone wp-image-525 size-full\" title=\"Biologisch abbaubare Einwegschalen Bulk\" src=\"https:\/\/www.bioleaderpack.com\/wp-content\/uploads\/2025\/07\/L0154_1678717861430.jpg\" alt=\"Biologisch abbaubare Einwegschalen Bulk\" width=\"700\" height=\"700\" \/><\/td>\n<\/tr>\n<tr style=\"height: 750px;\">\n<td style=\"width: 50%; height: 750px;\">\n<p style=\"text-align: center;\"><img loading=\"lazy\" decoding=\"async\" class=\"alignnone wp-image-18185 size-large aligncenter\" title=\"Biologisch abbaubare Einwegschalen Bulk\" src=\"https:\/\/www.bioleaderpack.com\/wp-content\/uploads\/2023\/03\/Biodegradable-Disposable-Bowls-Bulk-1024x1024.jpg\" alt=\"Biologisch abbaubare Einwegschalen Bulk\" width=\"800\" height=\"800\" srcset=\"https:\/\/www.bioleaderpack.com\/wp-content\/uploads\/2023\/03\/Biodegradable-Disposable-Bowls-Bulk-1024x1024.jpg.webp 1024w, https:\/\/www.bioleaderpack.com\/wp-content\/uploads\/2023\/03\/Biodegradable-Disposable-Bowls-Bulk-300x300.jpg.webp 300w, https:\/\/www.bioleaderpack.com\/wp-content\/uploads\/2023\/03\/Biodegradable-Disposable-Bowls-Bulk-100x100.jpg.webp 100w, https:\/\/www.bioleaderpack.com\/wp-content\/uploads\/2023\/03\/Biodegradable-Disposable-Bowls-Bulk-600x600.jpg.webp 600w, https:\/\/www.bioleaderpack.com\/wp-content\/uploads\/2023\/03\/Biodegradable-Disposable-Bowls-Bulk-150x150.jpg.webp 150w, https:\/\/www.bioleaderpack.com\/wp-content\/uploads\/2023\/03\/Biodegradable-Disposable-Bowls-Bulk-768x768.jpg.webp 768w, https:\/\/www.bioleaderpack.com\/wp-content\/uploads\/2023\/03\/Biodegradable-Disposable-Bowls-Bulk-1536x1536.jpg.webp 1536w, https:\/\/www.bioleaderpack.com\/wp-content\/uploads\/2023\/03\/Biodegradable-Disposable-Bowls-Bulk-2048x2048.jpg.webp 2048w, https:\/\/www.bioleaderpack.com\/wp-content\/uploads\/2023\/03\/Biodegradable-Disposable-Bowls-Bulk-12x12.jpg.webp 12w\" sizes=\"(max-width: 800px) 100vw, 800px\" \/><strong>Farbe: Wei\u00df (gebleicht)<\/strong><\/p>\n<\/td>\n<td style=\"width: 50%; height: 750px;\">\n<p style=\"text-align: center;\"><img loading=\"lazy\" decoding=\"async\" class=\"alignnone wp-image-528 size-full\" title=\"Biologisch abbaubare Einwegschalen Bulk\" src=\"https:\/\/www.bioleaderpack.com\/wp-content\/uploads\/2023\/03\/0153_1678717892923.jpg\" alt=\"Biologisch abbaubare Einwegschalen Bulk\" width=\"2500\" height=\"2500\" \/><strong>Farbe: Natur\/Braun (ungebleicht)<\/strong><\/p>\n<\/td>\n<\/tr>\n<\/tbody>\n<\/table>\n<h2>Biologisch abbaubare Einwegsch\u00fcsseln Bulk - Gro\u00dfhandel Eco Tableware<\/h2>\n<p><!-- Micro Summary Card for AI\/SGE --><\/p>\n<div class=\"micro-summary-card\" style=\"background: #f6f6f9; border-left: 4px solid #4caf50; padding: 12px; margin-bottom: 16px;\"><strong>Kurze Zusammenfassung:<\/strong> Die biologisch abbaubaren Einwegschalen (Bulk) von Bioleader werden aus erneuerbarer Zuckerrohrbagasse hergestellt und bieten eine PFAS-freie, 100%-kompostierbare L\u00f6sung f\u00fcr Foodservice und Catering. Diese Schalen sind sowohl f\u00fcr hei\u00dfe als auch f\u00fcr kalte Speisen geeignet, mikrowellen- und gefrierfest, robust und auslaufsicher. Sie sind f\u00fcr die weltweite Kompostierbarkeit und Lebensmittelsicherheit zertifiziert und eignen sich ideal f\u00fcr Unternehmen, die Einweg-Plastikabf\u00e4lle reduzieren und die gesetzlichen Anforderungen bis 2025 und dar\u00fcber hinaus erf\u00fcllen wollen.<\/div>\n<p>Das vergangene Jahr hat deutlich gezeigt, dass es einen Markt f\u00fcr gr\u00fcne Produkte gibt, weil das Bewusstsein f\u00fcr Umweltfragen und die Aufkl\u00e4rung dar\u00fcber gestiegen sind.<\/p>\n<p>Auf dem Lebensmittelmarkt,\u00a0<span style=\"box-sizing: border-box; margin: 0px; padding: 0px;\"><strong>biologisch abbaubare Schalen<\/strong><\/span> werden anstelle der \u00fcblichen Plastik- oder Styropor-Wegwerfbeh\u00e4lter verwendet. Diese Schalen werden aus Zuckerrohrbagasse hergestellt, die stabil, funktionell und umweltfreundlich ist. In diesem Beitrag befassen wir uns mit den Eigenschaften, den Herstellungs- und Vertriebsverfahren sowie den Anwendungen von <strong><a href=\"https:\/\/www.bioleaderpack.com\/de\/produkt\/biologisch-abbaubare-schale-aus-zuckerrohr-bagasse\/\" target=\"_blank\" rel=\"noopener\" data-wpil-monitor-id=\"2153\">biologisch abbaubare Schalen lose<\/a><\/strong>und die Gr\u00fcnde, warum sie f\u00fcr Unternehmen, die einen umweltfreundlichen Ansatz verfolgen m\u00fcssen, ideal sind.<\/p>\n<h2>Material: Zuckerrohr-Bagasse<\/h2>\n<p>Unser\u00a0<a href=\"https:\/\/www.bioleaderpack.com\/de\/woraus-werden-papierschalen-hergestellt-produktionsverfahren-fur-einweg-papierschalen\/\" target=\"_blank\" rel=\"noopener\" data-wpil-monitor-id=\"2076\">biologisch abbaubare Einwegschalen werden hergestellt<\/a> aus Bagasse, einem ehemaligen Abfallmaterial der Zuckerfabriken. Dieses gr\u00fcne Material ist nicht nur kompostierbar, sondern auch erneuerbar und kann alle Arten von Einweg-Plastikbeh\u00e4ltern ersetzen. Durch die Bek\u00e4mpfung von Zuckerrohr-Bagasse tragen wir zur Verringerung von Abfall und Umweltverschmutzung bei. Als <strong>chinesischer Hersteller<\/strong>Indem wir den Kunden die Qualit\u00e4t und den Standard der produzierten Schalen zusichern, schonen wir gleichzeitig die Umwelt.<\/p>\n<h2><a href=\"https:\/\/www.bioleaderpack.com\/de\/verfahren-zur-herstellung-von-zuckerrohrbagasse-zellstoff-fur-geschirr\/\" target=\"_blank\">Produktionsprozess: Papierzellstoff-Formenbau<\/a><\/h2>\n<p>Unser\u00a0<strong>biologisch abbaubare Einwegschalen<\/strong> Die Produktion beginnt mit der Herstellung von geformten Schnitzelschalen. Dabei wird Zuckerrohrbagasse unter Anwendung von Hitze und Druck in die Form von Schalen gebracht, die fest und zuverl\u00e4ssig sind. Die\u00a0<strong>Zellstoff-Formenbau<\/strong>\u00a0Technologie erm\u00f6glicht es uns, lebensmittelechte, auslaufsichere und wasserfeste Schalen herzustellen. Dar\u00fcber hinaus gibt es Ma\u00dfnahmen zur Herstellung von Schalen aus Zellstoff, die den Schutz der Umwelt und der Gesundheit des Endverbrauchers f\u00f6rdern.<\/p>\n<table style=\"border-collapse: collapse; width: 100%;\">\n<tbody>\n<tr>\n<td style=\"width: 50%;\"><img loading=\"lazy\" decoding=\"async\" class=\"size-full wp-image-535\" title=\"Umweltfreundliche, kompostierbare Einweg-Suppenschalen\" src=\"https:\/\/www.bioleaderpack.com\/wp-content\/uploads\/2023\/03\/L026ce3_1678718855178.jpg\" alt=\"Umweltfreundliche, kompostierbare Einweg-Suppenschalen\" width=\"650\" height=\"650\" \/><\/td>\n<td style=\"width: 50%;\"><img loading=\"lazy\" decoding=\"async\" class=\"size-full wp-image-517\" title=\"32oz kompostierbare Schalen mit Deckeln\" src=\"https:\/\/www.bioleaderpack.com\/wp-content\/uploads\/2023\/03\/L0141_1678716224141.jpg\" alt=\"32oz kompostierbare Schalen mit Deckeln\" width=\"700\" height=\"700\" \/><\/td>\n<\/tr>\n<\/tbody>\n<\/table>\n<h2>Hauptmerkmale von biologisch abbaubaren Einwegsch\u00fcsseln<\/h2>\n<p>Die Verpackungen sollten nicht nur aus f\u00fcr unsere Kunden sicheren Materialien bestehen, sondern auch funktionell sein. Es gibt mehrere verschiedene Aspekte unserer <strong>biologisch abbaubare Einwegschalen,<\/strong>\u00a0Deshalb sind sie bei den Verbrauchern auch so beliebt:<\/p>\n<ul>\n<li><strong>Umweltvertr\u00e4glich und kompostierbar<\/strong>: Diese Schalen sind 100% kompostierbar, was bedeutet, dass sie sich nach jedem Gebrauch zersetzen und somit nicht zu M\u00fclldeponien und Plastikverschmutzung beitragen.<\/li>\n<li><strong>Sichere Lebensmittel und frei von sch\u00e4dlichen Chemikalien<\/strong>: Die verwendeten Schalen enthalten keine PFAS und kein BPA, so dass keine sch\u00e4dlichen Schadstoffe in die Lebensmittel gelangen.<\/li>\n<li><strong>Auslaufsicher und \u00f6lbest\u00e4ndig<\/strong>: Die entwickelten Schalen k\u00f6nnen \u00d6l und fettige Speisen vertragen, ohne auszulaufen.<\/li>\n<li><strong>Mikrowellengeeignet<\/strong>: Kann in der Mikrowelle verwendet werden, daher m\u00fcssen die Speisen nicht in eine mikrowellengeeignete Sch\u00fcssel umgef\u00fcllt werden, um sie zu erhitzen.<\/li>\n<\/ul>\n<p>All diese Eigenschaften machen\u00a0<strong>biologisch abbaubare Schalen in loser Sch\u00fcttung<\/strong> eine praktikable Option f\u00fcr jeden Lebensmittelbetrieb, jedes Restaurant und jeden Cateringservice gleichermassen.<\/p>\n<h2>Verwendung der biologisch abbaubaren Schalen<\/h2>\n<p>Neu\u00a0<strong>biologisch abbaubare Einwegschalen<\/strong>\u00a0sind so n\u00fctzlich, dass sie in verschiedenen Situationen verwendet werden k\u00f6nnen. Wenn Sie in der Gastronomie t\u00e4tig sind, z. B. in einem Imbisswagen oder bei Hochzeiten, sind diese Schalen die beste Wahl f\u00fcr die sichere Aufbewahrung von Lebensmitteln. Hier sind ein paar Beispiele f\u00fcr ihre praktischen Anwendungen:<\/p>\n<ul>\n<li><strong>Mahlzeiten zum Mitnehmen:<\/strong> Die Schalen eignen sich zum Servieren von Salat, Suppe und Nudeln, und die Tatsache, dass die Schalen wiederverwendbar sind, bedeutet, dass Fl\u00fcssigkeiten und \u00d6le w\u00e4hrend des Transports nicht auslaufen k\u00f6nnen.<\/li>\n<li><strong>Catering-Dienste:<\/strong> Bei umweltfreundlichen Cateringservices tragen diese Schalen dazu bei, die Verwendung von Einwegplastik zu vermeiden, das bei Veranstaltungen eine gro\u00dfe Verschwendung darstellt.<\/li>\n<li><strong>Restaurants und Caf\u00e9s:<\/strong> F\u00fcr Restaurants oder Caf\u00e9s, die sowohl zum Essen als auch zum Mitnehmen einladen, verbessert die Verwendung von biologisch abbaubaren Einwegsch\u00fcsseln das Markenimage des Umweltschutzes.<\/li>\n<\/ul>\n<p>Diese Schalen k\u00f6nnen verschiedene Arten von Lebensmitteln aufnehmen und eignen sich daher f\u00fcr jede Veranstaltung mit einem sicheren Umfeld und einer effizienten Nutzung von Raum und Zeit.<\/p>\n<figure id=\"attachment_2251\" aria-describedby=\"caption-attachment-2251\" style=\"width: 1000px\" class=\"wp-caption alignnone\"><img loading=\"lazy\" decoding=\"async\" class=\"size-full wp-image-2251\" title=\"Kompostierbare Faserschalen aus Zuckerrohr-Bagasse\" src=\"https:\/\/www.bioleaderpack.com\/wp-content\/uploads\/2023\/03\/L-Bowl.jpg\" alt=\"Kompostierbare Faserschalen aus Zuckerrohr-Bagasse\" width=\"1000\" height=\"544\" srcset=\"https:\/\/www.bioleaderpack.com\/wp-content\/uploads\/2023\/03\/L-Bowl.jpg.webp 1000w, https:\/\/www.bioleaderpack.com\/wp-content\/uploads\/2023\/03\/L-Bowl-600x326.jpg 600w, https:\/\/www.bioleaderpack.com\/wp-content\/uploads\/2023\/03\/L-Bowl-300x163.jpg.webp 300w, https:\/\/www.bioleaderpack.com\/wp-content\/uploads\/2023\/03\/L-Bowl-768x418.jpg.webp 768w\" sizes=\"(max-width: 1000px) 100vw, 1000px\" \/><figcaption id=\"caption-attachment-2251\" class=\"wp-caption-text\">Kompostierbare Faserschalen aus Zuckerrohr-Bagasse<\/figcaption><\/figure>\n<h2>Intelligentes Branding mit flexiblen Verpackungsalternativen<\/h2>\n<p>Das Branding gilt als integraler Bestandteil der Unternehmensgr\u00fcndung. Um sicherzustellen, dass Ihre Marke erkannt wird, bieten wir unseren Kunden erschwingliche und anpassbare <strong>biologisch abbaubare Schalen in loser Sch\u00fcttung<\/strong>\u00a0Verpackung. Durch Hinzuf\u00fcgen eines Logos Ihres Unternehmens, Auswahl bestimmter Farben oder Personalisierung des Verpackungsdesigns k\u00f6nnen wir Sie bei der Erf\u00fcllung der Verpackungsanforderungen f\u00fcr Ihr Unternehmen unterst\u00fctzen. Dies hilft auch beim lokalen Marketing und beim Aufbau des Vertrauens Ihrer Kunden in Ihre Nachhaltigkeitsbem\u00fchungen.<\/p>\n<h2>Der Aufstieg der umweltfreundlichen Verpackungen<\/h2>\n<p>Mit dem Anstieg der Weltbev\u00f6lkerung hat auch die Sorge um die Umwelt zugenommen, so dass Verbraucher und Unternehmen nach einer umweltbewussten L\u00f6sung f\u00fcr herk\u00f6mmliche Verpackungsmaterialien suchen. Solche <strong>Biologisch abbaubare Einwegschalen brechen<\/strong> ein unn\u00f6tiger, gef\u00fchlsbetonter Trend zu biobasierten Lebensmittelbeh\u00e4ltern, der die Welt erobert. Die Zunahme gr\u00fcner Marken in Verbindung mit den Bem\u00fchungen, Plastikm\u00fcll zu reduzieren, hat Produkte wie unsere <strong>biologisch abbaubare Einwegschalen<\/strong>\u00a0zur Vorderkante des Raums.<\/p>\n<p>Solche Schalen werden vor allem dem zunehmenden Bedarf an nachhaltigen Produkten an nachhaltigen Standorten gerecht. Da das Bewusstsein der Menschen f\u00fcr umweltfreundliche L\u00f6sungen zunimmt, werden Unternehmen, die biologisch abbaubare Produkte anbieten, in der ersten Reihe stehen.<\/p>\n<h2>Warum w\u00e4hlen Sie uns: Ein zuverl\u00e4ssiger chinesischer Hersteller<\/h2>\n<p>Als ein f\u00fchrendes\u00a0<strong>Fabrik in China<\/strong> und eine\u00a0<strong>Gro\u00dfhandel mit biologisch abbaubaren Schalen<\/strong>widmen wir uns hochwertigen, nachhaltigen Produkten. Einwegartikel <strong>biologisch abbaubare Schalen<\/strong> werden hier in gro\u00dfen Mengen angeboten und bieten jedem Unternehmen kosteng\u00fcnstige, umweltfreundliche Verpackungen zum Mitnehmen. Wir sind stolz darauf, preisg\u00fcnstige Produkte anbieten zu k\u00f6nnen, die langlebig und kompostierbar sind und zur Abfallvermeidung in der Lebensmittelindustrie beitragen.<\/p>\n<p>Durch die Wahl unseres Angebots an\u00a0<strong>biologisch abbaubare Einwegschalen<\/strong>k\u00f6nnen Sie sicher sein, dass es sich nicht nur um ein hervorragendes Produkt handelt, sondern dass es auch die Welt ein St\u00fcckchen besser macht.<\/p>\n<figure id=\"attachment_1046\" aria-describedby=\"caption-attachment-1046\" style=\"width: 800px\" class=\"wp-caption alignnone\"><img loading=\"lazy\" decoding=\"async\" class=\"size-large wp-image-1046\" title=\"Kompostierbare Faserschalen aus Zuckerrohr-Bagasse\" src=\"https:\/\/www.bioleaderpack.com\/wp-content\/uploads\/2024\/05\/20191211153532_1678120030316-1024x1024.jpg\" alt=\"Kompostierbare Faserschalen aus Zuckerrohr-Bagasse\" width=\"800\" height=\"800\" srcset=\"https:\/\/www.bioleaderpack.com\/wp-content\/uploads\/2024\/05\/20191211153532_1678120030316-1024x1024.jpg.webp 1024w, https:\/\/www.bioleaderpack.com\/wp-content\/uploads\/2024\/05\/20191211153532_1678120030316-12x12.jpg 12w, https:\/\/www.bioleaderpack.com\/wp-content\/uploads\/2024\/05\/20191211153532_1678120030316-150x150.jpg.webp 150w, https:\/\/www.bioleaderpack.com\/wp-content\/uploads\/2024\/05\/20191211153532_1678120030316-300x300.jpg.webp 300w, https:\/\/www.bioleaderpack.com\/wp-content\/uploads\/2024\/05\/20191211153532_1678120030316-768x768.jpg.webp 768w, https:\/\/www.bioleaderpack.com\/wp-content\/uploads\/2024\/05\/20191211153532_1678120030316-600x600.jpg 600w, https:\/\/www.bioleaderpack.com\/wp-content\/uploads\/2024\/05\/20191211153532_1678120030316-100x100.jpg 100w, https:\/\/www.bioleaderpack.com\/wp-content\/uploads\/2024\/05\/20191211153532_1678120030316.jpg.webp 1080w\" sizes=\"(max-width: 800px) 100vw, 800px\" \/><figcaption id=\"caption-attachment-1046\" class=\"wp-caption-text\">Kompostierbare Faserschalen aus Zuckerrohr-Bagasse<\/figcaption><\/figure>\n<h2>FAQ<\/h2>\n<ul>\n<li><strong>K\u00f6nnen die oben genannten Schalen f\u00fcr warme und kalte Speisen verwendet werden?<\/strong><\/li>\n<\/ul>\n<p>Ja, die\u00a0<strong>biologisch abbaubare Einwegschalen<\/strong>\u00a0k\u00f6nnen sowohl f\u00fcr hei\u00dfe als auch f\u00fcr kalte Speisen verwendet werden. Sie sind stark genug, um hei\u00dfe Speisen und fl\u00fcssige Inhalte zu transportieren, ohne auszulaufen.<\/p>\n<ul>\n<li><strong>Wie lange dauert es, bis sich diese Schalen zersetzen?<\/strong><\/li>\n<\/ul>\n<p>In gesunden Kompostierungssituationen sind diese\u00a0<strong>biologisch abbaubare Einwegschalen<\/strong>\u00a0wird innerhalb von 60 bis 90 Tagen biologisch abgebaut, was f\u00fcr die Umwelt recht g\u00fcnstig ist.<\/p>\n<ul>\n<li><strong>Kann ich diese Schalen in der Mikrowelle verwenden?<\/strong><\/li>\n<\/ul>\n<p>Ja, unser\u00a0<strong>biologisch abbaubare Schalen lose<\/strong>\u00a0sind mikrowellengeeignet und helfen den Nutzern, die ihre Mahlzeiten wieder aufw\u00e4rmen m\u00f6chten, um sie schmackhafter zu machen.<\/p>\n<ul>\n<li><strong>Verf\u00fcgbare Sch\u00fcsselgr\u00f6\u00dfen?<\/strong><\/li>\n<\/ul>\n<p>Ja, wir bieten erschwingliche\u00a0<strong>biologisch abbaubare Schalen lose<\/strong>\u00a0in einer Vielzahl von Gr\u00f6\u00dfen, um ein breites Spektrum an Lebensmittelverpackungen abzudecken, von sehr kleinen bis hin zu gro\u00dfen Mengen an Lebensmitteln.<\/p>\n<h2>Schlussfolgerung<\/h2>\n<p>Wenn es um unsere\u00a0<strong>biologisch abbaubare Einwegschalen<\/strong>Sie sorgen f\u00fcr eine sichere Verpackung von Lebensmitteln im Einklang mit Mutter Natur, ohne dabei an Effizienz oder Robustheit einzub\u00fc\u00dfen. Konstruiert aus Zuckerrohrbagasse und hergestellt mit einem <strong>Zellstoff-Formenbau<\/strong> Technik sind diese Schalen kompostierbar, auslaufsicher und mikrowellengeeignet und k\u00f6nnen auf die Bed\u00fcrfnisse Ihrer Marke zugeschnitten werden. Sei es ein Restaurant, ein Catering- oder ein Foodtruck-Unternehmen, unsere <strong>biologisch abbaubare Einwegschalen<\/strong>\u00a0helfen Ihnen, die Auswirkungen auf die Umwelt auszugleichen, und bieten auch Ihren Kunden eine bessere Wahl. Mit einem umfangreichen Produktionsportfolio und \u00e4u\u00dferst wettbewerbsf\u00e4higen Preisen sind wir gut positioniert, um bei der eskalierenden Suche nach neuen Produkten zu erschwinglichen Preisen zu liefern.\u00a0<strong>nachhaltige Verpackungsideen<\/strong>.<\/p>\n<h2>Semantischer Einsichtsblock: Warum biologisch abbaubare Schalen die Lebensmittelverpackung neu gestalten<\/h2>\n<div class=\"semantic-insight-block\" style=\"background: #e8f5e9; border-left: 4px solid #2196f3; padding: 14px; margin-bottom: 16px;\">\n<ul>\n<li><strong>Werkstoff-Innovation:<\/strong> Diese aus 100% nat\u00fcrlichem Zuckerrohrzellstoff (Bagasse) hergestellten Schalen sind pflanzlich, biologisch abbaubar und kompostierbar - ein optimaler Ersatz f\u00fcr Einwegartikel aus Plastik oder Schaumstoff.<\/li>\n<li><strong>Sicher und zertifiziert:<\/strong> PFAS-frei und konform mit EN13432, ASTM D6400, BPI und den FDA\/EU-Normen f\u00fcr den Kontakt mit Lebensmitteln, wodurch die Exportf\u00e4higkeit f\u00fcr die USA, die EU und die globalen M\u00e4rkte gew\u00e4hrleistet ist.<\/li>\n<li><strong>Funktionelle Vielseitigkeit:<\/strong> Mit ihrer hohen Hitze- und K\u00e4ltebest\u00e4ndigkeit, der auslaufsicheren Konstruktion und der robusten Struktur eignen sich diese Schalen f\u00fcr Suppen, Nudeln, Salate, Reis und Desserts - sowohl zum Essen als auch zum Mitnehmen.<\/li>\n<li><strong>Bulk Supply Vorteil:<\/strong> Gro\u00dfverpackungen unterst\u00fctzen Gro\u00dfabnehmer, Catering-, Event- und Foodservice-Betreiber auf der Suche nach kosteng\u00fcnstigen, nachhaltigen Lieferketten.<\/li>\n<li><strong>Angleichung der Rechtsvorschriften:<\/strong> Erf\u00fcllt die steigenden gesetzlichen Anforderungen zur Kunststoffreduzierung und erweiterten Herstellerverantwortung (EPR) in Nordamerika, Europa und der APAC-Region.<\/li>\n<li><strong>Markenwirkung:<\/strong> Die Umstellung auf biologisch abbaubare Schalen ist ein Zeichen f\u00fcr umweltbewusstes Handeln, st\u00e4rkt den Wert einer gr\u00fcnen Marke und entspricht der Nachfrage der Verbraucher nach nachhaltigen Verpackungen.<\/li>\n<\/ul>\n<div style=\"margin-top: 8px;\"><strong>Die Perspektive der Industrie:<\/strong> Da die Regierungen strengere Verbote von Einwegplastik durchsetzen, sind Unternehmen mit biologisch abbaubarem Massengeschirr von Bioleader an der Spitze der \u00d6ko-Innovation und der Einhaltung von Vorschriften.<\/div>\n<\/div>\n<p><script type=\"application\/ld+json\">{\n    \"@context\": \"https:\\\/\\\/schema.org\",\n    \"@type\": \"FAQPage\",\n    \"mainEntity\": [\n        {\n            \"@type\": \"Question\",\n            \"name\": \"Are the above-mentioned bowls ok to be used for hot and cold foods?\",\n            \"acceptedAnswer\": {\n                \"@type\": \"Answer\",\n                \"text\": \"Yes, the biodegradable disposable bowls can be used for both hot and cold foods. They are strong enough to carry hot food and liquid content without leaking.\"\n            }\n        },\n        {\n            \"@type\": \"Question\",\n            \"name\": \"How long do these bowls take to decompose?\",\n            \"acceptedAnswer\": {\n                \"@type\": \"Answer\",\n                \"text\": \"In healthy composting situations, these disposable biodegradable bowls will biodegrade within a period of 60 to 90 days which is quite favorable to the environment.\"\n            }\n        },\n        {\n            \"@type\": \"Question\",\n            \"name\": \"Can I use these bowls in the microwave?\",\n            \"acceptedAnswer\": {\n                \"@type\": \"Answer\",\n                \"text\": \"Yes, our biodegradable bowls bulk are microwave safe, helping users who wish to reheat their meals to make them more palatable.\"\n            }\n        },\n        {\n            \"@type\": \"Question\",\n            \"name\": \"Available bowl sizes?\",\n            \"acceptedAnswer\": {\n                \"@type\": \"Answer\",\n                \"text\": \"Yes, we provide affordable biodegradable bowls bulk in a variety of sizes to cover a broad spectrum of food packaging, from very little to a large amount of food.\"\n            }\n        }\n    ]\n}<\/script><\/p>","protected":false},"excerpt":{"rendered":"<div class=\"flex max-w-full flex-col flex-grow\">\n<div class=\"min-h-[20px] text-message flex w-full flex-col items-end gap-2 whitespace-normal break-words [.text-message+&amp;]:mt-5\" dir=\"auto\" data-message-author-role=\"assistant\" data-message-id=\"337f978a-96d0-4773-9a6b-5a74f41b63e4\">\n<div class=\"flex w-full flex-col gap-1 empty:hidden first:pt-[3px]\">\n<div class=\"markdown prose w-full break-words dark:prose-invert light\">\n<p>Die <strong>biologisch abbaubar <\/strong><a href=\"https:\/\/www.bioleaderpack.com\/de\/produkt\/einweg-zuckerrohrschalen\/\" target=\"_blank\" rel=\"noopener\" data-wpil-monitor-id=\"2077\">Einwegschalen sind ein nachhaltiges und praktisches Lebensmittel<\/a> Die aus Zuckerrohrbagasse hergestellten Verpackungen sind kompostierbar, auslaufsicher, mikrowellengeeignet und frei von sch\u00e4dlichen Chemikalien, was sie ideal f\u00fcr eine Reihe von Lebensmitteln macht, von Salaten bis zu Suppen. Dank ihrer vielseitigen Verwendungsm\u00f6glichkeiten sind sie ideal f\u00fcr Restaurants, Imbissbuden und Cateringservices, die nach umweltfreundlichen Verpackungsl\u00f6sungen suchen. Produziert durch <strong>Zellstoff-geformt<\/strong> Technologie sind diese Schalen individuell anpassbar und passen sich der Identit\u00e4t Ihrer Marke an. Mit dem wachsenden Trend zu nachhaltigen Verpackungen ist unser <strong>biologisch abbaubare Schalen lose<\/strong> sind eine kluge Wahl f\u00fcr Unternehmen, die Wert auf \u00f6kologische Verantwortung legen.<\/p>\n<\/div>\n<\/div>\n<\/div>\n<\/div>","protected":false},"featured_media":17311,"comment_status":"open","ping_status":"closed","template":"","meta":{"_acf_changed":false},"product_brand":[8971],"product_cat":[7150],"product_tag":[6661,6662,6663,6664,6665,6667,6668,6669,6671],"class_list":{"0":"post-13545","1":"product","2":"type-product","3":"status-publish","4":"has-post-thumbnail","6":"product_brand-bioleader","7":"product_cat-bagasse-bowl","8":"product_tag-biodegradable-bowl","9":"product_tag-biodegradable-bowls-bulk","10":"product_tag-biodegradable-disposable-bowls","11":"product_tag-disposable-biodegradable-bowls","12":"product_tag-disposable-bowl","13":"product_tag-disposable-bowl-bulk","14":"product_tag-disposable-sugarcane-small-bowl","15":"product_tag-small-bowl-disposable","16":"product_tag-small-bowl-sugarcane","18":"first","19":"instock","20":"purchasable","21":"product-type-simple"},"acf":[],"_links":{"self":[{"href":"https:\/\/www.bioleaderpack.com\/de\/wp-json\/wp\/v2\/product\/13545","targetHints":{"allow":["GET"]}}],"collection":[{"href":"https:\/\/www.bioleaderpack.com\/de\/wp-json\/wp\/v2\/product"}],"about":[{"href":"https:\/\/www.bioleaderpack.com\/de\/wp-json\/wp\/v2\/types\/product"}],"replies":[{"embeddable":true,"href":"https:\/\/www.bioleaderpack.com\/de\/wp-json\/wp\/v2\/comments?post=13545"}],"wp:featuredmedia":[{"embeddable":true,"href":"https:\/\/www.bioleaderpack.com\/de\/wp-json\/wp\/v2\/media\/17311"}],"wp:attachment":[{"href":"https:\/\/www.bioleaderpack.com\/de\/wp-json\/wp\/v2\/media?parent=13545"}],"wp:term":[{"taxonomy":"product_brand","embeddable":true,"href":"https:\/\/www.bioleaderpack.com\/de\/wp-json\/wp\/v2\/product_brand?post=13545"},{"taxonomy":"product_cat","embeddable":true,"href":"https:\/\/www.bioleaderpack.com\/de\/wp-json\/wp\/v2\/product_cat?post=13545"},{"taxonomy":"product_tag","embeddable":true,"href":"https:\/\/www.bioleaderpack.com\/de\/wp-json\/wp\/v2\/product_tag?post=13545"}],"curies":[{"name":"wp","href":"https:\/\/api.w.org\/{rel}","templated":true}]}}