{"id":3,"date":"2022-01-26T17:22:33","date_gmt":"2022-01-26T09:22:33","guid":{"rendered":"https:\/\/www.bioleaderpack.com\/?page_id=3"},"modified":"2026-02-18T20:40:37","modified_gmt":"2026-02-18T12:40:37","slug":"datenschutzbestimmungen","status":"publish","type":"page","link":"https:\/\/www.bioleaderpack.com\/de\/datenschutzbestimmungen\/","title":{"rendered":"Datenschutzrichtlinie | Bioleader\u00ae Datenschutz, GDPR &amp; CCPA Compliance"},"content":{"rendered":"<p data-start=\"417\" data-end=\"493\"><em><strong data-start=\"462\" data-end=\"493\">Zuletzt aktualisiert: November 2025<\/strong><\/em><\/p>\n<p data-start=\"495\" data-end=\"795\">Unter <b data-path-to-node=\"10,0\" data-index-in-node=\"0\">Bioleader\u00ae | \u53a6\u95e8\u5f7c\u5229\u5f97\u73af\u4fdd\u79d1\u6280\u6709\u9650\u516c\u53f8<\/b> <strong data-start=\"498\" data-end=\"566\">\u00a0(Xiamen Bioleader Environmental Protection Technology Co., Ltd.)<\/strong>Wir verpflichten uns, Ihre pers\u00f6nlichen Daten zu sch\u00fctzen und volle Transparenz dar\u00fcber zu wahren, wie Informationen gesammelt, verwendet, gespeichert und gesch\u00fctzt werden.<br data-start=\"718\" data-end=\"721\" \/>Diese Datenschutzrichtlinie entspricht den wichtigsten globalen Datenschutzbestimmungen:<\/p>\n<ul data-start=\"797\" data-end=\"935\">\n<li data-start=\"797\" data-end=\"826\">\n<p data-start=\"799\" data-end=\"826\"><strong data-start=\"799\" data-end=\"824\">GDPR (Europ\u00e4ische Union)<\/strong><\/p>\n<\/li>\n<li data-start=\"827\" data-end=\"864\">\n<p data-start=\"829\" data-end=\"864\"><strong data-start=\"829\" data-end=\"862\">CCPA \/ CPRA (Kalifornien, USA)<\/strong><\/p>\n<\/li>\n<li data-start=\"865\" data-end=\"888\">\n<p data-start=\"867\" data-end=\"888\"><strong data-start=\"867\" data-end=\"886\">PIPL\uff08\u4e2d\u56fd\u4e2a\u4eba\u4fe1\u606f\u4fdd\u62a4\u6cd5\uff09<\/strong><\/p>\n<\/li>\n<li data-start=\"889\" data-end=\"913\">\n<p data-start=\"891\" data-end=\"913\"><strong data-start=\"891\" data-end=\"911\">PDPA (Singapur)<\/strong><\/p>\n<\/li>\n<li data-start=\"914\" data-end=\"935\">\n<p data-start=\"916\" data-end=\"935\"><strong data-start=\"916\" data-end=\"933\">LGPD (Brasilien)<\/strong><\/p>\n<\/li>\n<\/ul>\n<p data-start=\"937\" data-end=\"1079\">Diese Richtlinie gilt f\u00fcr Ihre Nutzung von:<br data-start=\"972\" data-end=\"975\" \/><strong data-start=\"975\" data-end=\"1008\">https:\/\/www.bioleaderpack.com<\/strong><br data-start=\"1008\" data-end=\"1011\" \/>und alle damit verbundenen digitalen Dienste, Formulare und Kommunikationskan\u00e4le.<\/p>\n<figure id=\"attachment_28391\" aria-describedby=\"caption-attachment-28391\" style=\"width: 1200px\" class=\"wp-caption alignnone\"><img fetchpriority=\"high\" decoding=\"async\" class=\"size-full wp-image-28391\" title=\"Bioleader Datenschutzpolitik Datenschutz 2025\" src=\"https:\/\/www.bioleaderpack.com\/wp-content\/uploads\/2025\/10\/Bioleader-Privacy-Policy-Data-Protection-2025.jpg\" alt=\"Bioleader\u00ae Datenschutzrichtlinie - Sicherer Datenschutz und GDPR-Konformit\u00e4t\" width=\"1200\" height=\"800\" srcset=\"https:\/\/www.bioleaderpack.com\/wp-content\/uploads\/2025\/10\/Bioleader-Privacy-Policy-Data-Protection-2025.jpg.webp 1200w, https:\/\/www.bioleaderpack.com\/wp-content\/uploads\/2025\/10\/Bioleader-Privacy-Policy-Data-Protection-2025-300x200.jpg.webp 300w, https:\/\/www.bioleaderpack.com\/wp-content\/uploads\/2025\/10\/Bioleader-Privacy-Policy-Data-Protection-2025-768x512.jpg.webp 768w, https:\/\/www.bioleaderpack.com\/wp-content\/uploads\/2025\/10\/Bioleader-Privacy-Policy-Data-Protection-2025-1024x683.jpg.webp 1024w, https:\/\/www.bioleaderpack.com\/wp-content\/uploads\/2025\/10\/Bioleader-Privacy-Policy-Data-Protection-2025-18x12.jpg 18w, https:\/\/www.bioleaderpack.com\/wp-content\/uploads\/2025\/10\/Bioleader-Privacy-Policy-Data-Protection-2025-600x400.jpg.webp 600w\" sizes=\"(max-width: 1200px) 100vw, 1200px\" \/><figcaption id=\"caption-attachment-28391\" class=\"wp-caption-text\">Bioleader\u00ae gew\u00e4hrleistet eine sichere und transparente Datenverarbeitung in \u00dcbereinstimmung mit GDPR und CCPA.<\/figcaption><\/figure>\n<hr data-start=\"1081\" data-end=\"1084\" \/>\n<h2 data-start=\"1086\" data-end=\"1105\"><strong data-start=\"1088\" data-end=\"1105\">1. Wer wir sind<\/strong><\/h2>\n<p data-start=\"1107\" data-end=\"1314\"><strong data-start=\"1107\" data-end=\"1175\"><b data-path-to-node=\"10,0\" data-index-in-node=\"0\">Bioleader\u00ae | \u53a6\u95e8\u5f7c\u5229\u5f97\u73af\u4fdd\u79d1\u6280\u6709\u9650\u516c\u53f8<\/b> (Xiamen Bioleader Environmental Protection Technology Co., Ltd.)<\/strong><br data-start=\"1175\" data-end=\"1178\" \/>\ud83d\udccd Adresse: Nr. 39 Xinglong Road, Xiamen, Fujian, China<br data-start=\"1233\" data-end=\"1236\" \/>\ud83d\udce7 E-Mail: <a class=\"decorated-link cursor-pointer\" rel=\"noopener\" data-start=\"1246\" data-end=\"1268\">info@bioleaderpack.com<\/a><br data-start=\"1268\" data-end=\"1271\" \/>\ud83c\udf10 Website: https:\/\/www.bioleaderpack.com<\/p>\n<p data-start=\"1316\" data-end=\"1483\">Wir sind ein Hersteller und Exporteur von nachhaltigen Lebensmittelverpackungen, darunter <strong>Zuckerrohr<\/strong> <strong data-start=\"1401\" data-end=\"1482\">Bagasse-Geschirr, Geschirr aus Maisst\u00e4rke, PLA-Becher, Pappbecher, Papiersch\u00fcsseln, kompostierbares Besteck und Beh\u00e4lter aus Kraftpapier<\/strong>.<\/p>\n<hr data-start=\"1485\" data-end=\"1488\" \/>\n<h2 data-start=\"1490\" data-end=\"1521\"><strong data-start=\"1492\" data-end=\"1521\">2. Informationen, die wir sammeln<\/strong><\/h2>\n<p data-start=\"1523\" data-end=\"1651\">Wir sammeln Informationen, um Angebote zu erstellen, Anfragen zu bearbeiten, die Leistung der Website zu verbessern und die Kundenkommunikation zu unterst\u00fctzen.<\/p>\n<h3 data-start=\"1653\" data-end=\"1688\"><strong data-start=\"1656\" data-end=\"1688\">A. Von Ihnen bereitgestellte pers\u00f6nliche Daten<\/strong><\/h3>\n<p data-start=\"1689\" data-end=\"1757\">Wenn Sie Formulare \u00fcbermitteln (Kontakt, Anfrage, Angebot), k\u00f6nnen wir diese Daten erfassen:<\/p>\n<ul data-start=\"1759\" data-end=\"1921\">\n<li data-start=\"1759\" data-end=\"1782\">\n<p data-start=\"1761\" data-end=\"1782\">Name und Firmenname<\/p>\n<\/li>\n<li data-start=\"1783\" data-end=\"1815\">\n<p data-start=\"1785\" data-end=\"1815\">E-Mail Adresse und Telefonnummer<\/p>\n<\/li>\n<li data-start=\"1816\" data-end=\"1834\">\n<p data-start=\"1818\" data-end=\"1834\">Land\/Region<\/p>\n<\/li>\n<li data-start=\"1835\" data-end=\"1870\">\n<p data-start=\"1837\" data-end=\"1870\">Produktanforderungen &amp; Meldungen<\/p>\n<\/li>\n<li data-start=\"1871\" data-end=\"1921\">\n<p data-start=\"1873\" data-end=\"1921\">Hochgeladene Dateien (Entw\u00fcrfe, Spezifikationen, Fotos)<\/p>\n<\/li>\n<\/ul>\n<h3 data-start=\"1923\" data-end=\"1961\"><strong data-start=\"1926\" data-end=\"1961\">B. Automatisch erfasste Daten<\/strong><\/h3>\n<p data-start=\"1962\" data-end=\"2014\">\u00dcber Cookies und Analysetools k\u00f6nnen wir Daten verarbeiten:<\/p>\n<ul data-start=\"2016\" data-end=\"2181\">\n<li data-start=\"2016\" data-end=\"2030\">\n<p data-start=\"2018\" data-end=\"2030\">IP-Adresse<\/p>\n<\/li>\n<li data-start=\"2031\" data-end=\"2059\">\n<p data-start=\"2033\" data-end=\"2059\">Browser-Typ, Betriebssystem, Ger\u00e4t<\/p>\n<\/li>\n<li data-start=\"2060\" data-end=\"2092\">\n<p data-start=\"2062\" data-end=\"2092\">Besuchte Seiten und Verweildauer auf der Website<\/p>\n<\/li>\n<li data-start=\"2093\" data-end=\"2110\">\n<p data-start=\"2095\" data-end=\"2110\">Referrer-URLs<\/p>\n<\/li>\n<li data-start=\"2111\" data-end=\"2135\">\n<p data-start=\"2113\" data-end=\"2135\">Sprachpr\u00e4ferenzen<\/p>\n<\/li>\n<li data-start=\"2136\" data-end=\"2181\">\n<p data-start=\"2138\" data-end=\"2181\">Interaktionen mit Formularen und Seitenelementen<\/p>\n<\/li>\n<\/ul>\n<h3 data-start=\"2183\" data-end=\"2206\"><strong data-start=\"2186\" data-end=\"2206\">C. Hochladen von Medien<\/strong><\/h3>\n<p data-start=\"2207\" data-end=\"2295\">Wenn Sie Bilder hochladen, vermeiden Sie die Aufnahme von EXIF-GPS-Daten. Besucher k\u00f6nnten eingebettete Daten extrahieren.<\/p>\n<hr data-start=\"2297\" data-end=\"2300\" \/>\n<h2 data-start=\"2302\" data-end=\"2338\"><strong data-start=\"2304\" data-end=\"2338\">3. Wie wir Ihre Informationen verwenden<\/strong><\/h2>\n<p data-start=\"2340\" data-end=\"2408\">Wir verarbeiten Ihre Daten f\u00fcr die folgenden legitimen Gesch\u00e4ftszwecke:<\/p>\n<ul data-start=\"2410\" data-end=\"2745\">\n<li data-start=\"2410\" data-end=\"2460\">\n<p data-start=\"2412\" data-end=\"2460\">Beantwortung von Anfragen und Erstellung von Angeboten<\/p>\n<\/li>\n<li data-start=\"2461\" data-end=\"2503\">\n<p data-start=\"2463\" data-end=\"2503\">Auftragskommunikation &amp; Kundenservice<\/p>\n<\/li>\n<li data-start=\"2504\" data-end=\"2549\">\n<p data-start=\"2506\" data-end=\"2549\">Verbesserung der Benutzerfreundlichkeit und Leistung der Website<\/p>\n<\/li>\n<li data-start=\"2550\" data-end=\"2598\">\n<p data-start=\"2552\" data-end=\"2598\">Sicherheits\u00fcberwachung (Cloudflare \/ LiteSpeed)<\/p>\n<\/li>\n<li data-start=\"2599\" data-end=\"2659\">\n<p data-start=\"2601\" data-end=\"2659\">Analytik und Konversionsoptimierung (Google Analytics)<\/p>\n<\/li>\n<li data-start=\"2660\" data-end=\"2709\">\n<p data-start=\"2662\" data-end=\"2709\">Mehrsprachige Benutzerfreundlichkeit (TranslatePress)<\/p>\n<\/li>\n<li data-start=\"2710\" data-end=\"2745\">\n<p data-start=\"2712\" data-end=\"2745\">Anti-Spam \/ Anti-Bot-Schutz<\/p>\n<\/li>\n<\/ul>\n<h3 data-start=\"2747\" data-end=\"2765\"><strong data-start=\"2751\" data-end=\"2765\">Wir tun es nicht:<\/strong><\/h3>\n<p data-start=\"2766\" data-end=\"2955\">\u274c Ihre pers\u00f6nlichen Daten zu verkaufen, zu vermieten oder zu tauschen<br data-start=\"2814\" data-end=\"2817\" \/>\u274c Ihre Daten f\u00fcr eine automatisierte Entscheidungsfindung verwenden, die Ihre Rechte beeintr\u00e4chtigt<br data-start=\"2886\" data-end=\"2889\" \/>\u274c KI zur Preisgestaltung, f\u00fcr Verhandlungen oder Vertr\u00e4ge ohne menschliche Zustimmung einsetzen<\/p>\n<hr data-start=\"2957\" data-end=\"2960\" \/>\n<h2 data-start=\"2962\" data-end=\"3004\"><strong data-start=\"2964\" data-end=\"3004\">4. Rechtsgrundlage f\u00fcr die Verarbeitung (GDPR)<\/strong><\/h2>\n<p data-start=\"3006\" data-end=\"3054\">Je nach Ihrer Region verarbeiten wir Daten unter:<\/p>\n<ul data-start=\"3056\" data-end=\"3318\">\n<li data-start=\"3056\" data-end=\"3095\">\n<p data-start=\"3058\" data-end=\"3095\"><strong data-start=\"3058\" data-end=\"3069\">Zustimmung<\/strong> - wenn Sie Formulare einreichen<\/p>\n<\/li>\n<li data-start=\"3096\" data-end=\"3173\">\n<p data-start=\"3098\" data-end=\"3173\"><strong data-start=\"3098\" data-end=\"3122\">Vertragserf\u00fcllung<\/strong> - Ausarbeitung von Angeboten oder Beantwortung von Anfragen<\/p>\n<\/li>\n<li data-start=\"3174\" data-end=\"3250\">\n<p data-start=\"3176\" data-end=\"3250\"><strong data-start=\"3176\" data-end=\"3200\">Berechtigte Interessen<\/strong> - Website-Analysen, Sicherheit, Betrugspr\u00e4vention<\/p>\n<\/li>\n<li data-start=\"3251\" data-end=\"3318\">\n<p data-start=\"3253\" data-end=\"3318\"><strong data-start=\"3253\" data-end=\"3273\">Einhaltung der Rechtsvorschriften<\/strong> - Aufbewahrung von Unterlagen und gesetzliche Anforderungen<\/p>\n<\/li>\n<\/ul>\n<hr data-start=\"3320\" data-end=\"3323\" \/>\n<h2 data-start=\"3325\" data-end=\"3365\"><strong data-start=\"3327\" data-end=\"3365\">5. Cookies und Tracking-Technologien<\/strong><\/h2>\n<p data-start=\"3367\" data-end=\"3418\">Wir verwenden Cookies, um Ihr Surferlebnis zu verbessern.<\/p>\n<h3 data-start=\"3420\" data-end=\"3444\"><strong data-start=\"3424\" data-end=\"3444\">Arten von Cookies<\/strong><\/h3>\n<ul data-start=\"3445\" data-end=\"3710\">\n<li data-start=\"3445\" data-end=\"3512\">\n<p data-start=\"3447\" data-end=\"3512\"><strong data-start=\"3447\" data-end=\"3468\">Wesentliche Cookies<\/strong> - Sicherheit, Formular\u00fcbermittlung, Benutzersitzung<\/p>\n<\/li>\n<li data-start=\"3513\" data-end=\"3577\">\n<p data-start=\"3515\" data-end=\"3577\"><strong data-start=\"3515\" data-end=\"3537\">Funktionale Cookies<\/strong> - Sprachauswahl (TranslatePress)<\/p>\n<\/li>\n<li data-start=\"3578\" data-end=\"3631\">\n<p data-start=\"3580\" data-end=\"3631\"><strong data-start=\"3580\" data-end=\"3601\">Analyse-Cookies<\/strong> - Einblicke in die Website-Leistung<\/p>\n<\/li>\n<li data-start=\"3632\" data-end=\"3710\">\n<p data-start=\"3634\" data-end=\"3710\"><strong data-start=\"3634\" data-end=\"3655\">Marketing-Cookies<\/strong> - nur wenn aktiv (z. B. Google Ads, WhatsApp-Widget)<\/p>\n<\/li>\n<\/ul>\n<p data-start=\"3712\" data-end=\"3774\">Sie k\u00f6nnen Cookies jederzeit \u00fcber Ihre Browsereinstellungen deaktivieren.<\/p>\n<hr data-start=\"3776\" data-end=\"3779\" \/>\n<h2 data-start=\"3781\" data-end=\"3817\"><strong data-start=\"3783\" data-end=\"3817\">6. Von uns genutzte Drittanbieterdienste<\/strong><\/h2>\n<p data-start=\"3819\" data-end=\"3912\">Ihre Daten k\u00f6nnen von vertrauensw\u00fcrdigen Drittanbietern zu rein operativen Zwecken verarbeitet werden:<\/p>\n<div class=\"_tableContainer_1rjym_1\">\n<div class=\"group _tableWrapper_1rjym_13 flex w-fit flex-col-reverse\">\n<table class=\"w-fit min-w-(--thread-content-width)\" style=\"width: 65.2491%\" data-start=\"3914\" data-end=\"4335\">\n<thead data-start=\"3914\" data-end=\"3935\">\n<tr data-start=\"3914\" data-end=\"3935\">\n<th style=\"width: 49.6855%\" data-start=\"3914\" data-end=\"3924\" data-col-size=\"sm\">Dienst<\/th>\n<th style=\"width: 107.338%\" data-start=\"3924\" data-end=\"3935\" data-col-size=\"sm\">Zweck<\/th>\n<\/tr>\n<\/thead>\n<tbody data-start=\"3957\" data-end=\"4335\">\n<tr data-start=\"3957\" data-end=\"4013\">\n<td style=\"width: 49.6855%\" data-start=\"3957\" data-end=\"3980\" data-col-size=\"sm\"><strong data-start=\"3959\" data-end=\"3979\">Google Analytics<\/strong><\/td>\n<td style=\"width: 107.338%\" data-start=\"3980\" data-end=\"4013\" data-col-size=\"sm\">Einblicke in den Verkehr (anonymisiert)<\/td>\n<\/tr>\n<tr data-start=\"4014\" data-end=\"4072\">\n<td style=\"width: 49.6855%\" data-start=\"4014\" data-end=\"4046\" data-col-size=\"sm\"><strong data-start=\"4016\" data-end=\"4045\">Cloudflare CDN &amp; Firewall<\/strong><\/td>\n<td style=\"width: 107.338%\" data-start=\"4046\" data-end=\"4072\" data-col-size=\"sm\">Sicherheit und Leistung<\/td>\n<\/tr>\n<tr data-start=\"4073\" data-end=\"4122\">\n<td style=\"width: 49.6855%\" data-start=\"4073\" data-end=\"4095\" data-col-size=\"sm\"><strong data-start=\"4075\" data-end=\"4094\">LiteSpeed-Cache<\/strong><\/td>\n<td style=\"width: 107.338%\" data-start=\"4095\" data-end=\"4122\" data-col-size=\"sm\">Optimierte Standortbereitstellung<\/td>\n<\/tr>\n<tr data-start=\"4123\" data-end=\"4169\">\n<td style=\"width: 49.6855%\" data-start=\"4123\" data-end=\"4144\" data-col-size=\"sm\"><strong data-start=\"4125\" data-end=\"4143\">\u00dcbersetzenPresse<\/strong><\/td>\n<td style=\"width: 107.338%\" data-start=\"4144\" data-end=\"4169\" data-col-size=\"sm\">Sprachliche Lokalisierung<\/td>\n<\/tr>\n<tr data-start=\"4170\" data-end=\"4213\">\n<td style=\"width: 49.6855%\" data-start=\"4170\" data-end=\"4184\" data-col-size=\"sm\"><strong data-start=\"4172\" data-end=\"4183\">WPForms<\/strong><\/td>\n<td style=\"width: 107.338%\" data-start=\"4184\" data-end=\"4213\" data-col-size=\"sm\">Kontakt- und Angebotsformulare<\/td>\n<\/tr>\n<tr data-start=\"4214\" data-end=\"4269\">\n<td style=\"width: 49.6855%\" data-start=\"4214\" data-end=\"4245\" data-col-size=\"sm\"><strong data-start=\"4216\" data-end=\"4244\">WhatsApp Business Widget<\/strong><\/td>\n<td style=\"width: 107.338%\" data-start=\"4245\" data-end=\"4269\" data-col-size=\"sm\">Direkte Kommunikation<\/td>\n<\/tr>\n<tr data-start=\"4270\" data-end=\"4335\">\n<td style=\"width: 49.6855%\" data-start=\"4270\" data-end=\"4302\" data-col-size=\"sm\"><strong data-start=\"4272\" data-end=\"4301\">Elementor \/ Ranglisten-SEO<\/strong><\/td>\n<td style=\"width: 107.338%\" data-start=\"4302\" data-end=\"4335\" data-col-size=\"sm\">Seitenrendering &amp; SEO-Metadaten<\/td>\n<\/tr>\n<\/tbody>\n<\/table>\n<\/div>\n<\/div>\n<p data-start=\"4337\" data-end=\"4429\">Alle Dritten verarbeiten Daten gem\u00e4\u00df ihren eigenen Datenschutzrichtlinien und internationalen Standards.<\/p>\n<hr data-start=\"4431\" data-end=\"4434\" \/>\n<h2 data-start=\"4436\" data-end=\"4459\"><strong data-start=\"4438\" data-end=\"4459\">7. Vorratsdatenspeicherung<\/strong><\/h2>\n<ul data-start=\"4461\" data-end=\"4671\">\n<li data-start=\"4461\" data-end=\"4511\">\n<p data-start=\"4463\" data-end=\"4511\">Aufzeichnungen \u00fcber Anfragen\/Angebote: <strong data-start=\"4490\" data-end=\"4509\">bis zu 24 Monate<\/strong><\/p>\n<\/li>\n<li data-start=\"4512\" data-end=\"4555\">\n<p data-start=\"4514\" data-end=\"4555\">Analysedaten: anonymisiert und aggregiert<\/p>\n<\/li>\n<li data-start=\"4556\" data-end=\"4612\">\n<p data-start=\"4558\" data-end=\"4612\">Kekse: <strong data-start=\"4567\" data-end=\"4586\">bis zu 12 Monate<\/strong> sofern nicht manuell gel\u00f6scht<\/p>\n<\/li>\n<li data-start=\"4613\" data-end=\"4671\">\n<p data-start=\"4615\" data-end=\"4671\">Kundendateien: nur f\u00fcr die gesch\u00e4ftliche Kommunikation gespeichert<\/p>\n<\/li>\n<\/ul>\n<hr data-start=\"4673\" data-end=\"4676\" \/>\n<h2 data-start=\"4678\" data-end=\"4713\"><strong data-start=\"4680\" data-end=\"4713\">8. Datenschutz und Sicherheit<\/strong><\/h2>\n<p data-start=\"4715\" data-end=\"4758\">Wir setzen branchen\u00fcbliche Schutzmechanismen ein:<\/p>\n<ul data-start=\"4760\" data-end=\"4924\">\n<li data-start=\"4760\" data-end=\"4778\">\n<p data-start=\"4762\" data-end=\"4778\">SSL-Verschl\u00fcsselung<\/p>\n<\/li>\n<li data-start=\"4779\" data-end=\"4820\">\n<p data-start=\"4781\" data-end=\"4820\">Cloudflare-Firewall und DDoS-Abwehr<\/p>\n<\/li>\n<li data-start=\"4821\" data-end=\"4849\">\n<p data-start=\"4823\" data-end=\"4849\">LiteSpeed-Sicherheitsregeln<\/p>\n<\/li>\n<li data-start=\"4850\" data-end=\"4879\">\n<p data-start=\"4852\" data-end=\"4879\">Regelm\u00e4\u00dfige Software-Patching<\/p>\n<\/li>\n<li data-start=\"4880\" data-end=\"4924\">\n<p data-start=\"4882\" data-end=\"4924\">Zugangskontrolle nur f\u00fcr autorisiertes Personal<\/p>\n<\/li>\n<\/ul>\n<hr data-start=\"4926\" data-end=\"4929\" \/>\n<h2 data-start=\"4931\" data-end=\"4972\"><strong data-start=\"4933\" data-end=\"4972\">9. Ihre Rechte (GDPR \/ CCPA \/ PIPL)<\/strong><\/h2>\n<p data-start=\"4974\" data-end=\"5002\">Sie k\u00f6nnen jederzeit einen Antrag stellen:<\/p>\n<ul data-start=\"5004\" data-end=\"5338\">\n<li data-start=\"5004\" data-end=\"5047\">\n<p data-start=\"5006\" data-end=\"5047\"><strong data-start=\"5006\" data-end=\"5016\">Zugang<\/strong> - eine Kopie Ihrer Daten zu erhalten<\/p>\n<\/li>\n<li data-start=\"5048\" data-end=\"5095\">\n<p data-start=\"5050\" data-end=\"5095\"><strong data-start=\"5050\" data-end=\"5064\">Berichtigung<\/strong> - ungenaue Informationen korrigieren<\/p>\n<\/li>\n<li data-start=\"5096\" data-end=\"5154\">\n<p data-start=\"5098\" data-end=\"5154\"><strong data-start=\"5098\" data-end=\"5110\">L\u00f6schung<\/strong> - Ihre Daten zu l\u00f6schen (soweit gesetzlich zul\u00e4ssig)<\/p>\n<\/li>\n<li data-start=\"5155\" data-end=\"5193\">\n<p data-start=\"5157\" data-end=\"5193\"><strong data-start=\"5157\" data-end=\"5172\">Einschr\u00e4nkung<\/strong> - Limitverarbeitung<\/p>\n<\/li>\n<li data-start=\"5194\" data-end=\"5237\">\n<p data-start=\"5196\" data-end=\"5237\"><strong data-start=\"5196\" data-end=\"5209\">Einspruch<\/strong> - bestimmte Verwendungen ablehnen<\/p>\n<\/li>\n<li data-start=\"5238\" data-end=\"5286\">\n<p data-start=\"5240\" data-end=\"5286\"><strong data-start=\"5240\" data-end=\"5255\">Tragbarkeit<\/strong> - \u00fcbertragbare Dateien anfordern<\/p>\n<\/li>\n<li data-start=\"5287\" data-end=\"5338\">\n<p data-start=\"5289\" data-end=\"5338\"><strong data-start=\"5289\" data-end=\"5306\">CCPA: Opt-Out<\/strong> der gemeinsamen Nutzung von Daten f\u00fcr Marketingzwecke<\/p>\n<\/li>\n<\/ul>\n<p data-start=\"5340\" data-end=\"5398\">Rechte aus\u00fcben:<br data-start=\"5359\" data-end=\"5362\" \/>\ud83d\udce7 E-Mail: <strong data-start=\"5372\" data-end=\"5398\"><a class=\"decorated-link cursor-pointer\" rel=\"noopener\" data-start=\"5374\" data-end=\"5396\">info@bioleaderpack.com<\/a><\/strong><\/p>\n<p data-start=\"5400\" data-end=\"5437\">Wir k\u00f6nnen eine Identit\u00e4tspr\u00fcfung verlangen.<\/p>\n<hr data-start=\"5439\" data-end=\"5442\" \/>\n<h2 data-start=\"5444\" data-end=\"5482\"><strong data-start=\"5446\" data-end=\"5482\">10. Internationale Daten\u00fcbermittlung<\/strong><\/h2>\n<p data-start=\"5484\" data-end=\"5598\">Als globaler Anbieter k\u00f6nnen die Daten auch in anderen L\u00e4ndern verarbeitet werden:<br data-start=\"5531\" data-end=\"5534\" \/>\ud83c\udde8\ud83c\uddf3 China, \ud83c\uddf8\ud83c\uddec Singapur, \ud83c\uddfa\ud83c\uddf8 USA, \ud83c\uddea\ud83c\uddfa EU, oder andere Regionen.<\/p>\n<p data-start=\"5600\" data-end=\"5635\">Bioleader\u00ae gew\u00e4hrleistet die Einhaltung der Vorschriften:<\/p>\n<ul data-start=\"5637\" data-end=\"5778\">\n<li data-start=\"5637\" data-end=\"5676\">\n<p data-start=\"5639\" data-end=\"5676\">Standardvertragsklauseln (SCCs)<\/p>\n<\/li>\n<li data-start=\"5677\" data-end=\"5734\">\n<p data-start=\"5679\" data-end=\"5734\">Internationale \u00dcbertragungsrahmen von Cloudflare und Google<\/p>\n<\/li>\n<li data-start=\"5735\" data-end=\"5778\">\n<p data-start=\"5737\" data-end=\"5778\">PIPL-Anforderungen f\u00fcr grenz\u00fcberschreitende \u00dcberweisungen<\/p>\n<\/li>\n<\/ul>\n<hr data-start=\"5780\" data-end=\"5783\" \/>\n<h2 data-start=\"5785\" data-end=\"5813\"><strong data-start=\"5787\" data-end=\"5813\">11. Privatsph\u00e4re der Kinder<\/strong><\/h2>\n<p data-start=\"5815\" data-end=\"5916\">Unsere Website ist <strong data-start=\"5830\" data-end=\"5868\">nicht f\u00fcr Kinder unter 16 Jahren bestimmt<\/strong>.<br data-start=\"5869\" data-end=\"5872\" \/>Wir sammeln nicht wissentlich Daten von Kindern.<\/p>\n<hr data-start=\"5918\" data-end=\"5921\" \/>\n<h2 data-start=\"5923\" data-end=\"5958\"><strong data-start=\"5925\" data-end=\"5958\">12. Automatisierte Entscheidungsfindung<\/strong><\/h2>\n<p data-start=\"5960\" data-end=\"6006\">Bioleader\u00ae macht <strong data-start=\"5976\" data-end=\"5983\">nicht<\/strong> personenbezogene Daten zu verwenden:<\/p>\n<ul data-start=\"6008\" data-end=\"6093\">\n<li data-start=\"6008\" data-end=\"6031\">\n<p data-start=\"6010\" data-end=\"6031\">Algorithmische Preisgestaltung<\/p>\n<\/li>\n<li data-start=\"6032\" data-end=\"6057\">\n<p data-start=\"6034\" data-end=\"6057\">Automatisierte Verhandlung<\/p>\n<\/li>\n<li data-start=\"6058\" data-end=\"6093\">\n<p data-start=\"6060\" data-end=\"6093\">Automatisierte F\u00f6rderf\u00e4higkeitsentscheidungen<\/p>\n<\/li>\n<\/ul>\n<p data-start=\"6095\" data-end=\"6138\">Alle wichtigen Entscheidungen werden von Menschen \u00fcberpr\u00fcft.<\/p>\n<hr data-start=\"6140\" data-end=\"6143\" \/>\n<h2 data-start=\"6145\" data-end=\"6169\"><strong data-start=\"6147\" data-end=\"6169\">13. Politische Aktualisierungen<\/strong><\/h2>\n<p data-start=\"6171\" data-end=\"6334\">Diese Richtlinie kann aktualisiert werden, wenn sich Technologien, Vorschriften oder Gesch\u00e4ftsanforderungen weiterentwickeln.<br data-start=\"6253\" data-end=\"6256\" \/>Die neueste Version wird immer mit dem Datum ihres Inkrafttretens auf dieser Seite ver\u00f6ffentlicht.<\/p>\n<hr data-start=\"6336\" data-end=\"6339\" \/>\n<h2 data-start=\"6341\" data-end=\"6361\"><strong data-start=\"6343\" data-end=\"6361\">14. Kontakt<\/strong><\/h2>\n<p data-start=\"6363\" data-end=\"6545\"><strong data-start=\"6363\" data-end=\"6431\"><b data-path-to-node=\"10,0\" data-index-in-node=\"0\">Bioleader\u00ae | \u53a6\u95e8\u5f7c\u5229\u5f97\u73af\u4fdd\u79d1\u6280\u6709\u9650\u516c\u53f8<\/b> (Xiamen Bioleader Environmental Protection Technology Co., Ltd.)<\/strong><br data-start=\"6431\" data-end=\"6434\" \/>Nr. 39 Xinglong Road, Xiamen, Fujian, China<br data-start=\"6480\" data-end=\"6483\" \/>\ud83d\udce7 <a class=\"decorated-link cursor-pointer\" rel=\"noopener\" data-start=\"6486\" data-end=\"6508\">info@bioleaderpack.com<\/a><br data-start=\"6508\" data-end=\"6511\" \/>\ud83c\udf10 https:\/\/www.bioleaderpack.com<\/p>","protected":false},"excerpt":{"rendered":"<p>Zuletzt aktualisiert: November 2025 Bei Bioleader\u00ae | \u53a6\u95e8\u5f7c\u5229\u5f97\u73af\u4fdd\u79d1\u6280\u6709\u9650\u516c\u53f8 (Xiamen Bioleader Environmental Protection Technology Co., Ltd.) verpflichten wir uns, Ihre pers\u00f6nlichen Daten zu sch\u00fctzen und volle Transparenz dar\u00fcber zu wahren, wie Informationen gesammelt, verwendet, gespeichert und gesch\u00fctzt werden: GDPR (Europ\u00e4ische Union) CCPA \/ CPRA (Kalifornien, USA) PIPL\uff08\u4e2d\u56fd\u4e2a\u4eba\u4fe1\u606f\u4fdd\u62a4\u6cd5\uff09 PDPA [...]<\/p>","protected":false},"author":3,"featured_media":28391,"parent":0,"menu_order":236,"comment_status":"closed","ping_status":"open","template":"","meta":{"_acf_changed":false,"footnotes":""},"class_list":["post-3","page","type-page","status-publish","has-post-thumbnail","hentry"],"acf":[],"_links":{"self":[{"href":"https:\/\/www.bioleaderpack.com\/de\/wp-json\/wp\/v2\/pages\/3","targetHints":{"allow":["GET"]}}],"collection":[{"href":"https:\/\/www.bioleaderpack.com\/de\/wp-json\/wp\/v2\/pages"}],"about":[{"href":"https:\/\/www.bioleaderpack.com\/de\/wp-json\/wp\/v2\/types\/page"}],"author":[{"embeddable":true,"href":"https:\/\/www.bioleaderpack.com\/de\/wp-json\/wp\/v2\/users\/3"}],"replies":[{"embeddable":true,"href":"https:\/\/www.bioleaderpack.com\/de\/wp-json\/wp\/v2\/comments?post=3"}],"version-history":[{"count":5,"href":"https:\/\/www.bioleaderpack.com\/de\/wp-json\/wp\/v2\/pages\/3\/revisions"}],"predecessor-version":[{"id":37345,"href":"https:\/\/www.bioleaderpack.com\/de\/wp-json\/wp\/v2\/pages\/3\/revisions\/37345"}],"wp:featuredmedia":[{"embeddable":true,"href":"https:\/\/www.bioleaderpack.com\/de\/wp-json\/wp\/v2\/media\/28391"}],"wp:attachment":[{"href":"https:\/\/www.bioleaderpack.com\/de\/wp-json\/wp\/v2\/media?parent=3"}],"curies":[{"name":"wp","href":"https:\/\/api.w.org\/{rel}","templated":true}]}}